{"id":4824,"date":"2024-03-31T10:51:24","date_gmt":"2024-03-31T08:51:24","guid":{"rendered":"https:\/\/xixodrinks.com\/m%c9%99hsullar\/ice-tea\/saftali-qara-cay\/"},"modified":"2024-04-03T11:02:02","modified_gmt":"2024-04-03T09:02:02","slug":"saftali-qara-cay","status":"publish","type":"page","link":"https:\/\/xixodrinks.com\/az\/m%c9%99hsullar\/ice-tea\/saftali-qara-cay\/","title":{"rendered":"\u015eAFTALI QARA \u00c7AY"},"content":{"rendered":"\t\t<div data-elementor-type=\"wp-page\" data-elementor-id=\"4824\" class=\"elementor elementor-4824 elementor-4255\" data-elementor-post-type=\"page\">\n\t\t\t\t\t\t<section class=\"elementor-section elementor-top-section elementor-element elementor-element-3db87afb elementor-section-boxed elementor-section-height-default elementor-section-height-default\" data-id=\"3db87afb\" data-element_type=\"section\" data-e-type=\"section\">\n\t\t\t\t\t\t<div class=\"elementor-container elementor-column-gap-default\">\n\t\t\t\t\t<div class=\"elementor-column elementor-col-100 elementor-top-column elementor-element elementor-element-1fbff108\" data-id=\"1fbff108\" data-element_type=\"column\" data-e-type=\"column\">\n\t\t\t<div class=\"elementor-widget-wrap elementor-element-populated\">\n\t\t\t\t\t\t<div class=\"elementor-element elementor-element-7d23f47 elementor-widget elementor-widget-spacer\" data-id=\"7d23f47\" data-element_type=\"widget\" data-e-type=\"widget\" data-widget_type=\"spacer.default\">\n\t\t\t\t<div class=\"elementor-widget-container\">\n\t\t\t\t\t\t\t<div class=\"elementor-spacer\">\n\t\t\t<div class=\"elementor-spacer-inner\"><\/div>\n\t\t<\/div>\n\t\t\t\t\t\t<\/div>\n\t\t\t\t<\/div>\n\t\t\t\t\t<\/div>\n\t\t<\/div>\n\t\t\t\t\t<\/div>\n\t\t<\/section>\n\t\t\t\t<section class=\"elementor-section elementor-top-section elementor-element elementor-element-72073a16 elementor-section-boxed elementor-section-height-default elementor-section-height-default\" data-id=\"72073a16\" data-element_type=\"section\" data-e-type=\"section\">\n\t\t\t\t\t\t<div class=\"elementor-container elementor-column-gap-default\">\n\t\t\t\t\t<div class=\"elementor-column elementor-col-50 elementor-top-column elementor-element elementor-element-2cf7b580\" data-id=\"2cf7b580\" data-element_type=\"column\" data-e-type=\"column\">\n\t\t\t<div class=\"elementor-widget-wrap elementor-element-populated\">\n\t\t\t\t\t\t<div class=\"elementor-element elementor-element-4c090392 elementor-widget elementor-widget-text-editor\" data-id=\"4c090392\" data-element_type=\"widget\" data-e-type=\"widget\" data-widget_type=\"text-editor.default\">\n\t\t\t\t<div class=\"elementor-widget-container\">\n\t\t\t\t\t\t\t\t\t<ul>\n<li><strong>Meyv\u0259 suyu v\u0259 t\u0259bii \u00e7ay ekstrakt\u0131 il\u0259<\/strong><\/li>\n<li><strong>T\u0259rkibind\u0259 konservantlar yoxdur<\/strong><\/li>\n<li><strong>100% T\u0259krar emal edil\u0259 bil\u0259n sonsuz qabla\u015fd\u0131rma; ekoloji c\u0259h\u0259td\u0259n t\u0259miz al\u00fcminium qabla\u015fd\u0131rma<\/strong><\/li>\n<\/ul>\n\t\t\t\t\t\t\t\t<\/div>\n\t\t\t\t<\/div>\n\t\t\t\t<div class=\"elementor-element elementor-element-638738e5 elementor-widget elementor-widget-text-editor\" data-id=\"638738e5\" data-element_type=\"widget\" data-e-type=\"widget\" data-widget_type=\"text-editor.default\">\n\t\t\t\t<div class=\"elementor-widget-container\">\n\t\t\t\t\t\t\t\t\t<p>XIXO \u015eaftal\u0131 Buzlu \u00c7ay\u0131 \u00e7e\u015fidimizd\u0259ki \u0259n q\u0259dim v\u0259 \u0259n populyar m\u0259hsullardan biridir. T\u0259bii \u00e7ay ekstrakt\u0131 il\u0259 haz\u0131rlanan bu t\u0259rav\u0259tl\u0259ndirici i\u00e7ki s\u00fcni r\u0259ngl\u0259r v\u0259 ya konservantlardan azadd\u0131r v\u0259 ekoloji c\u0259h\u0259td\u0259n t\u0259miz 250 mililitr al\u00fcminium qabda qabla\u015fd\u0131r\u0131ld\u0131\u011f\u0131 \u00fc\u00e7\u00fcn hara getm\u0259yinizd\u0259n as\u0131l\u0131 olmayaraq asanl\u0131qla \u00f6z\u00fcn\u00fczl\u0259 g\u00f6t\u00fcr\u0259 bil\u0259rsiniz. XIXO \u015eaftal\u0131 Buzlu \u00c7ay\u0131, inc\u0259 \u015firinlik notlar\u0131 v\u0259 inc\u0259 \u015faftal\u0131 l\u0259zz\u0259ti il\u0259 t\u0259rav\u0259tl\u0259ndirici buzlu \u00e7ayd\u0131r. \u0130sti yay g\u00fcnl\u0259rind\u0259 m\u00fck\u0259mm\u0259l bir se\u00e7imdir v\u0259 q\u0131\u015fda g\u00f6z\u0259l bir t\u0259rav\u0259tl\u0259ndirici i\u00e7ki ola bil\u0259r. \u00d6z\u00fcn\u00fcz\u00fc s\u0131nay\u0131n v\u0259 XIXO \u015eaftal\u0131 Buzlu \u00c7ay\u0131n\u0131n t\u0259rav\u0259tl\u0259ndirici dad\u0131ndan z\u00f6vq al\u0131n!<\/p>\n\t\t\t\t\t\t\t\t<\/div>\n\t\t\t\t<\/div>\n\t\t\t\t\t<\/div>\n\t\t<\/div>\n\t\t\t\t<div class=\"elementor-column elementor-col-50 elementor-top-column elementor-element elementor-element-5ec45ae8\" data-id=\"5ec45ae8\" data-element_type=\"column\" data-e-type=\"column\">\n\t\t\t<div class=\"elementor-widget-wrap elementor-element-populated\">\n\t\t\t\t\t\t<div class=\"elementor-element elementor-element-1f99a0e0 animated-slow elementor-invisible elementor-widget elementor-widget-image\" data-id=\"1f99a0e0\" data-element_type=\"widget\" data-e-type=\"widget\" data-settings=\"{&quot;_animation&quot;:&quot;fadeIn&quot;}\" data-widget_type=\"image.default\">\n\t\t\t\t<div class=\"elementor-widget-container\">\n\t\t\t\t\t\t\t\t\t\t\t\t\t\t\t<img decoding=\"async\" src=\"https:\/\/xixodrinks.com\/wp-content\/uploads\/elementor\/thumbs\/XIXO_Tea_2021_EN_peach_2-rezimfchepb3blv9k4fmxdxs5w2t3fkf4z77xnqz9c.png\" title=\"XIXO_Tea_2021_EN_peach_2\" alt=\"XIXO_Tea_2021_EN_peach_2\" loading=\"lazy\" \/>\t\t\t\t\t\t\t\t\t\t\t\t\t\t\t<\/div>\n\t\t\t\t<\/div>\n\t\t\t\t\t<\/div>\n\t\t<\/div>\n\t\t\t\t\t<\/div>\n\t\t<\/section>\n\t\t\t\t<section class=\"elementor-section elementor-top-section elementor-element elementor-element-98ef0f elementor-section-boxed elementor-section-height-default elementor-section-height-default\" data-id=\"98ef0f\" data-element_type=\"section\" data-e-type=\"section\">\n\t\t\t\t\t\t<div class=\"elementor-container elementor-column-gap-default\">\n\t\t\t\t\t<div class=\"elementor-column elementor-col-100 elementor-top-column elementor-element elementor-element-31d3b6eb\" data-id=\"31d3b6eb\" data-element_type=\"column\" data-e-type=\"column\">\n\t\t\t<div class=\"elementor-widget-wrap elementor-element-populated\">\n\t\t\t\t\t\t<div class=\"elementor-element elementor-element-3975a3b5 elementor-widget elementor-widget-spacer\" data-id=\"3975a3b5\" data-element_type=\"widget\" data-e-type=\"widget\" data-widget_type=\"spacer.default\">\n\t\t\t\t<div class=\"elementor-widget-container\">\n\t\t\t\t\t\t\t<div class=\"elementor-spacer\">\n\t\t\t<div class=\"elementor-spacer-inner\"><\/div>\n\t\t<\/div>\n\t\t\t\t\t\t<\/div>\n\t\t\t\t<\/div>\n\t\t\t\t\t<\/div>\n\t\t<\/div>\n\t\t\t\t\t<\/div>\n\t\t<\/section>\n\t\t\t\t<\/div>\n\t\t","protected":false},"excerpt":{"rendered":"<p>Meyv\u0259 suyu v\u0259 t\u0259bii \u00e7ay ekstrakt\u0131 il\u0259 T\u0259rkibind\u0259 konservantlar yoxdur 100% T\u0259krar emal edil\u0259 bil\u0259n sonsuz qabla\u015fd\u0131rma; ekoloji c\u0259h\u0259td\u0259n t\u0259miz al\u00fcminium qabla\u015fd\u0131rma XIXO \u015eaftal\u0131 Buzlu \u00c7ay\u0131 \u00e7e\u015fidimizd\u0259ki \u0259n q\u0259dim v\u0259 \u0259n populyar m\u0259hsullardan biridir. T\u0259bii \u00e7ay ekstrakt\u0131 il\u0259 haz\u0131rlanan bu t\u0259rav\u0259tl\u0259ndirici i\u00e7ki s\u00fcni r\u0259ngl\u0259r v\u0259 ya konservantlardan azadd\u0131r v\u0259 ekoloji c\u0259h\u0259td\u0259n t\u0259miz 250 mililitr al\u00fcminium [&hellip;]<\/p>\n","protected":false},"author":1,"featured_media":0,"parent":4764,"menu_order":0,"comment_status":"closed","ping_status":"closed","template":"elementor_header_footer","meta":{"footnotes":""},"class_list":["post-4824","page","type-page","status-publish","hentry"],"_links":{"self":[{"href":"https:\/\/xixodrinks.com\/az\/wp-json\/wp\/v2\/pages\/4824","targetHints":{"allow":["GET"]}}],"collection":[{"href":"https:\/\/xixodrinks.com\/az\/wp-json\/wp\/v2\/pages"}],"about":[{"href":"https:\/\/xixodrinks.com\/az\/wp-json\/wp\/v2\/types\/page"}],"author":[{"embeddable":true,"href":"https:\/\/xixodrinks.com\/az\/wp-json\/wp\/v2\/users\/1"}],"replies":[{"embeddable":true,"href":"https:\/\/xixodrinks.com\/az\/wp-json\/wp\/v2\/comments?post=4824"}],"version-history":[{"count":3,"href":"https:\/\/xixodrinks.com\/az\/wp-json\/wp\/v2\/pages\/4824\/revisions"}],"predecessor-version":[{"id":4827,"href":"https:\/\/xixodrinks.com\/az\/wp-json\/wp\/v2\/pages\/4824\/revisions\/4827"}],"up":[{"embeddable":true,"href":"https:\/\/xixodrinks.com\/az\/wp-json\/wp\/v2\/pages\/4764"}],"wp:attachment":[{"href":"https:\/\/xixodrinks.com\/az\/wp-json\/wp\/v2\/media?parent=4824"}],"curies":[{"name":"wp","href":"https:\/\/api.w.org\/{rel}","templated":true}]}}