{"id":4828,"date":"2024-03-31T10:49:07","date_gmt":"2024-03-31T08:49:07","guid":{"rendered":"https:\/\/xixodrinks.com\/m%c9%99hsullar\/ice-tea\/limonlu-qara-cay\/"},"modified":"2024-04-03T11:03:17","modified_gmt":"2024-04-03T09:03:17","slug":"limonlu-qara-cay","status":"publish","type":"page","link":"https:\/\/xixodrinks.com\/az\/m%c9%99hsullar\/ice-tea\/limonlu-qara-cay\/","title":{"rendered":"L\u0130MONLU QARA \u00c7AY"},"content":{"rendered":"\t\t<div data-elementor-type=\"wp-page\" data-elementor-id=\"4828\" class=\"elementor elementor-4828 elementor-4240\" data-elementor-post-type=\"page\">\n\t\t\t\t\t\t<section class=\"elementor-section elementor-top-section elementor-element elementor-element-211511ff elementor-section-boxed elementor-section-height-default elementor-section-height-default\" data-id=\"211511ff\" data-element_type=\"section\" data-e-type=\"section\">\n\t\t\t\t\t\t<div class=\"elementor-container elementor-column-gap-default\">\n\t\t\t\t\t<div class=\"elementor-column elementor-col-100 elementor-top-column elementor-element elementor-element-2b24fd8f\" data-id=\"2b24fd8f\" data-element_type=\"column\" data-e-type=\"column\">\n\t\t\t<div class=\"elementor-widget-wrap elementor-element-populated\">\n\t\t\t\t\t\t<div class=\"elementor-element elementor-element-352a212e elementor-widget elementor-widget-spacer\" data-id=\"352a212e\" data-element_type=\"widget\" data-e-type=\"widget\" data-widget_type=\"spacer.default\">\n\t\t\t\t<div class=\"elementor-widget-container\">\n\t\t\t\t\t\t\t<div class=\"elementor-spacer\">\n\t\t\t<div class=\"elementor-spacer-inner\"><\/div>\n\t\t<\/div>\n\t\t\t\t\t\t<\/div>\n\t\t\t\t<\/div>\n\t\t\t\t\t<\/div>\n\t\t<\/div>\n\t\t\t\t\t<\/div>\n\t\t<\/section>\n\t\t\t\t<section class=\"elementor-section elementor-top-section elementor-element elementor-element-5c9c0099 elementor-section-boxed elementor-section-height-default elementor-section-height-default\" data-id=\"5c9c0099\" data-element_type=\"section\" data-e-type=\"section\">\n\t\t\t\t\t\t<div class=\"elementor-container elementor-column-gap-default\">\n\t\t\t\t\t<div class=\"elementor-column elementor-col-50 elementor-top-column elementor-element elementor-element-2c8dde1d\" data-id=\"2c8dde1d\" data-element_type=\"column\" data-e-type=\"column\">\n\t\t\t<div class=\"elementor-widget-wrap elementor-element-populated\">\n\t\t\t\t\t\t<div class=\"elementor-element elementor-element-730cf2ed elementor-widget elementor-widget-text-editor\" data-id=\"730cf2ed\" data-element_type=\"widget\" data-e-type=\"widget\" data-widget_type=\"text-editor.default\">\n\t\t\t\t<div class=\"elementor-widget-container\">\n\t\t\t\t\t\t\t\t\t<ul>\n<li><strong>Meyv\u0259 suyu v\u0259 t\u0259bii \u00e7ay ekstrakt\u0131 il\u0259<\/strong><\/li>\n<li><strong>T\u0259rkibind\u0259 konservantlar yoxdur<\/strong><\/li>\n<li><strong>100% T\u0259krar emal edil\u0259 bil\u0259n sonsuz qabla\u015fd\u0131rma; ekoloji c\u0259h\u0259td\u0259n t\u0259miz al\u00fcminium qabla\u015fd\u0131rma<\/strong><\/li>\n<\/ul>\n\t\t\t\t\t\t\t\t<\/div>\n\t\t\t\t<\/div>\n\t\t\t\t<div class=\"elementor-element elementor-element-1c6676ac elementor-widget elementor-widget-text-editor\" data-id=\"1c6676ac\" data-element_type=\"widget\" data-e-type=\"widget\" data-widget_type=\"text-editor.default\">\n\t\t\t\t<div class=\"elementor-widget-container\">\n\t\t\t\t\t\t\t\t\t<p>Klassik limon l\u0259zz\u0259ti v\u0259 y\u00fcks\u0259k keyfiyy\u0259tli qara \u00e7ay\u0131n birl\u0259\u015fm\u0259si XIXO Limon Qara \u00c7ay\u0131n h\u0259r qurtumunu h\u0259qiq\u0259t\u0259n t\u0259rav\u0259tl\u0259ndir\u0259n \u015feydir. \u00c7e\u015fidimizin \u0259n u\u011furlu m\u0259hsullar\u0131ndan biri olan XIXO Limon Qara \u00c7ayda s\u00fcni r\u0259ngl\u0259r v\u0259 ya konservantlar yoxdur v\u0259 ekoloji c\u0259h\u0259td\u0259n t\u0259miz 250 mililitr al\u00fcminium qab il\u0259 onu hara getm\u0259yinizd\u0259n as\u0131l\u0131 olmayaraq asanl\u0131qla \u00f6z\u00fcn\u00fczl\u0259 apara bil\u0259rsiniz. XIXO Limonlu Buzlu \u00c7ay, inc\u0259 \u015firinlik notlar\u0131 v\u0259 inc\u0259 limon l\u0259zz\u0259ti il\u0259 t\u0259rav\u0259tl\u0259ndirici buzlu \u00e7ayd\u0131r. \u0130sti yay g\u00fcnl\u0259rind\u0259 m\u00fck\u0259mm\u0259l bir se\u00e7imdir v\u0259 q\u0131\u015fda g\u00f6z\u0259l bir t\u0259rav\u0259tl\u0259ndirici i\u00e7ki ola bil\u0259r. \u00d6z\u00fcn\u00fcz s\u0131nay\u0131n v\u0259 XIXO Limonlu Buzlu \u00c7ay\u0131n t\u0259rav\u0259tl\u0259ndirici dad\u0131ndan z\u00f6vq al\u0131n!<\/p>\n\t\t\t\t\t\t\t\t<\/div>\n\t\t\t\t<\/div>\n\t\t\t\t\t<\/div>\n\t\t<\/div>\n\t\t\t\t<div class=\"elementor-column elementor-col-50 elementor-top-column elementor-element elementor-element-17f13f91\" data-id=\"17f13f91\" data-element_type=\"column\" data-e-type=\"column\">\n\t\t\t<div class=\"elementor-widget-wrap elementor-element-populated\">\n\t\t\t\t\t\t<div class=\"elementor-element elementor-element-52160657 animated-slow elementor-invisible elementor-widget elementor-widget-image\" data-id=\"52160657\" data-element_type=\"widget\" data-e-type=\"widget\" data-settings=\"{&quot;_animation&quot;:&quot;fadeIn&quot;}\" data-widget_type=\"image.default\">\n\t\t\t\t<div class=\"elementor-widget-container\">\n\t\t\t\t\t\t\t\t\t\t\t\t\t\t\t<img decoding=\"async\" src=\"https:\/\/xixodrinks.com\/wp-content\/uploads\/elementor\/thumbs\/XIXO_Tea_2021_EN_lemon_2-rezimfchepb3blv9k4fmxdxs5w2t3fkf4z77xnqz9c.png\" title=\"XIXO_Tea_2021_EN_lemon_2\" alt=\"XIXO_Tea_2021_EN_lemon_2\" loading=\"lazy\" \/>\t\t\t\t\t\t\t\t\t\t\t\t\t\t\t<\/div>\n\t\t\t\t<\/div>\n\t\t\t\t\t<\/div>\n\t\t<\/div>\n\t\t\t\t\t<\/div>\n\t\t<\/section>\n\t\t\t\t<section class=\"elementor-section elementor-top-section elementor-element elementor-element-74c8813a elementor-section-boxed elementor-section-height-default elementor-section-height-default\" data-id=\"74c8813a\" data-element_type=\"section\" data-e-type=\"section\">\n\t\t\t\t\t\t<div class=\"elementor-container elementor-column-gap-default\">\n\t\t\t\t\t<div class=\"elementor-column elementor-col-100 elementor-top-column elementor-element elementor-element-646d7226\" data-id=\"646d7226\" data-element_type=\"column\" data-e-type=\"column\">\n\t\t\t<div class=\"elementor-widget-wrap elementor-element-populated\">\n\t\t\t\t\t\t<div class=\"elementor-element elementor-element-6ba1e8f2 elementor-widget elementor-widget-spacer\" data-id=\"6ba1e8f2\" data-element_type=\"widget\" data-e-type=\"widget\" data-widget_type=\"spacer.default\">\n\t\t\t\t<div class=\"elementor-widget-container\">\n\t\t\t\t\t\t\t<div class=\"elementor-spacer\">\n\t\t\t<div class=\"elementor-spacer-inner\"><\/div>\n\t\t<\/div>\n\t\t\t\t\t\t<\/div>\n\t\t\t\t<\/div>\n\t\t\t\t\t<\/div>\n\t\t<\/div>\n\t\t\t\t\t<\/div>\n\t\t<\/section>\n\t\t\t\t<\/div>\n\t\t","protected":false},"excerpt":{"rendered":"<p>Meyv\u0259 suyu v\u0259 t\u0259bii \u00e7ay ekstrakt\u0131 il\u0259 T\u0259rkibind\u0259 konservantlar yoxdur 100% T\u0259krar emal edil\u0259 bil\u0259n sonsuz qabla\u015fd\u0131rma; ekoloji c\u0259h\u0259td\u0259n t\u0259miz al\u00fcminium qabla\u015fd\u0131rma Klassik limon l\u0259zz\u0259ti v\u0259 y\u00fcks\u0259k keyfiyy\u0259tli qara \u00e7ay\u0131n birl\u0259\u015fm\u0259si XIXO Limon Qara \u00c7ay\u0131n h\u0259r qurtumunu h\u0259qiq\u0259t\u0259n t\u0259rav\u0259tl\u0259ndir\u0259n \u015feydir. \u00c7e\u015fidimizin \u0259n u\u011furlu m\u0259hsullar\u0131ndan biri olan XIXO Limon Qara \u00c7ayda s\u00fcni r\u0259ngl\u0259r v\u0259 ya konservantlar [&hellip;]<\/p>\n","protected":false},"author":1,"featured_media":0,"parent":4764,"menu_order":0,"comment_status":"closed","ping_status":"closed","template":"elementor_header_footer","meta":{"footnotes":""},"class_list":["post-4828","page","type-page","status-publish","hentry"],"_links":{"self":[{"href":"https:\/\/xixodrinks.com\/az\/wp-json\/wp\/v2\/pages\/4828","targetHints":{"allow":["GET"]}}],"collection":[{"href":"https:\/\/xixodrinks.com\/az\/wp-json\/wp\/v2\/pages"}],"about":[{"href":"https:\/\/xixodrinks.com\/az\/wp-json\/wp\/v2\/types\/page"}],"author":[{"embeddable":true,"href":"https:\/\/xixodrinks.com\/az\/wp-json\/wp\/v2\/users\/1"}],"replies":[{"embeddable":true,"href":"https:\/\/xixodrinks.com\/az\/wp-json\/wp\/v2\/comments?post=4828"}],"version-history":[{"count":1,"href":"https:\/\/xixodrinks.com\/az\/wp-json\/wp\/v2\/pages\/4828\/revisions"}],"predecessor-version":[{"id":4829,"href":"https:\/\/xixodrinks.com\/az\/wp-json\/wp\/v2\/pages\/4828\/revisions\/4829"}],"up":[{"embeddable":true,"href":"https:\/\/xixodrinks.com\/az\/wp-json\/wp\/v2\/pages\/4764"}],"wp:attachment":[{"href":"https:\/\/xixodrinks.com\/az\/wp-json\/wp\/v2\/media?parent=4828"}],"curies":[{"name":"wp","href":"https:\/\/api.w.org\/{rel}","templated":true}]}}