{"id":4830,"date":"2024-03-31T10:46:03","date_gmt":"2024-03-31T08:46:03","guid":{"rendered":"https:\/\/xixodrinks.com\/m%c9%99hsullar\/ice-tea\/qara-ciyelek-cayi\/"},"modified":"2024-04-03T11:04:35","modified_gmt":"2024-04-03T09:04:35","slug":"qara-ciyelek-cayi","status":"publish","type":"page","link":"https:\/\/xixodrinks.com\/az\/m%c9%99hsullar\/ice-tea\/qara-ciyelek-cayi\/","title":{"rendered":"QARA \u00c7\u0130Y\u018fL\u018fK \u00c7AYI"},"content":{"rendered":"\t\t<div data-elementor-type=\"wp-page\" data-elementor-id=\"4830\" class=\"elementor elementor-4830 elementor-4210\" data-elementor-post-type=\"page\">\n\t\t\t\t\t\t<section class=\"elementor-section elementor-top-section elementor-element elementor-element-1f6cb36a elementor-section-boxed elementor-section-height-default elementor-section-height-default\" data-id=\"1f6cb36a\" data-element_type=\"section\" data-e-type=\"section\">\n\t\t\t\t\t\t<div class=\"elementor-container elementor-column-gap-default\">\n\t\t\t\t\t<div class=\"elementor-column elementor-col-100 elementor-top-column elementor-element elementor-element-3d922e55\" data-id=\"3d922e55\" data-element_type=\"column\" data-e-type=\"column\">\n\t\t\t<div class=\"elementor-widget-wrap elementor-element-populated\">\n\t\t\t\t\t\t<div class=\"elementor-element elementor-element-52eed3e9 elementor-widget elementor-widget-spacer\" data-id=\"52eed3e9\" data-element_type=\"widget\" data-e-type=\"widget\" data-widget_type=\"spacer.default\">\n\t\t\t\t<div class=\"elementor-widget-container\">\n\t\t\t\t\t\t\t<div class=\"elementor-spacer\">\n\t\t\t<div class=\"elementor-spacer-inner\"><\/div>\n\t\t<\/div>\n\t\t\t\t\t\t<\/div>\n\t\t\t\t<\/div>\n\t\t\t\t\t<\/div>\n\t\t<\/div>\n\t\t\t\t\t<\/div>\n\t\t<\/section>\n\t\t\t\t<section class=\"elementor-section elementor-top-section elementor-element elementor-element-b22bd55 elementor-section-boxed elementor-section-height-default elementor-section-height-default\" data-id=\"b22bd55\" data-element_type=\"section\" data-e-type=\"section\">\n\t\t\t\t\t\t<div class=\"elementor-container elementor-column-gap-default\">\n\t\t\t\t\t<div class=\"elementor-column elementor-col-50 elementor-top-column elementor-element elementor-element-2dc6482e\" data-id=\"2dc6482e\" data-element_type=\"column\" data-e-type=\"column\">\n\t\t\t<div class=\"elementor-widget-wrap elementor-element-populated\">\n\t\t\t\t\t\t<div class=\"elementor-element elementor-element-75dbae9 elementor-widget elementor-widget-text-editor\" data-id=\"75dbae9\" data-element_type=\"widget\" data-e-type=\"widget\" data-widget_type=\"text-editor.default\">\n\t\t\t\t<div class=\"elementor-widget-container\">\n\t\t\t\t\t\t\t\t\t<ul>\n<li><strong>Meyv\u0259 suyu v\u0259 t\u0259bii \u00e7ay ekstrakt\u0131 il\u0259<\/strong><\/li>\n<li><strong>T\u0259rkibind\u0259 konservantlar yoxdur<\/strong><\/li>\n<li><strong>100% T\u0259krar emal edil\u0259 bil\u0259n sonsuz qabla\u015fd\u0131rma; ekoloji c\u0259h\u0259td\u0259n t\u0259miz al\u00fcminium qabla\u015fd\u0131rma<\/strong><\/li>\n<\/ul>\n\t\t\t\t\t\t\t\t<\/div>\n\t\t\t\t<\/div>\n\t\t\t\t<div class=\"elementor-element elementor-element-1779205f elementor-widget elementor-widget-text-editor\" data-id=\"1779205f\" data-element_type=\"widget\" data-e-type=\"widget\" data-widget_type=\"text-editor.default\">\n\t\t\t\t<div class=\"elementor-widget-container\">\n\t\t\t\t\t\t\t\t\t<p>\u00c7iy\u0259l\u0259k h\u0259v\u0259skarlar\u0131n\u0131 n\u0259z\u0259r\u0259 alaraq, burada XIXO-da bu parlaq q\u0131rm\u0131z\u0131 meyv\u0259d\u0259n \u0259tirli t\u0259rav\u0259tl\u0259ndirici buzlu \u00e7ay\u0131m\u0131z\u0131 yaratd\u0131q. T\u0259bii qara \u00e7ay ekstrakt\u0131 il\u0259 haz\u0131rlanan bu s\u0259rinl\u0259\u015fdirici i\u00e7ki he\u00e7 bir qoruyucu v\u0259 ya s\u00fcni r\u0259ng istifad\u0259 etm\u0259yib. Ekoloji c\u0259h\u0259td\u0259n t\u0259miz 250 mililitr al\u00fcminium qabda sevimli buzlu \u00e7ay\u0131n\u0131z\u0131 yolda g\u0259tirin. XIXO \u00c7iy\u0259l\u0259k \u018ftirli Buzlu \u00c7ay, inc\u0259 \u015firinlik notlar\u0131 v\u0259 z\u0259rif \u00e7iy\u0259l\u0259k l\u0259zz\u0259ti il\u0259 t\u0259rav\u0259tl\u0259ndirici buzlu \u00e7ayd\u0131r. \u0130sti yay g\u00fcnl\u0259rind\u0259 m\u00fck\u0259mm\u0259l bir se\u00e7imdir v\u0259 q\u0131\u015fda g\u00f6z\u0259l bir t\u0259rav\u0259tl\u0259ndirici i\u00e7ki ola bil\u0259r. \u00d6z\u00fcn\u00fcz s\u0131nay\u0131n v\u0259 XIXO Limonlu Buzlu \u00c7ay\u0131n t\u0259rav\u0259tl\u0259ndirici dad\u0131ndan z\u00f6vq al\u0131n!<\/p>\n\t\t\t\t\t\t\t\t<\/div>\n\t\t\t\t<\/div>\n\t\t\t\t\t<\/div>\n\t\t<\/div>\n\t\t\t\t<div class=\"elementor-column elementor-col-50 elementor-top-column elementor-element elementor-element-107b093f\" data-id=\"107b093f\" data-element_type=\"column\" data-e-type=\"column\">\n\t\t\t<div class=\"elementor-widget-wrap elementor-element-populated\">\n\t\t\t\t\t\t<div class=\"elementor-element elementor-element-3fdfa850 animated-slow elementor-invisible elementor-widget elementor-widget-image\" data-id=\"3fdfa850\" data-element_type=\"widget\" data-e-type=\"widget\" data-settings=\"{&quot;_animation&quot;:&quot;fadeIn&quot;}\" data-widget_type=\"image.default\">\n\t\t\t\t<div class=\"elementor-widget-container\">\n\t\t\t\t\t\t\t\t\t\t\t\t\t\t\t<img decoding=\"async\" src=\"https:\/\/xixodrinks.com\/wp-content\/uploads\/elementor\/thumbs\/XIXO_Tea_2021_EN_strawberry_2-rezimeen7v9szzwmpm10cw6bki7fvqgosujqgdsdfk.png\" title=\"XIXO_Tea_2021_EN_strawberry_2\" alt=\"XIXO_Tea_2021_EN_strawberry_2\" loading=\"lazy\" \/>\t\t\t\t\t\t\t\t\t\t\t\t\t\t\t<\/div>\n\t\t\t\t<\/div>\n\t\t\t\t\t<\/div>\n\t\t<\/div>\n\t\t\t\t\t<\/div>\n\t\t<\/section>\n\t\t\t\t<section class=\"elementor-section elementor-top-section elementor-element elementor-element-49fc8bde elementor-section-boxed elementor-section-height-default elementor-section-height-default\" data-id=\"49fc8bde\" data-element_type=\"section\" data-e-type=\"section\">\n\t\t\t\t\t\t<div class=\"elementor-container elementor-column-gap-default\">\n\t\t\t\t\t<div class=\"elementor-column elementor-col-100 elementor-top-column elementor-element elementor-element-36df367d\" data-id=\"36df367d\" data-element_type=\"column\" data-e-type=\"column\">\n\t\t\t<div class=\"elementor-widget-wrap elementor-element-populated\">\n\t\t\t\t\t\t<div class=\"elementor-element elementor-element-5baac37f elementor-widget elementor-widget-spacer\" data-id=\"5baac37f\" data-element_type=\"widget\" data-e-type=\"widget\" data-widget_type=\"spacer.default\">\n\t\t\t\t<div class=\"elementor-widget-container\">\n\t\t\t\t\t\t\t<div class=\"elementor-spacer\">\n\t\t\t<div class=\"elementor-spacer-inner\"><\/div>\n\t\t<\/div>\n\t\t\t\t\t\t<\/div>\n\t\t\t\t<\/div>\n\t\t\t\t\t<\/div>\n\t\t<\/div>\n\t\t\t\t\t<\/div>\n\t\t<\/section>\n\t\t\t\t<\/div>\n\t\t","protected":false},"excerpt":{"rendered":"<p>Meyv\u0259 suyu v\u0259 t\u0259bii \u00e7ay ekstrakt\u0131 il\u0259 T\u0259rkibind\u0259 konservantlar yoxdur 100% T\u0259krar emal edil\u0259 bil\u0259n sonsuz qabla\u015fd\u0131rma; ekoloji c\u0259h\u0259td\u0259n t\u0259miz al\u00fcminium qabla\u015fd\u0131rma \u00c7iy\u0259l\u0259k h\u0259v\u0259skarlar\u0131n\u0131 n\u0259z\u0259r\u0259 alaraq, burada XIXO-da bu parlaq q\u0131rm\u0131z\u0131 meyv\u0259d\u0259n \u0259tirli t\u0259rav\u0259tl\u0259ndirici buzlu \u00e7ay\u0131m\u0131z\u0131 yaratd\u0131q. T\u0259bii qara \u00e7ay ekstrakt\u0131 il\u0259 haz\u0131rlanan bu s\u0259rinl\u0259\u015fdirici i\u00e7ki he\u00e7 bir qoruyucu v\u0259 ya s\u00fcni r\u0259ng istifad\u0259 etm\u0259yib. [&hellip;]<\/p>\n","protected":false},"author":1,"featured_media":0,"parent":4764,"menu_order":0,"comment_status":"closed","ping_status":"closed","template":"elementor_header_footer","meta":{"footnotes":""},"class_list":["post-4830","page","type-page","status-publish","hentry"],"_links":{"self":[{"href":"https:\/\/xixodrinks.com\/az\/wp-json\/wp\/v2\/pages\/4830","targetHints":{"allow":["GET"]}}],"collection":[{"href":"https:\/\/xixodrinks.com\/az\/wp-json\/wp\/v2\/pages"}],"about":[{"href":"https:\/\/xixodrinks.com\/az\/wp-json\/wp\/v2\/types\/page"}],"author":[{"embeddable":true,"href":"https:\/\/xixodrinks.com\/az\/wp-json\/wp\/v2\/users\/1"}],"replies":[{"embeddable":true,"href":"https:\/\/xixodrinks.com\/az\/wp-json\/wp\/v2\/comments?post=4830"}],"version-history":[{"count":3,"href":"https:\/\/xixodrinks.com\/az\/wp-json\/wp\/v2\/pages\/4830\/revisions"}],"predecessor-version":[{"id":4833,"href":"https:\/\/xixodrinks.com\/az\/wp-json\/wp\/v2\/pages\/4830\/revisions\/4833"}],"up":[{"embeddable":true,"href":"https:\/\/xixodrinks.com\/az\/wp-json\/wp\/v2\/pages\/4764"}],"wp:attachment":[{"href":"https:\/\/xixodrinks.com\/az\/wp-json\/wp\/v2\/media?parent=4830"}],"curies":[{"name":"wp","href":"https:\/\/api.w.org\/{rel}","templated":true}]}}