{"id":4834,"date":"2024-03-31T10:43:28","date_gmt":"2024-03-31T08:43:28","guid":{"rendered":"https:\/\/xixodrinks.com\/m%c9%99hsullar\/ice-tea\/moruq-ve-qaragile-etirli-qara-cay\/"},"modified":"2024-04-03T11:05:56","modified_gmt":"2024-04-03T09:05:56","slug":"moruq-ve-qaragile-etirli-qara-cay","status":"publish","type":"page","link":"https:\/\/xixodrinks.com\/az\/m%c9%99hsullar\/ice-tea\/moruq-ve-qaragile-etirli-qara-cay\/","title":{"rendered":"MORUQ V\u018f QARAG\u0130L\u018f \u018fT\u0130RL\u0130 QARA \u00c7AY"},"content":{"rendered":"\t\t<div data-elementor-type=\"wp-page\" data-elementor-id=\"4834\" class=\"elementor elementor-4834 elementor-4198\" data-elementor-post-type=\"page\">\n\t\t\t\t\t\t<section class=\"elementor-section elementor-top-section elementor-element elementor-element-9476ebb elementor-section-boxed elementor-section-height-default elementor-section-height-default\" data-id=\"9476ebb\" data-element_type=\"section\" data-e-type=\"section\">\n\t\t\t\t\t\t<div class=\"elementor-container elementor-column-gap-default\">\n\t\t\t\t\t<div class=\"elementor-column elementor-col-100 elementor-top-column elementor-element elementor-element-618f4094\" data-id=\"618f4094\" data-element_type=\"column\" data-e-type=\"column\">\n\t\t\t<div class=\"elementor-widget-wrap elementor-element-populated\">\n\t\t\t\t\t\t<div class=\"elementor-element elementor-element-68936dc8 elementor-widget elementor-widget-spacer\" data-id=\"68936dc8\" data-element_type=\"widget\" data-e-type=\"widget\" data-widget_type=\"spacer.default\">\n\t\t\t\t<div class=\"elementor-widget-container\">\n\t\t\t\t\t\t\t<div class=\"elementor-spacer\">\n\t\t\t<div class=\"elementor-spacer-inner\"><\/div>\n\t\t<\/div>\n\t\t\t\t\t\t<\/div>\n\t\t\t\t<\/div>\n\t\t\t\t\t<\/div>\n\t\t<\/div>\n\t\t\t\t\t<\/div>\n\t\t<\/section>\n\t\t\t\t<section class=\"elementor-section elementor-top-section elementor-element elementor-element-6c7a9a22 elementor-section-boxed elementor-section-height-default elementor-section-height-default\" data-id=\"6c7a9a22\" data-element_type=\"section\" data-e-type=\"section\">\n\t\t\t\t\t\t<div class=\"elementor-container elementor-column-gap-default\">\n\t\t\t\t\t<div class=\"elementor-column elementor-col-50 elementor-top-column elementor-element elementor-element-63cd6092\" data-id=\"63cd6092\" data-element_type=\"column\" data-e-type=\"column\">\n\t\t\t<div class=\"elementor-widget-wrap elementor-element-populated\">\n\t\t\t\t\t\t<div class=\"elementor-element elementor-element-2bb03d9e elementor-widget elementor-widget-text-editor\" data-id=\"2bb03d9e\" data-element_type=\"widget\" data-e-type=\"widget\" data-widget_type=\"text-editor.default\">\n\t\t\t\t<div class=\"elementor-widget-container\">\n\t\t\t\t\t\t\t\t\t<ul>\n<li><strong>Meyv\u0259 suyu v\u0259 t\u0259bii \u00e7ay ekstrakt\u0131 il\u0259<\/strong><\/li>\n<li><strong>T\u0259rkibind\u0259 konservantlar yoxdur<\/strong><\/li>\n<li><strong>100% T\u0259krar emal edil\u0259 bil\u0259n sonsuz qabla\u015fd\u0131rma; ekoloji c\u0259h\u0259td\u0259n t\u0259miz al\u00fcminium qabla\u015fd\u0131rma<\/strong><\/li>\n<\/ul>\n\t\t\t\t\t\t\t\t<\/div>\n\t\t\t\t<\/div>\n\t\t\t\t<div class=\"elementor-element elementor-element-14818905 elementor-widget elementor-widget-text-editor\" data-id=\"14818905\" data-element_type=\"widget\" data-e-type=\"widget\" data-widget_type=\"text-editor.default\">\n\t\t\t\t<div class=\"elementor-widget-container\">\n\t\t\t\t\t\t\t\t\t<p>XIXO Moruq v\u0259 Qaragil\u0259 \u018ftirli Qara \u00c7ay q\u0131rm\u0131z\u0131 meyv\u0259l\u0259rin m\u00fck\u0259mm\u0259l birl\u0259\u015fm\u0259si il\u0259 istehlak\u00e7\u0131lar\u0131n\u0131 ovsunlay\u0131r. Bununla bel\u0259, unikal dad bu i\u00e7kinin t\u0259klif etdiyi t\u0259k \u015fey deyil: moruq v\u0259 qaragil\u0259nin harmonik qar\u0131\u015f\u0131\u011f\u0131 yenil\u0259nmi\u015f, m\u00fcasir g\u00f6r\u00fcn\u00fc\u015f\u00fcn\u0259 g\u00f6r\u0259 XIXO \u00e7e\u015fidinin \u0259n x\u00fcsusi \u00fczvl\u0259rind\u0259n birin\u0259 \u00e7evrilmi\u015fdir. Bunu \u00f6z\u00fcn\u00fcz s\u0131nay\u0131n v\u0259 XIXO moruq v\u0259 qaragil\u0259 \u0259tirli buzlu \u00e7ay\u0131n t\u0259rav\u0259tl\u0259ndirici dad\u0131ndan h\u0259zz al\u0131n!<\/p>\n\t\t\t\t\t\t\t\t<\/div>\n\t\t\t\t<\/div>\n\t\t\t\t\t<\/div>\n\t\t<\/div>\n\t\t\t\t<div class=\"elementor-column elementor-col-50 elementor-top-column elementor-element elementor-element-f125f9d\" data-id=\"f125f9d\" data-element_type=\"column\" data-e-type=\"column\">\n\t\t\t<div class=\"elementor-widget-wrap elementor-element-populated\">\n\t\t\t\t\t\t<div class=\"elementor-element elementor-element-73053f4b animated-slow elementor-invisible elementor-widget elementor-widget-image\" data-id=\"73053f4b\" data-element_type=\"widget\" data-e-type=\"widget\" data-settings=\"{&quot;_animation&quot;:&quot;fadeIn&quot;}\" data-widget_type=\"image.default\">\n\t\t\t\t<div class=\"elementor-widget-container\">\n\t\t\t\t\t\t\t\t\t\t\t\t\t\t\t<img decoding=\"async\" src=\"https:\/\/xixodrinks.com\/wp-content\/uploads\/elementor\/thumbs\/XIXO-IT-Rapsberry-rezim8rm2v232c4tmjl8xxlk06z8ljuas2mtkq0qgw.png\" title=\"XIXO IT Rapsberry\" alt=\"XIXO IT Rapsberry\" loading=\"lazy\" \/>\t\t\t\t\t\t\t\t\t\t\t\t\t\t\t<\/div>\n\t\t\t\t<\/div>\n\t\t\t\t\t<\/div>\n\t\t<\/div>\n\t\t\t\t\t<\/div>\n\t\t<\/section>\n\t\t\t\t<section class=\"elementor-section elementor-top-section elementor-element elementor-element-514985cc elementor-section-boxed elementor-section-height-default elementor-section-height-default\" data-id=\"514985cc\" data-element_type=\"section\" data-e-type=\"section\">\n\t\t\t\t\t\t<div class=\"elementor-container elementor-column-gap-default\">\n\t\t\t\t\t<div class=\"elementor-column elementor-col-100 elementor-top-column elementor-element elementor-element-286bd74\" data-id=\"286bd74\" data-element_type=\"column\" data-e-type=\"column\">\n\t\t\t<div class=\"elementor-widget-wrap elementor-element-populated\">\n\t\t\t\t\t\t<div class=\"elementor-element elementor-element-2b01f402 elementor-widget elementor-widget-spacer\" data-id=\"2b01f402\" data-element_type=\"widget\" data-e-type=\"widget\" data-widget_type=\"spacer.default\">\n\t\t\t\t<div class=\"elementor-widget-container\">\n\t\t\t\t\t\t\t<div class=\"elementor-spacer\">\n\t\t\t<div class=\"elementor-spacer-inner\"><\/div>\n\t\t<\/div>\n\t\t\t\t\t\t<\/div>\n\t\t\t\t<\/div>\n\t\t\t\t\t<\/div>\n\t\t<\/div>\n\t\t\t\t\t<\/div>\n\t\t<\/section>\n\t\t\t\t<\/div>\n\t\t","protected":false},"excerpt":{"rendered":"<p>Meyv\u0259 suyu v\u0259 t\u0259bii \u00e7ay ekstrakt\u0131 il\u0259 T\u0259rkibind\u0259 konservantlar yoxdur 100% T\u0259krar emal edil\u0259 bil\u0259n sonsuz qabla\u015fd\u0131rma; ekoloji c\u0259h\u0259td\u0259n t\u0259miz al\u00fcminium qabla\u015fd\u0131rma XIXO Moruq v\u0259 Qaragil\u0259 \u018ftirli Qara \u00c7ay q\u0131rm\u0131z\u0131 meyv\u0259l\u0259rin m\u00fck\u0259mm\u0259l birl\u0259\u015fm\u0259si il\u0259 istehlak\u00e7\u0131lar\u0131n\u0131 ovsunlay\u0131r. Bununla bel\u0259, unikal dad bu i\u00e7kinin t\u0259klif etdiyi t\u0259k \u015fey deyil: moruq v\u0259 qaragil\u0259nin harmonik qar\u0131\u015f\u0131\u011f\u0131 yenil\u0259nmi\u015f, m\u00fcasir g\u00f6r\u00fcn\u00fc\u015f\u00fcn\u0259 [&hellip;]<\/p>\n","protected":false},"author":1,"featured_media":0,"parent":4764,"menu_order":0,"comment_status":"closed","ping_status":"closed","template":"elementor_header_footer","meta":{"footnotes":""},"class_list":["post-4834","page","type-page","status-publish","hentry"],"_links":{"self":[{"href":"https:\/\/xixodrinks.com\/az\/wp-json\/wp\/v2\/pages\/4834","targetHints":{"allow":["GET"]}}],"collection":[{"href":"https:\/\/xixodrinks.com\/az\/wp-json\/wp\/v2\/pages"}],"about":[{"href":"https:\/\/xixodrinks.com\/az\/wp-json\/wp\/v2\/types\/page"}],"author":[{"embeddable":true,"href":"https:\/\/xixodrinks.com\/az\/wp-json\/wp\/v2\/users\/1"}],"replies":[{"embeddable":true,"href":"https:\/\/xixodrinks.com\/az\/wp-json\/wp\/v2\/comments?post=4834"}],"version-history":[{"count":3,"href":"https:\/\/xixodrinks.com\/az\/wp-json\/wp\/v2\/pages\/4834\/revisions"}],"predecessor-version":[{"id":4837,"href":"https:\/\/xixodrinks.com\/az\/wp-json\/wp\/v2\/pages\/4834\/revisions\/4837"}],"up":[{"embeddable":true,"href":"https:\/\/xixodrinks.com\/az\/wp-json\/wp\/v2\/pages\/4764"}],"wp:attachment":[{"href":"https:\/\/xixodrinks.com\/az\/wp-json\/wp\/v2\/media?parent=4834"}],"curies":[{"name":"wp","href":"https:\/\/api.w.org\/{rel}","templated":true}]}}