{"id":5074,"date":"2024-03-31T09:49:51","date_gmt":"2024-03-31T07:49:51","guid":{"rendered":"https:\/\/xixodrinks.com\/xixo\/"},"modified":"2024-04-05T09:42:22","modified_gmt":"2024-04-05T07:42:22","slug":"haqqimizda","status":"publish","type":"page","link":"https:\/\/xixodrinks.com\/az\/haqqimizda\/","title":{"rendered":"Haqq\u0131m\u0131zda"},"content":{"rendered":"\t\t<div data-elementor-type=\"wp-page\" data-elementor-id=\"5074\" class=\"elementor elementor-5074 elementor-4024\" data-elementor-post-type=\"page\">\n\t\t\t\t\t\t<section class=\"elementor-section elementor-top-section elementor-element elementor-element-6040fca0 elementor-section-full_width elementor-section-stretched elementor-section-height-default elementor-section-height-default\" data-id=\"6040fca0\" data-element_type=\"section\" data-e-type=\"section\" data-settings=\"{&quot;stretch_section&quot;:&quot;section-stretched&quot;}\">\n\t\t\t\t\t\t<div class=\"elementor-container elementor-column-gap-no\">\n\t\t\t\t\t<div class=\"elementor-column elementor-col-100 elementor-top-column elementor-element elementor-element-fb6b441\" data-id=\"fb6b441\" data-element_type=\"column\" data-e-type=\"column\">\n\t\t\t<div class=\"elementor-widget-wrap elementor-element-populated\">\n\t\t\t\t\t\t<div class=\"elementor-element elementor-element-32bf4a29 elementor-widget elementor-widget-image\" data-id=\"32bf4a29\" data-element_type=\"widget\" data-e-type=\"widget\" data-widget_type=\"image.default\">\n\t\t\t\t<div class=\"elementor-widget-container\">\n\t\t\t\t\t\t\t\t\t\t\t\t\t\t\t<img fetchpriority=\"high\" decoding=\"async\" width=\"2560\" height=\"500\" src=\"https:\/\/xixodrinks.com\/wp-content\/uploads\/2022\/05\/Xixo_Web_2560x500_gyartosor.jpg\" class=\"attachment-full size-full wp-image-734\" alt=\"\" srcset=\"https:\/\/xixodrinks.com\/wp-content\/uploads\/2022\/05\/Xixo_Web_2560x500_gyartosor.jpg 2560w, https:\/\/xixodrinks.com\/wp-content\/uploads\/2022\/05\/Xixo_Web_2560x500_gyartosor-300x59.jpg 300w, https:\/\/xixodrinks.com\/wp-content\/uploads\/2022\/05\/Xixo_Web_2560x500_gyartosor-1024x200.jpg 1024w, https:\/\/xixodrinks.com\/wp-content\/uploads\/2022\/05\/Xixo_Web_2560x500_gyartosor-768x150.jpg 768w, https:\/\/xixodrinks.com\/wp-content\/uploads\/2022\/05\/Xixo_Web_2560x500_gyartosor-1536x300.jpg 1536w, https:\/\/xixodrinks.com\/wp-content\/uploads\/2022\/05\/Xixo_Web_2560x500_gyartosor-2048x400.jpg 2048w\" sizes=\"(max-width: 2560px) 100vw, 2560px\" \/>\t\t\t\t\t\t\t\t\t\t\t\t\t\t\t<\/div>\n\t\t\t\t<\/div>\n\t\t\t\t\t<\/div>\n\t\t<\/div>\n\t\t\t\t\t<\/div>\n\t\t<\/section>\n\t\t\t\t<section class=\"elementor-section elementor-top-section elementor-element elementor-element-4695e514 elementor-section-boxed elementor-section-height-default elementor-section-height-default\" data-id=\"4695e514\" data-element_type=\"section\" data-e-type=\"section\">\n\t\t\t\t\t\t<div class=\"elementor-container elementor-column-gap-default\">\n\t\t\t\t\t<div class=\"elementor-column elementor-col-100 elementor-top-column elementor-element elementor-element-43e2d586\" data-id=\"43e2d586\" data-element_type=\"column\" data-e-type=\"column\">\n\t\t\t<div class=\"elementor-widget-wrap elementor-element-populated\">\n\t\t\t\t\t\t<div class=\"elementor-element elementor-element-4a047263 elementor-widget elementor-widget-heading\" data-id=\"4a047263\" data-element_type=\"widget\" data-e-type=\"widget\" data-widget_type=\"heading.default\">\n\t\t\t\t<div class=\"elementor-widget-container\">\n\t\t\t\t\t<h2 class=\"elementor-heading-title elementor-size-default\">XIXO<\/h2>\t\t\t\t<\/div>\n\t\t\t\t<\/div>\n\t\t\t\t\t<\/div>\n\t\t<\/div>\n\t\t\t\t\t<\/div>\n\t\t<\/section>\n\t\t\t\t<section class=\"elementor-section elementor-top-section elementor-element elementor-element-36589613 elementor-section-boxed elementor-section-height-default elementor-section-height-default\" data-id=\"36589613\" data-element_type=\"section\" data-e-type=\"section\">\n\t\t\t\t\t\t<div class=\"elementor-container elementor-column-gap-default\">\n\t\t\t\t\t<div class=\"elementor-column elementor-col-100 elementor-top-column elementor-element elementor-element-9413256\" data-id=\"9413256\" data-element_type=\"column\" data-e-type=\"column\">\n\t\t\t<div class=\"elementor-widget-wrap elementor-element-populated\">\n\t\t\t\t\t\t<div class=\"elementor-element elementor-element-2bbab1c1 elementor-widget elementor-widget-text-editor\" data-id=\"2bbab1c1\" data-element_type=\"widget\" data-e-type=\"widget\" data-widget_type=\"text-editor.default\">\n\t\t\t\t<div class=\"elementor-widget-container\">\n\t\t\t\t\t\t\t\t\t<p>2013-c\u00fc ild\u0259n b\u0259ri XIXO markas\u0131 h\u0259qiq\u0259t\u0259n b\u0259nz\u0259rsiz bir istehlak\u00e7\u0131 t\u0259cr\u00fcb\u0259si yaratmaq \u00fc\u00e7\u00fcn laz\u0131m olan h\u0259r \u015feyi birl\u0259\u015fdirir. M\u0259hsullar\u0131m\u0131z sa\u011flaml\u0131\u011fa x\u00fcsusi diqq\u0259t yetir\u0259r\u0259k se\u00e7ilmi\u015f keyfiyy\u0259tli madd\u0259l\u0259rd\u0259n haz\u0131rlan\u0131r. Brendimiz yeniliyi, c\u0259sar\u0259ti, g\u0259ncliyi v\u0259 tendensiyalara h\u0259ssasl\u0131\u011f\u0131 il\u0259 tan\u0131n\u0131r v\u0259 m\u0259hsullar\u0131m\u0131z\u0131n inki\u015faf etdiricil\u0259ri daim keyfiyy\u0259tli madd\u0259l\u0259rd\u0259n istifad\u0259 ed\u0259r\u0259k ah\u0259ngdar reseptl\u0259r haz\u0131rlamaq \u00fc\u00e7\u00fcn \u00e7al\u0131\u015f\u0131rlar.<\/p>\n<p>Qazl\u0131 i\u00e7kil\u0259rimiz steviya v\u0259 fruktozadan haz\u0131rlan\u0131r, aspartam v\u0259 konservantlar yoxdur. Buzlu \u00e7aylar\u0131m\u0131z\u0131n m\u00fcv\u0259ff\u0259qiyy\u0259tinin sirri m\u00fcxt\u0259lif tatlar, \u0259lveri\u015fli qiym\u0259t, t\u0259bii \u00e7ay ekstrakt\u0131 v\u0259 h\u0259qiqi \u015fir\u0259dir. 2022-ci ild\u0259 Tutti-Fruity i\u00e7ki x\u0259ttimiz \u0259sl yeniliy\u0259 \u00e7evrildi v\u0259 Macar\u0131stan istehlak\u00e7\u0131lar\u0131 aras\u0131nda tez bir zamanda populyarl\u0131q qazand\u0131. Tutti-Fruity i\u00e7kil\u0259ri t\u0259bii olaraq kofeinsiz, \u0259lav\u0259 vitaminl\u0259r v\u0259 konservantlar olmadan m\u00fcxt\u0259lif l\u0259zz\u0259tl\u0259rd\u0259 m\u00f6vcuddur.<\/p>\n<p>XIXO markas\u0131 h\u0259m d\u0259 ekoloji c\u0259h\u0259td\u0259n t\u0259miz qabla\u015fd\u0131rmas\u0131 il\u0259 se\u00e7ilir, \u00e7\u00fcnki m\u0259hsullar\u0131m\u0131z t\u0259krar emal edilmi\u015f al\u00fcminiumda y\u00fcks\u0259kdir v\u0259 bu da 100% t\u0259krar emal edil\u0259 bil\u0259r. XIXO qazl\u0131 i\u00e7kil\u0259r yaln\u0131z al\u00fcminium qutulara y\u0131\u011f\u0131l\u0131r, bu da \u015firk\u0259timiz bu m\u0259hsul \u00e7e\u015fidind\u0259 PET \u015f\u00fc\u015f\u0259 qabla\u015fd\u0131rmadan tamamil\u0259 imtina etdiyini g\u00f6st\u0259rir.<\/p>\n<p>XIXO qazl\u0131 i\u00e7kil\u0259r yaln\u0131z al\u00fcminium qutulara y\u0131\u011f\u0131l\u0131r, bu da \u015firk\u0259timiz bu m\u0259hsul \u00e7e\u015fidind\u0259 PET \u015f\u00fc\u015f\u0259 qabla\u015fd\u0131rmadan tamamil\u0259 imtina etdiyini g\u00f6st\u0259rir.<\/p>\t\t\t\t\t\t\t\t<\/div>\n\t\t\t\t<\/div>\n\t\t\t\t<div class=\"elementor-element elementor-element-34b8b259 elementor-widget elementor-widget-spacer\" data-id=\"34b8b259\" data-element_type=\"widget\" data-e-type=\"widget\" data-widget_type=\"spacer.default\">\n\t\t\t\t<div class=\"elementor-widget-container\">\n\t\t\t\t\t\t\t<div class=\"elementor-spacer\">\n\t\t\t<div class=\"elementor-spacer-inner\"><\/div>\n\t\t<\/div>\n\t\t\t\t\t\t<\/div>\n\t\t\t\t<\/div>\n\t\t\t\t\t<\/div>\n\t\t<\/div>\n\t\t\t\t\t<\/div>\n\t\t<\/section>\n\t\t\t\t<\/div>\n\t\t","protected":false},"excerpt":{"rendered":"<p>XIXO 2013-c\u00fc ild\u0259n b\u0259ri XIXO markas\u0131 h\u0259qiq\u0259t\u0259n b\u0259nz\u0259rsiz bir istehlak\u00e7\u0131 t\u0259cr\u00fcb\u0259si yaratmaq \u00fc\u00e7\u00fcn laz\u0131m olan h\u0259r \u015feyi birl\u0259\u015fdirir. M\u0259hsullar\u0131m\u0131z sa\u011flaml\u0131\u011fa x\u00fcsusi diqq\u0259t yetir\u0259r\u0259k se\u00e7ilmi\u015f keyfiyy\u0259tli madd\u0259l\u0259rd\u0259n haz\u0131rlan\u0131r. Brendimiz yeniliyi, c\u0259sar\u0259ti, g\u0259ncliyi v\u0259 tendensiyalara h\u0259ssasl\u0131\u011f\u0131 il\u0259 tan\u0131n\u0131r v\u0259 m\u0259hsullar\u0131m\u0131z\u0131n inki\u015faf etdiricil\u0259ri daim keyfiyy\u0259tli madd\u0259l\u0259rd\u0259n istifad\u0259 ed\u0259r\u0259k ah\u0259ngdar reseptl\u0259r haz\u0131rlamaq \u00fc\u00e7\u00fcn \u00e7al\u0131\u015f\u0131rlar. Qazl\u0131 i\u00e7kil\u0259rimiz steviya v\u0259 fruktozadan [&hellip;]<\/p>\n","protected":false},"author":1,"featured_media":0,"parent":0,"menu_order":0,"comment_status":"closed","ping_status":"closed","template":"elementor_header_footer","meta":{"footnotes":""},"class_list":["post-5074","page","type-page","status-publish","hentry"],"_links":{"self":[{"href":"https:\/\/xixodrinks.com\/az\/wp-json\/wp\/v2\/pages\/5074","targetHints":{"allow":["GET"]}}],"collection":[{"href":"https:\/\/xixodrinks.com\/az\/wp-json\/wp\/v2\/pages"}],"about":[{"href":"https:\/\/xixodrinks.com\/az\/wp-json\/wp\/v2\/types\/page"}],"author":[{"embeddable":true,"href":"https:\/\/xixodrinks.com\/az\/wp-json\/wp\/v2\/users\/1"}],"replies":[{"embeddable":true,"href":"https:\/\/xixodrinks.com\/az\/wp-json\/wp\/v2\/comments?post=5074"}],"version-history":[{"count":7,"href":"https:\/\/xixodrinks.com\/az\/wp-json\/wp\/v2\/pages\/5074\/revisions"}],"predecessor-version":[{"id":5961,"href":"https:\/\/xixodrinks.com\/az\/wp-json\/wp\/v2\/pages\/5074\/revisions\/5961"}],"wp:attachment":[{"href":"https:\/\/xixodrinks.com\/az\/wp-json\/wp\/v2\/media?parent=5074"}],"curies":[{"name":"wp","href":"https:\/\/api.w.org\/{rel}","templated":true}]}}