{"id":5197,"date":"2024-04-03T19:41:49","date_gmt":"2024-04-03T17:41:49","guid":{"rendered":"https:\/\/xixodrinks.com\/davamliliq\/"},"modified":"2024-05-08T11:24:12","modified_gmt":"2024-05-08T09:24:12","slug":"davamliliq","status":"publish","type":"page","link":"https:\/\/xixodrinks.com\/az\/davamliliq\/","title":{"rendered":"Davaml\u0131l\u0131q"},"content":{"rendered":"\t\t<div data-elementor-type=\"wp-page\" data-elementor-id=\"5197\" class=\"elementor elementor-5197 elementor-5177\" data-elementor-post-type=\"page\">\n\t\t\t\t\t\t<section class=\"elementor-section elementor-top-section elementor-element elementor-element-2747cc6 elementor-section-boxed elementor-section-height-default elementor-section-height-default\" data-id=\"2747cc6\" data-element_type=\"section\" data-e-type=\"section\">\n\t\t\t\t\t\t<div class=\"elementor-container elementor-column-gap-default\">\n\t\t\t\t\t<div class=\"elementor-column elementor-col-100 elementor-top-column elementor-element elementor-element-8dbadee\" data-id=\"8dbadee\" data-element_type=\"column\" data-e-type=\"column\">\n\t\t\t<div class=\"elementor-widget-wrap elementor-element-populated\">\n\t\t\t\t\t\t<div class=\"elementor-element elementor-element-dc7e024 elementor-widget elementor-widget-spacer\" data-id=\"dc7e024\" data-element_type=\"widget\" data-e-type=\"widget\" data-widget_type=\"spacer.default\">\n\t\t\t\t<div class=\"elementor-widget-container\">\n\t\t\t\t\t\t\t<div class=\"elementor-spacer\">\n\t\t\t<div class=\"elementor-spacer-inner\"><\/div>\n\t\t<\/div>\n\t\t\t\t\t\t<\/div>\n\t\t\t\t<\/div>\n\t\t\t\t\t<\/div>\n\t\t<\/div>\n\t\t\t\t\t<\/div>\n\t\t<\/section>\n\t\t\t\t<section class=\"elementor-section elementor-top-section elementor-element elementor-element-ecf8a90 elementor-section-boxed elementor-section-height-default elementor-section-height-default\" data-id=\"ecf8a90\" data-element_type=\"section\" data-e-type=\"section\">\n\t\t\t\t\t\t<div class=\"elementor-container elementor-column-gap-default\">\n\t\t\t\t\t<div class=\"elementor-column elementor-col-50 elementor-top-column elementor-element elementor-element-4ca56aa\" data-id=\"4ca56aa\" data-element_type=\"column\" data-e-type=\"column\">\n\t\t\t<div class=\"elementor-widget-wrap elementor-element-populated\">\n\t\t\t\t\t\t<div class=\"elementor-element elementor-element-c19f0fd elementor-widget elementor-widget-image\" data-id=\"c19f0fd\" data-element_type=\"widget\" data-e-type=\"widget\" data-widget_type=\"image.default\">\n\t\t\t\t<div class=\"elementor-widget-container\">\n\t\t\t\t\t\t\t\t\t\t\t\t\t\t\t<img fetchpriority=\"high\" decoding=\"async\" width=\"400\" height=\"500\" src=\"https:\/\/xixodrinks.com\/wp-content\/uploads\/2024\/04\/can_mit_tehetsz.png\" class=\"attachment-full size-full wp-image-5180\" alt=\"\" srcset=\"https:\/\/xixodrinks.com\/wp-content\/uploads\/2024\/04\/can_mit_tehetsz.png 400w, https:\/\/xixodrinks.com\/wp-content\/uploads\/2024\/04\/can_mit_tehetsz-240x300.png 240w\" sizes=\"(max-width: 400px) 100vw, 400px\" \/>\t\t\t\t\t\t\t\t\t\t\t\t\t\t\t<\/div>\n\t\t\t\t<\/div>\n\t\t\t\t\t<\/div>\n\t\t<\/div>\n\t\t\t\t<div class=\"elementor-column elementor-col-50 elementor-top-column elementor-element elementor-element-c9a05fe\" data-id=\"c9a05fe\" data-element_type=\"column\" data-e-type=\"column\">\n\t\t\t<div class=\"elementor-widget-wrap elementor-element-populated\">\n\t\t\t\t\t\t<div class=\"elementor-element elementor-element-a85fcc9 elementor-widget elementor-widget-text-editor\" data-id=\"a85fcc9\" data-element_type=\"widget\" data-e-type=\"widget\" data-widget_type=\"text-editor.default\">\n\t\t\t\t<div class=\"elementor-widget-container\">\n\t\t\t\t\t\t\t\t\t<p><strong>XIXO al\u00fcminium qutular uzun \u00f6m\u00fcrl\u00fcd\u00fcr<\/strong><\/p><p>M\u0259hsullar\u0131m\u0131z\u0131n al\u00fcminium qabla\u015fd\u0131rmas\u0131 t\u0259krar emal edil\u0259 bil\u0259n materiallardan haz\u0131rlan\u0131r.<\/p><p>Al\u00fcminium a\u015fa\u011f\u0131 karbonlu dair\u0259vi iqtisadiyyat\u0131n \u0259sas komponentidir. Mayeni i\u015f\u0131\u011fa, oksigen\u0259, \u00e7irkl\u0259ndiricil\u0259r\u0259 v\u0259 patogenl\u0259r\u0259 m\u0259ruz qalmaqdan qoruyan y\u00fcng\u00fcl, davaml\u0131 v\u0259 elastik olmaqla yana\u015f\u0131, 100% t\u0259krar emal edil\u0259 bil\u0259r v\u0259 \u0259rim\u0259 prosesi enerjinin 95% &#8211; \u0259 q\u0259d\u0259r q\u0259na\u0259t edir.<\/p><p>\u0130ndiy\u0259 q\u0259d\u0259r istehsal olunan al\u00fcminiumun 75% &#8211; i h\u0259l\u0259 d\u0259 d\u00f6vriyy\u0259d\u0259dir.<\/p><p>T\u0259chizat\u00e7\u0131lar\u0131n diqq\u0259tl\u0259 se\u00e7ilm\u0259si say\u0259sind\u0259 biz son d\u0259r\u0259c\u0259 y\u00fcks\u0259k t\u0259krar emal edilmi\u015f al\u00fcminium t\u0259rkibli SPE\u0130RA ORB\u0130S al\u00fcminium qutular\u0131n\u0131n istehsal\u0131 \u00fc\u00e7\u00fcn istifad\u0259 edirik. Bu o dem\u0259kdir ki, b\u0259rpa edilmi\u015f v\u0259 istifad\u0259 olunan al\u00fcminium \u0259n az\u0131 bir vaxtlar istehlak m\u0259hsulu olmu\u015fdur. T\u0259krar emal t\u0259rkibi n\u0259 q\u0259d\u0259r y\u00fcks\u0259kdirs\u0259, \u0259traf m\u00fchit \u00fc\u00e7\u00fcn daha yax\u015f\u0131d\u0131r. N\u0259tic\u0259d\u0259, istifad\u0259 etdiyimiz al\u00fcminium, b\u00fct\u00fcn s\u0259naye \u00fc\u00e7\u00fcn n\u00fcmun\u0259 olan d\u00fcnyada olduqca a\u015fa\u011f\u0131 karbon dioksid emissiyas\u0131na malikdir.<\/p><p>Qrupumuz son 5 il \u0259rzind\u0259 PET \u015f\u00fc\u015f\u0259 qabla\u015fd\u0131rma pay\u0131n\u0131 5%-d\u0259n a\u015fa\u011f\u0131 sal\u0131b v\u0259 biz bunu 2025-ci il\u0259 q\u0259d\u0259r 1%-d\u0259n a\u015fa\u011f\u0131 salma\u011f\u0131 h\u0259d\u0259fl\u0259yirik.\u00a0<\/p><p>Buna g\u00f6r\u0259 i\u00e7ki qutular\u0131n\u0131 t\u0259krar emal \u00fc\u00e7\u00fcn t\u0259hvil verm\u0259yi unutmay\u0131n &#8211; onlar 60 g\u00fcn \u0259rzind\u0259 yeni h\u0259yat qazana bil\u0259r!<\/p>\t\t\t\t\t\t\t\t<\/div>\n\t\t\t\t<\/div>\n\t\t\t\t<div class=\"elementor-element elementor-element-19efbe4 elementor-widget elementor-widget-spacer\" data-id=\"19efbe4\" data-element_type=\"widget\" data-e-type=\"widget\" data-widget_type=\"spacer.default\">\n\t\t\t\t<div class=\"elementor-widget-container\">\n\t\t\t\t\t\t\t<div class=\"elementor-spacer\">\n\t\t\t<div class=\"elementor-spacer-inner\"><\/div>\n\t\t<\/div>\n\t\t\t\t\t\t<\/div>\n\t\t\t\t<\/div>\n\t\t\t\t\t<\/div>\n\t\t<\/div>\n\t\t\t\t\t<\/div>\n\t\t<\/section>\n\t\t\t\t<\/div>\n\t\t","protected":false},"excerpt":{"rendered":"<p>XIXO al\u00fcminium qutular uzun \u00f6m\u00fcrl\u00fcd\u00fcr M\u0259hsullar\u0131m\u0131z\u0131n al\u00fcminium qabla\u015fd\u0131rmas\u0131 t\u0259krar emal edil\u0259 bil\u0259n materiallardan haz\u0131rlan\u0131r. Al\u00fcminium a\u015fa\u011f\u0131 karbonlu dair\u0259vi iqtisadiyyat\u0131n \u0259sas komponentidir. Mayeni i\u015f\u0131\u011fa, oksigen\u0259, \u00e7irkl\u0259ndiricil\u0259r\u0259 v\u0259 patogenl\u0259r\u0259 m\u0259ruz qalmaqdan qoruyan y\u00fcng\u00fcl, davaml\u0131 v\u0259 elastik olmaqla yana\u015f\u0131, 100% t\u0259krar emal edil\u0259 bil\u0259r v\u0259 \u0259rim\u0259 prosesi enerjinin 95% &#8211; \u0259 q\u0259d\u0259r q\u0259na\u0259t edir. \u0130ndiy\u0259 q\u0259d\u0259r istehsal olunan [&hellip;]<\/p>\n","protected":false},"author":1,"featured_media":0,"parent":0,"menu_order":0,"comment_status":"closed","ping_status":"closed","template":"elementor_header_footer","meta":{"footnotes":""},"class_list":["post-5197","page","type-page","status-publish","hentry"],"_links":{"self":[{"href":"https:\/\/xixodrinks.com\/az\/wp-json\/wp\/v2\/pages\/5197","targetHints":{"allow":["GET"]}}],"collection":[{"href":"https:\/\/xixodrinks.com\/az\/wp-json\/wp\/v2\/pages"}],"about":[{"href":"https:\/\/xixodrinks.com\/az\/wp-json\/wp\/v2\/types\/page"}],"author":[{"embeddable":true,"href":"https:\/\/xixodrinks.com\/az\/wp-json\/wp\/v2\/users\/1"}],"replies":[{"embeddable":true,"href":"https:\/\/xixodrinks.com\/az\/wp-json\/wp\/v2\/comments?post=5197"}],"version-history":[{"count":12,"href":"https:\/\/xixodrinks.com\/az\/wp-json\/wp\/v2\/pages\/5197\/revisions"}],"predecessor-version":[{"id":6388,"href":"https:\/\/xixodrinks.com\/az\/wp-json\/wp\/v2\/pages\/5197\/revisions\/6388"}],"wp:attachment":[{"href":"https:\/\/xixodrinks.com\/az\/wp-json\/wp\/v2\/media?parent=5197"}],"curies":[{"name":"wp","href":"https:\/\/api.w.org\/{rel}","templated":true}]}}