{"id":4838,"date":"2024-03-31T10:51:24","date_gmt":"2024-03-31T08:51:24","guid":{"rendered":"https:\/\/xixodrinks.com\/proizvodi\/ice-tea\/crni-caj-od-breskve\/"},"modified":"2024-04-25T13:48:04","modified_gmt":"2024-04-25T11:48:04","slug":"crni-caj-od-breskve","status":"publish","type":"page","link":"https:\/\/xixodrinks.com\/bs\/proizvodi\/ice-tea\/crni-caj-od-breskve\/","title":{"rendered":"CRNI \u010cAJ OD BRESKVE"},"content":{"rendered":"\t\t<div data-elementor-type=\"wp-page\" data-elementor-id=\"4838\" class=\"elementor elementor-4838 elementor-4255\" data-elementor-post-type=\"page\">\n\t\t\t\t\t\t<section class=\"elementor-section elementor-top-section elementor-element elementor-element-3db87afb elementor-section-boxed elementor-section-height-default elementor-section-height-default\" data-id=\"3db87afb\" data-element_type=\"section\" data-e-type=\"section\">\n\t\t\t\t\t\t<div class=\"elementor-container elementor-column-gap-default\">\n\t\t\t\t\t<div class=\"elementor-column elementor-col-100 elementor-top-column elementor-element elementor-element-1fbff108\" data-id=\"1fbff108\" data-element_type=\"column\" data-e-type=\"column\">\n\t\t\t<div class=\"elementor-widget-wrap elementor-element-populated\">\n\t\t\t\t\t\t<div class=\"elementor-element elementor-element-7d23f47 elementor-widget elementor-widget-spacer\" data-id=\"7d23f47\" data-element_type=\"widget\" data-e-type=\"widget\" data-widget_type=\"spacer.default\">\n\t\t\t\t<div class=\"elementor-widget-container\">\n\t\t\t\t\t\t\t<div class=\"elementor-spacer\">\n\t\t\t<div class=\"elementor-spacer-inner\"><\/div>\n\t\t<\/div>\n\t\t\t\t\t\t<\/div>\n\t\t\t\t<\/div>\n\t\t\t\t\t<\/div>\n\t\t<\/div>\n\t\t\t\t\t<\/div>\n\t\t<\/section>\n\t\t\t\t<section class=\"elementor-section elementor-top-section elementor-element elementor-element-72073a16 elementor-section-boxed elementor-section-height-default elementor-section-height-default\" data-id=\"72073a16\" data-element_type=\"section\" data-e-type=\"section\">\n\t\t\t\t\t\t<div class=\"elementor-container elementor-column-gap-default\">\n\t\t\t\t\t<div class=\"elementor-column elementor-col-50 elementor-top-column elementor-element elementor-element-2cf7b580\" data-id=\"2cf7b580\" data-element_type=\"column\" data-e-type=\"column\">\n\t\t\t<div class=\"elementor-widget-wrap elementor-element-populated\">\n\t\t\t\t\t\t<div class=\"elementor-element elementor-element-4c090392 elementor-widget elementor-widget-text-editor\" data-id=\"4c090392\" data-element_type=\"widget\" data-e-type=\"widget\" data-widget_type=\"text-editor.default\">\n\t\t\t\t<div class=\"elementor-widget-container\">\n\t\t\t\t\t\t\t\t\t<ul><li><strong>Sa vo\u0107nim sokom i ekstraktom prirodnog \u010daja<\/strong><\/li><li><strong>Ne sadr\u017ei konzervanse<\/strong><\/li><li><p><strong>Beskonacno reciklabilna, ekolo\u0161ki prihvatljiva, aluminijumska ambala\u017ea<\/strong><\/p><\/li><\/ul>\t\t\t\t\t\t\t\t<\/div>\n\t\t\t\t<\/div>\n\t\t\t\t<div class=\"elementor-element elementor-element-638738e5 elementor-widget elementor-widget-text-editor\" data-id=\"638738e5\" data-element_type=\"widget\" data-e-type=\"widget\" data-widget_type=\"text-editor.default\">\n\t\t\t\t<div class=\"elementor-widget-container\">\n\t\t\t\t\t\t\t\t\t<p>XIXO ledeni \u010daj od breskve jedan je od najstarijih i najpopularnijih proizvoda koje nudimo. Ovo osvje\u017eenje, napravljeno od prirodnog ekstrakta \u010daja, ne sadr\u017ei nikakve umjetne boje ili konzervanse. Osim toga, zahvaljuju\u0107i ekolo\u0161ki prihvatljivoj aluminijskoj ambala\u017ei od 250 mililitara, lako ga mo\u017eete ponijeti sa sobom gdje god da krenete. XIXO Ice Tea od breskve je osvje\u017eavaju\u0107i ledeni \u010daj sa suptilnim naznakama slatko\u0107e i nje\u017enog okusa breskve. Savr\u0161en je izbor u vru\u0107im ljetnim danima, a mo\u017ee biti i savr\u0161eno osvje\u017eenje zimi. Probajte i sami i u\u017eivajte u osvje\u017eavaju\u0107em okusu ledenog \u010daja od breskve XIXO!<\/p>\t\t\t\t\t\t\t\t<\/div>\n\t\t\t\t<\/div>\n\t\t\t\t\t<\/div>\n\t\t<\/div>\n\t\t\t\t<div class=\"elementor-column elementor-col-50 elementor-top-column elementor-element elementor-element-5ec45ae8\" data-id=\"5ec45ae8\" data-element_type=\"column\" data-e-type=\"column\">\n\t\t\t<div class=\"elementor-widget-wrap elementor-element-populated\">\n\t\t\t\t\t\t<div class=\"elementor-element elementor-element-1f99a0e0 animated-slow elementor-invisible elementor-widget elementor-widget-image\" data-id=\"1f99a0e0\" data-element_type=\"widget\" data-e-type=\"widget\" data-settings=\"{&quot;_animation&quot;:&quot;fadeIn&quot;}\" data-widget_type=\"image.default\">\n\t\t\t\t<div class=\"elementor-widget-container\">\n\t\t\t\t\t\t\t\t\t\t\t\t\t\t\t<img decoding=\"async\" src=\"https:\/\/xixodrinks.com\/wp-content\/uploads\/elementor\/thumbs\/XIXO_Tea_2021_EN_peach_2-rezimfchepb3blv9k4fmxdxs5w2t3fkf4z77xnqz9c.png\" title=\"XIXO_Tea_2021_EN_peach_2\" alt=\"XIXO_Tea_2021_EN_peach_2\" loading=\"lazy\" \/>\t\t\t\t\t\t\t\t\t\t\t\t\t\t\t<\/div>\n\t\t\t\t<\/div>\n\t\t\t\t\t<\/div>\n\t\t<\/div>\n\t\t\t\t\t<\/div>\n\t\t<\/section>\n\t\t\t\t<section class=\"elementor-section elementor-top-section elementor-element elementor-element-98ef0f elementor-section-boxed elementor-section-height-default elementor-section-height-default\" data-id=\"98ef0f\" data-element_type=\"section\" data-e-type=\"section\">\n\t\t\t\t\t\t<div class=\"elementor-container elementor-column-gap-default\">\n\t\t\t\t\t<div class=\"elementor-column elementor-col-100 elementor-top-column elementor-element elementor-element-31d3b6eb\" data-id=\"31d3b6eb\" data-element_type=\"column\" data-e-type=\"column\">\n\t\t\t<div class=\"elementor-widget-wrap elementor-element-populated\">\n\t\t\t\t\t\t<div class=\"elementor-element elementor-element-3975a3b5 elementor-widget elementor-widget-spacer\" data-id=\"3975a3b5\" data-element_type=\"widget\" data-e-type=\"widget\" data-widget_type=\"spacer.default\">\n\t\t\t\t<div class=\"elementor-widget-container\">\n\t\t\t\t\t\t\t<div class=\"elementor-spacer\">\n\t\t\t<div class=\"elementor-spacer-inner\"><\/div>\n\t\t<\/div>\n\t\t\t\t\t\t<\/div>\n\t\t\t\t<\/div>\n\t\t\t\t\t<\/div>\n\t\t<\/div>\n\t\t\t\t\t<\/div>\n\t\t<\/section>\n\t\t\t\t<\/div>\n\t\t","protected":false},"excerpt":{"rendered":"<p>Sa vo\u0107nim sokom i ekstraktom prirodnog \u010daja Ne sadr\u017ei konzervanse Beskonacno reciklabilna, ekolo\u0161ki prihvatljiva, aluminijumska ambala\u017ea XIXO ledeni \u010daj od breskve jedan je od najstarijih i najpopularnijih proizvoda koje nudimo. Ovo osvje\u017eenje, napravljeno od prirodnog ekstrakta \u010daja, ne sadr\u017ei nikakve umjetne boje ili konzervanse. Osim toga, zahvaljuju\u0107i ekolo\u0161ki prihvatljivoj aluminijskoj ambala\u017ei od 250 mililitara, lako [&hellip;]<\/p>\n","protected":false},"author":1,"featured_media":0,"parent":4653,"menu_order":0,"comment_status":"closed","ping_status":"closed","template":"elementor_header_footer","meta":{"footnotes":""},"class_list":["post-4838","page","type-page","status-publish","hentry"],"_links":{"self":[{"href":"https:\/\/xixodrinks.com\/bs\/wp-json\/wp\/v2\/pages\/4838","targetHints":{"allow":["GET"]}}],"collection":[{"href":"https:\/\/xixodrinks.com\/bs\/wp-json\/wp\/v2\/pages"}],"about":[{"href":"https:\/\/xixodrinks.com\/bs\/wp-json\/wp\/v2\/types\/page"}],"author":[{"embeddable":true,"href":"https:\/\/xixodrinks.com\/bs\/wp-json\/wp\/v2\/users\/1"}],"replies":[{"embeddable":true,"href":"https:\/\/xixodrinks.com\/bs\/wp-json\/wp\/v2\/comments?post=4838"}],"version-history":[{"count":4,"href":"https:\/\/xixodrinks.com\/bs\/wp-json\/wp\/v2\/pages\/4838\/revisions"}],"predecessor-version":[{"id":6244,"href":"https:\/\/xixodrinks.com\/bs\/wp-json\/wp\/v2\/pages\/4838\/revisions\/6244"}],"up":[{"embeddable":true,"href":"https:\/\/xixodrinks.com\/bs\/wp-json\/wp\/v2\/pages\/4653"}],"wp:attachment":[{"href":"https:\/\/xixodrinks.com\/bs\/wp-json\/wp\/v2\/media?parent=4838"}],"curies":[{"name":"wp","href":"https:\/\/api.w.org\/{rel}","templated":true}]}}