{"id":4840,"date":"2024-03-31T10:49:07","date_gmt":"2024-03-31T08:49:07","guid":{"rendered":"https:\/\/xixodrinks.com\/proizvodi\/ice-tea\/crni-caj-od-limuna\/"},"modified":"2024-04-25T13:48:25","modified_gmt":"2024-04-25T11:48:25","slug":"crni-caj-od-limuna","status":"publish","type":"page","link":"https:\/\/xixodrinks.com\/bs\/proizvodi\/ice-tea\/crni-caj-od-limuna\/","title":{"rendered":"CRNI \u010cAJ OD LIMUNA"},"content":{"rendered":"\t\t<div data-elementor-type=\"wp-page\" data-elementor-id=\"4840\" class=\"elementor elementor-4840 elementor-4240\" data-elementor-post-type=\"page\">\n\t\t\t\t\t\t<section class=\"elementor-section elementor-top-section elementor-element elementor-element-211511ff elementor-section-boxed elementor-section-height-default elementor-section-height-default\" data-id=\"211511ff\" data-element_type=\"section\" data-e-type=\"section\">\n\t\t\t\t\t\t<div class=\"elementor-container elementor-column-gap-default\">\n\t\t\t\t\t<div class=\"elementor-column elementor-col-100 elementor-top-column elementor-element elementor-element-2b24fd8f\" data-id=\"2b24fd8f\" data-element_type=\"column\" data-e-type=\"column\">\n\t\t\t<div class=\"elementor-widget-wrap elementor-element-populated\">\n\t\t\t\t\t\t<div class=\"elementor-element elementor-element-352a212e elementor-widget elementor-widget-spacer\" data-id=\"352a212e\" data-element_type=\"widget\" data-e-type=\"widget\" data-widget_type=\"spacer.default\">\n\t\t\t\t<div class=\"elementor-widget-container\">\n\t\t\t\t\t\t\t<div class=\"elementor-spacer\">\n\t\t\t<div class=\"elementor-spacer-inner\"><\/div>\n\t\t<\/div>\n\t\t\t\t\t\t<\/div>\n\t\t\t\t<\/div>\n\t\t\t\t\t<\/div>\n\t\t<\/div>\n\t\t\t\t\t<\/div>\n\t\t<\/section>\n\t\t\t\t<section class=\"elementor-section elementor-top-section elementor-element elementor-element-5c9c0099 elementor-section-boxed elementor-section-height-default elementor-section-height-default\" data-id=\"5c9c0099\" data-element_type=\"section\" data-e-type=\"section\">\n\t\t\t\t\t\t<div class=\"elementor-container elementor-column-gap-default\">\n\t\t\t\t\t<div class=\"elementor-column elementor-col-50 elementor-top-column elementor-element elementor-element-2c8dde1d\" data-id=\"2c8dde1d\" data-element_type=\"column\" data-e-type=\"column\">\n\t\t\t<div class=\"elementor-widget-wrap elementor-element-populated\">\n\t\t\t\t\t\t<div class=\"elementor-element elementor-element-730cf2ed elementor-widget elementor-widget-text-editor\" data-id=\"730cf2ed\" data-element_type=\"widget\" data-e-type=\"widget\" data-widget_type=\"text-editor.default\">\n\t\t\t\t<div class=\"elementor-widget-container\">\n\t\t\t\t\t\t\t\t\t<ul><li><strong>Sa vo\u0107nim sokom i ekstraktom prirodnog \u010daja<\/strong><\/li><li><strong>Ne sadr\u017ei konzervanse<\/strong><\/li><li><p><strong>Beskonacno reciklabilna, ekolo\u0161ki prihvatljiva, aluminijumska ambala\u017ea<\/strong><\/p><\/li><\/ul>\t\t\t\t\t\t\t\t<\/div>\n\t\t\t\t<\/div>\n\t\t\t\t<div class=\"elementor-element elementor-element-1c6676ac elementor-widget elementor-widget-text-editor\" data-id=\"1c6676ac\" data-element_type=\"widget\" data-e-type=\"widget\" data-widget_type=\"text-editor.default\">\n\t\t\t\t<div class=\"elementor-widget-container\">\n\t\t\t\t\t\t\t\t\t<p>XIXO Lemon Black Tea, me\u0111u na\u0161im najuspje\u0161nijim proizvodima koji ne sadr\u017ei nikakve umjetne boje ili konzervanse. Osim toga, zahvaljuju\u0107i ekolo\u0161ki prihvatljivoj aluminijskoj ambala\u017ei od 250 mililitara, lako ga mo\u017eete ponijeti sa sobom gdje god da idete. XIXO Lemon Ice Tea je osvje\u017eavaju\u0107i ledeni \u010daj sa suptilnim naznakama slatko\u0107e i nje\u017enog okusa limuna. Savr\u0161en je izbor u vru\u0107im ljetnim danima, a mo\u017ee biti i savr\u0161eno osvje\u017eenje zimi. Probajte i sami i u\u017eivajte u osvje\u017eavaju\u0107em okusu ledenog \u010daja od breskve XIXO!<\/p>\n\t\t\t\t\t\t\t\t<\/div>\n\t\t\t\t<\/div>\n\t\t\t\t\t<\/div>\n\t\t<\/div>\n\t\t\t\t<div class=\"elementor-column elementor-col-50 elementor-top-column elementor-element elementor-element-17f13f91\" data-id=\"17f13f91\" data-element_type=\"column\" data-e-type=\"column\">\n\t\t\t<div class=\"elementor-widget-wrap elementor-element-populated\">\n\t\t\t\t\t\t<div class=\"elementor-element elementor-element-52160657 animated-slow elementor-invisible elementor-widget elementor-widget-image\" data-id=\"52160657\" data-element_type=\"widget\" data-e-type=\"widget\" data-settings=\"{&quot;_animation&quot;:&quot;fadeIn&quot;}\" data-widget_type=\"image.default\">\n\t\t\t\t<div class=\"elementor-widget-container\">\n\t\t\t\t\t\t\t\t\t\t\t\t\t\t\t<img decoding=\"async\" src=\"https:\/\/xixodrinks.com\/wp-content\/uploads\/elementor\/thumbs\/XIXO_Tea_2021_EN_lemon_2-rezimfchepb3blv9k4fmxdxs5w2t3fkf4z77xnqz9c.png\" title=\"XIXO_Tea_2021_EN_lemon_2\" alt=\"XIXO_Tea_2021_EN_lemon_2\" loading=\"lazy\" \/>\t\t\t\t\t\t\t\t\t\t\t\t\t\t\t<\/div>\n\t\t\t\t<\/div>\n\t\t\t\t\t<\/div>\n\t\t<\/div>\n\t\t\t\t\t<\/div>\n\t\t<\/section>\n\t\t\t\t<section class=\"elementor-section elementor-top-section elementor-element elementor-element-74c8813a elementor-section-boxed elementor-section-height-default elementor-section-height-default\" data-id=\"74c8813a\" data-element_type=\"section\" data-e-type=\"section\">\n\t\t\t\t\t\t<div class=\"elementor-container elementor-column-gap-default\">\n\t\t\t\t\t<div class=\"elementor-column elementor-col-100 elementor-top-column elementor-element elementor-element-646d7226\" data-id=\"646d7226\" data-element_type=\"column\" data-e-type=\"column\">\n\t\t\t<div class=\"elementor-widget-wrap elementor-element-populated\">\n\t\t\t\t\t\t<div class=\"elementor-element elementor-element-6ba1e8f2 elementor-widget elementor-widget-spacer\" data-id=\"6ba1e8f2\" data-element_type=\"widget\" data-e-type=\"widget\" data-widget_type=\"spacer.default\">\n\t\t\t\t<div class=\"elementor-widget-container\">\n\t\t\t\t\t\t\t<div class=\"elementor-spacer\">\n\t\t\t<div class=\"elementor-spacer-inner\"><\/div>\n\t\t<\/div>\n\t\t\t\t\t\t<\/div>\n\t\t\t\t<\/div>\n\t\t\t\t\t<\/div>\n\t\t<\/div>\n\t\t\t\t\t<\/div>\n\t\t<\/section>\n\t\t\t\t<\/div>\n\t\t","protected":false},"excerpt":{"rendered":"<p>Sa vo\u0107nim sokom i ekstraktom prirodnog \u010daja Ne sadr\u017ei konzervanse Beskonacno reciklabilna, ekolo\u0161ki prihvatljiva, aluminijumska ambala\u017ea XIXO Lemon Black Tea, me\u0111u na\u0161im najuspje\u0161nijim proizvodima koji ne sadr\u017ei nikakve umjetne boje ili konzervanse. Osim toga, zahvaljuju\u0107i ekolo\u0161ki prihvatljivoj aluminijskoj ambala\u017ei od 250 mililitara, lako ga mo\u017eete ponijeti sa sobom gdje god da idete. XIXO Lemon Ice [&hellip;]<\/p>\n","protected":false},"author":1,"featured_media":0,"parent":4653,"menu_order":0,"comment_status":"closed","ping_status":"closed","template":"elementor_header_footer","meta":{"footnotes":""},"class_list":["post-4840","page","type-page","status-publish","hentry"],"_links":{"self":[{"href":"https:\/\/xixodrinks.com\/bs\/wp-json\/wp\/v2\/pages\/4840","targetHints":{"allow":["GET"]}}],"collection":[{"href":"https:\/\/xixodrinks.com\/bs\/wp-json\/wp\/v2\/pages"}],"about":[{"href":"https:\/\/xixodrinks.com\/bs\/wp-json\/wp\/v2\/types\/page"}],"author":[{"embeddable":true,"href":"https:\/\/xixodrinks.com\/bs\/wp-json\/wp\/v2\/users\/1"}],"replies":[{"embeddable":true,"href":"https:\/\/xixodrinks.com\/bs\/wp-json\/wp\/v2\/comments?post=4840"}],"version-history":[{"count":6,"href":"https:\/\/xixodrinks.com\/bs\/wp-json\/wp\/v2\/pages\/4840\/revisions"}],"predecessor-version":[{"id":6247,"href":"https:\/\/xixodrinks.com\/bs\/wp-json\/wp\/v2\/pages\/4840\/revisions\/6247"}],"up":[{"embeddable":true,"href":"https:\/\/xixodrinks.com\/bs\/wp-json\/wp\/v2\/pages\/4653"}],"wp:attachment":[{"href":"https:\/\/xixodrinks.com\/bs\/wp-json\/wp\/v2\/media?parent=4840"}],"curies":[{"name":"wp","href":"https:\/\/api.w.org\/{rel}","templated":true}]}}