{"id":4844,"date":"2024-03-31T10:46:03","date_gmt":"2024-03-31T08:46:03","guid":{"rendered":"https:\/\/xixodrinks.com\/proizvodi\/ice-tea\/crni-caj-od-jagoda\/"},"modified":"2024-04-25T13:49:15","modified_gmt":"2024-04-25T11:49:15","slug":"crni-caj-od-jagoda","status":"publish","type":"page","link":"https:\/\/xixodrinks.com\/bs\/proizvodi\/ice-tea\/crni-caj-od-jagoda\/","title":{"rendered":"CRNI \u010cAJ OD JAGODA"},"content":{"rendered":"\t\t<div data-elementor-type=\"wp-page\" data-elementor-id=\"4844\" class=\"elementor elementor-4844 elementor-4210\" data-elementor-post-type=\"page\">\n\t\t\t\t\t\t<section class=\"elementor-section elementor-top-section elementor-element elementor-element-1f6cb36a elementor-section-boxed elementor-section-height-default elementor-section-height-default\" data-id=\"1f6cb36a\" data-element_type=\"section\" data-e-type=\"section\">\n\t\t\t\t\t\t<div class=\"elementor-container elementor-column-gap-default\">\n\t\t\t\t\t<div class=\"elementor-column elementor-col-100 elementor-top-column elementor-element elementor-element-3d922e55\" data-id=\"3d922e55\" data-element_type=\"column\" data-e-type=\"column\">\n\t\t\t<div class=\"elementor-widget-wrap elementor-element-populated\">\n\t\t\t\t\t\t<div class=\"elementor-element elementor-element-52eed3e9 elementor-widget elementor-widget-spacer\" data-id=\"52eed3e9\" data-element_type=\"widget\" data-e-type=\"widget\" data-widget_type=\"spacer.default\">\n\t\t\t\t<div class=\"elementor-widget-container\">\n\t\t\t\t\t\t\t<div class=\"elementor-spacer\">\n\t\t\t<div class=\"elementor-spacer-inner\"><\/div>\n\t\t<\/div>\n\t\t\t\t\t\t<\/div>\n\t\t\t\t<\/div>\n\t\t\t\t\t<\/div>\n\t\t<\/div>\n\t\t\t\t\t<\/div>\n\t\t<\/section>\n\t\t\t\t<section class=\"elementor-section elementor-top-section elementor-element elementor-element-b22bd55 elementor-section-boxed elementor-section-height-default elementor-section-height-default\" data-id=\"b22bd55\" data-element_type=\"section\" data-e-type=\"section\">\n\t\t\t\t\t\t<div class=\"elementor-container elementor-column-gap-default\">\n\t\t\t\t\t<div class=\"elementor-column elementor-col-50 elementor-top-column elementor-element elementor-element-2dc6482e\" data-id=\"2dc6482e\" data-element_type=\"column\" data-e-type=\"column\">\n\t\t\t<div class=\"elementor-widget-wrap elementor-element-populated\">\n\t\t\t\t\t\t<div class=\"elementor-element elementor-element-75dbae9 elementor-widget elementor-widget-text-editor\" data-id=\"75dbae9\" data-element_type=\"widget\" data-e-type=\"widget\" data-widget_type=\"text-editor.default\">\n\t\t\t\t<div class=\"elementor-widget-container\">\n\t\t\t\t\t\t\t\t\t<ul><li><strong>Sa vo\u0107nim sokom i ekstraktom prirodnog \u010daja<\/strong><\/li><li><strong>Ne sadr\u017ei konzervanse<\/strong><\/li><li><p><strong>Beskonacno reciklabilna, ekolo\u0161ki prihvatljiva, aluminijumska ambala\u017ea<\/strong><\/p><\/li><\/ul>\t\t\t\t\t\t\t\t<\/div>\n\t\t\t\t<\/div>\n\t\t\t\t<div class=\"elementor-element elementor-element-1779205f elementor-widget elementor-widget-text-editor\" data-id=\"1779205f\" data-element_type=\"widget\" data-e-type=\"widget\" data-widget_type=\"text-editor.default\">\n\t\t\t\t<div class=\"elementor-widget-container\">\n\t\t\t\t\t\t\t\t\t<p>Imaju\u0107i na umu ljubitelje jagoda, ovdje u XIXO, kreirali smo na\u0161 osvje\u017eavaju\u0107i ledeni \u010daj aromatiziran ovim jarko crvenim vo\u0107em. A za ovo bezalkoholno pi\u0107e napravljeno od prirodnog ekstrakta crnog \u010daja nisu kori\u0161teni konzervansi ili umjetne boje. Ponesite svoj omiljeni ledeni \u010daj sa sobom kada ste u pokretu s njegovom ekolo\u0161ki prihvatljivom aluminijskom ambala\u017eom od 250 mililitara. XIXO Strawberry Ice Tea je osvje\u017eavaju\u0107i ledeni \u010daj sa suptilnim naznakama slatko\u0107e i nje\u017enog okusa jagode. Savr\u0161en je izbor u vru\u0107im ljetnim danima, a mo\u017ee biti i savr\u0161eno osvje\u017eenje zimi. Probajte i sami i u\u017eivajte u osvje\u017eavaju\u0107em okusu ledenog \u010daja od breskve XIXO!<\/p>\t\t\t\t\t\t\t\t<\/div>\n\t\t\t\t<\/div>\n\t\t\t\t\t<\/div>\n\t\t<\/div>\n\t\t\t\t<div class=\"elementor-column elementor-col-50 elementor-top-column elementor-element elementor-element-107b093f\" data-id=\"107b093f\" data-element_type=\"column\" data-e-type=\"column\">\n\t\t\t<div class=\"elementor-widget-wrap elementor-element-populated\">\n\t\t\t\t\t\t<div class=\"elementor-element elementor-element-3fdfa850 animated-slow elementor-invisible elementor-widget elementor-widget-image\" data-id=\"3fdfa850\" data-element_type=\"widget\" data-e-type=\"widget\" data-settings=\"{&quot;_animation&quot;:&quot;fadeIn&quot;}\" data-widget_type=\"image.default\">\n\t\t\t\t<div class=\"elementor-widget-container\">\n\t\t\t\t\t\t\t\t\t\t\t\t\t\t\t<img decoding=\"async\" src=\"https:\/\/xixodrinks.com\/wp-content\/uploads\/elementor\/thumbs\/XIXO_Tea_2021_EN_strawberry_2-rezimeen7v9szzwmpm10cw6bki7fvqgosujqgdsdfk.png\" title=\"XIXO_Tea_2021_EN_strawberry_2\" alt=\"XIXO_Tea_2021_EN_strawberry_2\" loading=\"lazy\" \/>\t\t\t\t\t\t\t\t\t\t\t\t\t\t\t<\/div>\n\t\t\t\t<\/div>\n\t\t\t\t\t<\/div>\n\t\t<\/div>\n\t\t\t\t\t<\/div>\n\t\t<\/section>\n\t\t\t\t<section class=\"elementor-section elementor-top-section elementor-element elementor-element-49fc8bde elementor-section-boxed elementor-section-height-default elementor-section-height-default\" data-id=\"49fc8bde\" data-element_type=\"section\" data-e-type=\"section\">\n\t\t\t\t\t\t<div class=\"elementor-container elementor-column-gap-default\">\n\t\t\t\t\t<div class=\"elementor-column elementor-col-100 elementor-top-column elementor-element elementor-element-36df367d\" data-id=\"36df367d\" data-element_type=\"column\" data-e-type=\"column\">\n\t\t\t<div class=\"elementor-widget-wrap elementor-element-populated\">\n\t\t\t\t\t\t<div class=\"elementor-element elementor-element-5baac37f elementor-widget elementor-widget-spacer\" data-id=\"5baac37f\" data-element_type=\"widget\" data-e-type=\"widget\" data-widget_type=\"spacer.default\">\n\t\t\t\t<div class=\"elementor-widget-container\">\n\t\t\t\t\t\t\t<div class=\"elementor-spacer\">\n\t\t\t<div class=\"elementor-spacer-inner\"><\/div>\n\t\t<\/div>\n\t\t\t\t\t\t<\/div>\n\t\t\t\t<\/div>\n\t\t\t\t\t<\/div>\n\t\t<\/div>\n\t\t\t\t\t<\/div>\n\t\t<\/section>\n\t\t\t\t<\/div>\n\t\t","protected":false},"excerpt":{"rendered":"<p>Sa vo\u0107nim sokom i ekstraktom prirodnog \u010daja Ne sadr\u017ei konzervanse Beskonacno reciklabilna, ekolo\u0161ki prihvatljiva, aluminijumska ambala\u017ea Imaju\u0107i na umu ljubitelje jagoda, ovdje u XIXO, kreirali smo na\u0161 osvje\u017eavaju\u0107i ledeni \u010daj aromatiziran ovim jarko crvenim vo\u0107em. A za ovo bezalkoholno pi\u0107e napravljeno od prirodnog ekstrakta crnog \u010daja nisu kori\u0161teni konzervansi ili umjetne boje. Ponesite svoj omiljeni [&hellip;]<\/p>\n","protected":false},"author":1,"featured_media":0,"parent":4653,"menu_order":0,"comment_status":"closed","ping_status":"closed","template":"elementor_header_footer","meta":{"footnotes":""},"class_list":["post-4844","page","type-page","status-publish","hentry"],"_links":{"self":[{"href":"https:\/\/xixodrinks.com\/bs\/wp-json\/wp\/v2\/pages\/4844","targetHints":{"allow":["GET"]}}],"collection":[{"href":"https:\/\/xixodrinks.com\/bs\/wp-json\/wp\/v2\/pages"}],"about":[{"href":"https:\/\/xixodrinks.com\/bs\/wp-json\/wp\/v2\/types\/page"}],"author":[{"embeddable":true,"href":"https:\/\/xixodrinks.com\/bs\/wp-json\/wp\/v2\/users\/1"}],"replies":[{"embeddable":true,"href":"https:\/\/xixodrinks.com\/bs\/wp-json\/wp\/v2\/comments?post=4844"}],"version-history":[{"count":4,"href":"https:\/\/xixodrinks.com\/bs\/wp-json\/wp\/v2\/pages\/4844\/revisions"}],"predecessor-version":[{"id":6250,"href":"https:\/\/xixodrinks.com\/bs\/wp-json\/wp\/v2\/pages\/4844\/revisions\/6250"}],"up":[{"embeddable":true,"href":"https:\/\/xixodrinks.com\/bs\/wp-json\/wp\/v2\/pages\/4653"}],"wp:attachment":[{"href":"https:\/\/xixodrinks.com\/bs\/wp-json\/wp\/v2\/media?parent=4844"}],"curies":[{"name":"wp","href":"https:\/\/api.w.org\/{rel}","templated":true}]}}