{"id":4846,"date":"2024-03-31T10:44:50","date_gmt":"2024-03-31T08:44:50","guid":{"rendered":"https:\/\/xixodrinks.com\/proizvodi\/ice-tea\/crni-caj-sa-ukusom-lubenice-maline\/"},"modified":"2024-04-25T13:51:03","modified_gmt":"2024-04-25T11:51:03","slug":"crni-caj-sa-ukusom-lubenice-maline","status":"publish","type":"page","link":"https:\/\/xixodrinks.com\/bs\/proizvodi\/ice-tea\/crni-caj-sa-ukusom-lubenice-maline\/","title":{"rendered":"CRNI \u010cAJ SA UKUSOM LUBENICE-MALINE"},"content":{"rendered":"\t\t<div data-elementor-type=\"wp-page\" data-elementor-id=\"4846\" class=\"elementor elementor-4846 elementor-4204\" data-elementor-post-type=\"page\">\n\t\t\t\t\t\t<section class=\"elementor-section elementor-top-section elementor-element elementor-element-29d51987 elementor-section-boxed elementor-section-height-default elementor-section-height-default\" data-id=\"29d51987\" data-element_type=\"section\" data-e-type=\"section\">\n\t\t\t\t\t\t<div class=\"elementor-container elementor-column-gap-default\">\n\t\t\t\t\t<div class=\"elementor-column elementor-col-100 elementor-top-column elementor-element elementor-element-68cd0e3\" data-id=\"68cd0e3\" data-element_type=\"column\" data-e-type=\"column\">\n\t\t\t<div class=\"elementor-widget-wrap elementor-element-populated\">\n\t\t\t\t\t\t<div class=\"elementor-element elementor-element-1cdb536b elementor-widget elementor-widget-spacer\" data-id=\"1cdb536b\" data-element_type=\"widget\" data-e-type=\"widget\" data-widget_type=\"spacer.default\">\n\t\t\t\t<div class=\"elementor-widget-container\">\n\t\t\t\t\t\t\t<div class=\"elementor-spacer\">\n\t\t\t<div class=\"elementor-spacer-inner\"><\/div>\n\t\t<\/div>\n\t\t\t\t\t\t<\/div>\n\t\t\t\t<\/div>\n\t\t\t\t\t<\/div>\n\t\t<\/div>\n\t\t\t\t\t<\/div>\n\t\t<\/section>\n\t\t\t\t<section class=\"elementor-section elementor-top-section elementor-element elementor-element-52d20cf9 elementor-section-boxed elementor-section-height-default elementor-section-height-default\" data-id=\"52d20cf9\" data-element_type=\"section\" data-e-type=\"section\">\n\t\t\t\t\t\t<div class=\"elementor-container elementor-column-gap-default\">\n\t\t\t\t\t<div class=\"elementor-column elementor-col-50 elementor-top-column elementor-element elementor-element-1bae4013\" data-id=\"1bae4013\" data-element_type=\"column\" data-e-type=\"column\">\n\t\t\t<div class=\"elementor-widget-wrap elementor-element-populated\">\n\t\t\t\t\t\t<div class=\"elementor-element elementor-element-66e930e6 elementor-widget elementor-widget-text-editor\" data-id=\"66e930e6\" data-element_type=\"widget\" data-e-type=\"widget\" data-widget_type=\"text-editor.default\">\n\t\t\t\t<div class=\"elementor-widget-container\">\n\t\t\t\t\t\t\t\t\t<ul><li><strong>Sa vo\u0107nim sokom i ekstraktom prirodnog \u010daja<\/strong><\/li><li><strong>Ne sadr\u017ei konzervanse<\/strong><\/li><li><p><strong>Beskonacno reciklabilna, ekolo\u0161ki prihvatljiva, aluminijumska ambala\u017ea<\/strong><\/p><\/li><\/ul>\t\t\t\t\t\t\t\t<\/div>\n\t\t\t\t<\/div>\n\t\t\t\t<div class=\"elementor-element elementor-element-5721e9fa elementor-widget elementor-widget-text-editor\" data-id=\"5721e9fa\" data-element_type=\"widget\" data-e-type=\"widget\" data-widget_type=\"text-editor.default\">\n\t\t\t\t<div class=\"elementor-widget-container\">\n\t\t\t\t\t\t\t\t\t<p>Slatka lubenica i klasi\u010dni okusi maline, u savr\u0161enom skladu, ne\u0107e razo\u010darati!<\/p>\n<p>Kao i ostatak na\u0161eg asortimana, XIXO ledeni \u010daj s okusom lubenice i maline napravljen je od prirodnih ekstrakta \u010daja i pravih vo\u0107nih aroma i ne sadr\u017ei umjetne boje. Njegovo pakovanje je aluminijumska limenka koja se mo\u017ee beskona\u010dno reciklirati, \u0161to ga \u010dini svjesnim izborom. Probajte sami i u\u017eivajte u osvje\u017eavaju\u0107em okusu ledenog \u010daja XIXO s okusom lubenice i maline!<\/p>\n\t\t\t\t\t\t\t\t<\/div>\n\t\t\t\t<\/div>\n\t\t\t\t\t<\/div>\n\t\t<\/div>\n\t\t\t\t<div class=\"elementor-column elementor-col-50 elementor-top-column elementor-element elementor-element-58bd242a\" data-id=\"58bd242a\" data-element_type=\"column\" data-e-type=\"column\">\n\t\t\t<div class=\"elementor-widget-wrap elementor-element-populated\">\n\t\t\t\t\t\t<div class=\"elementor-element elementor-element-2ed68179 animated-slow elementor-invisible elementor-widget elementor-widget-image\" data-id=\"2ed68179\" data-element_type=\"widget\" data-e-type=\"widget\" data-settings=\"{&quot;_animation&quot;:&quot;fadeIn&quot;}\" data-widget_type=\"image.default\">\n\t\t\t\t<div class=\"elementor-widget-container\">\n\t\t\t\t\t\t\t\t\t\t\t\t\t\t\t<img decoding=\"async\" src=\"https:\/\/xixodrinks.com\/wp-content\/uploads\/elementor\/thumbs\/XIXO_IceTea_watermelon-raspberry_EN_250_02-rezim7trw10sqq66s16mdfu3et3vduqkfxzc3g24n4.png\" title=\"XIXO_IceTea_watermelon-raspberry_EN_250_02\" alt=\"XIXO_IceTea_watermelon-raspberry_EN_250_02\" loading=\"lazy\" \/>\t\t\t\t\t\t\t\t\t\t\t\t\t\t\t<\/div>\n\t\t\t\t<\/div>\n\t\t\t\t\t<\/div>\n\t\t<\/div>\n\t\t\t\t\t<\/div>\n\t\t<\/section>\n\t\t\t\t<section class=\"elementor-section elementor-top-section elementor-element elementor-element-1ffe3d41 elementor-section-boxed elementor-section-height-default elementor-section-height-default\" data-id=\"1ffe3d41\" data-element_type=\"section\" data-e-type=\"section\">\n\t\t\t\t\t\t<div class=\"elementor-container elementor-column-gap-default\">\n\t\t\t\t\t<div class=\"elementor-column elementor-col-100 elementor-top-column elementor-element elementor-element-4bca79c0\" data-id=\"4bca79c0\" data-element_type=\"column\" data-e-type=\"column\">\n\t\t\t<div class=\"elementor-widget-wrap elementor-element-populated\">\n\t\t\t\t\t\t<div class=\"elementor-element elementor-element-66e0ec3a elementor-widget elementor-widget-spacer\" data-id=\"66e0ec3a\" data-element_type=\"widget\" data-e-type=\"widget\" data-widget_type=\"spacer.default\">\n\t\t\t\t<div class=\"elementor-widget-container\">\n\t\t\t\t\t\t\t<div class=\"elementor-spacer\">\n\t\t\t<div class=\"elementor-spacer-inner\"><\/div>\n\t\t<\/div>\n\t\t\t\t\t\t<\/div>\n\t\t\t\t<\/div>\n\t\t\t\t\t<\/div>\n\t\t<\/div>\n\t\t\t\t\t<\/div>\n\t\t<\/section>\n\t\t\t\t<\/div>\n\t\t","protected":false},"excerpt":{"rendered":"<p>Sa vo\u0107nim sokom i ekstraktom prirodnog \u010daja Ne sadr\u017ei konzervanse Beskonacno reciklabilna, ekolo\u0161ki prihvatljiva, aluminijumska ambala\u017ea Slatka lubenica i klasi\u010dni okusi maline, u savr\u0161enom skladu, ne\u0107e razo\u010darati! Kao i ostatak na\u0161eg asortimana, XIXO ledeni \u010daj s okusom lubenice i maline napravljen je od prirodnih ekstrakta \u010daja i pravih vo\u0107nih aroma i ne sadr\u017ei umjetne boje. [&hellip;]<\/p>\n","protected":false},"author":1,"featured_media":0,"parent":4653,"menu_order":0,"comment_status":"closed","ping_status":"closed","template":"elementor_header_footer","meta":{"footnotes":""},"class_list":["post-4846","page","type-page","status-publish","hentry"],"_links":{"self":[{"href":"https:\/\/xixodrinks.com\/bs\/wp-json\/wp\/v2\/pages\/4846","targetHints":{"allow":["GET"]}}],"collection":[{"href":"https:\/\/xixodrinks.com\/bs\/wp-json\/wp\/v2\/pages"}],"about":[{"href":"https:\/\/xixodrinks.com\/bs\/wp-json\/wp\/v2\/types\/page"}],"author":[{"embeddable":true,"href":"https:\/\/xixodrinks.com\/bs\/wp-json\/wp\/v2\/users\/1"}],"replies":[{"embeddable":true,"href":"https:\/\/xixodrinks.com\/bs\/wp-json\/wp\/v2\/comments?post=4846"}],"version-history":[{"count":7,"href":"https:\/\/xixodrinks.com\/bs\/wp-json\/wp\/v2\/pages\/4846\/revisions"}],"predecessor-version":[{"id":6256,"href":"https:\/\/xixodrinks.com\/bs\/wp-json\/wp\/v2\/pages\/4846\/revisions\/6256"}],"up":[{"embeddable":true,"href":"https:\/\/xixodrinks.com\/bs\/wp-json\/wp\/v2\/pages\/4653"}],"wp:attachment":[{"href":"https:\/\/xixodrinks.com\/bs\/wp-json\/wp\/v2\/media?parent=4846"}],"curies":[{"name":"wp","href":"https:\/\/api.w.org\/{rel}","templated":true}]}}