{"id":4852,"date":"2024-03-31T11:03:00","date_gmt":"2024-03-31T09:03:00","guid":{"rendered":"https:\/\/xixodrinks.com\/proizvodi\/csd\/xixo-cola\/"},"modified":"2024-04-25T13:43:47","modified_gmt":"2024-04-25T11:43:47","slug":"xixo-cola","status":"publish","type":"page","link":"https:\/\/xixodrinks.com\/bs\/proizvodi\/csd\/xixo-cola\/","title":{"rendered":"XIXO COLA"},"content":{"rendered":"\t\t<div data-elementor-type=\"wp-page\" data-elementor-id=\"4852\" class=\"elementor elementor-4852 elementor-4309\" data-elementor-post-type=\"page\">\n\t\t\t\t\t\t<section class=\"elementor-section elementor-top-section elementor-element elementor-element-377c31f4 elementor-section-boxed elementor-section-height-default elementor-section-height-default\" data-id=\"377c31f4\" data-element_type=\"section\" data-e-type=\"section\">\n\t\t\t\t\t\t<div class=\"elementor-container elementor-column-gap-default\">\n\t\t\t\t\t<div class=\"elementor-column elementor-col-100 elementor-top-column elementor-element elementor-element-654d9332\" data-id=\"654d9332\" data-element_type=\"column\" data-e-type=\"column\">\n\t\t\t<div class=\"elementor-widget-wrap elementor-element-populated\">\n\t\t\t\t\t\t<div class=\"elementor-element elementor-element-2232433f elementor-widget elementor-widget-spacer\" data-id=\"2232433f\" data-element_type=\"widget\" data-e-type=\"widget\" data-widget_type=\"spacer.default\">\n\t\t\t\t<div class=\"elementor-widget-container\">\n\t\t\t\t\t\t\t<div class=\"elementor-spacer\">\n\t\t\t<div class=\"elementor-spacer-inner\"><\/div>\n\t\t<\/div>\n\t\t\t\t\t\t<\/div>\n\t\t\t\t<\/div>\n\t\t\t\t\t<\/div>\n\t\t<\/div>\n\t\t\t\t\t<\/div>\n\t\t<\/section>\n\t\t\t\t<section class=\"elementor-section elementor-top-section elementor-element elementor-element-7b219432 elementor-section-boxed elementor-section-height-default elementor-section-height-default\" data-id=\"7b219432\" data-element_type=\"section\" data-e-type=\"section\">\n\t\t\t\t\t\t<div class=\"elementor-container elementor-column-gap-default\">\n\t\t\t\t\t<div class=\"elementor-column elementor-col-50 elementor-top-column elementor-element elementor-element-6ad90400\" data-id=\"6ad90400\" data-element_type=\"column\" data-e-type=\"column\">\n\t\t\t<div class=\"elementor-widget-wrap elementor-element-populated\">\n\t\t\t\t\t\t<div class=\"elementor-element elementor-element-2eac6549 elementor-widget elementor-widget-text-editor\" data-id=\"2eac6549\" data-element_type=\"widget\" data-e-type=\"widget\" data-widget_type=\"text-editor.default\">\n\t\t\t\t<div class=\"elementor-widget-container\">\n\t\t\t\t\t\t\t\t\t<ul><li><strong>Ne sadr\u017ei konzervanse<\/strong><\/li><li><strong>Beskonacno reciklabilna, ekolo\u0161ki prihvatljiva, aluminijumska ambala\u017ea<\/strong><\/li><\/ul>\t\t\t\t\t\t\t\t<\/div>\n\t\t\t\t<\/div>\n\t\t\t\t<div class=\"elementor-element elementor-element-692eda6 elementor-widget elementor-widget-text-editor\" data-id=\"692eda6\" data-element_type=\"widget\" data-e-type=\"widget\" data-widget_type=\"text-editor.default\">\n\t\t\t\t<div class=\"elementor-widget-container\">\n\t\t\t\t\t\t\t\t\t<p>Isprobajte na\u0161e gazirano bezalkoholno pi\u0107e s okusom kole po specijalnoj recepturi, koje ne sadr\u017ei konzervanse. Prilikom kreiranja specijalnog recepta, ne samo da smo imali na umu da rezultat treba da bude ukusan i sladak, ve\u0107 smo posebnu pa\u017enju morali obratiti i na odgovaraju\u0107i sadr\u017eaj gaziranosti. XIXO Cola nudi savr\u0161enu harmoniju ovih kvaliteta; konzumira se i iz \u010da\u0161e i direktno iz konzerve. Tokom procesa razvoja recepture, cilj nije bio samo da se stvori ukusno, jednostavno za pi\u0107e, vrhunsko pi\u0107e, ve\u0107 i da se stvori ukus koji stvara sredinu izme\u0111u dvije krajnosti koje dominiraju tr\u017ei\u0161tem: neke kole imaju vi\u0161e limunovog okusa, dok druge vi\u0161e naginju na okus vanilije. Slo\u017eenost kole proizlazi iz pronala\u017eenja ravnote\u017ee sa ovim okusima, \u0161to rezultira glavnim okusom koji savr\u0161eno odgovara potrebama ve\u0107ine potro\u0161a\u010da. Probajte na\u0161e gazirano bezalkoholno pi\u0107e s okusom kole napravljeno po inovativnom receptu! Ne brinite ni o sadr\u017eaju kofeina, jer ovaj proizvod sadr\u017ei samo 13 mg\/100 ml.&#8221;<\/p>\t\t\t\t\t\t\t\t<\/div>\n\t\t\t\t<\/div>\n\t\t\t\t\t<\/div>\n\t\t<\/div>\n\t\t\t\t<div class=\"elementor-column elementor-col-50 elementor-top-column elementor-element elementor-element-a568ec7\" data-id=\"a568ec7\" data-element_type=\"column\" data-e-type=\"column\">\n\t\t\t<div class=\"elementor-widget-wrap elementor-element-populated\">\n\t\t\t\t\t\t<div class=\"elementor-element elementor-element-7ba8da4a animated-slow elementor-invisible elementor-widget elementor-widget-image\" data-id=\"7ba8da4a\" data-element_type=\"widget\" data-e-type=\"widget\" data-settings=\"{&quot;_animation&quot;:&quot;fadeIn&quot;}\" data-widget_type=\"image.default\">\n\t\t\t\t<div class=\"elementor-widget-container\">\n\t\t\t\t\t\t\t\t\t\t\t\t\t\t\t<img decoding=\"async\" src=\"https:\/\/xixodrinks.com\/wp-content\/uploads\/elementor\/thumbs\/XIXO_COLA_2023_HU_02-3-rezimeen7v9szzwmpm10cw6bki7fvqgosujqgdsdfk.png\" title=\"XIXO_COLA_2023_HU_02 (3)\" alt=\"XIXO_COLA_2023_HU_02 (3)\" loading=\"lazy\" \/>\t\t\t\t\t\t\t\t\t\t\t\t\t\t\t<\/div>\n\t\t\t\t<\/div>\n\t\t\t\t\t<\/div>\n\t\t<\/div>\n\t\t\t\t\t<\/div>\n\t\t<\/section>\n\t\t\t\t<section class=\"elementor-section elementor-top-section elementor-element elementor-element-f74b68a elementor-section-boxed elementor-section-height-default elementor-section-height-default\" data-id=\"f74b68a\" data-element_type=\"section\" data-e-type=\"section\">\n\t\t\t\t\t\t<div class=\"elementor-container elementor-column-gap-default\">\n\t\t\t\t\t<div class=\"elementor-column elementor-col-100 elementor-top-column elementor-element elementor-element-fab6f3d\" data-id=\"fab6f3d\" data-element_type=\"column\" data-e-type=\"column\">\n\t\t\t<div class=\"elementor-widget-wrap elementor-element-populated\">\n\t\t\t\t\t\t<div class=\"elementor-element elementor-element-7c776fdf elementor-widget elementor-widget-spacer\" data-id=\"7c776fdf\" data-element_type=\"widget\" data-e-type=\"widget\" data-widget_type=\"spacer.default\">\n\t\t\t\t<div class=\"elementor-widget-container\">\n\t\t\t\t\t\t\t<div class=\"elementor-spacer\">\n\t\t\t<div class=\"elementor-spacer-inner\"><\/div>\n\t\t<\/div>\n\t\t\t\t\t\t<\/div>\n\t\t\t\t<\/div>\n\t\t\t\t\t<\/div>\n\t\t<\/div>\n\t\t\t\t\t<\/div>\n\t\t<\/section>\n\t\t\t\t<\/div>\n\t\t","protected":false},"excerpt":{"rendered":"<p>Ne sadr\u017ei konzervanse Beskonacno reciklabilna, ekolo\u0161ki prihvatljiva, aluminijumska ambala\u017ea Isprobajte na\u0161e gazirano bezalkoholno pi\u0107e s okusom kole po specijalnoj recepturi, koje ne sadr\u017ei konzervanse. Prilikom kreiranja specijalnog recepta, ne samo da smo imali na umu da rezultat treba da bude ukusan i sladak, ve\u0107 smo posebnu pa\u017enju morali obratiti i na odgovaraju\u0107i sadr\u017eaj gaziranosti. XIXO [&hellip;]<\/p>\n","protected":false},"author":1,"featured_media":0,"parent":4619,"menu_order":0,"comment_status":"closed","ping_status":"closed","template":"elementor_header_footer","meta":{"footnotes":""},"class_list":["post-4852","page","type-page","status-publish","hentry"],"_links":{"self":[{"href":"https:\/\/xixodrinks.com\/bs\/wp-json\/wp\/v2\/pages\/4852","targetHints":{"allow":["GET"]}}],"collection":[{"href":"https:\/\/xixodrinks.com\/bs\/wp-json\/wp\/v2\/pages"}],"about":[{"href":"https:\/\/xixodrinks.com\/bs\/wp-json\/wp\/v2\/types\/page"}],"author":[{"embeddable":true,"href":"https:\/\/xixodrinks.com\/bs\/wp-json\/wp\/v2\/users\/1"}],"replies":[{"embeddable":true,"href":"https:\/\/xixodrinks.com\/bs\/wp-json\/wp\/v2\/comments?post=4852"}],"version-history":[{"count":15,"href":"https:\/\/xixodrinks.com\/bs\/wp-json\/wp\/v2\/pages\/4852\/revisions"}],"predecessor-version":[{"id":6231,"href":"https:\/\/xixodrinks.com\/bs\/wp-json\/wp\/v2\/pages\/4852\/revisions\/6231"}],"up":[{"embeddable":true,"href":"https:\/\/xixodrinks.com\/bs\/wp-json\/wp\/v2\/pages\/4619"}],"wp:attachment":[{"href":"https:\/\/xixodrinks.com\/bs\/wp-json\/wp\/v2\/media?parent=4852"}],"curies":[{"name":"wp","href":"https:\/\/api.w.org\/{rel}","templated":true}]}}