{"id":4856,"date":"2024-03-31T11:00:25","date_gmt":"2024-03-31T09:00:25","guid":{"rendered":"https:\/\/xixodrinks.com\/proizvodi\/csd\/xixo-tutti-fruity\/"},"modified":"2024-04-25T13:45:38","modified_gmt":"2024-04-25T11:45:38","slug":"xixo-tutti-fruity","status":"publish","type":"page","link":"https:\/\/xixodrinks.com\/bs\/proizvodi\/csd\/xixo-tutti-fruity\/","title":{"rendered":"XIXO TUTTI FRUITY"},"content":{"rendered":"\t\t<div data-elementor-type=\"wp-page\" data-elementor-id=\"4856\" class=\"elementor elementor-4856 elementor-4297\" data-elementor-post-type=\"page\">\n\t\t\t\t\t\t<section class=\"elementor-section elementor-top-section elementor-element elementor-element-15d953c9 elementor-section-boxed elementor-section-height-default elementor-section-height-default\" data-id=\"15d953c9\" data-element_type=\"section\" data-e-type=\"section\">\n\t\t\t\t\t\t<div class=\"elementor-container elementor-column-gap-default\">\n\t\t\t\t\t<div class=\"elementor-column elementor-col-100 elementor-top-column elementor-element elementor-element-5c316a4f\" data-id=\"5c316a4f\" data-element_type=\"column\" data-e-type=\"column\">\n\t\t\t<div class=\"elementor-widget-wrap elementor-element-populated\">\n\t\t\t\t\t\t<div class=\"elementor-element elementor-element-6fb027fe elementor-widget elementor-widget-spacer\" data-id=\"6fb027fe\" data-element_type=\"widget\" data-e-type=\"widget\" data-widget_type=\"spacer.default\">\n\t\t\t\t<div class=\"elementor-widget-container\">\n\t\t\t\t\t\t\t<div class=\"elementor-spacer\">\n\t\t\t<div class=\"elementor-spacer-inner\"><\/div>\n\t\t<\/div>\n\t\t\t\t\t\t<\/div>\n\t\t\t\t<\/div>\n\t\t\t\t\t<\/div>\n\t\t<\/div>\n\t\t\t\t\t<\/div>\n\t\t<\/section>\n\t\t\t\t<section class=\"elementor-section elementor-top-section elementor-element elementor-element-6e187278 elementor-section-boxed elementor-section-height-default elementor-section-height-default\" data-id=\"6e187278\" data-element_type=\"section\" data-e-type=\"section\">\n\t\t\t\t\t\t<div class=\"elementor-container elementor-column-gap-default\">\n\t\t\t\t\t<div class=\"elementor-column elementor-col-50 elementor-top-column elementor-element elementor-element-22bbc000\" data-id=\"22bbc000\" data-element_type=\"column\" data-e-type=\"column\">\n\t\t\t<div class=\"elementor-widget-wrap elementor-element-populated\">\n\t\t\t\t\t\t<div class=\"elementor-element elementor-element-19973ac elementor-widget elementor-widget-text-editor\" data-id=\"19973ac\" data-element_type=\"widget\" data-e-type=\"widget\" data-widget_type=\"text-editor.default\">\n\t\t\t\t<div class=\"elementor-widget-container\">\n\t\t\t\t\t\t\t\t\t<ul><li><strong>Bez kofeina<\/strong><\/li><li><strong>Sadr\u017ei vitamine B2, B3, B5, B6, B12 i C<\/strong><\/li><li><strong>Ne sadr\u017ei konzervanse<\/strong><\/li><li><strong>Ne sadr\u017ei aspartam<\/strong><\/li><li><strong>Beskonacno reciklabilna, ekolo\u0161ki prihvatljiva, aluminijumska ambala\u017ea<\/strong><\/li><\/ul>\t\t\t\t\t\t\t\t<\/div>\n\t\t\t\t<\/div>\n\t\t\t\t<div class=\"elementor-element elementor-element-7d8ef0de elementor-widget elementor-widget-text-editor\" data-id=\"7d8ef0de\" data-element_type=\"widget\" data-e-type=\"widget\" data-widget_type=\"text-editor.default\">\n\t\t\t\t<div class=\"elementor-widget-container\">\n\t\t\t\t\t\t\t\t\t<p>Inovativni okus koji je savr\u0161en izbor za ljubitelje okusa energetskih napitaka koji \u017eele u\u017eivati u tutti frutti senzaciji bez ikakvog kofeina.<br>Najnoviji proizvod XIXO je bezalkoholno pi\u0107e koje pru\u017ea osvje\u017eenje za one koji su ve\u0107 potro\u0161a\u010di energetskih pi\u0107a i za budu\u0107e generacije! Most izme\u0111u dvije kategorije modernog okusa i trendi dizajna.<\/p>\n<p>Gazirano bezalkoholno pi\u0107e odli\u010dnog tutti frutti ukusa. Sadr\u017ei vitamine B2, B3, B5, B6, B12 i C, ne sadr\u017ei kofein i taurin. Sam napitak je napravljen od stevije, fruktoze i ne sadr\u017ei konzervanse. Kao i obi\u010dno, pakovanje je aluminijumsko koje se mo\u017ee beskona\u010dno reciklirati, a ima 250ml.<\/p>\t\t\t\t\t\t\t\t<\/div>\n\t\t\t\t<\/div>\n\t\t\t\t\t<\/div>\n\t\t<\/div>\n\t\t\t\t<div class=\"elementor-column elementor-col-50 elementor-top-column elementor-element elementor-element-64028666\" data-id=\"64028666\" data-element_type=\"column\" data-e-type=\"column\">\n\t\t\t<div class=\"elementor-widget-wrap elementor-element-populated\">\n\t\t\t\t\t\t<div class=\"elementor-element elementor-element-7f61d47c animated-slow elementor-invisible elementor-widget elementor-widget-image\" data-id=\"7f61d47c\" data-element_type=\"widget\" data-e-type=\"widget\" data-settings=\"{&quot;_animation&quot;:&quot;fadeIn&quot;}\" data-widget_type=\"image.default\">\n\t\t\t\t<div class=\"elementor-widget-container\">\n\t\t\t\t\t\t\t\t\t\t\t\t\t\t\t<img decoding=\"async\" src=\"https:\/\/xixodrinks.com\/wp-content\/uploads\/elementor\/thumbs\/XIXO_TuttiFruity_can-rezim8rm2v232c4tmjl8xxlk06z8ljuas2mtkq0qgw.png\" title=\"XIXO_TuttiFruity_can\" alt=\"XIXO_TuttiFruity_can\" loading=\"lazy\" \/>\t\t\t\t\t\t\t\t\t\t\t\t\t\t\t<\/div>\n\t\t\t\t<\/div>\n\t\t\t\t\t<\/div>\n\t\t<\/div>\n\t\t\t\t\t<\/div>\n\t\t<\/section>\n\t\t\t\t<section class=\"elementor-section elementor-top-section elementor-element elementor-element-6efbef8 elementor-section-boxed elementor-section-height-default elementor-section-height-default\" data-id=\"6efbef8\" data-element_type=\"section\" data-e-type=\"section\">\n\t\t\t\t\t\t<div class=\"elementor-container elementor-column-gap-default\">\n\t\t\t\t\t<div class=\"elementor-column elementor-col-100 elementor-top-column elementor-element elementor-element-da177e9\" data-id=\"da177e9\" data-element_type=\"column\" data-e-type=\"column\">\n\t\t\t<div class=\"elementor-widget-wrap elementor-element-populated\">\n\t\t\t\t\t\t<div class=\"elementor-element elementor-element-3b336a90 elementor-widget elementor-widget-spacer\" data-id=\"3b336a90\" data-element_type=\"widget\" data-e-type=\"widget\" data-widget_type=\"spacer.default\">\n\t\t\t\t<div class=\"elementor-widget-container\">\n\t\t\t\t\t\t\t<div class=\"elementor-spacer\">\n\t\t\t<div class=\"elementor-spacer-inner\"><\/div>\n\t\t<\/div>\n\t\t\t\t\t\t<\/div>\n\t\t\t\t<\/div>\n\t\t\t\t\t<\/div>\n\t\t<\/div>\n\t\t\t\t\t<\/div>\n\t\t<\/section>\n\t\t\t\t<\/div>\n\t\t","protected":false},"excerpt":{"rendered":"<p>Bez kofeina Sadr\u017ei vitamine B2, B3, B5, B6, B12 i C Ne sadr\u017ei konzervanse Ne sadr\u017ei aspartam Beskonacno reciklabilna, ekolo\u0161ki prihvatljiva, aluminijumska ambala\u017ea Inovativni okus koji je savr\u0161en izbor za ljubitelje okusa energetskih napitaka koji \u017eele u\u017eivati u tutti frutti senzaciji bez ikakvog kofeina.Najnoviji proizvod XIXO je bezalkoholno pi\u0107e koje pru\u017ea osvje\u017eenje za one koji [&hellip;]<\/p>\n","protected":false},"author":1,"featured_media":0,"parent":4619,"menu_order":0,"comment_status":"closed","ping_status":"closed","template":"elementor_header_footer","meta":{"footnotes":""},"class_list":["post-4856","page","type-page","status-publish","hentry"],"_links":{"self":[{"href":"https:\/\/xixodrinks.com\/bs\/wp-json\/wp\/v2\/pages\/4856","targetHints":{"allow":["GET"]}}],"collection":[{"href":"https:\/\/xixodrinks.com\/bs\/wp-json\/wp\/v2\/pages"}],"about":[{"href":"https:\/\/xixodrinks.com\/bs\/wp-json\/wp\/v2\/types\/page"}],"author":[{"embeddable":true,"href":"https:\/\/xixodrinks.com\/bs\/wp-json\/wp\/v2\/users\/1"}],"replies":[{"embeddable":true,"href":"https:\/\/xixodrinks.com\/bs\/wp-json\/wp\/v2\/comments?post=4856"}],"version-history":[{"count":7,"href":"https:\/\/xixodrinks.com\/bs\/wp-json\/wp\/v2\/pages\/4856\/revisions"}],"predecessor-version":[{"id":6235,"href":"https:\/\/xixodrinks.com\/bs\/wp-json\/wp\/v2\/pages\/4856\/revisions\/6235"}],"up":[{"embeddable":true,"href":"https:\/\/xixodrinks.com\/bs\/wp-json\/wp\/v2\/pages\/4619"}],"wp:attachment":[{"href":"https:\/\/xixodrinks.com\/bs\/wp-json\/wp\/v2\/media?parent=4856"}],"curies":[{"name":"wp","href":"https:\/\/api.w.org\/{rel}","templated":true}]}}