{"id":5078,"date":"2024-03-31T09:49:51","date_gmt":"2024-03-31T07:49:51","guid":{"rendered":"https:\/\/xixodrinks.com\/xixo\/"},"modified":"2024-04-25T13:51:33","modified_gmt":"2024-04-25T11:51:33","slug":"o-nama","status":"publish","type":"page","link":"https:\/\/xixodrinks.com\/bs\/o-nama\/","title":{"rendered":"O nama"},"content":{"rendered":"\t\t<div data-elementor-type=\"wp-page\" data-elementor-id=\"5078\" class=\"elementor elementor-5078 elementor-4024\" data-elementor-post-type=\"page\">\n\t\t\t\t\t\t<section class=\"elementor-section elementor-top-section elementor-element elementor-element-6040fca0 elementor-section-full_width elementor-section-stretched elementor-section-height-default elementor-section-height-default\" data-id=\"6040fca0\" data-element_type=\"section\" data-e-type=\"section\" data-settings=\"{&quot;stretch_section&quot;:&quot;section-stretched&quot;}\">\n\t\t\t\t\t\t<div class=\"elementor-container elementor-column-gap-no\">\n\t\t\t\t\t<div class=\"elementor-column elementor-col-100 elementor-top-column elementor-element elementor-element-fb6b441\" data-id=\"fb6b441\" data-element_type=\"column\" data-e-type=\"column\">\n\t\t\t<div class=\"elementor-widget-wrap elementor-element-populated\">\n\t\t\t\t\t\t<div class=\"elementor-element elementor-element-32bf4a29 elementor-widget elementor-widget-image\" data-id=\"32bf4a29\" data-element_type=\"widget\" data-e-type=\"widget\" data-widget_type=\"image.default\">\n\t\t\t\t<div class=\"elementor-widget-container\">\n\t\t\t\t\t\t\t\t\t\t\t\t\t\t\t<img fetchpriority=\"high\" decoding=\"async\" width=\"2560\" height=\"500\" src=\"https:\/\/xixodrinks.com\/wp-content\/uploads\/2022\/05\/Xixo_Web_2560x500_gyartosor.jpg\" class=\"attachment-full size-full wp-image-2743\" alt=\"\" srcset=\"https:\/\/xixodrinks.com\/wp-content\/uploads\/2022\/05\/Xixo_Web_2560x500_gyartosor.jpg 2560w, https:\/\/xixodrinks.com\/wp-content\/uploads\/2022\/05\/Xixo_Web_2560x500_gyartosor-300x59.jpg 300w, https:\/\/xixodrinks.com\/wp-content\/uploads\/2022\/05\/Xixo_Web_2560x500_gyartosor-1024x200.jpg 1024w, https:\/\/xixodrinks.com\/wp-content\/uploads\/2022\/05\/Xixo_Web_2560x500_gyartosor-768x150.jpg 768w, https:\/\/xixodrinks.com\/wp-content\/uploads\/2022\/05\/Xixo_Web_2560x500_gyartosor-1536x300.jpg 1536w, https:\/\/xixodrinks.com\/wp-content\/uploads\/2022\/05\/Xixo_Web_2560x500_gyartosor-2048x400.jpg 2048w\" sizes=\"(max-width: 2560px) 100vw, 2560px\" \/>\t\t\t\t\t\t\t\t\t\t\t\t\t\t\t<\/div>\n\t\t\t\t<\/div>\n\t\t\t\t\t<\/div>\n\t\t<\/div>\n\t\t\t\t\t<\/div>\n\t\t<\/section>\n\t\t\t\t<section class=\"elementor-section elementor-top-section elementor-element elementor-element-4695e514 elementor-section-boxed elementor-section-height-default elementor-section-height-default\" data-id=\"4695e514\" data-element_type=\"section\" data-e-type=\"section\">\n\t\t\t\t\t\t<div class=\"elementor-container elementor-column-gap-default\">\n\t\t\t\t\t<div class=\"elementor-column elementor-col-100 elementor-top-column elementor-element elementor-element-43e2d586\" data-id=\"43e2d586\" data-element_type=\"column\" data-e-type=\"column\">\n\t\t\t<div class=\"elementor-widget-wrap elementor-element-populated\">\n\t\t\t\t\t\t<div class=\"elementor-element elementor-element-4a047263 elementor-widget elementor-widget-heading\" data-id=\"4a047263\" data-element_type=\"widget\" data-e-type=\"widget\" data-widget_type=\"heading.default\">\n\t\t\t\t<div class=\"elementor-widget-container\">\n\t\t\t\t\t<h2 class=\"elementor-heading-title elementor-size-default\">XIXO<\/h2>\t\t\t\t<\/div>\n\t\t\t\t<\/div>\n\t\t\t\t\t<\/div>\n\t\t<\/div>\n\t\t\t\t\t<\/div>\n\t\t<\/section>\n\t\t\t\t<section class=\"elementor-section elementor-top-section elementor-element elementor-element-36589613 elementor-section-boxed elementor-section-height-default elementor-section-height-default\" data-id=\"36589613\" data-element_type=\"section\" data-e-type=\"section\">\n\t\t\t\t\t\t<div class=\"elementor-container elementor-column-gap-default\">\n\t\t\t\t\t<div class=\"elementor-column elementor-col-100 elementor-top-column elementor-element elementor-element-9413256\" data-id=\"9413256\" data-element_type=\"column\" data-e-type=\"column\">\n\t\t\t<div class=\"elementor-widget-wrap elementor-element-populated\">\n\t\t\t\t\t\t<div class=\"elementor-element elementor-element-2bbab1c1 elementor-widget elementor-widget-text-editor\" data-id=\"2bbab1c1\" data-element_type=\"widget\" data-e-type=\"widget\" data-widget_type=\"text-editor.default\">\n\t\t\t\t<div class=\"elementor-widget-container\">\n\t\t\t\t\t\t\t\t\t<p>Od 2013. godine, brend XIXO objedinjuje sve \u0161to je potrebno za kreiranje istinski jedinstvenog iskustva za potro\u0161a\u010de. Na\u0161i proizvodi se prave od pa\u017eljivo odabranih, kvalitetnih sastojaka s velikim naglaskom na zdravstvenu svijest. Na\u0161 brend je prepoznat po inovaciji, smjelosti, mladosti i osjetljivosti na trendove, a na\u0161i razvojni timovi neprestano rade na stvaranju skladnih recepata s kvalitetnim sastojcima.<\/p><p>Na\u0161a gazirana pi\u0107a proizvode se sa stevijom i fruktozom, bez upotrebe aspartama ili konzervansa. Tajna uspjeha na\u0161ih ledenih \u010dajeva le\u017ei u \u0161irokom asortimanu okusa, pristupa\u010dnim cijenama, kori\u0161tenju prirodnog ekstrakta \u010daja i pravog soka. Na\u0161a linija Tutti-Fruity postala je hit u javnosti 2022. godine kao prava inovacija i brzo je zavoljena me\u0111u potro\u0161a\u010dima u Ma\u0111arskoj. Pi\u0107a Tutti-Fruity dostupna su u razli\u010ditim okusima, prirodno su dekofeinizirana, oboga\u0107ena vitaminima i bez konzervansa.<\/p><p>Brend XIXO se tako\u0111er isti\u010de ekolo\u0161ki prihvatljivom ambala\u017eom, jer su na\u0161i proizvodi napravljeni od visokog postotka recikliranog aluminija, koji je ujedno i 100% reciklabilan. Gazirana pi\u0107a XIXO pakirana su isklju\u010divo u aluminijske konzerve, \u0161to zna\u010di da je na\u0161a kompanija u potpunosti eliminisala upotrebu PET ambala\u017ee u ovoj kategoriji proizvoda.<\/p><p><span class=\"ui-provider a b c d e f g h i j k l m n o p q r s t u v w x y z ab ac ae af ag ah ai aj ak\" dir=\"ltr\">Svi proizvodi, izra\u0111eni od najkvalitetnijih sastojaka, prolaze striktan sistem kontrole tijekom proizvodnog procesa. Kompletan proces je potpuno automatizovan i odvija se u asepti\u010dnom okru\u017eenju kako bi se osigurala potpuna sterilnost. Ponosni smo \u0161to mo\u017eemo istaknuti da na\u0161a fabrika ispunjava sve maksimalne standarde u sigurnosti proizvodnje hrane (FSSC 22000, IFS, BRC).<\/span><\/p>\t\t\t\t\t\t\t\t<\/div>\n\t\t\t\t<\/div>\n\t\t\t\t<div class=\"elementor-element elementor-element-34b8b259 elementor-widget elementor-widget-spacer\" data-id=\"34b8b259\" data-element_type=\"widget\" data-e-type=\"widget\" data-widget_type=\"spacer.default\">\n\t\t\t\t<div class=\"elementor-widget-container\">\n\t\t\t\t\t\t\t<div class=\"elementor-spacer\">\n\t\t\t<div class=\"elementor-spacer-inner\"><\/div>\n\t\t<\/div>\n\t\t\t\t\t\t<\/div>\n\t\t\t\t<\/div>\n\t\t\t\t\t<\/div>\n\t\t<\/div>\n\t\t\t\t\t<\/div>\n\t\t<\/section>\n\t\t\t\t<\/div>\n\t\t","protected":false},"excerpt":{"rendered":"<p>XIXO Od 2013. godine, brend XIXO objedinjuje sve \u0161to je potrebno za kreiranje istinski jedinstvenog iskustva za potro\u0161a\u010de. Na\u0161i proizvodi se prave od pa\u017eljivo odabranih, kvalitetnih sastojaka s velikim naglaskom na zdravstvenu svijest. Na\u0161 brend je prepoznat po inovaciji, smjelosti, mladosti i osjetljivosti na trendove, a na\u0161i razvojni timovi neprestano rade na stvaranju skladnih recepata [&hellip;]<\/p>\n","protected":false},"author":1,"featured_media":0,"parent":0,"menu_order":0,"comment_status":"closed","ping_status":"closed","template":"elementor_header_footer","meta":{"footnotes":""},"class_list":["post-5078","page","type-page","status-publish","hentry"],"_links":{"self":[{"href":"https:\/\/xixodrinks.com\/bs\/wp-json\/wp\/v2\/pages\/5078","targetHints":{"allow":["GET"]}}],"collection":[{"href":"https:\/\/xixodrinks.com\/bs\/wp-json\/wp\/v2\/pages"}],"about":[{"href":"https:\/\/xixodrinks.com\/bs\/wp-json\/wp\/v2\/types\/page"}],"author":[{"embeddable":true,"href":"https:\/\/xixodrinks.com\/bs\/wp-json\/wp\/v2\/users\/1"}],"replies":[{"embeddable":true,"href":"https:\/\/xixodrinks.com\/bs\/wp-json\/wp\/v2\/comments?post=5078"}],"version-history":[{"count":10,"href":"https:\/\/xixodrinks.com\/bs\/wp-json\/wp\/v2\/pages\/5078\/revisions"}],"predecessor-version":[{"id":6259,"href":"https:\/\/xixodrinks.com\/bs\/wp-json\/wp\/v2\/pages\/5078\/revisions\/6259"}],"wp:attachment":[{"href":"https:\/\/xixodrinks.com\/bs\/wp-json\/wp\/v2\/media?parent=5078"}],"curies":[{"name":"wp","href":"https:\/\/api.w.org\/{rel}","templated":true}]}}