{"id":5201,"date":"2024-04-03T19:41:49","date_gmt":"2024-04-03T17:41:49","guid":{"rendered":"https:\/\/xixodrinks.com\/odrzivost\/"},"modified":"2024-05-08T11:25:34","modified_gmt":"2024-05-08T09:25:34","slug":"odrzivost","status":"publish","type":"page","link":"https:\/\/xixodrinks.com\/bs\/odrzivost\/","title":{"rendered":"Odr\u017eivost"},"content":{"rendered":"\t\t<div data-elementor-type=\"wp-page\" data-elementor-id=\"5201\" class=\"elementor elementor-5201 elementor-5177\" data-elementor-post-type=\"page\">\n\t\t\t\t\t\t<section class=\"elementor-section elementor-top-section elementor-element elementor-element-2747cc6 elementor-section-boxed elementor-section-height-default elementor-section-height-default\" data-id=\"2747cc6\" data-element_type=\"section\" data-e-type=\"section\">\n\t\t\t\t\t\t<div class=\"elementor-container elementor-column-gap-default\">\n\t\t\t\t\t<div class=\"elementor-column elementor-col-100 elementor-top-column elementor-element elementor-element-8dbadee\" data-id=\"8dbadee\" data-element_type=\"column\" data-e-type=\"column\">\n\t\t\t<div class=\"elementor-widget-wrap elementor-element-populated\">\n\t\t\t\t\t\t<div class=\"elementor-element elementor-element-dc7e024 elementor-widget elementor-widget-spacer\" data-id=\"dc7e024\" data-element_type=\"widget\" data-e-type=\"widget\" data-widget_type=\"spacer.default\">\n\t\t\t\t<div class=\"elementor-widget-container\">\n\t\t\t\t\t\t\t<div class=\"elementor-spacer\">\n\t\t\t<div class=\"elementor-spacer-inner\"><\/div>\n\t\t<\/div>\n\t\t\t\t\t\t<\/div>\n\t\t\t\t<\/div>\n\t\t\t\t\t<\/div>\n\t\t<\/div>\n\t\t\t\t\t<\/div>\n\t\t<\/section>\n\t\t\t\t<section class=\"elementor-section elementor-top-section elementor-element elementor-element-ecf8a90 elementor-section-boxed elementor-section-height-default elementor-section-height-default\" data-id=\"ecf8a90\" data-element_type=\"section\" data-e-type=\"section\">\n\t\t\t\t\t\t<div class=\"elementor-container elementor-column-gap-default\">\n\t\t\t\t\t<div class=\"elementor-column elementor-col-50 elementor-top-column elementor-element elementor-element-4ca56aa\" data-id=\"4ca56aa\" data-element_type=\"column\" data-e-type=\"column\">\n\t\t\t<div class=\"elementor-widget-wrap elementor-element-populated\">\n\t\t\t\t\t\t<div class=\"elementor-element elementor-element-c19f0fd elementor-widget elementor-widget-image\" data-id=\"c19f0fd\" data-element_type=\"widget\" data-e-type=\"widget\" data-widget_type=\"image.default\">\n\t\t\t\t<div class=\"elementor-widget-container\">\n\t\t\t\t\t\t\t\t\t\t\t\t\t\t\t<img fetchpriority=\"high\" decoding=\"async\" width=\"400\" height=\"500\" src=\"https:\/\/xixodrinks.com\/wp-content\/uploads\/2024\/04\/can_mit_tehetsz.png\" class=\"attachment-full size-full wp-image-5181\" alt=\"\" srcset=\"https:\/\/xixodrinks.com\/wp-content\/uploads\/2024\/04\/can_mit_tehetsz.png 400w, https:\/\/xixodrinks.com\/wp-content\/uploads\/2024\/04\/can_mit_tehetsz-240x300.png 240w\" sizes=\"(max-width: 400px) 100vw, 400px\" \/>\t\t\t\t\t\t\t\t\t\t\t\t\t\t\t<\/div>\n\t\t\t\t<\/div>\n\t\t\t\t\t<\/div>\n\t\t<\/div>\n\t\t\t\t<div class=\"elementor-column elementor-col-50 elementor-top-column elementor-element elementor-element-c9a05fe\" data-id=\"c9a05fe\" data-element_type=\"column\" data-e-type=\"column\">\n\t\t\t<div class=\"elementor-widget-wrap elementor-element-populated\">\n\t\t\t\t\t\t<div class=\"elementor-element elementor-element-a85fcc9 elementor-widget elementor-widget-text-editor\" data-id=\"a85fcc9\" data-element_type=\"widget\" data-e-type=\"widget\" data-widget_type=\"text-editor.default\">\n\t\t\t\t<div class=\"elementor-widget-container\">\n\t\t\t\t\t\t\t\t\t<p><strong>Na\u0161e XIXO aluminijumske limenke su dizajnirane da traju vje\u010dno<\/strong><\/p><p>Aluminijska ambala\u017ea na\u0161ih proizvoda izra\u0111ena je od materijala koji se neograni\u010deno mogu reciklirati.<\/p><p>Aluminij je klju\u010dna komponenta cirkularne ekonomije s niskim udjelom ugljika. Ne samo da je lagan, izdr\u017eljiv i fleksibilan, \u0161titi teku\u0107inu od svjetlosti, kisika, zaga\u0111iva\u010da i patogena, ve\u0107 se mo\u017ee i beskona\u010dno 100% reciklirati, a njegov proces topljenja \u0161tedi do 95% energije.<\/p><p>75% ikada proizvedenog aluminijuma i danas je u opticaju.<\/p><p>Zahvaljuju\u0107i svjesnom izvoru, koristimo SPEIRA ORBIS, koji ima izuzetno visok sadr\u017eaj recikliranog aluminija, ve\u0107inu vremena za proizvodnju na\u0161ih aluminijskih limenki. To zna\u010di da je aluminij obnovljen i kori\u0161ten barem jednom sigurno bio potro\u0161a\u010dki proizvod. \u0160to je ve\u0107i sadr\u017eaj recikliranog materijala, to je bolje za \u017eivotnu sredinu. Kao rezultat toga, aluminij koji koristimo ima izuzetno nizak uglji\u010dni otisak \u0161irom svijeta, postavljaju\u0107i primjer cijeloj industriji.<\/p><p>Na\u0161a grupa je smanjila udio ambala\u017ee od PET boca na manje od 5% u posljednjih 5 godina, a cilj nam je smanjiti na manje od 1% do 2025.<\/p><p>Zato ne zaboravite da bacite limenke za pi\u0107e u recikla\u017eu &#8211; one bi mogle imati novi \u017eivot za 60 dana!<\/p>\t\t\t\t\t\t\t\t<\/div>\n\t\t\t\t<\/div>\n\t\t\t\t<div class=\"elementor-element elementor-element-1308153 elementor-widget elementor-widget-spacer\" data-id=\"1308153\" data-element_type=\"widget\" data-e-type=\"widget\" data-widget_type=\"spacer.default\">\n\t\t\t\t<div class=\"elementor-widget-container\">\n\t\t\t\t\t\t\t<div class=\"elementor-spacer\">\n\t\t\t<div class=\"elementor-spacer-inner\"><\/div>\n\t\t<\/div>\n\t\t\t\t\t\t<\/div>\n\t\t\t\t<\/div>\n\t\t\t\t\t<\/div>\n\t\t<\/div>\n\t\t\t\t\t<\/div>\n\t\t<\/section>\n\t\t\t\t<\/div>\n\t\t","protected":false},"excerpt":{"rendered":"<p>Na\u0161e XIXO aluminijumske limenke su dizajnirane da traju vje\u010dno Aluminijska ambala\u017ea na\u0161ih proizvoda izra\u0111ena je od materijala koji se neograni\u010deno mogu reciklirati. Aluminij je klju\u010dna komponenta cirkularne ekonomije s niskim udjelom ugljika. Ne samo da je lagan, izdr\u017eljiv i fleksibilan, \u0161titi teku\u0107inu od svjetlosti, kisika, zaga\u0111iva\u010da i patogena, ve\u0107 se mo\u017ee i beskona\u010dno 100% reciklirati, [&hellip;]<\/p>\n","protected":false},"author":1,"featured_media":0,"parent":0,"menu_order":0,"comment_status":"closed","ping_status":"closed","template":"elementor_header_footer","meta":{"footnotes":""},"class_list":["post-5201","page","type-page","status-publish","hentry"],"_links":{"self":[{"href":"https:\/\/xixodrinks.com\/bs\/wp-json\/wp\/v2\/pages\/5201","targetHints":{"allow":["GET"]}}],"collection":[{"href":"https:\/\/xixodrinks.com\/bs\/wp-json\/wp\/v2\/pages"}],"about":[{"href":"https:\/\/xixodrinks.com\/bs\/wp-json\/wp\/v2\/types\/page"}],"author":[{"embeddable":true,"href":"https:\/\/xixodrinks.com\/bs\/wp-json\/wp\/v2\/users\/1"}],"replies":[{"embeddable":true,"href":"https:\/\/xixodrinks.com\/bs\/wp-json\/wp\/v2\/comments?post=5201"}],"version-history":[{"count":13,"href":"https:\/\/xixodrinks.com\/bs\/wp-json\/wp\/v2\/pages\/5201\/revisions"}],"predecessor-version":[{"id":6397,"href":"https:\/\/xixodrinks.com\/bs\/wp-json\/wp\/v2\/pages\/5201\/revisions\/6397"}],"wp:attachment":[{"href":"https:\/\/xixodrinks.com\/bs\/wp-json\/wp\/v2\/media?parent=5201"}],"curies":[{"name":"wp","href":"https:\/\/api.w.org\/{rel}","templated":true}]}}