{"id":7012,"date":"2025-03-21T14:40:58","date_gmt":"2025-03-21T12:40:58","guid":{"rendered":"https:\/\/xixodrinks.com\/?page_id=7012"},"modified":"2025-08-05T21:56:56","modified_gmt":"2025-08-05T19:56:56","slug":"xixo-lemonade","status":"publish","type":"page","link":"https:\/\/xixodrinks.com\/bs\/lemonade\/xixo-lemonade\/","title":{"rendered":"XIXO LEMONADE"},"content":{"rendered":"\t\t<div data-elementor-type=\"wp-page\" data-elementor-id=\"7012\" class=\"elementor elementor-7012\" data-elementor-post-type=\"page\">\n\t\t\t\t\t\t<section class=\"elementor-section elementor-top-section elementor-element elementor-element-58c942c8 elementor-section-boxed elementor-section-height-default elementor-section-height-default\" data-id=\"58c942c8\" data-element_type=\"section\" data-e-type=\"section\">\n\t\t\t\t\t\t<div class=\"elementor-container elementor-column-gap-default\">\n\t\t\t\t\t<div class=\"elementor-column elementor-col-100 elementor-top-column elementor-element elementor-element-401a8efe\" data-id=\"401a8efe\" data-element_type=\"column\" data-e-type=\"column\">\n\t\t\t<div class=\"elementor-widget-wrap elementor-element-populated\">\n\t\t\t\t\t\t<div class=\"elementor-element elementor-element-4367ed80 elementor-widget elementor-widget-spacer\" data-id=\"4367ed80\" data-element_type=\"widget\" data-e-type=\"widget\" data-widget_type=\"spacer.default\">\n\t\t\t\t<div class=\"elementor-widget-container\">\n\t\t\t\t\t\t\t<div class=\"elementor-spacer\">\n\t\t\t<div class=\"elementor-spacer-inner\"><\/div>\n\t\t<\/div>\n\t\t\t\t\t\t<\/div>\n\t\t\t\t<\/div>\n\t\t\t\t\t<\/div>\n\t\t<\/div>\n\t\t\t\t\t<\/div>\n\t\t<\/section>\n\t\t\t\t<section class=\"elementor-section elementor-top-section elementor-element elementor-element-17da10c8 elementor-section-boxed elementor-section-height-default elementor-section-height-default\" data-id=\"17da10c8\" data-element_type=\"section\" data-e-type=\"section\">\n\t\t\t\t\t\t<div class=\"elementor-container elementor-column-gap-default\">\n\t\t\t\t\t<div class=\"elementor-column elementor-col-50 elementor-top-column elementor-element elementor-element-6fb79f5f\" data-id=\"6fb79f5f\" data-element_type=\"column\" data-e-type=\"column\">\n\t\t\t<div class=\"elementor-widget-wrap elementor-element-populated\">\n\t\t\t\t\t\t<div class=\"elementor-element elementor-element-426be667 elementor-widget elementor-widget-text-editor\" data-id=\"426be667\" data-element_type=\"widget\" data-e-type=\"widget\" data-widget_type=\"text-editor.default\">\n\t\t\t\t<div class=\"elementor-widget-container\">\n\t\t\t\t\t\t\t\t\t<p><strong>\u25cf UKUS LIMUN I ZOVA<\/strong><br \/><strong>\u25cf BEZ KONZERVANSA<\/strong><br \/><strong>\u25cf 100% ALUMINIJUMSKE LIMENKE KOJE SE MOGU RECIKLIRATI BEZ GUBITKA KVALITETE<\/strong><\/p>\t\t\t\t\t\t\t\t<\/div>\n\t\t\t\t<\/div>\n\t\t\t\t<div class=\"elementor-element elementor-element-3b074dfb elementor-widget elementor-widget-text-editor\" data-id=\"3b074dfb\" data-element_type=\"widget\" data-e-type=\"widget\" data-widget_type=\"text-editor.default\">\n\t\t\t\t<div class=\"elementor-widget-container\">\n\t\t\t\t\t\t\t\t\t<p>Pravi klasik sa dodatkom! XIXO Limunada je stigla donose\u0107i vam iskustvo limunade s dodatkom ukusa zove!<br \/>Limenka blista limun \u017eutom bojom, dok je gazirani bezalkoholni napitak napravljen bez konzervansa. Pakovanje, koje uklju\u010duje unutra\u0161nju oblogu bez BPA, je 100% aluminijumska limenka koja se mo\u017ee reciklirati bez ikakvog gubitka kvalitete.<\/p>\t\t\t\t\t\t\t\t<\/div>\n\t\t\t\t<\/div>\n\t\t\t\t\t<\/div>\n\t\t<\/div>\n\t\t\t\t<div class=\"elementor-column elementor-col-50 elementor-top-column elementor-element elementor-element-33c5d310\" data-id=\"33c5d310\" data-element_type=\"column\" data-e-type=\"column\">\n\t\t\t<div class=\"elementor-widget-wrap elementor-element-populated\">\n\t\t\t\t\t\t<div class=\"elementor-element elementor-element-c079682 animated-slow elementor-invisible elementor-widget elementor-widget-image\" data-id=\"c079682\" data-element_type=\"widget\" data-e-type=\"widget\" data-settings=\"{&quot;_animation&quot;:&quot;fadeIn&quot;}\" data-widget_type=\"image.default\">\n\t\t\t\t<div class=\"elementor-widget-container\">\n\t\t\t\t\t\t\t\t\t\t\t\t\t\t\t<img decoding=\"async\" src=\"https:\/\/xixodrinks.com\/wp-content\/uploads\/elementor\/thumbs\/XIXO_LEMONADE_250_EN_2-1-scaled-rezim7trw10sqq66s16mdfu3et3vduqkfxzc3g24n4.png\" title=\"XIXO_LEMONADE_250_EN_2 (1)\" alt=\"XIXO_LEMONADE_250_EN_2 (1)\" loading=\"lazy\" \/>\t\t\t\t\t\t\t\t\t\t\t\t\t\t\t<\/div>\n\t\t\t\t<\/div>\n\t\t\t\t\t<\/div>\n\t\t<\/div>\n\t\t\t\t\t<\/div>\n\t\t<\/section>\n\t\t\t\t<section class=\"elementor-section elementor-top-section elementor-element elementor-element-6e7e0db0 elementor-section-boxed elementor-section-height-default elementor-section-height-default\" data-id=\"6e7e0db0\" data-element_type=\"section\" data-e-type=\"section\">\n\t\t\t\t\t\t<div class=\"elementor-container elementor-column-gap-default\">\n\t\t\t\t\t<div class=\"elementor-column elementor-col-100 elementor-top-column elementor-element elementor-element-6b4d7dea\" data-id=\"6b4d7dea\" data-element_type=\"column\" data-e-type=\"column\">\n\t\t\t<div class=\"elementor-widget-wrap elementor-element-populated\">\n\t\t\t\t\t\t<div class=\"elementor-element elementor-element-2b0e2e66 elementor-widget elementor-widget-spacer\" data-id=\"2b0e2e66\" data-element_type=\"widget\" data-e-type=\"widget\" data-widget_type=\"spacer.default\">\n\t\t\t\t<div class=\"elementor-widget-container\">\n\t\t\t\t\t\t\t<div class=\"elementor-spacer\">\n\t\t\t<div class=\"elementor-spacer-inner\"><\/div>\n\t\t<\/div>\n\t\t\t\t\t\t<\/div>\n\t\t\t\t<\/div>\n\t\t\t\t\t<\/div>\n\t\t<\/div>\n\t\t\t\t\t<\/div>\n\t\t<\/section>\n\t\t\t\t<\/div>\n\t\t","protected":false},"excerpt":{"rendered":"<p>\u25cf UKUS LIMUN I ZOVA\u25cf BEZ KONZERVANSA\u25cf 100% ALUMINIJUMSKE LIMENKE KOJE SE MOGU RECIKLIRATI BEZ GUBITKA KVALITETE Pravi klasik sa dodatkom! XIXO Limunada je stigla donose\u0107i vam iskustvo limunade s dodatkom ukusa zove!Limenka blista limun \u017eutom bojom, dok je gazirani bezalkoholni napitak napravljen bez konzervansa. Pakovanje, koje uklju\u010duje unutra\u0161nju oblogu bez BPA, je 100% aluminijumska [&hellip;]<\/p>\n","protected":false},"author":1,"featured_media":0,"parent":7024,"menu_order":0,"comment_status":"closed","ping_status":"closed","template":"elementor_header_footer","meta":{"footnotes":""},"class_list":["post-7012","page","type-page","status-publish","hentry"],"_links":{"self":[{"href":"https:\/\/xixodrinks.com\/bs\/wp-json\/wp\/v2\/pages\/7012","targetHints":{"allow":["GET"]}}],"collection":[{"href":"https:\/\/xixodrinks.com\/bs\/wp-json\/wp\/v2\/pages"}],"about":[{"href":"https:\/\/xixodrinks.com\/bs\/wp-json\/wp\/v2\/types\/page"}],"author":[{"embeddable":true,"href":"https:\/\/xixodrinks.com\/bs\/wp-json\/wp\/v2\/users\/1"}],"replies":[{"embeddable":true,"href":"https:\/\/xixodrinks.com\/bs\/wp-json\/wp\/v2\/comments?post=7012"}],"version-history":[{"count":7,"href":"https:\/\/xixodrinks.com\/bs\/wp-json\/wp\/v2\/pages\/7012\/revisions"}],"predecessor-version":[{"id":7788,"href":"https:\/\/xixodrinks.com\/bs\/wp-json\/wp\/v2\/pages\/7012\/revisions\/7788"}],"up":[{"embeddable":true,"href":"https:\/\/xixodrinks.com\/bs\/wp-json\/wp\/v2\/pages\/7024"}],"wp:attachment":[{"href":"https:\/\/xixodrinks.com\/bs\/wp-json\/wp\/v2\/media?parent=7012"}],"curies":[{"name":"wp","href":"https:\/\/api.w.org\/{rel}","templated":true}]}}