{"id":7018,"date":"2025-03-21T14:43:02","date_gmt":"2025-03-21T12:43:02","guid":{"rendered":"https:\/\/xixodrinks.com\/?page_id=7018"},"modified":"2025-08-05T21:57:02","modified_gmt":"2025-08-05T19:57:02","slug":"xixo-pink-lemonade","status":"publish","type":"page","link":"https:\/\/xixodrinks.com\/bs\/lemonade\/xixo-pink-lemonade\/","title":{"rendered":"XIXO PINK LEMONADE"},"content":{"rendered":"\t\t<div data-elementor-type=\"wp-page\" data-elementor-id=\"7018\" class=\"elementor elementor-7018\" data-elementor-post-type=\"page\">\n\t\t\t\t\t\t<section class=\"elementor-section elementor-top-section elementor-element elementor-element-173cf95e elementor-section-boxed elementor-section-height-default elementor-section-height-default\" data-id=\"173cf95e\" data-element_type=\"section\" data-e-type=\"section\">\n\t\t\t\t\t\t<div class=\"elementor-container elementor-column-gap-default\">\n\t\t\t\t\t<div class=\"elementor-column elementor-col-100 elementor-top-column elementor-element elementor-element-2d5bb6b0\" data-id=\"2d5bb6b0\" data-element_type=\"column\" data-e-type=\"column\">\n\t\t\t<div class=\"elementor-widget-wrap elementor-element-populated\">\n\t\t\t\t\t\t<div class=\"elementor-element elementor-element-6ebe1398 elementor-widget elementor-widget-spacer\" data-id=\"6ebe1398\" data-element_type=\"widget\" data-e-type=\"widget\" data-widget_type=\"spacer.default\">\n\t\t\t\t<div class=\"elementor-widget-container\">\n\t\t\t\t\t\t\t<div class=\"elementor-spacer\">\n\t\t\t<div class=\"elementor-spacer-inner\"><\/div>\n\t\t<\/div>\n\t\t\t\t\t\t<\/div>\n\t\t\t\t<\/div>\n\t\t\t\t\t<\/div>\n\t\t<\/div>\n\t\t\t\t\t<\/div>\n\t\t<\/section>\n\t\t\t\t<section class=\"elementor-section elementor-top-section elementor-element elementor-element-6cbe7430 elementor-section-boxed elementor-section-height-default elementor-section-height-default\" data-id=\"6cbe7430\" data-element_type=\"section\" data-e-type=\"section\">\n\t\t\t\t\t\t<div class=\"elementor-container elementor-column-gap-default\">\n\t\t\t\t\t<div class=\"elementor-column elementor-col-50 elementor-top-column elementor-element elementor-element-4c53121f\" data-id=\"4c53121f\" data-element_type=\"column\" data-e-type=\"column\">\n\t\t\t<div class=\"elementor-widget-wrap elementor-element-populated\">\n\t\t\t\t\t\t<div class=\"elementor-element elementor-element-5706cd51 elementor-widget elementor-widget-text-editor\" data-id=\"5706cd51\" data-element_type=\"widget\" data-e-type=\"widget\" data-widget_type=\"text-editor.default\">\n\t\t\t\t<div class=\"elementor-widget-container\">\n\t\t\t\t\t\t\t\t\t<p><strong>\u25cf UKUS JAGODA I LIMETA<\/strong><br \/><strong>\u25cf BEZ KONZERVANSA<\/strong><br \/><strong>\u25cf 100% ALUMINIJUM KOJI SE MO\u017dE RECIKLIRATI BEZ GUBITKA KVALITETE<\/strong><\/p>\t\t\t\t\t\t\t\t<\/div>\n\t\t\t\t<\/div>\n\t\t\t\t<div class=\"elementor-element elementor-element-65db8e52 elementor-widget elementor-widget-text-editor\" data-id=\"65db8e52\" data-element_type=\"widget\" data-e-type=\"widget\" data-widget_type=\"text-editor.default\">\n\t\t\t\t<div class=\"elementor-widget-container\">\n\t\t\t\t\t\t\t\t\t<p>Fantasti\u010dnog roze dizajna, osvje\u017eavaju\u0107eg ukusa jagode i limete s naznakom ljeta zatvorenog u limenci, stigla je preslatka XIXO Roze limunada!<br \/>Novi gazirani bezalkoholni napitak ne sadr\u017ei konzervanse. Pakovanje, uklju\u010duju\u0107i unutra\u0161nju oblogu bez BPA, je kao i obi\u010dno 100% aluminijumska limenka koja se mo\u017ee reciklirati bez gubitka kvalitete.<br \/>Isprobaj inovativnu i osvje\u017eavaju\u0107u kombinaciju ukusa!<\/p>\t\t\t\t\t\t\t\t<\/div>\n\t\t\t\t<\/div>\n\t\t\t\t\t<\/div>\n\t\t<\/div>\n\t\t\t\t<div class=\"elementor-column elementor-col-50 elementor-top-column elementor-element elementor-element-69fe0a3\" data-id=\"69fe0a3\" data-element_type=\"column\" data-e-type=\"column\">\n\t\t\t<div class=\"elementor-widget-wrap elementor-element-populated\">\n\t\t\t\t\t\t<div class=\"elementor-element elementor-element-2b9e13a2 animated-slow elementor-invisible elementor-widget elementor-widget-image\" data-id=\"2b9e13a2\" data-element_type=\"widget\" data-e-type=\"widget\" data-settings=\"{&quot;_animation&quot;:&quot;fadeIn&quot;}\" data-widget_type=\"image.default\">\n\t\t\t\t<div class=\"elementor-widget-container\">\n\t\t\t\t\t\t\t\t\t\t\t\t\t\t\t<img decoding=\"async\" src=\"https:\/\/xixodrinks.com\/wp-content\/uploads\/elementor\/thumbs\/XIXO_PINK_LEMONADE_250_EN_2-scaled-rezim7trw10sqq66s16mdfu3et3vduqkfxzc3g24n4.png\" title=\"XIXO_PINK_LEMONADE_250_EN_2\" alt=\"XIXO_PINK_LEMONADE_250_EN_2\" loading=\"lazy\" \/>\t\t\t\t\t\t\t\t\t\t\t\t\t\t\t<\/div>\n\t\t\t\t<\/div>\n\t\t\t\t\t<\/div>\n\t\t<\/div>\n\t\t\t\t\t<\/div>\n\t\t<\/section>\n\t\t\t\t<section class=\"elementor-section elementor-top-section elementor-element elementor-element-41efe374 elementor-section-boxed elementor-section-height-default elementor-section-height-default\" data-id=\"41efe374\" data-element_type=\"section\" data-e-type=\"section\">\n\t\t\t\t\t\t<div class=\"elementor-container elementor-column-gap-default\">\n\t\t\t\t\t<div class=\"elementor-column elementor-col-100 elementor-top-column elementor-element elementor-element-f6b4200\" data-id=\"f6b4200\" data-element_type=\"column\" data-e-type=\"column\">\n\t\t\t<div class=\"elementor-widget-wrap elementor-element-populated\">\n\t\t\t\t\t\t<div class=\"elementor-element elementor-element-3bdf82db elementor-widget elementor-widget-spacer\" data-id=\"3bdf82db\" data-element_type=\"widget\" data-e-type=\"widget\" data-widget_type=\"spacer.default\">\n\t\t\t\t<div class=\"elementor-widget-container\">\n\t\t\t\t\t\t\t<div class=\"elementor-spacer\">\n\t\t\t<div class=\"elementor-spacer-inner\"><\/div>\n\t\t<\/div>\n\t\t\t\t\t\t<\/div>\n\t\t\t\t<\/div>\n\t\t\t\t\t<\/div>\n\t\t<\/div>\n\t\t\t\t\t<\/div>\n\t\t<\/section>\n\t\t\t\t<\/div>\n\t\t","protected":false},"excerpt":{"rendered":"<p>\u25cf UKUS JAGODA I LIMETA\u25cf BEZ KONZERVANSA\u25cf 100% ALUMINIJUM KOJI SE MO\u017dE RECIKLIRATI BEZ GUBITKA KVALITETE Fantasti\u010dnog roze dizajna, osvje\u017eavaju\u0107eg ukusa jagode i limete s naznakom ljeta zatvorenog u limenci, stigla je preslatka XIXO Roze limunada!Novi gazirani bezalkoholni napitak ne sadr\u017ei konzervanse. Pakovanje, uklju\u010duju\u0107i unutra\u0161nju oblogu bez BPA, je kao i obi\u010dno 100% aluminijumska limenka [&hellip;]<\/p>\n","protected":false},"author":1,"featured_media":0,"parent":7024,"menu_order":0,"comment_status":"closed","ping_status":"closed","template":"elementor_header_footer","meta":{"footnotes":""},"class_list":["post-7018","page","type-page","status-publish","hentry"],"_links":{"self":[{"href":"https:\/\/xixodrinks.com\/bs\/wp-json\/wp\/v2\/pages\/7018","targetHints":{"allow":["GET"]}}],"collection":[{"href":"https:\/\/xixodrinks.com\/bs\/wp-json\/wp\/v2\/pages"}],"about":[{"href":"https:\/\/xixodrinks.com\/bs\/wp-json\/wp\/v2\/types\/page"}],"author":[{"embeddable":true,"href":"https:\/\/xixodrinks.com\/bs\/wp-json\/wp\/v2\/users\/1"}],"replies":[{"embeddable":true,"href":"https:\/\/xixodrinks.com\/bs\/wp-json\/wp\/v2\/comments?post=7018"}],"version-history":[{"count":7,"href":"https:\/\/xixodrinks.com\/bs\/wp-json\/wp\/v2\/pages\/7018\/revisions"}],"predecessor-version":[{"id":7791,"href":"https:\/\/xixodrinks.com\/bs\/wp-json\/wp\/v2\/pages\/7018\/revisions\/7791"}],"up":[{"embeddable":true,"href":"https:\/\/xixodrinks.com\/bs\/wp-json\/wp\/v2\/pages\/7024"}],"wp:attachment":[{"href":"https:\/\/xixodrinks.com\/bs\/wp-json\/wp\/v2\/media?parent=7018"}],"curies":[{"name":"wp","href":"https:\/\/api.w.org\/{rel}","templated":true}]}}