{"id":8060,"date":"2025-08-27T09:32:52","date_gmt":"2025-08-27T07:32:52","guid":{"rendered":"https:\/\/xixodrinks.com\/?page_id=8060"},"modified":"2025-08-27T09:35:59","modified_gmt":"2025-08-27T07:35:59","slug":"tutti-fruity-black-cherry","status":"publish","type":"page","link":"https:\/\/xixodrinks.com\/bs\/proizvodi\/csd\/tutti-fruity-black-cherry\/","title":{"rendered":"Tutti Fruity Black Cherry"},"content":{"rendered":"\t\t<div data-elementor-type=\"wp-page\" data-elementor-id=\"8060\" class=\"elementor elementor-8060\" data-elementor-post-type=\"page\">\n\t\t\t\t\t\t<section class=\"elementor-section elementor-top-section elementor-element elementor-element-4ceb0766 elementor-section-boxed elementor-section-height-default elementor-section-height-default\" data-id=\"4ceb0766\" data-element_type=\"section\" data-e-type=\"section\">\n\t\t\t\t\t\t<div class=\"elementor-container elementor-column-gap-default\">\n\t\t\t\t\t<div class=\"elementor-column elementor-col-100 elementor-top-column elementor-element elementor-element-39bbfeed\" data-id=\"39bbfeed\" data-element_type=\"column\" data-e-type=\"column\">\n\t\t\t<div class=\"elementor-widget-wrap elementor-element-populated\">\n\t\t\t\t\t\t<div class=\"elementor-element elementor-element-167404f5 elementor-widget elementor-widget-spacer\" data-id=\"167404f5\" data-element_type=\"widget\" data-e-type=\"widget\" data-widget_type=\"spacer.default\">\n\t\t\t\t<div class=\"elementor-widget-container\">\n\t\t\t\t\t\t\t<div class=\"elementor-spacer\">\n\t\t\t<div class=\"elementor-spacer-inner\"><\/div>\n\t\t<\/div>\n\t\t\t\t\t\t<\/div>\n\t\t\t\t<\/div>\n\t\t\t\t\t<\/div>\n\t\t<\/div>\n\t\t\t\t\t<\/div>\n\t\t<\/section>\n\t\t\t\t<section class=\"elementor-section elementor-top-section elementor-element elementor-element-3cd351c4 elementor-section-boxed elementor-section-height-default elementor-section-height-default\" data-id=\"3cd351c4\" data-element_type=\"section\" data-e-type=\"section\">\n\t\t\t\t\t\t<div class=\"elementor-container elementor-column-gap-default\">\n\t\t\t\t\t<div class=\"elementor-column elementor-col-50 elementor-top-column elementor-element elementor-element-305f2f61\" data-id=\"305f2f61\" data-element_type=\"column\" data-e-type=\"column\">\n\t\t\t<div class=\"elementor-widget-wrap elementor-element-populated\">\n\t\t\t\t\t\t<div class=\"elementor-element elementor-element-86496ee elementor-widget elementor-widget-text-editor\" data-id=\"86496ee\" data-element_type=\"widget\" data-e-type=\"widget\" data-widget_type=\"text-editor.default\">\n\t\t\t\t<div class=\"elementor-widget-container\">\n\t\t\t\t\t\t\t\t\t<ul><li><p><strong>CRNA TRE\u0160NJA I TUTTI FRUTTI UKUS<\/strong><\/p><\/li><li><p><strong>BEZ KOFEINA<\/strong><\/p><\/li><li><p><strong>SA VITAMINIMA<\/strong><\/p><\/li><li><p><strong>BEZ KONZERVANSA<\/strong><\/p><\/li><li><p><strong>ALUMINIJUMSKA LIMENKA KOJA SE MO\u017dE 100% RECIKLIRATI<\/strong><\/p><\/li><\/ul>\t\t\t\t\t\t\t\t<\/div>\n\t\t\t\t<\/div>\n\t\t\t\t<div class=\"elementor-element elementor-element-537d6e7d elementor-widget elementor-widget-text-editor\" data-id=\"537d6e7d\" data-element_type=\"widget\" data-e-type=\"widget\" data-widget_type=\"text-editor.default\">\n\t\t\t\t<div class=\"elementor-widget-container\">\n\t\t\t\t\t\t\t\t\t<p>Sna\u017ean ukus, potpuno novo iskustvo &#8211; XIXO Tutti Fruity porodica se \u0161iri! Otkrijte neodoljivi XIXO Tutti Fruity Black Cherry, gdje se spajaju osvje\u017eavaju\u0107i tutti frutti ukus i bogati ukusi crne tre\u0161nje! Ovaj posebni napitak pru\u017ea savr\u0161enu ravnote\u017eu slatkih i kiselih vo\u0107nih ukusa, garantiraju\u0107i nezaboravno iskustvo sa svakim gutljajem.<br \/>Ovaj gazirani bezalkoholni napitak ne samo da nudi uzbudljive ukuse, ve\u0107 sadr\u017ei i 5 vrsta vitamina B, a napravljen je bez kofeina i konzervansa. Dolazi u ambala\u017ei sa unutra\u0161njom oblogom bez BPA, aluminijumskoj limenci koja se mo\u017ee 100% reciklirati bez ikakvog gubitka kvaliteta.<br \/>Prepustite se ovoj zaista izvanrednoj kombinaciji ukusa!<\/p>\t\t\t\t\t\t\t\t<\/div>\n\t\t\t\t<\/div>\n\t\t\t\t\t<\/div>\n\t\t<\/div>\n\t\t\t\t<div class=\"elementor-column elementor-col-50 elementor-top-column elementor-element elementor-element-47bec0c\" data-id=\"47bec0c\" data-element_type=\"column\" data-e-type=\"column\">\n\t\t\t<div class=\"elementor-widget-wrap elementor-element-populated\">\n\t\t\t\t\t\t<div class=\"elementor-element elementor-element-6be01e48 animated-slow elementor-invisible elementor-widget elementor-widget-image\" data-id=\"6be01e48\" data-element_type=\"widget\" data-e-type=\"widget\" data-settings=\"{&quot;_animation&quot;:&quot;fadeIn&quot;}\" data-widget_type=\"image.default\">\n\t\t\t\t<div class=\"elementor-widget-container\">\n\t\t\t\t\t\t\t\t\t\t\t\t\t\t\t<img decoding=\"async\" src=\"https:\/\/xixodrinks.com\/wp-content\/uploads\/elementor\/thumbs\/XIXO_TUTTI_FRUITY_BLACK_CHERRY-scaled-rezim7trw10sqq66s16mdfu3et3vduqkfxzc3g24n4.png\" title=\"XIXO_TUTTI_FRUITY_BLACK_CHERRY\" alt=\"XIXO_TUTTI_FRUITY_BLACK_CHERRY\" loading=\"lazy\" \/>\t\t\t\t\t\t\t\t\t\t\t\t\t\t\t<\/div>\n\t\t\t\t<\/div>\n\t\t\t\t\t<\/div>\n\t\t<\/div>\n\t\t\t\t\t<\/div>\n\t\t<\/section>\n\t\t\t\t<section class=\"elementor-section elementor-top-section elementor-element elementor-element-3a4dd54a elementor-section-boxed elementor-section-height-default elementor-section-height-default\" data-id=\"3a4dd54a\" data-element_type=\"section\" data-e-type=\"section\">\n\t\t\t\t\t\t<div class=\"elementor-container elementor-column-gap-default\">\n\t\t\t\t\t<div class=\"elementor-column elementor-col-100 elementor-top-column elementor-element elementor-element-30d8e2b3\" data-id=\"30d8e2b3\" data-element_type=\"column\" data-e-type=\"column\">\n\t\t\t<div class=\"elementor-widget-wrap elementor-element-populated\">\n\t\t\t\t\t\t<div class=\"elementor-element elementor-element-6edf634e elementor-widget elementor-widget-spacer\" data-id=\"6edf634e\" data-element_type=\"widget\" data-e-type=\"widget\" data-widget_type=\"spacer.default\">\n\t\t\t\t<div class=\"elementor-widget-container\">\n\t\t\t\t\t\t\t<div class=\"elementor-spacer\">\n\t\t\t<div class=\"elementor-spacer-inner\"><\/div>\n\t\t<\/div>\n\t\t\t\t\t\t<\/div>\n\t\t\t\t<\/div>\n\t\t\t\t\t<\/div>\n\t\t<\/div>\n\t\t\t\t\t<\/div>\n\t\t<\/section>\n\t\t\t\t<\/div>\n\t\t","protected":false},"excerpt":{"rendered":"<p>CRNA TRE\u0160NJA I TUTTI FRUTTI UKUS BEZ KOFEINA SA VITAMINIMA BEZ KONZERVANSA ALUMINIJUMSKA LIMENKA KOJA SE MO\u017dE 100% RECIKLIRATI Sna\u017ean ukus, potpuno novo iskustvo &#8211; XIXO Tutti Fruity porodica se \u0161iri! Otkrijte neodoljivi XIXO Tutti Fruity Black Cherry, gdje se spajaju osvje\u017eavaju\u0107i tutti frutti ukus i bogati ukusi crne tre\u0161nje! Ovaj posebni napitak pru\u017ea savr\u0161enu [&hellip;]<\/p>\n","protected":false},"author":1,"featured_media":0,"parent":4619,"menu_order":0,"comment_status":"closed","ping_status":"closed","template":"elementor_header_footer","meta":{"footnotes":""},"class_list":["post-8060","page","type-page","status-publish","hentry"],"_links":{"self":[{"href":"https:\/\/xixodrinks.com\/bs\/wp-json\/wp\/v2\/pages\/8060","targetHints":{"allow":["GET"]}}],"collection":[{"href":"https:\/\/xixodrinks.com\/bs\/wp-json\/wp\/v2\/pages"}],"about":[{"href":"https:\/\/xixodrinks.com\/bs\/wp-json\/wp\/v2\/types\/page"}],"author":[{"embeddable":true,"href":"https:\/\/xixodrinks.com\/bs\/wp-json\/wp\/v2\/users\/1"}],"replies":[{"embeddable":true,"href":"https:\/\/xixodrinks.com\/bs\/wp-json\/wp\/v2\/comments?post=8060"}],"version-history":[{"count":4,"href":"https:\/\/xixodrinks.com\/bs\/wp-json\/wp\/v2\/pages\/8060\/revisions"}],"predecessor-version":[{"id":8103,"href":"https:\/\/xixodrinks.com\/bs\/wp-json\/wp\/v2\/pages\/8060\/revisions\/8103"}],"up":[{"embeddable":true,"href":"https:\/\/xixodrinks.com\/bs\/wp-json\/wp\/v2\/pages\/4619"}],"wp:attachment":[{"href":"https:\/\/xixodrinks.com\/bs\/wp-json\/wp\/v2\/media?parent=8060"}],"curies":[{"name":"wp","href":"https:\/\/api.w.org\/{rel}","templated":true}]}}