{"id":8589,"date":"2026-03-17T15:32:50","date_gmt":"2026-03-17T13:32:50","guid":{"rendered":"https:\/\/xixodrinks.com\/?page_id=8589"},"modified":"2026-03-17T15:34:01","modified_gmt":"2026-03-17T13:34:01","slug":"pear","status":"publish","type":"page","link":"https:\/\/xixodrinks.com\/bs\/proizvodi\/ice-tea\/pear\/","title":{"rendered":"Pear"},"content":{"rendered":"\t\t<div data-elementor-type=\"wp-page\" data-elementor-id=\"8589\" class=\"elementor elementor-8589\" data-elementor-post-type=\"page\">\n\t\t\t\t\t\t<section class=\"elementor-section elementor-top-section elementor-element elementor-element-362bd2be elementor-section-boxed elementor-section-height-default elementor-section-height-default\" data-id=\"362bd2be\" data-element_type=\"section\" data-e-type=\"section\">\n\t\t\t\t\t\t<div class=\"elementor-container elementor-column-gap-default\">\n\t\t\t\t\t<div class=\"elementor-column elementor-col-100 elementor-top-column elementor-element elementor-element-f752c2e\" data-id=\"f752c2e\" data-element_type=\"column\" data-e-type=\"column\">\n\t\t\t<div class=\"elementor-widget-wrap elementor-element-populated\">\n\t\t\t\t\t\t<div class=\"elementor-element elementor-element-16b155a2 elementor-widget elementor-widget-spacer\" data-id=\"16b155a2\" data-element_type=\"widget\" data-e-type=\"widget\" data-widget_type=\"spacer.default\">\n\t\t\t\t<div class=\"elementor-widget-container\">\n\t\t\t\t\t\t\t<div class=\"elementor-spacer\">\n\t\t\t<div class=\"elementor-spacer-inner\"><\/div>\n\t\t<\/div>\n\t\t\t\t\t\t<\/div>\n\t\t\t\t<\/div>\n\t\t\t\t\t<\/div>\n\t\t<\/div>\n\t\t\t\t\t<\/div>\n\t\t<\/section>\n\t\t\t\t<section class=\"elementor-section elementor-top-section elementor-element elementor-element-24e9ae55 elementor-section-boxed elementor-section-height-default elementor-section-height-default\" data-id=\"24e9ae55\" data-element_type=\"section\" data-e-type=\"section\">\n\t\t\t\t\t\t<div class=\"elementor-container elementor-column-gap-default\">\n\t\t\t\t\t<div class=\"elementor-column elementor-col-50 elementor-top-column elementor-element elementor-element-642c70a6\" data-id=\"642c70a6\" data-element_type=\"column\" data-e-type=\"column\">\n\t\t\t<div class=\"elementor-widget-wrap elementor-element-populated\">\n\t\t\t\t\t\t<div class=\"elementor-element elementor-element-4eb96112 elementor-widget elementor-widget-text-editor\" data-id=\"4eb96112\" data-element_type=\"widget\" data-e-type=\"widget\" data-widget_type=\"text-editor.default\">\n\t\t\t\t<div class=\"elementor-widget-container\">\n\t\t\t\t\t\t\t\t\t<ul><li><strong>UKUS KRU\u0160KE<\/strong><\/li><li><strong>SA VO\u0106NIM SOKOM I EKSTRAKTOM CRNOG \u010cAJA<\/strong><\/li><\/ul>\t\t\t\t\t\t\t\t<\/div>\n\t\t\t\t<\/div>\n\t\t\t\t<div class=\"elementor-element elementor-element-410cf6e7 elementor-widget elementor-widget-text-editor\" data-id=\"410cf6e7\" data-element_type=\"widget\" data-e-type=\"widget\" data-widget_type=\"text-editor.default\">\n\t\t\t\t<div class=\"elementor-widget-container\">\n\t\t\t\t\t\t\t\t\t<p>Poseban ukus, ne samo za posebne prilike! Pored tradicionalnih ukusa, ne zaboravimo ni revolucionarne mje\u0161avine ledenih \u010dajeva \u2013 sre\u0107om XIXO i u tome prednja\u010di. Me\u0111u 11 ukusa brenda, isti\u010de se XIXO Ledeni \u010daj od kru\u0161ke koji potro\u0161a\u010dima pru\u017ea osvje\u017eavaju\u0107i ukus svojim svje\u017eim, slatkim, vo\u0107nim ukusom koji pru\u017ea vo\u0107ni sok i ekstrakt crnog \u010daja. Osim toga, proizvodi se bez upotrebe umjetnih boja.<\/p><p>Otkrijte osvje\u017eavaju\u0107i ukus XIXO Ledenog \u010daja od kru\u0161ke!<\/p>\t\t\t\t\t\t\t\t<\/div>\n\t\t\t\t<\/div>\n\t\t\t\t\t<\/div>\n\t\t<\/div>\n\t\t\t\t<div class=\"elementor-column elementor-col-50 elementor-top-column elementor-element elementor-element-4b4fc0e7\" data-id=\"4b4fc0e7\" data-element_type=\"column\" data-e-type=\"column\">\n\t\t\t<div class=\"elementor-widget-wrap elementor-element-populated\">\n\t\t\t\t\t\t<div class=\"elementor-element elementor-element-3c4b37b6 animated-slow elementor-invisible elementor-widget elementor-widget-image\" data-id=\"3c4b37b6\" data-element_type=\"widget\" data-e-type=\"widget\" data-settings=\"{&quot;_animation&quot;:&quot;fadeIn&quot;}\" data-widget_type=\"image.default\">\n\t\t\t\t<div class=\"elementor-widget-container\">\n\t\t\t\t\t\t\t\t\t\t\t\t\t\t\t<img decoding=\"async\" src=\"https:\/\/xixodrinks.com\/wp-content\/uploads\/elementor\/thumbs\/XIXO_Tea_2021_EN_pear_2-scaled-rkn5urq04ru64n17rdf4rhxue4kx4dx1170adyhse8.png\" title=\"XIXO_Tea_2021_EN_pear_2\" alt=\"XIXO_Tea_2021_EN_pear_2\" loading=\"lazy\" \/>\t\t\t\t\t\t\t\t\t\t\t\t\t\t\t<\/div>\n\t\t\t\t<\/div>\n\t\t\t\t\t<\/div>\n\t\t<\/div>\n\t\t\t\t\t<\/div>\n\t\t<\/section>\n\t\t\t\t<section class=\"elementor-section elementor-top-section elementor-element elementor-element-7d14237c elementor-section-boxed elementor-section-height-default elementor-section-height-default\" data-id=\"7d14237c\" data-element_type=\"section\" data-e-type=\"section\">\n\t\t\t\t\t\t<div class=\"elementor-container elementor-column-gap-default\">\n\t\t\t\t\t<div class=\"elementor-column elementor-col-100 elementor-top-column elementor-element elementor-element-36396bfa\" data-id=\"36396bfa\" data-element_type=\"column\" data-e-type=\"column\">\n\t\t\t<div class=\"elementor-widget-wrap elementor-element-populated\">\n\t\t\t\t\t\t<div class=\"elementor-element elementor-element-781e6f3 elementor-widget elementor-widget-spacer\" data-id=\"781e6f3\" data-element_type=\"widget\" data-e-type=\"widget\" data-widget_type=\"spacer.default\">\n\t\t\t\t<div class=\"elementor-widget-container\">\n\t\t\t\t\t\t\t<div class=\"elementor-spacer\">\n\t\t\t<div class=\"elementor-spacer-inner\"><\/div>\n\t\t<\/div>\n\t\t\t\t\t\t<\/div>\n\t\t\t\t<\/div>\n\t\t\t\t\t<\/div>\n\t\t<\/div>\n\t\t\t\t\t<\/div>\n\t\t<\/section>\n\t\t\t\t<\/div>\n\t\t","protected":false},"excerpt":{"rendered":"<p>UKUS KRU\u0160KE SA VO\u0106NIM SOKOM I EKSTRAKTOM CRNOG \u010cAJA Poseban ukus, ne samo za posebne prilike! Pored tradicionalnih ukusa, ne zaboravimo ni revolucionarne mje\u0161avine ledenih \u010dajeva \u2013 sre\u0107om XIXO i u tome prednja\u010di. Me\u0111u 11 ukusa brenda, isti\u010de se XIXO Ledeni \u010daj od kru\u0161ke koji potro\u0161a\u010dima pru\u017ea osvje\u017eavaju\u0107i ukus svojim svje\u017eim, slatkim, vo\u0107nim ukusom koji [&hellip;]<\/p>\n","protected":false},"author":1,"featured_media":0,"parent":4653,"menu_order":0,"comment_status":"closed","ping_status":"closed","template":"elementor_header_footer","meta":{"footnotes":""},"class_list":["post-8589","page","type-page","status-publish","hentry"],"_links":{"self":[{"href":"https:\/\/xixodrinks.com\/bs\/wp-json\/wp\/v2\/pages\/8589","targetHints":{"allow":["GET"]}}],"collection":[{"href":"https:\/\/xixodrinks.com\/bs\/wp-json\/wp\/v2\/pages"}],"about":[{"href":"https:\/\/xixodrinks.com\/bs\/wp-json\/wp\/v2\/types\/page"}],"author":[{"embeddable":true,"href":"https:\/\/xixodrinks.com\/bs\/wp-json\/wp\/v2\/users\/1"}],"replies":[{"embeddable":true,"href":"https:\/\/xixodrinks.com\/bs\/wp-json\/wp\/v2\/comments?post=8589"}],"version-history":[{"count":4,"href":"https:\/\/xixodrinks.com\/bs\/wp-json\/wp\/v2\/pages\/8589\/revisions"}],"predecessor-version":[{"id":8594,"href":"https:\/\/xixodrinks.com\/bs\/wp-json\/wp\/v2\/pages\/8589\/revisions\/8594"}],"up":[{"embeddable":true,"href":"https:\/\/xixodrinks.com\/bs\/wp-json\/wp\/v2\/pages\/4653"}],"wp:attachment":[{"href":"https:\/\/xixodrinks.com\/bs\/wp-json\/wp\/v2\/media?parent=8589"}],"curies":[{"name":"wp","href":"https:\/\/api.w.org\/{rel}","templated":true}]}}