{"id":8595,"date":"2026-03-17T15:34:27","date_gmt":"2026-03-17T13:34:27","guid":{"rendered":"https:\/\/xixodrinks.com\/?page_id=8595"},"modified":"2026-03-17T15:36:03","modified_gmt":"2026-03-17T13:36:03","slug":"mango-pineapple","status":"publish","type":"page","link":"https:\/\/xixodrinks.com\/bs\/proizvodi\/ice-tea\/mango-pineapple\/","title":{"rendered":"Mango-Pineapple"},"content":{"rendered":"\t\t<div data-elementor-type=\"wp-page\" data-elementor-id=\"8595\" class=\"elementor elementor-8595\" data-elementor-post-type=\"page\">\n\t\t\t\t\t\t<section class=\"elementor-section elementor-top-section elementor-element elementor-element-2a05e4d8 elementor-section-boxed elementor-section-height-default elementor-section-height-default\" data-id=\"2a05e4d8\" data-element_type=\"section\" data-e-type=\"section\">\n\t\t\t\t\t\t<div class=\"elementor-container elementor-column-gap-default\">\n\t\t\t\t\t<div class=\"elementor-column elementor-col-100 elementor-top-column elementor-element elementor-element-6c0e545b\" data-id=\"6c0e545b\" data-element_type=\"column\" data-e-type=\"column\">\n\t\t\t<div class=\"elementor-widget-wrap elementor-element-populated\">\n\t\t\t\t\t\t<div class=\"elementor-element elementor-element-287d313d elementor-widget elementor-widget-spacer\" data-id=\"287d313d\" data-element_type=\"widget\" data-e-type=\"widget\" data-widget_type=\"spacer.default\">\n\t\t\t\t<div class=\"elementor-widget-container\">\n\t\t\t\t\t\t\t<div class=\"elementor-spacer\">\n\t\t\t<div class=\"elementor-spacer-inner\"><\/div>\n\t\t<\/div>\n\t\t\t\t\t\t<\/div>\n\t\t\t\t<\/div>\n\t\t\t\t\t<\/div>\n\t\t<\/div>\n\t\t\t\t\t<\/div>\n\t\t<\/section>\n\t\t\t\t<section class=\"elementor-section elementor-top-section elementor-element elementor-element-3472dca8 elementor-section-boxed elementor-section-height-default elementor-section-height-default\" data-id=\"3472dca8\" data-element_type=\"section\" data-e-type=\"section\">\n\t\t\t\t\t\t<div class=\"elementor-container elementor-column-gap-default\">\n\t\t\t\t\t<div class=\"elementor-column elementor-col-50 elementor-top-column elementor-element elementor-element-5b2b1ca3\" data-id=\"5b2b1ca3\" data-element_type=\"column\" data-e-type=\"column\">\n\t\t\t<div class=\"elementor-widget-wrap elementor-element-populated\">\n\t\t\t\t\t\t<div class=\"elementor-element elementor-element-6a87b710 elementor-widget elementor-widget-text-editor\" data-id=\"6a87b710\" data-element_type=\"widget\" data-e-type=\"widget\" data-widget_type=\"text-editor.default\">\n\t\t\t\t<div class=\"elementor-widget-container\">\n\t\t\t\t\t\t\t\t\t<ul><li><div class=\"ewa-rteLine\"><strong>UKUS MANGA I ANANASA<\/strong><\/div><\/li><li><div class=\"ewa-rteLine\"><strong>SA VO\u0106NIM SOKOM I EKSTRAKTOM CRNOG \u010cAJA<\/strong><\/div><\/li><\/ul>\t\t\t\t\t\t\t\t<\/div>\n\t\t\t\t<\/div>\n\t\t\t\t<div class=\"elementor-element elementor-element-4d50832f elementor-widget elementor-widget-text-editor\" data-id=\"4d50832f\" data-element_type=\"widget\" data-e-type=\"widget\" data-widget_type=\"text-editor.default\">\n\t\t\t\t<div class=\"elementor-widget-container\">\n\t\t\t\t\t\t\t\t\t<div class=\"ewa-rteLine\">Ukus manga sada je uparen s ukusom ananasa kako bi nam donio pravi tropski ljetni osje\u0107aj. Isprobajte skladnu kombinaciju osvje\u017eavaju\u0107eg i blago slatkog ukusa manga i osvje\u017eavaju\u0107eg ukusa ananasa.<\/div><div class=\"ewa-rteLine\">\u00a0<\/div><div class=\"ewa-rteLine\">Poput ostalih \u010dlanova linije proizvoda, limitirano izdanje XIXO Ledenog \u010daja s ukusom manga i ananasa napravljeno je s ekstraktom crnog \u010daja i vo\u0107nim sokom, bez upotrebe umjetnih boja.<\/div>\t\t\t\t\t\t\t\t<\/div>\n\t\t\t\t<\/div>\n\t\t\t\t\t<\/div>\n\t\t<\/div>\n\t\t\t\t<div class=\"elementor-column elementor-col-50 elementor-top-column elementor-element elementor-element-602c5284\" data-id=\"602c5284\" data-element_type=\"column\" data-e-type=\"column\">\n\t\t\t<div class=\"elementor-widget-wrap elementor-element-populated\">\n\t\t\t\t\t\t<div class=\"elementor-element elementor-element-40468b03 animated-slow elementor-invisible elementor-widget elementor-widget-image\" data-id=\"40468b03\" data-element_type=\"widget\" data-e-type=\"widget\" data-settings=\"{&quot;_animation&quot;:&quot;fadeIn&quot;}\" data-widget_type=\"image.default\">\n\t\t\t\t<div class=\"elementor-widget-container\">\n\t\t\t\t\t\t\t\t\t\t\t\t\t\t\t<img decoding=\"async\" src=\"https:\/\/xixodrinks.com\/wp-content\/uploads\/elementor\/thumbs\/XIXO_Ice_Tea_Mango_Pineapple_EN_2-scaled-rezim7trw10sqq66s16mdfu3et3vduqkfxzc3g24n4.png\" title=\"XIXO_Ice_Tea_Mango_Pineapple_EN_2\" alt=\"XIXO_Ice_Tea_Mango_Pineapple_EN_2\" loading=\"lazy\" \/>\t\t\t\t\t\t\t\t\t\t\t\t\t\t\t<\/div>\n\t\t\t\t<\/div>\n\t\t\t\t\t<\/div>\n\t\t<\/div>\n\t\t\t\t\t<\/div>\n\t\t<\/section>\n\t\t\t\t<section class=\"elementor-section elementor-top-section elementor-element elementor-element-3bde455d elementor-section-boxed elementor-section-height-default elementor-section-height-default\" data-id=\"3bde455d\" data-element_type=\"section\" data-e-type=\"section\">\n\t\t\t\t\t\t<div class=\"elementor-container elementor-column-gap-default\">\n\t\t\t\t\t<div class=\"elementor-column elementor-col-100 elementor-top-column elementor-element elementor-element-42a58c9a\" data-id=\"42a58c9a\" data-element_type=\"column\" data-e-type=\"column\">\n\t\t\t<div class=\"elementor-widget-wrap elementor-element-populated\">\n\t\t\t\t\t\t<div class=\"elementor-element elementor-element-24d0e4e9 elementor-widget elementor-widget-spacer\" data-id=\"24d0e4e9\" data-element_type=\"widget\" data-e-type=\"widget\" data-widget_type=\"spacer.default\">\n\t\t\t\t<div class=\"elementor-widget-container\">\n\t\t\t\t\t\t\t<div class=\"elementor-spacer\">\n\t\t\t<div class=\"elementor-spacer-inner\"><\/div>\n\t\t<\/div>\n\t\t\t\t\t\t<\/div>\n\t\t\t\t<\/div>\n\t\t\t\t\t<\/div>\n\t\t<\/div>\n\t\t\t\t\t<\/div>\n\t\t<\/section>\n\t\t\t\t<\/div>\n\t\t","protected":false},"excerpt":{"rendered":"<p>UKUS MANGA I ANANASA SA VO\u0106NIM SOKOM I EKSTRAKTOM CRNOG \u010cAJA Ukus manga sada je uparen s ukusom ananasa kako bi nam donio pravi tropski ljetni osje\u0107aj. Isprobajte skladnu kombinaciju osvje\u017eavaju\u0107eg i blago slatkog ukusa manga i osvje\u017eavaju\u0107eg ukusa ananasa.\u00a0Poput ostalih \u010dlanova linije proizvoda, limitirano izdanje XIXO Ledenog \u010daja s ukusom manga i ananasa napravljeno [&hellip;]<\/p>\n","protected":false},"author":1,"featured_media":0,"parent":4653,"menu_order":0,"comment_status":"closed","ping_status":"closed","template":"elementor_header_footer","meta":{"footnotes":""},"class_list":["post-8595","page","type-page","status-publish","hentry"],"_links":{"self":[{"href":"https:\/\/xixodrinks.com\/bs\/wp-json\/wp\/v2\/pages\/8595","targetHints":{"allow":["GET"]}}],"collection":[{"href":"https:\/\/xixodrinks.com\/bs\/wp-json\/wp\/v2\/pages"}],"about":[{"href":"https:\/\/xixodrinks.com\/bs\/wp-json\/wp\/v2\/types\/page"}],"author":[{"embeddable":true,"href":"https:\/\/xixodrinks.com\/bs\/wp-json\/wp\/v2\/users\/1"}],"replies":[{"embeddable":true,"href":"https:\/\/xixodrinks.com\/bs\/wp-json\/wp\/v2\/comments?post=8595"}],"version-history":[{"count":4,"href":"https:\/\/xixodrinks.com\/bs\/wp-json\/wp\/v2\/pages\/8595\/revisions"}],"predecessor-version":[{"id":8600,"href":"https:\/\/xixodrinks.com\/bs\/wp-json\/wp\/v2\/pages\/8595\/revisions\/8600"}],"up":[{"embeddable":true,"href":"https:\/\/xixodrinks.com\/bs\/wp-json\/wp\/v2\/pages\/4653"}],"wp:attachment":[{"href":"https:\/\/xixodrinks.com\/bs\/wp-json\/wp\/v2\/media?parent=8595"}],"curies":[{"name":"wp","href":"https:\/\/api.w.org\/{rel}","templated":true}]}}