{"id":8605,"date":"2026-03-17T15:37:16","date_gmt":"2026-03-17T13:37:16","guid":{"rendered":"https:\/\/xixodrinks.com\/?page_id=8605"},"modified":"2026-03-17T15:39:32","modified_gmt":"2026-03-17T13:39:32","slug":"xixo-exotic","status":"publish","type":"page","link":"https:\/\/xixodrinks.com\/bs\/proizvodi\/csd\/xixo-exotic\/","title":{"rendered":"XIXO Exotic"},"content":{"rendered":"\t\t<div data-elementor-type=\"wp-page\" data-elementor-id=\"8605\" class=\"elementor elementor-8605\" data-elementor-post-type=\"page\">\n\t\t\t\t\t\t<section class=\"elementor-section elementor-top-section elementor-element elementor-element-22cba8ab elementor-section-boxed elementor-section-height-default elementor-section-height-default\" data-id=\"22cba8ab\" data-element_type=\"section\" data-e-type=\"section\">\n\t\t\t\t\t\t<div class=\"elementor-container elementor-column-gap-default\">\n\t\t\t\t\t<div class=\"elementor-column elementor-col-100 elementor-top-column elementor-element elementor-element-3ece0a46\" data-id=\"3ece0a46\" data-element_type=\"column\" data-e-type=\"column\">\n\t\t\t<div class=\"elementor-widget-wrap elementor-element-populated\">\n\t\t\t\t\t\t<div class=\"elementor-element elementor-element-4d958e96 elementor-widget elementor-widget-spacer\" data-id=\"4d958e96\" data-element_type=\"widget\" data-e-type=\"widget\" data-widget_type=\"spacer.default\">\n\t\t\t\t<div class=\"elementor-widget-container\">\n\t\t\t\t\t\t\t<div class=\"elementor-spacer\">\n\t\t\t<div class=\"elementor-spacer-inner\"><\/div>\n\t\t<\/div>\n\t\t\t\t\t\t<\/div>\n\t\t\t\t<\/div>\n\t\t\t\t\t<\/div>\n\t\t<\/div>\n\t\t\t\t\t<\/div>\n\t\t<\/section>\n\t\t\t\t<section class=\"elementor-section elementor-top-section elementor-element elementor-element-71ffb89e elementor-section-boxed elementor-section-height-default elementor-section-height-default\" data-id=\"71ffb89e\" data-element_type=\"section\" data-e-type=\"section\">\n\t\t\t\t\t\t<div class=\"elementor-container elementor-column-gap-default\">\n\t\t\t\t\t<div class=\"elementor-column elementor-col-50 elementor-top-column elementor-element elementor-element-57df80ef\" data-id=\"57df80ef\" data-element_type=\"column\" data-e-type=\"column\">\n\t\t\t<div class=\"elementor-widget-wrap elementor-element-populated\">\n\t\t\t\t\t\t<div class=\"elementor-element elementor-element-62e848a5 elementor-widget elementor-widget-text-editor\" data-id=\"62e848a5\" data-element_type=\"widget\" data-e-type=\"widget\" data-widget_type=\"text-editor.default\">\n\t\t\t\t<div class=\"elementor-widget-container\">\n\t\t\t\t\t\t\t\t\t<ul><li><strong>UKUS MIJE\u0160ANOG VO\u0106A<\/strong><\/li><li><strong>BEZ KONZERVANSA<\/strong><\/li><li><strong>LIMENKA OD ALUMINIJUMA KOJI SE MO\u017dE 100% RECIKLIRATI BEZ GUBITKA KVALITETE<\/strong><\/li><\/ul>\t\t\t\t\t\t\t\t<\/div>\n\t\t\t\t<\/div>\n\t\t\t\t<div class=\"elementor-element elementor-element-516858a5 elementor-widget elementor-widget-text-editor\" data-id=\"516858a5\" data-element_type=\"widget\" data-e-type=\"widget\" data-widget_type=\"text-editor.default\">\n\t\t\t\t<div class=\"elementor-widget-container\">\n\t\t\t\t\t\t\t\t\t<p>Za\u0161to samo sanjati o egzoti\u010dnim ukusima kada ih mo\u017eete i probati?<\/p><p>XIXO Exotic spaja najuzbudljivije vo\u0107ne ukuse na svijetu u jednom smjelom gutljaju, kombinacija koja \u0107e vas zasigurno izvu\u0107i iz va\u0161e zone udobnosti. Svaki gutljaj iznena\u0111uje smjelom, ali uravnote\u017eenom mje\u0161avinom, a pjenu\u0161avost dodaje pravu koli\u010dinu odva\u017ene iskri\u010davosti.<\/p><p>Bez konzervansa, pakovano u limenci od aluminijuma koja se mo\u017ee 100% reciklirati bez gubitka kvalitete. Ovo nije pra\u0107enje trenda &#8211; ovo je potpuno nova pri\u010da.<br \/>Egzoti\u010dno, pjenu\u0161avo i briljantno &#8211; to je XIXO Exotic!<\/p>\t\t\t\t\t\t\t\t<\/div>\n\t\t\t\t<\/div>\n\t\t\t\t\t<\/div>\n\t\t<\/div>\n\t\t\t\t<div class=\"elementor-column elementor-col-50 elementor-top-column elementor-element elementor-element-112f62c9\" data-id=\"112f62c9\" data-element_type=\"column\" data-e-type=\"column\">\n\t\t\t<div class=\"elementor-widget-wrap elementor-element-populated\">\n\t\t\t\t\t\t<div class=\"elementor-element elementor-element-e6a4d44 animated-slow elementor-invisible elementor-widget elementor-widget-image\" data-id=\"e6a4d44\" data-element_type=\"widget\" data-e-type=\"widget\" data-settings=\"{&quot;_animation&quot;:&quot;fadeIn&quot;}\" data-widget_type=\"image.default\">\n\t\t\t\t<div class=\"elementor-widget-container\">\n\t\t\t\t\t\t\t\t\t\t\t\t\t\t\t<img decoding=\"async\" src=\"https:\/\/xixodrinks.com\/wp-content\/uploads\/elementor\/thumbs\/XIXO_EXOTIC_packshot_02-scaled-rkn6obrb18ar783n65ct61fmuawf5r96fhhxn6o4qo.png\" title=\"XIXO_EXOTIC_packshot_02\" alt=\"XIXO_EXOTIC_packshot_02\" loading=\"lazy\" \/>\t\t\t\t\t\t\t\t\t\t\t\t\t\t\t<\/div>\n\t\t\t\t<\/div>\n\t\t\t\t\t<\/div>\n\t\t<\/div>\n\t\t\t\t\t<\/div>\n\t\t<\/section>\n\t\t\t\t<section class=\"elementor-section elementor-top-section elementor-element elementor-element-65fcce5e elementor-section-boxed elementor-section-height-default elementor-section-height-default\" data-id=\"65fcce5e\" data-element_type=\"section\" data-e-type=\"section\">\n\t\t\t\t\t\t<div class=\"elementor-container elementor-column-gap-default\">\n\t\t\t\t\t<div class=\"elementor-column elementor-col-100 elementor-top-column elementor-element elementor-element-3dc1956e\" data-id=\"3dc1956e\" data-element_type=\"column\" data-e-type=\"column\">\n\t\t\t<div class=\"elementor-widget-wrap elementor-element-populated\">\n\t\t\t\t\t\t<div class=\"elementor-element elementor-element-d478f79 elementor-widget elementor-widget-spacer\" data-id=\"d478f79\" data-element_type=\"widget\" data-e-type=\"widget\" data-widget_type=\"spacer.default\">\n\t\t\t\t<div class=\"elementor-widget-container\">\n\t\t\t\t\t\t\t<div class=\"elementor-spacer\">\n\t\t\t<div class=\"elementor-spacer-inner\"><\/div>\n\t\t<\/div>\n\t\t\t\t\t\t<\/div>\n\t\t\t\t<\/div>\n\t\t\t\t\t<\/div>\n\t\t<\/div>\n\t\t\t\t\t<\/div>\n\t\t<\/section>\n\t\t\t\t<\/div>\n\t\t","protected":false},"excerpt":{"rendered":"<p>UKUS MIJE\u0160ANOG VO\u0106A BEZ KONZERVANSA LIMENKA OD ALUMINIJUMA KOJI SE MO\u017dE 100% RECIKLIRATI BEZ GUBITKA KVALITETE Za\u0161to samo sanjati o egzoti\u010dnim ukusima kada ih mo\u017eete i probati? XIXO Exotic spaja najuzbudljivije vo\u0107ne ukuse na svijetu u jednom smjelom gutljaju, kombinacija koja \u0107e vas zasigurno izvu\u0107i iz va\u0161e zone udobnosti. Svaki gutljaj iznena\u0111uje smjelom, ali uravnote\u017eenom [&hellip;]<\/p>\n","protected":false},"author":1,"featured_media":0,"parent":4619,"menu_order":0,"comment_status":"closed","ping_status":"closed","template":"elementor_header_footer","meta":{"footnotes":""},"class_list":["post-8605","page","type-page","status-publish","hentry"],"_links":{"self":[{"href":"https:\/\/xixodrinks.com\/bs\/wp-json\/wp\/v2\/pages\/8605","targetHints":{"allow":["GET"]}}],"collection":[{"href":"https:\/\/xixodrinks.com\/bs\/wp-json\/wp\/v2\/pages"}],"about":[{"href":"https:\/\/xixodrinks.com\/bs\/wp-json\/wp\/v2\/types\/page"}],"author":[{"embeddable":true,"href":"https:\/\/xixodrinks.com\/bs\/wp-json\/wp\/v2\/users\/1"}],"replies":[{"embeddable":true,"href":"https:\/\/xixodrinks.com\/bs\/wp-json\/wp\/v2\/comments?post=8605"}],"version-history":[{"count":4,"href":"https:\/\/xixodrinks.com\/bs\/wp-json\/wp\/v2\/pages\/8605\/revisions"}],"predecessor-version":[{"id":8626,"href":"https:\/\/xixodrinks.com\/bs\/wp-json\/wp\/v2\/pages\/8605\/revisions\/8626"}],"up":[{"embeddable":true,"href":"https:\/\/xixodrinks.com\/bs\/wp-json\/wp\/v2\/pages\/4619"}],"wp:attachment":[{"href":"https:\/\/xixodrinks.com\/bs\/wp-json\/wp\/v2\/media?parent=8605"}],"curies":[{"name":"wp","href":"https:\/\/api.w.org\/{rel}","templated":true}]}}