{"id":8627,"date":"2026-03-17T15:39:50","date_gmt":"2026-03-17T13:39:50","guid":{"rendered":"https:\/\/xixodrinks.com\/?page_id=8627"},"modified":"2026-03-17T15:46:42","modified_gmt":"2026-03-17T13:46:42","slug":"xixo-mango-tropical","status":"publish","type":"page","link":"https:\/\/xixodrinks.com\/bs\/proizvodi\/csd\/xixo-mango-tropical\/","title":{"rendered":"XIXO Mango Tropical"},"content":{"rendered":"\t\t<div data-elementor-type=\"wp-page\" data-elementor-id=\"8627\" class=\"elementor elementor-8627\" data-elementor-post-type=\"page\">\n\t\t\t\t\t\t<section class=\"elementor-section elementor-top-section elementor-element elementor-element-6ba7268e elementor-section-boxed elementor-section-height-default elementor-section-height-default\" data-id=\"6ba7268e\" data-element_type=\"section\" data-e-type=\"section\">\n\t\t\t\t\t\t<div class=\"elementor-container elementor-column-gap-default\">\n\t\t\t\t\t<div class=\"elementor-column elementor-col-100 elementor-top-column elementor-element elementor-element-5e3c6456\" data-id=\"5e3c6456\" data-element_type=\"column\" data-e-type=\"column\">\n\t\t\t<div class=\"elementor-widget-wrap elementor-element-populated\">\n\t\t\t\t\t\t<div class=\"elementor-element elementor-element-6a594f34 elementor-widget elementor-widget-spacer\" data-id=\"6a594f34\" data-element_type=\"widget\" data-e-type=\"widget\" data-widget_type=\"spacer.default\">\n\t\t\t\t<div class=\"elementor-widget-container\">\n\t\t\t\t\t\t\t<div class=\"elementor-spacer\">\n\t\t\t<div class=\"elementor-spacer-inner\"><\/div>\n\t\t<\/div>\n\t\t\t\t\t\t<\/div>\n\t\t\t\t<\/div>\n\t\t\t\t\t<\/div>\n\t\t<\/div>\n\t\t\t\t\t<\/div>\n\t\t<\/section>\n\t\t\t\t<section class=\"elementor-section elementor-top-section elementor-element elementor-element-4c1d28f0 elementor-section-boxed elementor-section-height-default elementor-section-height-default\" data-id=\"4c1d28f0\" data-element_type=\"section\" data-e-type=\"section\">\n\t\t\t\t\t\t<div class=\"elementor-container elementor-column-gap-default\">\n\t\t\t\t\t<div class=\"elementor-column elementor-col-50 elementor-top-column elementor-element elementor-element-6b251368\" data-id=\"6b251368\" data-element_type=\"column\" data-e-type=\"column\">\n\t\t\t<div class=\"elementor-widget-wrap elementor-element-populated\">\n\t\t\t\t\t\t<div class=\"elementor-element elementor-element-33a7bdd1 elementor-widget elementor-widget-text-editor\" data-id=\"33a7bdd1\" data-element_type=\"widget\" data-e-type=\"widget\" data-widget_type=\"text-editor.default\">\n\t\t\t\t<div class=\"elementor-widget-container\">\n\t\t\t\t\t\t\t\t\t<ul><li><strong>UKUS MANGA I MARAKUJE<\/strong><\/li><li><strong>BEZ KONZERVANSA<\/strong><\/li><li><strong>LIMENKA OD ALUMINIJUMA KOJI SE MO\u017dE 100% RECIKLIRATI BEZ GUBITKA KVALITETE<\/strong><\/li><\/ul>\t\t\t\t\t\t\t\t<\/div>\n\t\t\t\t<\/div>\n\t\t\t\t<div class=\"elementor-element elementor-element-37ee4662 elementor-widget elementor-widget-text-editor\" data-id=\"37ee4662\" data-element_type=\"widget\" data-e-type=\"widget\" data-widget_type=\"text-editor.default\">\n\t\t\t\t<div class=\"elementor-widget-container\">\n\t\t\t\t\t\t\t\t\t<p>Trebate li da\u0161ak sunca? Mango Tropical mo\u017ee svaki obi\u010dan dan pretvoriti u tropski bijeg. Smjeli, so\u010dni ukus manga osvje\u017eava va\u0161e nepce ve\u0107 s prvim gutljajem, dok gazirana pjenu\u0161avost ple\u0161e na va\u0161em jeziku.<\/p><p>Bez konzervansa, pakovano u limenci od aluminijuma koja se mo\u017ee 100% reciklirati bez gubitka kvalitete &#8211; osvje\u017eavaju\u0107e, uzbudljivo i nemogu\u0107e za ignorisati.<\/p><p>Tropski, pjenu\u0161av i nezaboravan &#8211; to je Mango Tropical!<\/p>\t\t\t\t\t\t\t\t<\/div>\n\t\t\t\t<\/div>\n\t\t\t\t\t<\/div>\n\t\t<\/div>\n\t\t\t\t<div class=\"elementor-column elementor-col-50 elementor-top-column elementor-element elementor-element-2b87d1a1\" data-id=\"2b87d1a1\" data-element_type=\"column\" data-e-type=\"column\">\n\t\t\t<div class=\"elementor-widget-wrap elementor-element-populated\">\n\t\t\t\t\t\t<div class=\"elementor-element elementor-element-72e41873 animated-slow elementor-invisible elementor-widget elementor-widget-image\" data-id=\"72e41873\" data-element_type=\"widget\" data-e-type=\"widget\" data-settings=\"{&quot;_animation&quot;:&quot;fadeIn&quot;}\" data-widget_type=\"image.default\">\n\t\t\t\t<div class=\"elementor-widget-container\">\n\t\t\t\t\t\t\t\t\t\t\t\t\t\t\t<img decoding=\"async\" src=\"https:\/\/xixodrinks.com\/wp-content\/uploads\/elementor\/thumbs\/XIXO_MANGO_TROPICAL_packshot_02-scaled-rkn6s9oxp7p1wcdh5cph4jm8jhgug1wnb0093yton4.png\" title=\"XIXO_MANGO_TROPICAL_packshot_02\" alt=\"XIXO_MANGO_TROPICAL_packshot_02\" loading=\"lazy\" \/>\t\t\t\t\t\t\t\t\t\t\t\t\t\t\t<\/div>\n\t\t\t\t<\/div>\n\t\t\t\t\t<\/div>\n\t\t<\/div>\n\t\t\t\t\t<\/div>\n\t\t<\/section>\n\t\t\t\t<section class=\"elementor-section elementor-top-section elementor-element elementor-element-49930b68 elementor-section-boxed elementor-section-height-default elementor-section-height-default\" data-id=\"49930b68\" data-element_type=\"section\" data-e-type=\"section\">\n\t\t\t\t\t\t<div class=\"elementor-container elementor-column-gap-default\">\n\t\t\t\t\t<div class=\"elementor-column elementor-col-100 elementor-top-column elementor-element elementor-element-4caad8b3\" data-id=\"4caad8b3\" data-element_type=\"column\" data-e-type=\"column\">\n\t\t\t<div class=\"elementor-widget-wrap elementor-element-populated\">\n\t\t\t\t\t\t<div class=\"elementor-element elementor-element-114dccd elementor-widget elementor-widget-spacer\" data-id=\"114dccd\" data-element_type=\"widget\" data-e-type=\"widget\" data-widget_type=\"spacer.default\">\n\t\t\t\t<div class=\"elementor-widget-container\">\n\t\t\t\t\t\t\t<div class=\"elementor-spacer\">\n\t\t\t<div class=\"elementor-spacer-inner\"><\/div>\n\t\t<\/div>\n\t\t\t\t\t\t<\/div>\n\t\t\t\t<\/div>\n\t\t\t\t\t<\/div>\n\t\t<\/div>\n\t\t\t\t\t<\/div>\n\t\t<\/section>\n\t\t\t\t<\/div>\n\t\t","protected":false},"excerpt":{"rendered":"<p>UKUS MANGA I MARAKUJE BEZ KONZERVANSA LIMENKA OD ALUMINIJUMA KOJI SE MO\u017dE 100% RECIKLIRATI BEZ GUBITKA KVALITETE Trebate li da\u0161ak sunca? Mango Tropical mo\u017ee svaki obi\u010dan dan pretvoriti u tropski bijeg. Smjeli, so\u010dni ukus manga osvje\u017eava va\u0161e nepce ve\u0107 s prvim gutljajem, dok gazirana pjenu\u0161avost ple\u0161e na va\u0161em jeziku. Bez konzervansa, pakovano u limenci od [&hellip;]<\/p>\n","protected":false},"author":1,"featured_media":0,"parent":4619,"menu_order":0,"comment_status":"closed","ping_status":"closed","template":"elementor_header_footer","meta":{"footnotes":""},"class_list":["post-8627","page","type-page","status-publish","hentry"],"_links":{"self":[{"href":"https:\/\/xixodrinks.com\/bs\/wp-json\/wp\/v2\/pages\/8627","targetHints":{"allow":["GET"]}}],"collection":[{"href":"https:\/\/xixodrinks.com\/bs\/wp-json\/wp\/v2\/pages"}],"about":[{"href":"https:\/\/xixodrinks.com\/bs\/wp-json\/wp\/v2\/types\/page"}],"author":[{"embeddable":true,"href":"https:\/\/xixodrinks.com\/bs\/wp-json\/wp\/v2\/users\/1"}],"replies":[{"embeddable":true,"href":"https:\/\/xixodrinks.com\/bs\/wp-json\/wp\/v2\/comments?post=8627"}],"version-history":[{"count":4,"href":"https:\/\/xixodrinks.com\/bs\/wp-json\/wp\/v2\/pages\/8627\/revisions"}],"predecessor-version":[{"id":8648,"href":"https:\/\/xixodrinks.com\/bs\/wp-json\/wp\/v2\/pages\/8627\/revisions\/8648"}],"up":[{"embeddable":true,"href":"https:\/\/xixodrinks.com\/bs\/wp-json\/wp\/v2\/pages\/4619"}],"wp:attachment":[{"href":"https:\/\/xixodrinks.com\/bs\/wp-json\/wp\/v2\/media?parent=8627"}],"curies":[{"name":"wp","href":"https:\/\/api.w.org\/{rel}","templated":true}]}}