{"id":9198,"date":"2026-04-02T13:11:37","date_gmt":"2026-04-02T11:11:37","guid":{"rendered":"https:\/\/xixodrinks.com\/?page_id=9198"},"modified":"2026-04-02T13:12:33","modified_gmt":"2026-04-02T11:12:33","slug":"xixo-cherry-cola","status":"publish","type":"page","link":"https:\/\/xixodrinks.com\/bs\/proizvodi\/csd\/xixo-cherry-cola\/","title":{"rendered":"XIXO CHERRY COLA"},"content":{"rendered":"\t\t<div data-elementor-type=\"wp-page\" data-elementor-id=\"9198\" class=\"elementor elementor-9198\" data-elementor-post-type=\"page\">\n\t\t\t\t\t\t<section class=\"elementor-section elementor-top-section elementor-element elementor-element-1afc0285 elementor-section-boxed elementor-section-height-default elementor-section-height-default\" data-id=\"1afc0285\" data-element_type=\"section\" data-e-type=\"section\">\n\t\t\t\t\t\t<div class=\"elementor-container elementor-column-gap-default\">\n\t\t\t\t\t<div class=\"elementor-column elementor-col-100 elementor-top-column elementor-element elementor-element-ef74e68\" data-id=\"ef74e68\" data-element_type=\"column\" data-e-type=\"column\">\n\t\t\t<div class=\"elementor-widget-wrap elementor-element-populated\">\n\t\t\t\t\t\t<div class=\"elementor-element elementor-element-1ebae72f elementor-widget elementor-widget-spacer\" data-id=\"1ebae72f\" data-element_type=\"widget\" data-e-type=\"widget\" data-widget_type=\"spacer.default\">\n\t\t\t\t<div class=\"elementor-widget-container\">\n\t\t\t\t\t\t\t<div class=\"elementor-spacer\">\n\t\t\t<div class=\"elementor-spacer-inner\"><\/div>\n\t\t<\/div>\n\t\t\t\t\t\t<\/div>\n\t\t\t\t<\/div>\n\t\t\t\t\t<\/div>\n\t\t<\/div>\n\t\t\t\t\t<\/div>\n\t\t<\/section>\n\t\t\t\t<section class=\"elementor-section elementor-top-section elementor-element elementor-element-1ed1f5f9 elementor-section-boxed elementor-section-height-default elementor-section-height-default\" data-id=\"1ed1f5f9\" data-element_type=\"section\" data-e-type=\"section\">\n\t\t\t\t\t\t<div class=\"elementor-container elementor-column-gap-default\">\n\t\t\t\t\t<div class=\"elementor-column elementor-col-50 elementor-top-column elementor-element elementor-element-53fcad5a\" data-id=\"53fcad5a\" data-element_type=\"column\" data-e-type=\"column\">\n\t\t\t<div class=\"elementor-widget-wrap elementor-element-populated\">\n\t\t\t\t\t\t<div class=\"elementor-element elementor-element-6fbfd685 elementor-widget elementor-widget-text-editor\" data-id=\"6fbfd685\" data-element_type=\"widget\" data-e-type=\"widget\" data-widget_type=\"text-editor.default\">\n\t\t\t\t<div class=\"elementor-widget-container\">\n\t\t\t\t\t\t\t\t\t<ul><li><strong>UKUS VI\u0160NJA KOLA<\/strong><\/li><li><strong>BEZ KONZERVANSA<\/strong><\/li><li><strong>BEZ ASPARTAMA<\/strong><\/li><li><strong>LIMENKA OD ALUMINIJUMA KOJA SE MO\u017dE 100% RECIKLIRATI BEZ GUBITKA KVALITETE<\/strong><\/li><\/ul>\t\t\t\t\t\t\t\t<\/div>\n\t\t\t\t<\/div>\n\t\t\t\t<div class=\"elementor-element elementor-element-1a4fb048 elementor-widget elementor-widget-text-editor\" data-id=\"1a4fb048\" data-element_type=\"widget\" data-e-type=\"widget\" data-widget_type=\"text-editor.default\">\n\t\t\t\t<div class=\"elementor-widget-container\">\n\t\t\t\t\t\t\t\t\t<p>Otkrijte XIXO Vi\u0161nja Kolu gdje se klasi\u010dni ukus kole susre\u0107e sa so\u010dnom svje\u017einom vi\u0161nje. Ovaj bezalkoholni napitak majstorski kombinuje savr\u0161enu harmoniju i pjenu\u0161avi XIXO karakter sa slatko-gorkom aromom vi\u0161nje, nude\u0107i zaista jedinstveno i nezaboravno iskustvo ukusa.<\/p><p>Unaprijedite svoje svakodnevne trenutke uzbudljivim ukusom Vi\u0161nja Kole i neka vas svaki gutljaj odvede u novu avanturu!<\/p>\t\t\t\t\t\t\t\t<\/div>\n\t\t\t\t<\/div>\n\t\t\t\t\t<\/div>\n\t\t<\/div>\n\t\t\t\t<div class=\"elementor-column elementor-col-50 elementor-top-column elementor-element elementor-element-437ca6f\" data-id=\"437ca6f\" data-element_type=\"column\" data-e-type=\"column\">\n\t\t\t<div class=\"elementor-widget-wrap elementor-element-populated\">\n\t\t\t\t\t\t<div class=\"elementor-element elementor-element-16395760 animated-slow elementor-invisible elementor-widget elementor-widget-image\" data-id=\"16395760\" data-element_type=\"widget\" data-e-type=\"widget\" data-settings=\"{&quot;_animation&quot;:&quot;fadeIn&quot;}\" data-widget_type=\"image.default\">\n\t\t\t\t<div class=\"elementor-widget-container\">\n\t\t\t\t\t\t\t\t\t\t\t\t\t\t\t<img decoding=\"async\" src=\"https:\/\/xixodrinks.com\/wp-content\/uploads\/elementor\/thumbs\/XIXO_CHERRY_COLA_2024_PACKSHOT_ENG-1-1-rldd2wbwct7ts5v2tlgbtacvgh5c5me3wf9gqpekg0.png\" title=\"XIXO_CHERRY_COLA_2024_PACKSHOT_ENG 1 (1)\" alt=\"XIXO_CHERRY_COLA_2024_PACKSHOT_ENG 1 (1)\" loading=\"lazy\" \/>\t\t\t\t\t\t\t\t\t\t\t\t\t\t\t<\/div>\n\t\t\t\t<\/div>\n\t\t\t\t\t<\/div>\n\t\t<\/div>\n\t\t\t\t\t<\/div>\n\t\t<\/section>\n\t\t\t\t<section class=\"elementor-section elementor-top-section elementor-element elementor-element-64a4d2dd elementor-section-boxed elementor-section-height-default elementor-section-height-default\" data-id=\"64a4d2dd\" data-element_type=\"section\" data-e-type=\"section\">\n\t\t\t\t\t\t<div class=\"elementor-container elementor-column-gap-default\">\n\t\t\t\t\t<div class=\"elementor-column elementor-col-100 elementor-top-column elementor-element elementor-element-504d9515\" data-id=\"504d9515\" data-element_type=\"column\" data-e-type=\"column\">\n\t\t\t<div class=\"elementor-widget-wrap elementor-element-populated\">\n\t\t\t\t\t\t<div class=\"elementor-element elementor-element-1305e449 elementor-widget elementor-widget-spacer\" data-id=\"1305e449\" data-element_type=\"widget\" data-e-type=\"widget\" data-widget_type=\"spacer.default\">\n\t\t\t\t<div class=\"elementor-widget-container\">\n\t\t\t\t\t\t\t<div class=\"elementor-spacer\">\n\t\t\t<div class=\"elementor-spacer-inner\"><\/div>\n\t\t<\/div>\n\t\t\t\t\t\t<\/div>\n\t\t\t\t<\/div>\n\t\t\t\t\t<\/div>\n\t\t<\/div>\n\t\t\t\t\t<\/div>\n\t\t<\/section>\n\t\t\t\t<\/div>\n\t\t","protected":false},"excerpt":{"rendered":"<p>UKUS VI\u0160NJA KOLA BEZ KONZERVANSA BEZ ASPARTAMA LIMENKA OD ALUMINIJUMA KOJA SE MO\u017dE 100% RECIKLIRATI BEZ GUBITKA KVALITETE Otkrijte XIXO Vi\u0161nja Kolu gdje se klasi\u010dni ukus kole susre\u0107e sa so\u010dnom svje\u017einom vi\u0161nje. Ovaj bezalkoholni napitak majstorski kombinuje savr\u0161enu harmoniju i pjenu\u0161avi XIXO karakter sa slatko-gorkom aromom vi\u0161nje, nude\u0107i zaista jedinstveno i nezaboravno iskustvo ukusa. Unaprijedite [&hellip;]<\/p>\n","protected":false},"author":1,"featured_media":0,"parent":4619,"menu_order":0,"comment_status":"closed","ping_status":"closed","template":"elementor_header_footer","meta":{"footnotes":""},"class_list":["post-9198","page","type-page","status-publish","hentry"],"_links":{"self":[{"href":"https:\/\/xixodrinks.com\/bs\/wp-json\/wp\/v2\/pages\/9198","targetHints":{"allow":["GET"]}}],"collection":[{"href":"https:\/\/xixodrinks.com\/bs\/wp-json\/wp\/v2\/pages"}],"about":[{"href":"https:\/\/xixodrinks.com\/bs\/wp-json\/wp\/v2\/types\/page"}],"author":[{"embeddable":true,"href":"https:\/\/xixodrinks.com\/bs\/wp-json\/wp\/v2\/users\/1"}],"replies":[{"embeddable":true,"href":"https:\/\/xixodrinks.com\/bs\/wp-json\/wp\/v2\/comments?post=9198"}],"version-history":[{"count":4,"href":"https:\/\/xixodrinks.com\/bs\/wp-json\/wp\/v2\/pages\/9198\/revisions"}],"predecessor-version":[{"id":9203,"href":"https:\/\/xixodrinks.com\/bs\/wp-json\/wp\/v2\/pages\/9198\/revisions\/9203"}],"up":[{"embeddable":true,"href":"https:\/\/xixodrinks.com\/bs\/wp-json\/wp\/v2\/pages\/4619"}],"wp:attachment":[{"href":"https:\/\/xixodrinks.com\/bs\/wp-json\/wp\/v2\/media?parent=9198"}],"curies":[{"name":"wp","href":"https:\/\/api.w.org\/{rel}","templated":true}]}}