{"id":9272,"date":"2026-04-13T14:25:49","date_gmt":"2026-04-13T12:25:49","guid":{"rendered":"https:\/\/xixodrinks.com\/?page_id=9272"},"modified":"2026-04-13T14:27:51","modified_gmt":"2026-04-13T12:27:51","slug":"xixo-mojito-limunada","status":"publish","type":"page","link":"https:\/\/xixodrinks.com\/bs\/lemonade\/xixo-mojito-limunada\/","title":{"rendered":"XIXO Mojito Limunada"},"content":{"rendered":"\t\t<div data-elementor-type=\"wp-page\" data-elementor-id=\"9272\" class=\"elementor elementor-9272\" data-elementor-post-type=\"page\">\n\t\t\t\t\t\t<section class=\"elementor-section elementor-top-section elementor-element elementor-element-586deb33 elementor-section-boxed elementor-section-height-default elementor-section-height-default\" data-id=\"586deb33\" data-element_type=\"section\" data-e-type=\"section\">\n\t\t\t\t\t\t<div class=\"elementor-container elementor-column-gap-default\">\n\t\t\t\t\t<div class=\"elementor-column elementor-col-100 elementor-top-column elementor-element elementor-element-6e5eb4e6\" data-id=\"6e5eb4e6\" data-element_type=\"column\" data-e-type=\"column\">\n\t\t\t<div class=\"elementor-widget-wrap elementor-element-populated\">\n\t\t\t\t\t\t<div class=\"elementor-element elementor-element-3003e246 elementor-widget elementor-widget-spacer\" data-id=\"3003e246\" data-element_type=\"widget\" data-e-type=\"widget\" data-widget_type=\"spacer.default\">\n\t\t\t\t<div class=\"elementor-widget-container\">\n\t\t\t\t\t\t\t<div class=\"elementor-spacer\">\n\t\t\t<div class=\"elementor-spacer-inner\"><\/div>\n\t\t<\/div>\n\t\t\t\t\t\t<\/div>\n\t\t\t\t<\/div>\n\t\t\t\t\t<\/div>\n\t\t<\/div>\n\t\t\t\t\t<\/div>\n\t\t<\/section>\n\t\t\t\t<section class=\"elementor-section elementor-top-section elementor-element elementor-element-29e299b6 elementor-section-boxed elementor-section-height-default elementor-section-height-default\" data-id=\"29e299b6\" data-element_type=\"section\" data-e-type=\"section\">\n\t\t\t\t\t\t<div class=\"elementor-container elementor-column-gap-default\">\n\t\t\t\t\t<div class=\"elementor-column elementor-col-50 elementor-top-column elementor-element elementor-element-b873b0c\" data-id=\"b873b0c\" data-element_type=\"column\" data-e-type=\"column\">\n\t\t\t<div class=\"elementor-widget-wrap elementor-element-populated\">\n\t\t\t\t\t\t<div class=\"elementor-element elementor-element-6778118c elementor-widget elementor-widget-text-editor\" data-id=\"6778118c\" data-element_type=\"widget\" data-e-type=\"widget\" data-widget_type=\"text-editor.default\">\n\t\t\t\t<div class=\"elementor-widget-container\">\n\t\t\t\t\t\t\t\t\t<ul><li><strong>Ukus menta i limeta<\/strong><\/li><li><strong>Bez konzervansa<\/strong><\/li><li><strong>Aluminijumska limenka koja se mo\u017ee 100% reciklirati bez gubitka kvalitete<\/strong><\/li><\/ul>\t\t\t\t\t\t\t\t<\/div>\n\t\t\t\t<\/div>\n\t\t\t\t<div class=\"elementor-element elementor-element-1afba69f elementor-widget elementor-widget-text-editor\" data-id=\"1afba69f\" data-element_type=\"widget\" data-e-type=\"widget\" data-widget_type=\"text-editor.default\">\n\t\t\t\t<div class=\"elementor-widget-container\">\n\t\t\t\t\t\t\t\t\t<p>\u017delite li biti na odmoru tokom cijele godine, a ne samo dvije sedmice? Onda je vrijeme da spakujete kofere! Svaki gutljaj gaziranog bezalkoholnog napitka XIXO Mojito Limunada je kao karipski povjetarac, sunce, palme, sve zatvoreno u limenku.<\/p><p>Uzbudljivi, blago kiseli ukus limete, osvje\u017eavaju\u0107i ukus mente i lagana citrusna slatko\u0107a spajaju se u razigranoj, bezalkoholnoj XIXO limunadi inspirisanoj bezalkoholnim koktelima. Ba\u0161 kao \u0161to ste i o\u010dekivali: \u017eivahan ukus bez konzervansa, zatvoren u aluminijumskoj limenci koja se mo\u017ee 100% reciklirati.<\/p><p>XIXO Mojito Limunada je ljeto u limenci: \u0161areno, bezbri\u017eno i lagano kao da je svaki dan odmor! Viva la Mojito!<\/p>\t\t\t\t\t\t\t\t<\/div>\n\t\t\t\t<\/div>\n\t\t\t\t\t<\/div>\n\t\t<\/div>\n\t\t\t\t<div class=\"elementor-column elementor-col-50 elementor-top-column elementor-element elementor-element-63827a6a\" data-id=\"63827a6a\" data-element_type=\"column\" data-e-type=\"column\">\n\t\t\t<div class=\"elementor-widget-wrap elementor-element-populated\">\n\t\t\t\t\t\t<div class=\"elementor-element elementor-element-32f4c5bd animated-slow elementor-invisible elementor-widget elementor-widget-image\" data-id=\"32f4c5bd\" data-element_type=\"widget\" data-e-type=\"widget\" data-settings=\"{&quot;_animation&quot;:&quot;fadeIn&quot;}\" data-widget_type=\"image.default\">\n\t\t\t\t<div class=\"elementor-widget-container\">\n\t\t\t\t\t\t\t\t\t\t\t\t\t\t\t<img decoding=\"async\" src=\"https:\/\/xixodrinks.com\/wp-content\/uploads\/elementor\/thumbs\/XIXO_MOJITO_LEMONADE_250_EN_2-scaled-rly3hs3mr9fh2uenqoktiiia6lzl9dxkyxzho7oge8.png\" title=\"XIXO_MOJITO_LEMONADE_250_EN_2\" alt=\"XIXO_MOJITO_LEMONADE_250_EN_2\" loading=\"lazy\" \/>\t\t\t\t\t\t\t\t\t\t\t\t\t\t\t<\/div>\n\t\t\t\t<\/div>\n\t\t\t\t\t<\/div>\n\t\t<\/div>\n\t\t\t\t\t<\/div>\n\t\t<\/section>\n\t\t\t\t<section class=\"elementor-section elementor-top-section elementor-element elementor-element-2d993796 elementor-section-boxed elementor-section-height-default elementor-section-height-default\" data-id=\"2d993796\" data-element_type=\"section\" data-e-type=\"section\">\n\t\t\t\t\t\t<div class=\"elementor-container elementor-column-gap-default\">\n\t\t\t\t\t<div class=\"elementor-column elementor-col-100 elementor-top-column elementor-element elementor-element-73c5cca2\" data-id=\"73c5cca2\" data-element_type=\"column\" data-e-type=\"column\">\n\t\t\t<div class=\"elementor-widget-wrap elementor-element-populated\">\n\t\t\t\t\t\t<div class=\"elementor-element elementor-element-5b38f18d elementor-widget elementor-widget-spacer\" data-id=\"5b38f18d\" data-element_type=\"widget\" data-e-type=\"widget\" data-widget_type=\"spacer.default\">\n\t\t\t\t<div class=\"elementor-widget-container\">\n\t\t\t\t\t\t\t<div class=\"elementor-spacer\">\n\t\t\t<div class=\"elementor-spacer-inner\"><\/div>\n\t\t<\/div>\n\t\t\t\t\t\t<\/div>\n\t\t\t\t<\/div>\n\t\t\t\t\t<\/div>\n\t\t<\/div>\n\t\t\t\t\t<\/div>\n\t\t<\/section>\n\t\t\t\t<\/div>\n\t\t","protected":false},"excerpt":{"rendered":"<p>Ukus menta i limeta Bez konzervansa Aluminijumska limenka koja se mo\u017ee 100% reciklirati bez gubitka kvalitete \u017delite li biti na odmoru tokom cijele godine, a ne samo dvije sedmice? Onda je vrijeme da spakujete kofere! Svaki gutljaj gaziranog bezalkoholnog napitka XIXO Mojito Limunada je kao karipski povjetarac, sunce, palme, sve zatvoreno u limenku. Uzbudljivi, blago [&hellip;]<\/p>\n","protected":false},"author":1,"featured_media":0,"parent":7024,"menu_order":0,"comment_status":"closed","ping_status":"closed","template":"elementor_header_footer","meta":{"footnotes":""},"class_list":["post-9272","page","type-page","status-publish","hentry"],"_links":{"self":[{"href":"https:\/\/xixodrinks.com\/bs\/wp-json\/wp\/v2\/pages\/9272","targetHints":{"allow":["GET"]}}],"collection":[{"href":"https:\/\/xixodrinks.com\/bs\/wp-json\/wp\/v2\/pages"}],"about":[{"href":"https:\/\/xixodrinks.com\/bs\/wp-json\/wp\/v2\/types\/page"}],"author":[{"embeddable":true,"href":"https:\/\/xixodrinks.com\/bs\/wp-json\/wp\/v2\/users\/1"}],"replies":[{"embeddable":true,"href":"https:\/\/xixodrinks.com\/bs\/wp-json\/wp\/v2\/comments?post=9272"}],"version-history":[{"count":4,"href":"https:\/\/xixodrinks.com\/bs\/wp-json\/wp\/v2\/pages\/9272\/revisions"}],"predecessor-version":[{"id":9309,"href":"https:\/\/xixodrinks.com\/bs\/wp-json\/wp\/v2\/pages\/9272\/revisions\/9309"}],"up":[{"embeddable":true,"href":"https:\/\/xixodrinks.com\/bs\/wp-json\/wp\/v2\/pages\/7024"}],"wp:attachment":[{"href":"https:\/\/xixodrinks.com\/bs\/wp-json\/wp\/v2\/media?parent=9272"}],"curies":[{"name":"wp","href":"https:\/\/api.w.org\/{rel}","templated":true}]}}