{"id":4908,"date":"2024-03-31T11:03:00","date_gmt":"2024-03-31T09:03:00","guid":{"rendered":"https:\/\/xixodrinks.com\/izdelki\/csd\/xixo-cola\/"},"modified":"2024-04-30T17:45:25","modified_gmt":"2024-04-30T15:45:25","slug":"xixo-cola","status":"publish","type":"page","link":"https:\/\/xixodrinks.com\/cs\/izdelki\/csd\/xixo-cola\/","title":{"rendered":"XIXO COLA"},"content":{"rendered":"\t\t<div data-elementor-type=\"wp-page\" data-elementor-id=\"4908\" class=\"elementor elementor-4908 elementor-4309\" data-elementor-post-type=\"page\">\n\t\t\t\t\t\t<section class=\"elementor-section elementor-top-section elementor-element elementor-element-377c31f4 elementor-section-boxed elementor-section-height-default elementor-section-height-default\" data-id=\"377c31f4\" data-element_type=\"section\" data-e-type=\"section\">\n\t\t\t\t\t\t<div class=\"elementor-container elementor-column-gap-default\">\n\t\t\t\t\t<div class=\"elementor-column elementor-col-100 elementor-top-column elementor-element elementor-element-654d9332\" data-id=\"654d9332\" data-element_type=\"column\" data-e-type=\"column\">\n\t\t\t<div class=\"elementor-widget-wrap elementor-element-populated\">\n\t\t\t\t\t\t<div class=\"elementor-element elementor-element-2232433f elementor-widget elementor-widget-spacer\" data-id=\"2232433f\" data-element_type=\"widget\" data-e-type=\"widget\" data-widget_type=\"spacer.default\">\n\t\t\t\t<div class=\"elementor-widget-container\">\n\t\t\t\t\t\t\t<div class=\"elementor-spacer\">\n\t\t\t<div class=\"elementor-spacer-inner\"><\/div>\n\t\t<\/div>\n\t\t\t\t\t\t<\/div>\n\t\t\t\t<\/div>\n\t\t\t\t\t<\/div>\n\t\t<\/div>\n\t\t\t\t\t<\/div>\n\t\t<\/section>\n\t\t\t\t<section class=\"elementor-section elementor-top-section elementor-element elementor-element-7b219432 elementor-section-boxed elementor-section-height-default elementor-section-height-default\" data-id=\"7b219432\" data-element_type=\"section\" data-e-type=\"section\">\n\t\t\t\t\t\t<div class=\"elementor-container elementor-column-gap-default\">\n\t\t\t\t\t<div class=\"elementor-column elementor-col-50 elementor-top-column elementor-element elementor-element-6ad90400\" data-id=\"6ad90400\" data-element_type=\"column\" data-e-type=\"column\">\n\t\t\t<div class=\"elementor-widget-wrap elementor-element-populated\">\n\t\t\t\t\t\t<div class=\"elementor-element elementor-element-2eac6549 elementor-widget elementor-widget-text-editor\" data-id=\"2eac6549\" data-element_type=\"widget\" data-e-type=\"widget\" data-widget_type=\"text-editor.default\">\n\t\t\t\t<div class=\"elementor-widget-container\">\n\t\t\t\t\t\t\t\t\t<ul><li>Neobsahuje \u017e\u00e1dn\u00e9 konzerva\u010dn\u00ed l\u00e1tky<\/li><li>Nekone\u010dn\u011b a 100% recyklovateln\u00fd hlin\u00edkov\u00fd obal, \u0161etrn\u00fd k \u017eivotn\u00edmu prost\u0159ed\u00ed<\/li><\/ul>\t\t\t\t\t\t\t\t<\/div>\n\t\t\t\t<\/div>\n\t\t\t\t<div class=\"elementor-element elementor-element-692eda6 elementor-widget elementor-widget-text-editor\" data-id=\"692eda6\" data-element_type=\"widget\" data-e-type=\"widget\" data-widget_type=\"text-editor.default\">\n\t\t\t\t<div class=\"elementor-widget-container\">\n\t\t\t\t\t\t\t\t\t<p>Vyzkou\u0161ejte n\u00e1\u0161 sycen\u00fd nealkoholick\u00fd n\u00e1poj s p\u0159\u00edchut\u00ed coly podle speci\u00e1ln\u00ed receptury, kter\u00fd neobsahuje konzerva\u010dn\u00ed l\u00e1tky. P\u0159i tvorb\u011b t\u00e9to receptury jsme m\u011bli na pam\u011bti nejen to, \u017ee v\u00fdsledek by m\u011bl b\u00fdt lahodn\u00fd a sladk\u00fd, ale museli jsme v\u011bnovat zvl\u00e1\u0161tn\u00ed pozornost tak\u00e9 vhodn\u00e9mu obsahu oxidu uhli\u010dit\u00e9ho. XIXO Cola nab\u00edz\u00ed dokonalou harmonii t\u011bchto vlastnost\u00ed, a\u0165 se pije ze sklenice, nebo p\u0159\u00edmo z plechovky. B\u011bhem procesu v\u00fdvoje receptury bylo c\u00edlem nejen vytvo\u0159it chutn\u00fd, pr\u00e9miov\u00fd n\u00e1poj, ale tak\u00e9 vytvo\u0159it chu\u0165, kter\u00e1 bude v\u00a0podstat\u011b st\u0159edem mezi dv\u011bma extr\u00e9my, kter\u00e9 dominuj\u00ed trhu: n\u011bkter\u00e9 coly maj\u00ed v\u00edce citronovou p\u0159\u00edchu\u0165, zat\u00edmco jin\u00e9 evokuj\u00ed pikantn\u011b-vanilkovou chu\u0165. Komplexnost coly vych\u00e1z\u00ed z nalezen\u00ed rovnov\u00e1hy mezi t\u011bmito p\u0159\u00edchut\u011bmi a v\u00fdsledkem je mainstreamov\u00e1 chu\u0165, kter\u00e1 dokonale vyhovuje pot\u0159eb\u00e1m v\u011bt\u0161iny spot\u0159ebitel\u016f. Ochutnejte n\u00e1\u0161 sycen\u00fd nealkoholick\u00fd n\u00e1poj s p\u0159\u00edchut\u00ed coly, vyroben\u00fd podle inovativn\u00ed receptury! A nemus\u00edte se ob\u00e1vat ani obsahu kofeinu, proto\u017ee tento v\u00fdrobek obsahuje pouze 13 mg\/100 ml.<\/p>\t\t\t\t\t\t\t\t<\/div>\n\t\t\t\t<\/div>\n\t\t\t\t\t<\/div>\n\t\t<\/div>\n\t\t\t\t<div class=\"elementor-column elementor-col-50 elementor-top-column elementor-element elementor-element-a568ec7\" data-id=\"a568ec7\" data-element_type=\"column\" data-e-type=\"column\">\n\t\t\t<div class=\"elementor-widget-wrap elementor-element-populated\">\n\t\t\t\t\t\t<div class=\"elementor-element elementor-element-7ba8da4a animated-slow elementor-invisible elementor-widget elementor-widget-image\" data-id=\"7ba8da4a\" data-element_type=\"widget\" data-e-type=\"widget\" data-settings=\"{&quot;_animation&quot;:&quot;fadeIn&quot;}\" data-widget_type=\"image.default\">\n\t\t\t\t<div class=\"elementor-widget-container\">\n\t\t\t\t\t\t\t\t\t\t\t\t\t\t\t<img decoding=\"async\" src=\"https:\/\/xixodrinks.com\/wp-content\/uploads\/elementor\/thumbs\/XIXO_COLA_2023_HU_02-3-rezimeen7v9szzwmpm10cw6bki7fvqgosujqgdsdfk.png\" title=\"XIXO_COLA_2023_HU_02 (3)\" alt=\"XIXO_COLA_2023_HU_02 (3)\" loading=\"lazy\" \/>\t\t\t\t\t\t\t\t\t\t\t\t\t\t\t<\/div>\n\t\t\t\t<\/div>\n\t\t\t\t\t<\/div>\n\t\t<\/div>\n\t\t\t\t\t<\/div>\n\t\t<\/section>\n\t\t\t\t<section class=\"elementor-section elementor-top-section elementor-element elementor-element-f74b68a elementor-section-boxed elementor-section-height-default elementor-section-height-default\" data-id=\"f74b68a\" data-element_type=\"section\" data-e-type=\"section\">\n\t\t\t\t\t\t<div class=\"elementor-container elementor-column-gap-default\">\n\t\t\t\t\t<div class=\"elementor-column elementor-col-100 elementor-top-column elementor-element elementor-element-fab6f3d\" data-id=\"fab6f3d\" data-element_type=\"column\" data-e-type=\"column\">\n\t\t\t<div class=\"elementor-widget-wrap elementor-element-populated\">\n\t\t\t\t\t\t<div class=\"elementor-element elementor-element-7c776fdf elementor-widget elementor-widget-spacer\" data-id=\"7c776fdf\" data-element_type=\"widget\" data-e-type=\"widget\" data-widget_type=\"spacer.default\">\n\t\t\t\t<div class=\"elementor-widget-container\">\n\t\t\t\t\t\t\t<div class=\"elementor-spacer\">\n\t\t\t<div class=\"elementor-spacer-inner\"><\/div>\n\t\t<\/div>\n\t\t\t\t\t\t<\/div>\n\t\t\t\t<\/div>\n\t\t\t\t\t<\/div>\n\t\t<\/div>\n\t\t\t\t\t<\/div>\n\t\t<\/section>\n\t\t\t\t<\/div>\n\t\t","protected":false},"excerpt":{"rendered":"<p>Neobsahuje \u017e\u00e1dn\u00e9 konzerva\u010dn\u00ed l\u00e1tky Nekone\u010dn\u011b a 100% recyklovateln\u00fd hlin\u00edkov\u00fd obal, \u0161etrn\u00fd k \u017eivotn\u00edmu prost\u0159ed\u00ed Vyzkou\u0161ejte n\u00e1\u0161 sycen\u00fd nealkoholick\u00fd n\u00e1poj s p\u0159\u00edchut\u00ed coly podle speci\u00e1ln\u00ed receptury, kter\u00fd neobsahuje konzerva\u010dn\u00ed l\u00e1tky. P\u0159i tvorb\u011b t\u00e9to receptury jsme m\u011bli na pam\u011bti nejen to, \u017ee v\u00fdsledek by m\u011bl b\u00fdt lahodn\u00fd a sladk\u00fd, ale museli jsme v\u011bnovat zvl\u00e1\u0161tn\u00ed pozornost tak\u00e9 vhodn\u00e9mu [&hellip;]<\/p>\n","protected":false},"author":1,"featured_media":0,"parent":4627,"menu_order":0,"comment_status":"closed","ping_status":"closed","template":"elementor_header_footer","meta":{"footnotes":""},"class_list":["post-4908","page","type-page","status-publish","hentry"],"_links":{"self":[{"href":"https:\/\/xixodrinks.com\/cs\/wp-json\/wp\/v2\/pages\/4908","targetHints":{"allow":["GET"]}}],"collection":[{"href":"https:\/\/xixodrinks.com\/cs\/wp-json\/wp\/v2\/pages"}],"about":[{"href":"https:\/\/xixodrinks.com\/cs\/wp-json\/wp\/v2\/types\/page"}],"author":[{"embeddable":true,"href":"https:\/\/xixodrinks.com\/cs\/wp-json\/wp\/v2\/users\/1"}],"replies":[{"embeddable":true,"href":"https:\/\/xixodrinks.com\/cs\/wp-json\/wp\/v2\/comments?post=4908"}],"version-history":[{"count":8,"href":"https:\/\/xixodrinks.com\/cs\/wp-json\/wp\/v2\/pages\/4908\/revisions"}],"predecessor-version":[{"id":6282,"href":"https:\/\/xixodrinks.com\/cs\/wp-json\/wp\/v2\/pages\/4908\/revisions\/6282"}],"up":[{"embeddable":true,"href":"https:\/\/xixodrinks.com\/cs\/wp-json\/wp\/v2\/pages\/4627"}],"wp:attachment":[{"href":"https:\/\/xixodrinks.com\/cs\/wp-json\/wp\/v2\/media?parent=4908"}],"curies":[{"name":"wp","href":"https:\/\/api.w.org\/{rel}","templated":true}]}}