{"id":4910,"date":"2024-03-31T11:00:25","date_gmt":"2024-03-31T09:00:25","guid":{"rendered":"https:\/\/xixodrinks.com\/izdelki\/csd\/xixo-tutti-fruity\/"},"modified":"2024-04-30T17:46:16","modified_gmt":"2024-04-30T15:46:16","slug":"xixo-tutti-fruity","status":"publish","type":"page","link":"https:\/\/xixodrinks.com\/cs\/izdelki\/csd\/xixo-tutti-fruity\/","title":{"rendered":"XIXO TUTTI FRUITY"},"content":{"rendered":"\t\t<div data-elementor-type=\"wp-page\" data-elementor-id=\"4910\" class=\"elementor elementor-4910 elementor-4297\" data-elementor-post-type=\"page\">\n\t\t\t\t\t\t<section class=\"elementor-section elementor-top-section elementor-element elementor-element-15d953c9 elementor-section-boxed elementor-section-height-default elementor-section-height-default\" data-id=\"15d953c9\" data-element_type=\"section\" data-e-type=\"section\">\n\t\t\t\t\t\t<div class=\"elementor-container elementor-column-gap-default\">\n\t\t\t\t\t<div class=\"elementor-column elementor-col-100 elementor-top-column elementor-element elementor-element-5c316a4f\" data-id=\"5c316a4f\" data-element_type=\"column\" data-e-type=\"column\">\n\t\t\t<div class=\"elementor-widget-wrap elementor-element-populated\">\n\t\t\t\t\t\t<div class=\"elementor-element elementor-element-6fb027fe elementor-widget elementor-widget-spacer\" data-id=\"6fb027fe\" data-element_type=\"widget\" data-e-type=\"widget\" data-widget_type=\"spacer.default\">\n\t\t\t\t<div class=\"elementor-widget-container\">\n\t\t\t\t\t\t\t<div class=\"elementor-spacer\">\n\t\t\t<div class=\"elementor-spacer-inner\"><\/div>\n\t\t<\/div>\n\t\t\t\t\t\t<\/div>\n\t\t\t\t<\/div>\n\t\t\t\t\t<\/div>\n\t\t<\/div>\n\t\t\t\t\t<\/div>\n\t\t<\/section>\n\t\t\t\t<section class=\"elementor-section elementor-top-section elementor-element elementor-element-6e187278 elementor-section-boxed elementor-section-height-default elementor-section-height-default\" data-id=\"6e187278\" data-element_type=\"section\" data-e-type=\"section\">\n\t\t\t\t\t\t<div class=\"elementor-container elementor-column-gap-default\">\n\t\t\t\t\t<div class=\"elementor-column elementor-col-50 elementor-top-column elementor-element elementor-element-22bbc000\" data-id=\"22bbc000\" data-element_type=\"column\" data-e-type=\"column\">\n\t\t\t<div class=\"elementor-widget-wrap elementor-element-populated\">\n\t\t\t\t\t\t<div class=\"elementor-element elementor-element-19973ac elementor-widget elementor-widget-text-editor\" data-id=\"19973ac\" data-element_type=\"widget\" data-e-type=\"widget\" data-widget_type=\"text-editor.default\">\n\t\t\t\t<div class=\"elementor-widget-container\">\n\t\t\t\t\t\t\t\t\t<ul><li><strong>Bez kofeinu<\/strong><\/li><li><strong>Obsahuje vitam\u00edny B2, B3, B5, B6, B12 a C<\/strong><\/li><li><strong>Neobsahuje \u017e\u00e1dn\u00e9 konzerva\u010dn\u00ed l\u00e1tky<\/strong><\/li><li><strong>Neobsahuje aspartam<\/strong><\/li><\/ul>\t\t\t\t\t\t\t\t<\/div>\n\t\t\t\t<\/div>\n\t\t\t\t<div class=\"elementor-element elementor-element-7d8ef0de elementor-widget elementor-widget-text-editor\" data-id=\"7d8ef0de\" data-element_type=\"widget\" data-e-type=\"widget\" data-widget_type=\"text-editor.default\">\n\t\t\t\t<div class=\"elementor-widget-container\">\n\t\t\t\t\t\t\t\t\t<p>Inovativn\u00ed p\u0159\u00edchu\u0165, kter\u00e1 je ide\u00e1ln\u00ed volbou pro milovn\u00edky chuti energetick\u00fdch n\u00e1poj\u016f, kte\u0159\u00ed si cht\u011bj\u00ed vychutnat pocit tutti frutti, ale bez kofeinu.<\/p><p>Nejnov\u011bj\u0161\u00ed v\u00fdrobek XIXO je nealkoholick\u00fd n\u00e1poj, kter\u00fd poskytuje osv\u011b\u017een\u00ed t\u011bm, kte\u0159\u00ed ji\u017e jsou konzumenty energetick\u00fdch n\u00e1poj\u016f, i budouc\u00edm generac\u00edm! Most mezi dv\u011bma kategoriemi s modern\u00ed chut\u00ed a trendy designem.<\/p><p>Sycen\u00fd nealkoholick\u00fd n\u00e1poj s vynikaj\u00edc\u00ed chut\u00ed tutti frutti. Obsahuje vitaminy B2, B3, B5, B6, B12 a C, neobsahuje kofein a taurin. Samotn\u00fd n\u00e1poj je slazen st\u00e9vi\u00ed, frukt\u00f3zou a neobsahuje \u017e\u00e1dn\u00e9 konzerva\u010dn\u00ed l\u00e1tky. Obal o objemu 250 ml, je jako obvykle hlin\u00edkov\u00fd, co\u017e znamen\u00e1, \u017ee je nekone\u010dn\u011b recyklovateln\u00fd.<\/p>\t\t\t\t\t\t\t\t<\/div>\n\t\t\t\t<\/div>\n\t\t\t\t\t<\/div>\n\t\t<\/div>\n\t\t\t\t<div class=\"elementor-column elementor-col-50 elementor-top-column elementor-element elementor-element-64028666\" data-id=\"64028666\" data-element_type=\"column\" data-e-type=\"column\">\n\t\t\t<div class=\"elementor-widget-wrap elementor-element-populated\">\n\t\t\t\t\t\t<div class=\"elementor-element elementor-element-7f61d47c animated-slow elementor-invisible elementor-widget elementor-widget-image\" data-id=\"7f61d47c\" data-element_type=\"widget\" data-e-type=\"widget\" data-settings=\"{&quot;_animation&quot;:&quot;fadeIn&quot;}\" data-widget_type=\"image.default\">\n\t\t\t\t<div class=\"elementor-widget-container\">\n\t\t\t\t\t\t\t\t\t\t\t\t\t\t\t<img decoding=\"async\" src=\"https:\/\/xixodrinks.com\/wp-content\/uploads\/elementor\/thumbs\/XIXO_TuttiFruity_can-rezim8rm2v232c4tmjl8xxlk06z8ljuas2mtkq0qgw.png\" title=\"XIXO_TuttiFruity_can\" alt=\"XIXO_TuttiFruity_can\" loading=\"lazy\" \/>\t\t\t\t\t\t\t\t\t\t\t\t\t\t\t<\/div>\n\t\t\t\t<\/div>\n\t\t\t\t\t<\/div>\n\t\t<\/div>\n\t\t\t\t\t<\/div>\n\t\t<\/section>\n\t\t\t\t<section class=\"elementor-section elementor-top-section elementor-element elementor-element-6efbef8 elementor-section-boxed elementor-section-height-default elementor-section-height-default\" data-id=\"6efbef8\" data-element_type=\"section\" data-e-type=\"section\">\n\t\t\t\t\t\t<div class=\"elementor-container elementor-column-gap-default\">\n\t\t\t\t\t<div class=\"elementor-column elementor-col-100 elementor-top-column elementor-element elementor-element-da177e9\" data-id=\"da177e9\" data-element_type=\"column\" data-e-type=\"column\">\n\t\t\t<div class=\"elementor-widget-wrap elementor-element-populated\">\n\t\t\t\t\t\t<div class=\"elementor-element elementor-element-3b336a90 elementor-widget elementor-widget-spacer\" data-id=\"3b336a90\" data-element_type=\"widget\" data-e-type=\"widget\" data-widget_type=\"spacer.default\">\n\t\t\t\t<div class=\"elementor-widget-container\">\n\t\t\t\t\t\t\t<div class=\"elementor-spacer\">\n\t\t\t<div class=\"elementor-spacer-inner\"><\/div>\n\t\t<\/div>\n\t\t\t\t\t\t<\/div>\n\t\t\t\t<\/div>\n\t\t\t\t\t<\/div>\n\t\t<\/div>\n\t\t\t\t\t<\/div>\n\t\t<\/section>\n\t\t\t\t<\/div>\n\t\t","protected":false},"excerpt":{"rendered":"<p>Bez kofeinu Obsahuje vitam\u00edny B2, B3, B5, B6, B12 a C Neobsahuje \u017e\u00e1dn\u00e9 konzerva\u010dn\u00ed l\u00e1tky Neobsahuje aspartam Inovativn\u00ed p\u0159\u00edchu\u0165, kter\u00e1 je ide\u00e1ln\u00ed volbou pro milovn\u00edky chuti energetick\u00fdch n\u00e1poj\u016f, kte\u0159\u00ed si cht\u011bj\u00ed vychutnat pocit tutti frutti, ale bez kofeinu. Nejnov\u011bj\u0161\u00ed v\u00fdrobek XIXO je nealkoholick\u00fd n\u00e1poj, kter\u00fd poskytuje osv\u011b\u017een\u00ed t\u011bm, kte\u0159\u00ed ji\u017e jsou konzumenty energetick\u00fdch n\u00e1poj\u016f, i [&hellip;]<\/p>\n","protected":false},"author":1,"featured_media":0,"parent":4627,"menu_order":0,"comment_status":"closed","ping_status":"closed","template":"elementor_header_footer","meta":{"footnotes":""},"class_list":["post-4910","page","type-page","status-publish","hentry"],"_links":{"self":[{"href":"https:\/\/xixodrinks.com\/cs\/wp-json\/wp\/v2\/pages\/4910","targetHints":{"allow":["GET"]}}],"collection":[{"href":"https:\/\/xixodrinks.com\/cs\/wp-json\/wp\/v2\/pages"}],"about":[{"href":"https:\/\/xixodrinks.com\/cs\/wp-json\/wp\/v2\/types\/page"}],"author":[{"embeddable":true,"href":"https:\/\/xixodrinks.com\/cs\/wp-json\/wp\/v2\/users\/1"}],"replies":[{"embeddable":true,"href":"https:\/\/xixodrinks.com\/cs\/wp-json\/wp\/v2\/comments?post=4910"}],"version-history":[{"count":7,"href":"https:\/\/xixodrinks.com\/cs\/wp-json\/wp\/v2\/pages\/4910\/revisions"}],"predecessor-version":[{"id":6285,"href":"https:\/\/xixodrinks.com\/cs\/wp-json\/wp\/v2\/pages\/4910\/revisions\/6285"}],"up":[{"embeddable":true,"href":"https:\/\/xixodrinks.com\/cs\/wp-json\/wp\/v2\/pages\/4627"}],"wp:attachment":[{"href":"https:\/\/xixodrinks.com\/cs\/wp-json\/wp\/v2\/media?parent=4910"}],"curies":[{"name":"wp","href":"https:\/\/api.w.org\/{rel}","templated":true}]}}