{"id":5099,"date":"2024-03-31T09:49:51","date_gmt":"2024-03-31T07:49:51","guid":{"rendered":"https:\/\/xixodrinks.com\/xixo\/"},"modified":"2024-04-30T17:47:22","modified_gmt":"2024-04-30T15:47:22","slug":"o-nas","status":"publish","type":"page","link":"https:\/\/xixodrinks.com\/cs\/o-nas\/","title":{"rendered":"O n\u00e1s"},"content":{"rendered":"\t\t<div data-elementor-type=\"wp-page\" data-elementor-id=\"5099\" class=\"elementor elementor-5099 elementor-4024\" data-elementor-post-type=\"page\">\n\t\t\t\t\t\t<section class=\"elementor-section elementor-top-section elementor-element elementor-element-6040fca0 elementor-section-full_width elementor-section-stretched elementor-section-height-default elementor-section-height-default\" data-id=\"6040fca0\" data-element_type=\"section\" data-e-type=\"section\" data-settings=\"{&quot;stretch_section&quot;:&quot;section-stretched&quot;}\">\n\t\t\t\t\t\t<div class=\"elementor-container elementor-column-gap-no\">\n\t\t\t\t\t<div class=\"elementor-column elementor-col-100 elementor-top-column elementor-element elementor-element-fb6b441\" data-id=\"fb6b441\" data-element_type=\"column\" data-e-type=\"column\">\n\t\t\t<div class=\"elementor-widget-wrap elementor-element-populated\">\n\t\t\t\t\t\t<div class=\"elementor-element elementor-element-32bf4a29 elementor-widget elementor-widget-image\" data-id=\"32bf4a29\" data-element_type=\"widget\" data-e-type=\"widget\" data-widget_type=\"image.default\">\n\t\t\t\t<div class=\"elementor-widget-container\">\n\t\t\t\t\t\t\t\t\t\t\t\t\t\t\t<img fetchpriority=\"high\" decoding=\"async\" width=\"2560\" height=\"500\" src=\"https:\/\/xixodrinks.com\/wp-content\/uploads\/2022\/05\/Xixo_Web_2560x500_gyartosor.jpg\" class=\"attachment-full size-full wp-image-2746\" alt=\"\" srcset=\"https:\/\/xixodrinks.com\/wp-content\/uploads\/2022\/05\/Xixo_Web_2560x500_gyartosor.jpg 2560w, https:\/\/xixodrinks.com\/wp-content\/uploads\/2022\/05\/Xixo_Web_2560x500_gyartosor-300x59.jpg 300w, https:\/\/xixodrinks.com\/wp-content\/uploads\/2022\/05\/Xixo_Web_2560x500_gyartosor-1024x200.jpg 1024w, https:\/\/xixodrinks.com\/wp-content\/uploads\/2022\/05\/Xixo_Web_2560x500_gyartosor-768x150.jpg 768w, https:\/\/xixodrinks.com\/wp-content\/uploads\/2022\/05\/Xixo_Web_2560x500_gyartosor-1536x300.jpg 1536w, https:\/\/xixodrinks.com\/wp-content\/uploads\/2022\/05\/Xixo_Web_2560x500_gyartosor-2048x400.jpg 2048w\" sizes=\"(max-width: 2560px) 100vw, 2560px\" \/>\t\t\t\t\t\t\t\t\t\t\t\t\t\t\t<\/div>\n\t\t\t\t<\/div>\n\t\t\t\t\t<\/div>\n\t\t<\/div>\n\t\t\t\t\t<\/div>\n\t\t<\/section>\n\t\t\t\t<section class=\"elementor-section elementor-top-section elementor-element elementor-element-4695e514 elementor-section-boxed elementor-section-height-default elementor-section-height-default\" data-id=\"4695e514\" data-element_type=\"section\" data-e-type=\"section\">\n\t\t\t\t\t\t<div class=\"elementor-container elementor-column-gap-default\">\n\t\t\t\t\t<div class=\"elementor-column elementor-col-100 elementor-top-column elementor-element elementor-element-43e2d586\" data-id=\"43e2d586\" data-element_type=\"column\" data-e-type=\"column\">\n\t\t\t<div class=\"elementor-widget-wrap elementor-element-populated\">\n\t\t\t\t\t\t<div class=\"elementor-element elementor-element-4a047263 elementor-widget elementor-widget-heading\" data-id=\"4a047263\" data-element_type=\"widget\" data-e-type=\"widget\" data-widget_type=\"heading.default\">\n\t\t\t\t<div class=\"elementor-widget-container\">\n\t\t\t\t\t<h2 class=\"elementor-heading-title elementor-size-default\">XIXO<\/h2>\t\t\t\t<\/div>\n\t\t\t\t<\/div>\n\t\t\t\t\t<\/div>\n\t\t<\/div>\n\t\t\t\t\t<\/div>\n\t\t<\/section>\n\t\t\t\t<section class=\"elementor-section elementor-top-section elementor-element elementor-element-36589613 elementor-section-boxed elementor-section-height-default elementor-section-height-default\" data-id=\"36589613\" data-element_type=\"section\" data-e-type=\"section\">\n\t\t\t\t\t\t<div class=\"elementor-container elementor-column-gap-default\">\n\t\t\t\t\t<div class=\"elementor-column elementor-col-100 elementor-top-column elementor-element elementor-element-9413256\" data-id=\"9413256\" data-element_type=\"column\" data-e-type=\"column\">\n\t\t\t<div class=\"elementor-widget-wrap elementor-element-populated\">\n\t\t\t\t\t\t<div class=\"elementor-element elementor-element-2bbab1c1 elementor-widget elementor-widget-text-editor\" data-id=\"2bbab1c1\" data-element_type=\"widget\" data-e-type=\"widget\" data-widget_type=\"text-editor.default\">\n\t\t\t\t<div class=\"elementor-widget-container\">\n\t\t\t\t\t\t\t\t\t<p>Od roku 2013 spojuje zna\u010dka XIXO v\u0161e pot\u0159ebn\u00e9 k vytvo\u0159en\u00ed jedine\u010dn\u00e9ho spot\u0159ebitelsk\u00e9ho z\u00e1\u017eitku. Na\u0161e v\u00fdrobky jsou vyr\u00e1b\u011bny z vybran\u00fdch, kvalitn\u00edch surovin a s d\u016frazem na zdrav\u00ed. Na\u0161e zna\u010dka je proslul\u00e1 svou inovativnost\u00ed, odvahou, mladistvost\u00ed a citlivost\u00ed v\u016f\u010di trend\u016fm a na\u0161i v\u00fdvoj\u00e1\u0159i neust\u00e1le pracuj\u00ed na vytv\u00e1\u0159en\u00ed harmonick\u00fdch receptur za pou\u017eit\u00ed t\u011bch nejkvalitn\u011bj\u0161\u00edch surovin.<\/p><p>Na\u0161e sycen\u00e9 n\u00e1poje jsou vyr\u00e1b\u011bny ze st\u00e9vie a frukt\u00f3zy, bez aspartamu a konzerva\u010dn\u00edch l\u00e1tek. Tajemstv\u00edm \u00fasp\u011bchu na\u0161ich ledov\u00fdch \u010daj\u016f je \u0161irok\u00e1 \u0161k\u00e1la p\u0159\u00edchut\u00ed, p\u0159ijateln\u00e1 cena, p\u0159\u00edrodn\u00ed \u010dajov\u00fd extrakt a prav\u00e1 \u0161\u0165\u00e1va. Na\u0161e \u0159ada Tutti-Fruity vtrhla do pov\u011bdom\u00ed ve\u0159ejnosti v roce 2022 jako skute\u010dn\u00e1 inovace a rychle se stala obl\u00edbenou mezi spot\u0159ebiteli v Ma\u010farsku. N\u00e1poje Tutti-Fruity jsou k dispozici v r\u016fzn\u00fdch p\u0159\u00edchut\u00edch, p\u0159irozen\u011b bez kofeinu, s p\u0159idan\u00fdmi vitam\u00edny a bez konzerva\u010dn\u00edch l\u00e1tek.<\/p><p>Zna\u010dka XIXO se vyzna\u010duje tak\u00e9 ekologicky \u0161etrn\u00fdmi obaly, proto\u017ee na\u0161e v\u00fdrobky jsou vyrobeny ji\u017e z\u00a0recyklovan\u00fdch hlin\u00edkov\u00fdch materi\u00e1l\u016f, kter\u00e9 jsou 100% recyklovateln\u00e9. Sycen\u00e9 n\u00e1poje XIXO jsou baleny v\u00fdhradn\u011b do hlin\u00edkov\u00fdch plechovek, co\u017e tak\u00e9 znamen\u00e1, \u017ee na\u0161e spole\u010dnost v tomto sortimentu zcela eliminovala PET obaly.<\/p>\t\t\t\t\t\t\t\t<\/div>\n\t\t\t\t<\/div>\n\t\t\t\t<div class=\"elementor-element elementor-element-34b8b259 elementor-widget elementor-widget-spacer\" data-id=\"34b8b259\" data-element_type=\"widget\" data-e-type=\"widget\" data-widget_type=\"spacer.default\">\n\t\t\t\t<div class=\"elementor-widget-container\">\n\t\t\t\t\t\t\t<div class=\"elementor-spacer\">\n\t\t\t<div class=\"elementor-spacer-inner\"><\/div>\n\t\t<\/div>\n\t\t\t\t\t\t<\/div>\n\t\t\t\t<\/div>\n\t\t\t\t\t<\/div>\n\t\t<\/div>\n\t\t\t\t\t<\/div>\n\t\t<\/section>\n\t\t\t\t<\/div>\n\t\t","protected":false},"excerpt":{"rendered":"<p>XIXO Od roku 2013 spojuje zna\u010dka XIXO v\u0161e pot\u0159ebn\u00e9 k vytvo\u0159en\u00ed jedine\u010dn\u00e9ho spot\u0159ebitelsk\u00e9ho z\u00e1\u017eitku. Na\u0161e v\u00fdrobky jsou vyr\u00e1b\u011bny z vybran\u00fdch, kvalitn\u00edch surovin a s d\u016frazem na zdrav\u00ed. Na\u0161e zna\u010dka je proslul\u00e1 svou inovativnost\u00ed, odvahou, mladistvost\u00ed a citlivost\u00ed v\u016f\u010di trend\u016fm a na\u0161i v\u00fdvoj\u00e1\u0159i neust\u00e1le pracuj\u00ed na vytv\u00e1\u0159en\u00ed harmonick\u00fdch receptur za pou\u017eit\u00ed t\u011bch nejkvalitn\u011bj\u0161\u00edch surovin. Na\u0161e sycen\u00e9 [&hellip;]<\/p>\n","protected":false},"author":1,"featured_media":0,"parent":0,"menu_order":0,"comment_status":"closed","ping_status":"closed","template":"elementor_header_footer","meta":{"footnotes":""},"class_list":["post-5099","page","type-page","status-publish","hentry"],"_links":{"self":[{"href":"https:\/\/xixodrinks.com\/cs\/wp-json\/wp\/v2\/pages\/5099","targetHints":{"allow":["GET"]}}],"collection":[{"href":"https:\/\/xixodrinks.com\/cs\/wp-json\/wp\/v2\/pages"}],"about":[{"href":"https:\/\/xixodrinks.com\/cs\/wp-json\/wp\/v2\/types\/page"}],"author":[{"embeddable":true,"href":"https:\/\/xixodrinks.com\/cs\/wp-json\/wp\/v2\/users\/1"}],"replies":[{"embeddable":true,"href":"https:\/\/xixodrinks.com\/cs\/wp-json\/wp\/v2\/comments?post=5099"}],"version-history":[{"count":10,"href":"https:\/\/xixodrinks.com\/cs\/wp-json\/wp\/v2\/pages\/5099\/revisions"}],"predecessor-version":[{"id":6291,"href":"https:\/\/xixodrinks.com\/cs\/wp-json\/wp\/v2\/pages\/5099\/revisions\/6291"}],"wp:attachment":[{"href":"https:\/\/xixodrinks.com\/cs\/wp-json\/wp\/v2\/media?parent=5099"}],"curies":[{"name":"wp","href":"https:\/\/api.w.org\/{rel}","templated":true}]}}