{"id":5217,"date":"2024-04-03T19:41:49","date_gmt":"2024-04-03T17:41:49","guid":{"rendered":"https:\/\/xixodrinks.com\/udrzitelnost\/"},"modified":"2024-05-08T11:27:12","modified_gmt":"2024-05-08T09:27:12","slug":"udrzitelnost","status":"publish","type":"page","link":"https:\/\/xixodrinks.com\/cs\/udrzitelnost\/","title":{"rendered":"Udr\u017eitelnost"},"content":{"rendered":"\t\t<div data-elementor-type=\"wp-page\" data-elementor-id=\"5217\" class=\"elementor elementor-5217 elementor-5177\" data-elementor-post-type=\"page\">\n\t\t\t\t\t\t<section class=\"elementor-section elementor-top-section elementor-element elementor-element-2747cc6 elementor-section-boxed elementor-section-height-default elementor-section-height-default\" data-id=\"2747cc6\" data-element_type=\"section\" data-e-type=\"section\">\n\t\t\t\t\t\t<div class=\"elementor-container elementor-column-gap-default\">\n\t\t\t\t\t<div class=\"elementor-column elementor-col-100 elementor-top-column elementor-element elementor-element-8dbadee\" data-id=\"8dbadee\" data-element_type=\"column\" data-e-type=\"column\">\n\t\t\t<div class=\"elementor-widget-wrap elementor-element-populated\">\n\t\t\t\t\t\t<div class=\"elementor-element elementor-element-dc7e024 elementor-widget elementor-widget-spacer\" data-id=\"dc7e024\" data-element_type=\"widget\" data-e-type=\"widget\" data-widget_type=\"spacer.default\">\n\t\t\t\t<div class=\"elementor-widget-container\">\n\t\t\t\t\t\t\t<div class=\"elementor-spacer\">\n\t\t\t<div class=\"elementor-spacer-inner\"><\/div>\n\t\t<\/div>\n\t\t\t\t\t\t<\/div>\n\t\t\t\t<\/div>\n\t\t\t\t\t<\/div>\n\t\t<\/div>\n\t\t\t\t\t<\/div>\n\t\t<\/section>\n\t\t\t\t<section class=\"elementor-section elementor-top-section elementor-element elementor-element-ecf8a90 elementor-section-boxed elementor-section-height-default elementor-section-height-default\" data-id=\"ecf8a90\" data-element_type=\"section\" data-e-type=\"section\">\n\t\t\t\t\t\t<div class=\"elementor-container elementor-column-gap-default\">\n\t\t\t\t\t<div class=\"elementor-column elementor-col-50 elementor-top-column elementor-element elementor-element-4ca56aa\" data-id=\"4ca56aa\" data-element_type=\"column\" data-e-type=\"column\">\n\t\t\t<div class=\"elementor-widget-wrap elementor-element-populated\">\n\t\t\t\t\t\t<div class=\"elementor-element elementor-element-c19f0fd elementor-widget elementor-widget-image\" data-id=\"c19f0fd\" data-element_type=\"widget\" data-e-type=\"widget\" data-widget_type=\"image.default\">\n\t\t\t\t<div class=\"elementor-widget-container\">\n\t\t\t\t\t\t\t\t\t\t\t\t\t\t\t<img fetchpriority=\"high\" decoding=\"async\" width=\"400\" height=\"500\" src=\"https:\/\/xixodrinks.com\/wp-content\/uploads\/2024\/04\/can_mit_tehetsz.png\" class=\"attachment-full size-full wp-image-5184\" alt=\"\" srcset=\"https:\/\/xixodrinks.com\/wp-content\/uploads\/2024\/04\/can_mit_tehetsz.png 400w, https:\/\/xixodrinks.com\/wp-content\/uploads\/2024\/04\/can_mit_tehetsz-240x300.png 240w\" sizes=\"(max-width: 400px) 100vw, 400px\" \/>\t\t\t\t\t\t\t\t\t\t\t\t\t\t\t<\/div>\n\t\t\t\t<\/div>\n\t\t\t\t\t<\/div>\n\t\t<\/div>\n\t\t\t\t<div class=\"elementor-column elementor-col-50 elementor-top-column elementor-element elementor-element-c9a05fe\" data-id=\"c9a05fe\" data-element_type=\"column\" data-e-type=\"column\">\n\t\t\t<div class=\"elementor-widget-wrap elementor-element-populated\">\n\t\t\t\t\t\t<div class=\"elementor-element elementor-element-a85fcc9 elementor-widget elementor-widget-text-editor\" data-id=\"a85fcc9\" data-element_type=\"widget\" data-e-type=\"widget\" data-widget_type=\"text-editor.default\">\n\t\t\t\t<div class=\"elementor-widget-container\">\n\t\t\t\t\t\t\t\t\t<p style=\"background-image: initial; background-position: initial; background-size: initial; background-repeat: initial; background-attachment: initial; background-origin: initial; background-clip: initial;\"><strong><span lang=\"CS\" style=\"font-family: Arial, sans-serif;\">Na\u0161e hlin\u00edkov\u00e9 plechovky<br \/>XIXO jsou navr\u017eeny tak, aby vydr\u017eely v\u011b\u010dn\u011b<\/span><\/strong><\/p><p style=\"background-image: initial; background-position: initial; background-size: initial; background-repeat: initial; background-attachment: initial; background-origin: initial; background-clip: initial;\"><span lang=\"CS\" style=\"font-family: Arial, sans-serif;\">Hlin\u00edkov\u00e9 obaly na\u0161ich v\u00fdrobk\u016f jsou vyrobeny<br \/>z nekone\u010dn\u011b recyklovateln\u00fdch materi\u00e1l\u016f.<\/span><\/p><p style=\"background-image: initial; background-position: initial; background-size: initial; background-repeat: initial; background-attachment: initial; background-origin: initial; background-clip: initial;\"><span lang=\"CS\" style=\"font-family: Arial, sans-serif;\">Hlin\u00edk je kl\u00ed\u010dovou sou\u010d\u00e1st\u00ed n\u00edzkouhl\u00edkov\u00e9ho<br \/>ob\u011bhov\u00e9ho hospod\u00e1\u0159stv\u00ed. Nejen\u017ee je lehk\u00fd, odoln\u00fd a pru\u017en\u00fd, chr\u00e1n\u00ed tekutinu p\u0159ed<br \/>sv\u011btlem, kysl\u00edkem, kontaminanty a patogeny, ale je tak\u00e9 nekone\u010dn\u011b a 100%<br \/>recyklovateln\u00fd a procesem jejich taven\u00ed se \u0161et\u0159\u00ed a\u017e 95 % energie.<\/span><\/p><p style=\"background-image: initial; background-position: initial; background-size: initial; background-repeat: initial; background-attachment: initial; background-origin: initial; background-clip: initial;\"><span lang=\"CS\" style=\"font-family: Arial, sans-serif;\">V sou\u010dasn\u00e9 dob\u011b je v ob\u011bhu 75 % hlin\u00edku,<br \/>kter\u00fd byl kdy vyroben.<\/span><\/p><p style=\"background-image: initial; background-position: initial; background-size: initial; background-repeat: initial; background-attachment: initial; background-origin: initial; background-clip: initial;\"><span lang=\"CS\" style=\"font-family: Arial, sans-serif;\">D\u00edky uv\u011bdom\u011bl\u00e9mu z\u00edsk\u00e1v\u00e1n\u00ed zdroj\u016f pou\u017e\u00edv\u00e1me k<br \/>v\u00fdrob\u011b na\u0161ich hlin\u00edkov\u00fdch plechovek po v\u011bt\u0161inu \u010dasu hlin\u00edk SPEIRA ORBIS, kter\u00fd<br \/>m\u00e1 extr\u00e9mn\u011b vysok\u00fd obsah ji\u017e recyklovan\u00e9ho hlin\u00edku. To znamen\u00e1, \u017ee obnoven\u00fd a<br \/>pou\u017eit\u00fd hlin\u00edk byl zcela jist\u011b alespo\u0148 jednou spot\u0159ebn\u00edm v\u00fdrobkem. \u010c\u00edm vy\u0161\u0161\u00ed je<br \/>obsah recykl\u00e1tu, t\u00edm l\u00e9pe pro \u017eivotn\u00ed prost\u0159ed\u00ed. V\u00fdsledkem je, \u017ee hlin\u00edk, kter\u00fd<br \/>pou\u017e\u00edv\u00e1me, m\u00e1 celosv\u011btov\u011b mimo\u0159\u00e1dn\u011b n\u00edzkou uhl\u00edkovou stopu a jde tak p\u0159\u00edkladem<br \/>cel\u00e9mu odv\u011btv\u00ed.<\/span><\/p><p style=\"background-image: initial; background-position: initial; background-size: initial; background-repeat: initial; background-attachment: initial; background-origin: initial; background-clip: initial;\"><span lang=\"CS\" style=\"font-family: Arial, sans-serif;\">Na\u0161e skupina za posledn\u00edch 5 let sn\u00ed\u017eila<br \/>pod\u00edl PET obal\u016f na m\u00e9n\u011b ne\u017e 5 % a na\u0161\u00edm c\u00edlem je do roku 2025 sn\u00ed\u017eit tento<br \/>pod\u00edl na m\u00e9n\u011b ne\u017e 1 %.\u00a0<\/span><\/p><p style=\"background-image: initial; background-position: initial; background-size: initial; background-repeat: initial; background-attachment: initial; background-origin: initial; background-clip: initial;\"><span lang=\"CS\" style=\"font-family: Arial, sans-serif;\">Nezapom\u00ednejte proto h\u00e1zet n\u00e1pojov\u00e9 plechovky\u00a0<br \/>za 60 dn\u00ed mohou m\u00edt nov\u00fd \u017eivot!<\/span><\/p>\t\t\t\t\t\t\t\t<\/div>\n\t\t\t\t<\/div>\n\t\t\t\t\t<\/div>\n\t\t<\/div>\n\t\t\t\t\t<\/div>\n\t\t<\/section>\n\t\t\t\t<\/div>\n\t\t","protected":false},"excerpt":{"rendered":"<p>Na\u0161e hlin\u00edkov\u00e9 plechovkyXIXO jsou navr\u017eeny tak, aby vydr\u017eely v\u011b\u010dn\u011b Hlin\u00edkov\u00e9 obaly na\u0161ich v\u00fdrobk\u016f jsou vyrobenyz nekone\u010dn\u011b recyklovateln\u00fdch materi\u00e1l\u016f. Hlin\u00edk je kl\u00ed\u010dovou sou\u010d\u00e1st\u00ed n\u00edzkouhl\u00edkov\u00e9hoob\u011bhov\u00e9ho hospod\u00e1\u0159stv\u00ed. Nejen\u017ee je lehk\u00fd, odoln\u00fd a pru\u017en\u00fd, chr\u00e1n\u00ed tekutinu p\u0159edsv\u011btlem, kysl\u00edkem, kontaminanty a patogeny, ale je tak\u00e9 nekone\u010dn\u011b a 100%recyklovateln\u00fd a procesem jejich taven\u00ed se \u0161et\u0159\u00ed a\u017e 95 % energie. V sou\u010dasn\u00e9 [&hellip;]<\/p>\n","protected":false},"author":1,"featured_media":0,"parent":0,"menu_order":0,"comment_status":"closed","ping_status":"closed","template":"elementor_header_footer","meta":{"footnotes":""},"class_list":["post-5217","page","type-page","status-publish","hentry"],"_links":{"self":[{"href":"https:\/\/xixodrinks.com\/cs\/wp-json\/wp\/v2\/pages\/5217","targetHints":{"allow":["GET"]}}],"collection":[{"href":"https:\/\/xixodrinks.com\/cs\/wp-json\/wp\/v2\/pages"}],"about":[{"href":"https:\/\/xixodrinks.com\/cs\/wp-json\/wp\/v2\/types\/page"}],"author":[{"embeddable":true,"href":"https:\/\/xixodrinks.com\/cs\/wp-json\/wp\/v2\/users\/1"}],"replies":[{"embeddable":true,"href":"https:\/\/xixodrinks.com\/cs\/wp-json\/wp\/v2\/comments?post=5217"}],"version-history":[{"count":18,"href":"https:\/\/xixodrinks.com\/cs\/wp-json\/wp\/v2\/pages\/5217\/revisions"}],"predecessor-version":[{"id":6409,"href":"https:\/\/xixodrinks.com\/cs\/wp-json\/wp\/v2\/pages\/5217\/revisions\/6409"}],"wp:attachment":[{"href":"https:\/\/xixodrinks.com\/cs\/wp-json\/wp\/v2\/media?parent=5217"}],"curies":[{"name":"wp","href":"https:\/\/api.w.org\/{rel}","templated":true}]}}