{"id":8110,"date":"2025-08-27T09:38:40","date_gmt":"2025-08-27T07:38:40","guid":{"rendered":"https:\/\/xixodrinks.com\/?page_id=8110"},"modified":"2025-08-27T09:40:29","modified_gmt":"2025-08-27T07:40:29","slug":"tutti-fruity-black-cherry","status":"publish","type":"page","link":"https:\/\/xixodrinks.com\/cs\/izdelki\/csd\/tutti-fruity-black-cherry\/","title":{"rendered":"Tutti Fruity Black Cherry"},"content":{"rendered":"\t\t<div data-elementor-type=\"wp-page\" data-elementor-id=\"8110\" class=\"elementor elementor-8110\" data-elementor-post-type=\"page\">\n\t\t\t\t\t\t<section class=\"elementor-section elementor-top-section elementor-element elementor-element-35d7f81c elementor-section-boxed elementor-section-height-default elementor-section-height-default\" data-id=\"35d7f81c\" data-element_type=\"section\" data-e-type=\"section\">\n\t\t\t\t\t\t<div class=\"elementor-container elementor-column-gap-default\">\n\t\t\t\t\t<div class=\"elementor-column elementor-col-100 elementor-top-column elementor-element elementor-element-3f0057f7\" data-id=\"3f0057f7\" data-element_type=\"column\" data-e-type=\"column\">\n\t\t\t<div class=\"elementor-widget-wrap elementor-element-populated\">\n\t\t\t\t\t\t<div class=\"elementor-element elementor-element-4c7cb243 elementor-widget elementor-widget-spacer\" data-id=\"4c7cb243\" data-element_type=\"widget\" data-e-type=\"widget\" data-widget_type=\"spacer.default\">\n\t\t\t\t<div class=\"elementor-widget-container\">\n\t\t\t\t\t\t\t<div class=\"elementor-spacer\">\n\t\t\t<div class=\"elementor-spacer-inner\"><\/div>\n\t\t<\/div>\n\t\t\t\t\t\t<\/div>\n\t\t\t\t<\/div>\n\t\t\t\t\t<\/div>\n\t\t<\/div>\n\t\t\t\t\t<\/div>\n\t\t<\/section>\n\t\t\t\t<section class=\"elementor-section elementor-top-section elementor-element elementor-element-20b04d8b elementor-section-boxed elementor-section-height-default elementor-section-height-default\" data-id=\"20b04d8b\" data-element_type=\"section\" data-e-type=\"section\">\n\t\t\t\t\t\t<div class=\"elementor-container elementor-column-gap-default\">\n\t\t\t\t\t<div class=\"elementor-column elementor-col-50 elementor-top-column elementor-element elementor-element-6aa214d3\" data-id=\"6aa214d3\" data-element_type=\"column\" data-e-type=\"column\">\n\t\t\t<div class=\"elementor-widget-wrap elementor-element-populated\">\n\t\t\t\t\t\t<div class=\"elementor-element elementor-element-2bab8889 elementor-widget elementor-widget-text-editor\" data-id=\"2bab8889\" data-element_type=\"widget\" data-e-type=\"widget\" data-widget_type=\"text-editor.default\">\n\t\t\t\t<div class=\"elementor-widget-container\">\n\t\t\t\t\t\t\t\t\t<ul><li><p><strong>\u010cERN\u00c1 T\u0158E\u0160E\u0147 A TUTTI FRUTTI P\u0158\u00cdCHU\u0164<\/strong><\/p><\/li><li><p><strong>BEZ KOFEINU<\/strong><\/p><\/li><li><p><strong>S VITAM\u00cdNY<\/strong><\/p><\/li><li><p><strong>BEZ KONZERVANT\u016e<\/strong><\/p><\/li><li><p><strong>100% RECYKLOVATELN\u00c1<\/strong><\/p><\/li><li><p><strong>HLIN\u00cdKOV\u00c1 PLECHOVKA<\/strong><\/p><\/li><\/ul>\t\t\t\t\t\t\t\t<\/div>\n\t\t\t\t<\/div>\n\t\t\t\t<div class=\"elementor-element elementor-element-1072fd91 elementor-widget elementor-widget-text-editor\" data-id=\"1072fd91\" data-element_type=\"widget\" data-e-type=\"widget\" data-widget_type=\"text-editor.default\">\n\t\t\t\t<div class=\"elementor-widget-container\">\n\t\t\t\t\t\t\t\t\t<p>V\u00fdrazn\u00e1 chu\u0165, zcela nov\u00e9 z\u00e1\u017eitky \u2013 rodina XIXO Tutti Frutti se roz\u0161i\u0159uje! Objevte neodolatelnou XIXO Tutti Frutti Black Cherry, kde se sv\u011b\u017e\u00ed tutti frutti snoub\u00ed s bohatou chut\u00ed \u010dern\u00e9 t\u0159e\u0161n\u011b! Tento speci\u00e1ln\u00ed n\u00e1poj nab\u00edz\u00ed dokonalou rovnov\u00e1hu sladk\u00fdch a lehce nakysl\u00fdch ovocn\u00fdch t\u00f3n\u016f a zaru\u010duje nezapomenuteln\u00fd z\u00e1\u017eitek s ka\u017ed\u00fdm dou\u0161kem.<\/p><p>Tento sycen\u00fd n\u00e1poj nejen p\u0159in\u00e1\u0161\u00ed vzru\u0161uj\u00edc\u00ed chu\u0165ov\u00e9 kombinace, ale tak\u00e9 obsahuje 5 druh\u016f vitamin\u016f skupiny B. Je vyroben bez kofeinu a konzervant\u016f a balen do hlin\u00edkov\u00e9 plechovky s BPA-free vnit\u0159n\u00ed vrstvou, kter\u00e1 je 100% recyklovateln\u00e1 bez ztr\u00e1ty kvality.<\/p><p>Dop\u0159ejte si tuto opravdu v\u00fdjime\u010dnou chu\u0165ovou kombinaci!<\/p>\t\t\t\t\t\t\t\t<\/div>\n\t\t\t\t<\/div>\n\t\t\t\t\t<\/div>\n\t\t<\/div>\n\t\t\t\t<div class=\"elementor-column elementor-col-50 elementor-top-column elementor-element elementor-element-3c836cee\" data-id=\"3c836cee\" data-element_type=\"column\" data-e-type=\"column\">\n\t\t\t<div class=\"elementor-widget-wrap elementor-element-populated\">\n\t\t\t\t\t\t<div class=\"elementor-element elementor-element-350309b4 animated-slow elementor-invisible elementor-widget elementor-widget-image\" data-id=\"350309b4\" data-element_type=\"widget\" data-e-type=\"widget\" data-settings=\"{&quot;_animation&quot;:&quot;fadeIn&quot;}\" data-widget_type=\"image.default\">\n\t\t\t\t<div class=\"elementor-widget-container\">\n\t\t\t\t\t\t\t\t\t\t\t\t\t\t\t<img decoding=\"async\" src=\"https:\/\/xixodrinks.com\/wp-content\/uploads\/elementor\/thumbs\/XIXO_TUTTI_FRUITY_BLACK_CHERRY-1-scaled-rezim7trw10sqq66s16mdfu3et3vduqkfxzc3g24n4.png\" title=\"XIXO_TUTTI_FRUITY_BLACK_CHERRY\" alt=\"XIXO_TUTTI_FRUITY_BLACK_CHERRY\" loading=\"lazy\" \/>\t\t\t\t\t\t\t\t\t\t\t\t\t\t\t<\/div>\n\t\t\t\t<\/div>\n\t\t\t\t\t<\/div>\n\t\t<\/div>\n\t\t\t\t\t<\/div>\n\t\t<\/section>\n\t\t\t\t<section class=\"elementor-section elementor-top-section elementor-element elementor-element-170ff1d1 elementor-section-boxed elementor-section-height-default elementor-section-height-default\" data-id=\"170ff1d1\" data-element_type=\"section\" data-e-type=\"section\">\n\t\t\t\t\t\t<div class=\"elementor-container elementor-column-gap-default\">\n\t\t\t\t\t<div class=\"elementor-column elementor-col-100 elementor-top-column elementor-element elementor-element-2cdb50a8\" data-id=\"2cdb50a8\" data-element_type=\"column\" data-e-type=\"column\">\n\t\t\t<div class=\"elementor-widget-wrap elementor-element-populated\">\n\t\t\t\t\t\t<div class=\"elementor-element elementor-element-10dd9931 elementor-widget elementor-widget-spacer\" data-id=\"10dd9931\" data-element_type=\"widget\" data-e-type=\"widget\" data-widget_type=\"spacer.default\">\n\t\t\t\t<div class=\"elementor-widget-container\">\n\t\t\t\t\t\t\t<div class=\"elementor-spacer\">\n\t\t\t<div class=\"elementor-spacer-inner\"><\/div>\n\t\t<\/div>\n\t\t\t\t\t\t<\/div>\n\t\t\t\t<\/div>\n\t\t\t\t\t<\/div>\n\t\t<\/div>\n\t\t\t\t\t<\/div>\n\t\t<\/section>\n\t\t\t\t<\/div>\n\t\t","protected":false},"excerpt":{"rendered":"<p>\u010cERN\u00c1 T\u0158E\u0160E\u0147 A TUTTI FRUTTI P\u0158\u00cdCHU\u0164 BEZ KOFEINU S VITAM\u00cdNY BEZ KONZERVANT\u016e 100% RECYKLOVATELN\u00c1 HLIN\u00cdKOV\u00c1 PLECHOVKA V\u00fdrazn\u00e1 chu\u0165, zcela nov\u00e9 z\u00e1\u017eitky \u2013 rodina XIXO Tutti Frutti se roz\u0161i\u0159uje! Objevte neodolatelnou XIXO Tutti Frutti Black Cherry, kde se sv\u011b\u017e\u00ed tutti frutti snoub\u00ed s bohatou chut\u00ed \u010dern\u00e9 t\u0159e\u0161n\u011b! Tento speci\u00e1ln\u00ed n\u00e1poj nab\u00edz\u00ed dokonalou rovnov\u00e1hu sladk\u00fdch a lehce [&hellip;]<\/p>\n","protected":false},"author":1,"featured_media":0,"parent":4627,"menu_order":0,"comment_status":"closed","ping_status":"closed","template":"elementor_header_footer","meta":{"footnotes":""},"class_list":["post-8110","page","type-page","status-publish","hentry"],"_links":{"self":[{"href":"https:\/\/xixodrinks.com\/cs\/wp-json\/wp\/v2\/pages\/8110","targetHints":{"allow":["GET"]}}],"collection":[{"href":"https:\/\/xixodrinks.com\/cs\/wp-json\/wp\/v2\/pages"}],"about":[{"href":"https:\/\/xixodrinks.com\/cs\/wp-json\/wp\/v2\/types\/page"}],"author":[{"embeddable":true,"href":"https:\/\/xixodrinks.com\/cs\/wp-json\/wp\/v2\/users\/1"}],"replies":[{"embeddable":true,"href":"https:\/\/xixodrinks.com\/cs\/wp-json\/wp\/v2\/comments?post=8110"}],"version-history":[{"count":4,"href":"https:\/\/xixodrinks.com\/cs\/wp-json\/wp\/v2\/pages\/8110\/revisions"}],"predecessor-version":[{"id":8131,"href":"https:\/\/xixodrinks.com\/cs\/wp-json\/wp\/v2\/pages\/8110\/revisions\/8131"}],"up":[{"embeddable":true,"href":"https:\/\/xixodrinks.com\/cs\/wp-json\/wp\/v2\/pages\/4627"}],"wp:attachment":[{"href":"https:\/\/xixodrinks.com\/cs\/wp-json\/wp\/v2\/media?parent=8110"}],"curies":[{"name":"wp","href":"https:\/\/api.w.org\/{rel}","templated":true}]}}