{"id":4888,"date":"2024-03-31T10:51:24","date_gmt":"2024-03-31T08:51:24","guid":{"rendered":"https:\/\/xixodrinks.com\/proizvodi\/ice-tea\/crni-caj-s-breskvom\/"},"modified":"2024-04-11T12:26:42","modified_gmt":"2024-04-11T10:26:42","slug":"crni-caj-s-breskvom","status":"publish","type":"page","link":"https:\/\/xixodrinks.com\/hr\/proizvodi\/ice-tea\/crni-caj-s-breskvom\/","title":{"rendered":"CRNI \u010cAJ S BRESKVOM"},"content":{"rendered":"\t\t<div data-elementor-type=\"wp-page\" data-elementor-id=\"4888\" class=\"elementor elementor-4888 elementor-4255\" data-elementor-post-type=\"page\">\n\t\t\t\t\t\t<section class=\"elementor-section elementor-top-section elementor-element elementor-element-3db87afb elementor-section-boxed elementor-section-height-default elementor-section-height-default\" data-id=\"3db87afb\" data-element_type=\"section\" data-e-type=\"section\">\n\t\t\t\t\t\t<div class=\"elementor-container elementor-column-gap-default\">\n\t\t\t\t\t<div class=\"elementor-column elementor-col-100 elementor-top-column elementor-element elementor-element-1fbff108\" data-id=\"1fbff108\" data-element_type=\"column\" data-e-type=\"column\">\n\t\t\t<div class=\"elementor-widget-wrap elementor-element-populated\">\n\t\t\t\t\t\t<div class=\"elementor-element elementor-element-7d23f47 elementor-widget elementor-widget-spacer\" data-id=\"7d23f47\" data-element_type=\"widget\" data-e-type=\"widget\" data-widget_type=\"spacer.default\">\n\t\t\t\t<div class=\"elementor-widget-container\">\n\t\t\t\t\t\t\t<div class=\"elementor-spacer\">\n\t\t\t<div class=\"elementor-spacer-inner\"><\/div>\n\t\t<\/div>\n\t\t\t\t\t\t<\/div>\n\t\t\t\t<\/div>\n\t\t\t\t\t<\/div>\n\t\t<\/div>\n\t\t\t\t\t<\/div>\n\t\t<\/section>\n\t\t\t\t<section class=\"elementor-section elementor-top-section elementor-element elementor-element-72073a16 elementor-section-boxed elementor-section-height-default elementor-section-height-default\" data-id=\"72073a16\" data-element_type=\"section\" data-e-type=\"section\">\n\t\t\t\t\t\t<div class=\"elementor-container elementor-column-gap-default\">\n\t\t\t\t\t<div class=\"elementor-column elementor-col-50 elementor-top-column elementor-element elementor-element-2cf7b580\" data-id=\"2cf7b580\" data-element_type=\"column\" data-e-type=\"column\">\n\t\t\t<div class=\"elementor-widget-wrap elementor-element-populated\">\n\t\t\t\t\t\t<div class=\"elementor-element elementor-element-4c090392 elementor-widget elementor-widget-text-editor\" data-id=\"4c090392\" data-element_type=\"widget\" data-e-type=\"widget\" data-widget_type=\"text-editor.default\">\n\t\t\t\t<div class=\"elementor-widget-container\">\n\t\t\t\t\t\t\t\t\t<ul><li><b>S vo\u0107nim sokom i prirodnim ekstraktom \u010daja<\/b><\/li><li><b>Bez konzervansa<\/b><\/li><li><b>Ekolo\u0161ki osvije\u0161tena aluminijska ambala\u017ea koja se mo\u017ee neograni\u010deno reciklirati<\/b><\/li><\/ul>\t\t\t\t\t\t\t\t<\/div>\n\t\t\t\t<\/div>\n\t\t\t\t<div class=\"elementor-element elementor-element-638738e5 elementor-widget elementor-widget-text-editor\" data-id=\"638738e5\" data-element_type=\"widget\" data-e-type=\"widget\" data-widget_type=\"text-editor.default\">\n\t\t\t\t<div class=\"elementor-widget-container\">\n\t\t\t\t\t\t\t\t\t<p>Tradicionalni okus ne samo u tradicionalnoj ambala\u017ei! Popularni XIXO ledeni \u010daj od breskve mo\u017ee biti savr\u0161en izbor za svakog \u010dlana obitelji. Bilo da se radi o ku\u0107noj konzumaciji ili iznimnom doga\u0111aju \u2013 va\u0161 XIXO ledeni \u010daj s breskvom je uvijek i svugdje dobar izbor! Ali po \u010demu se razlikuje od ostalih \u010dajeva? XIXO breskva ne sadr\u017ei umjetne arome ni konzervanse, a osim toga, napravljena je od prirodnog ekstrakta \u010daja i pravog vo\u0107nog soka.<\/p><p>Probajte i vi i u\u017eivajte u osvje\u017eavaju\u0107em svijetu XIXO ledenog \u010daja s breskvom!<\/p>\t\t\t\t\t\t\t\t<\/div>\n\t\t\t\t<\/div>\n\t\t\t\t\t<\/div>\n\t\t<\/div>\n\t\t\t\t<div class=\"elementor-column elementor-col-50 elementor-top-column elementor-element elementor-element-5ec45ae8\" data-id=\"5ec45ae8\" data-element_type=\"column\" data-e-type=\"column\">\n\t\t\t<div class=\"elementor-widget-wrap elementor-element-populated\">\n\t\t\t\t\t\t<div class=\"elementor-element elementor-element-1f99a0e0 animated-slow elementor-invisible elementor-widget elementor-widget-image\" data-id=\"1f99a0e0\" data-element_type=\"widget\" data-e-type=\"widget\" data-settings=\"{&quot;_animation&quot;:&quot;fadeIn&quot;}\" data-widget_type=\"image.default\">\n\t\t\t\t<div class=\"elementor-widget-container\">\n\t\t\t\t\t\t\t\t\t\t\t\t\t\t\t<img decoding=\"async\" src=\"https:\/\/xixodrinks.com\/wp-content\/uploads\/elementor\/thumbs\/XIXO_Tea_2021_EN_peach_2-rezimfchepb3blv9k4fmxdxs5w2t3fkf4z77xnqz9c.png\" title=\"XIXO_Tea_2021_EN_peach_2\" alt=\"XIXO_Tea_2021_EN_peach_2\" loading=\"lazy\" \/>\t\t\t\t\t\t\t\t\t\t\t\t\t\t\t<\/div>\n\t\t\t\t<\/div>\n\t\t\t\t\t<\/div>\n\t\t<\/div>\n\t\t\t\t\t<\/div>\n\t\t<\/section>\n\t\t\t\t<section class=\"elementor-section elementor-top-section elementor-element elementor-element-98ef0f elementor-section-boxed elementor-section-height-default elementor-section-height-default\" data-id=\"98ef0f\" data-element_type=\"section\" data-e-type=\"section\">\n\t\t\t\t\t\t<div class=\"elementor-container elementor-column-gap-default\">\n\t\t\t\t\t<div class=\"elementor-column elementor-col-100 elementor-top-column elementor-element elementor-element-31d3b6eb\" data-id=\"31d3b6eb\" data-element_type=\"column\" data-e-type=\"column\">\n\t\t\t<div class=\"elementor-widget-wrap elementor-element-populated\">\n\t\t\t\t\t\t<div class=\"elementor-element elementor-element-3975a3b5 elementor-widget elementor-widget-spacer\" data-id=\"3975a3b5\" data-element_type=\"widget\" data-e-type=\"widget\" data-widget_type=\"spacer.default\">\n\t\t\t\t<div class=\"elementor-widget-container\">\n\t\t\t\t\t\t\t<div class=\"elementor-spacer\">\n\t\t\t<div class=\"elementor-spacer-inner\"><\/div>\n\t\t<\/div>\n\t\t\t\t\t\t<\/div>\n\t\t\t\t<\/div>\n\t\t\t\t\t<\/div>\n\t\t<\/div>\n\t\t\t\t\t<\/div>\n\t\t<\/section>\n\t\t\t\t<\/div>\n\t\t","protected":false},"excerpt":{"rendered":"<p>S vo\u0107nim sokom i prirodnim ekstraktom \u010daja Bez konzervansa Ekolo\u0161ki osvije\u0161tena aluminijska ambala\u017ea koja se mo\u017ee neograni\u010deno reciklirati Tradicionalni okus ne samo u tradicionalnoj ambala\u017ei! Popularni XIXO ledeni \u010daj od breskve mo\u017ee biti savr\u0161en izbor za svakog \u010dlana obitelji. Bilo da se radi o ku\u0107noj konzumaciji ili iznimnom doga\u0111aju \u2013 va\u0161 XIXO ledeni \u010daj s [&hellip;]<\/p>\n","protected":false},"author":1,"featured_media":0,"parent":4659,"menu_order":0,"comment_status":"closed","ping_status":"closed","template":"elementor_header_footer","meta":{"footnotes":""},"class_list":["post-4888","page","type-page","status-publish","hentry"],"_links":{"self":[{"href":"https:\/\/xixodrinks.com\/hr\/wp-json\/wp\/v2\/pages\/4888","targetHints":{"allow":["GET"]}}],"collection":[{"href":"https:\/\/xixodrinks.com\/hr\/wp-json\/wp\/v2\/pages"}],"about":[{"href":"https:\/\/xixodrinks.com\/hr\/wp-json\/wp\/v2\/types\/page"}],"author":[{"embeddable":true,"href":"https:\/\/xixodrinks.com\/hr\/wp-json\/wp\/v2\/users\/1"}],"replies":[{"embeddable":true,"href":"https:\/\/xixodrinks.com\/hr\/wp-json\/wp\/v2\/comments?post=4888"}],"version-history":[{"count":4,"href":"https:\/\/xixodrinks.com\/hr\/wp-json\/wp\/v2\/pages\/4888\/revisions"}],"predecessor-version":[{"id":6123,"href":"https:\/\/xixodrinks.com\/hr\/wp-json\/wp\/v2\/pages\/4888\/revisions\/6123"}],"up":[{"embeddable":true,"href":"https:\/\/xixodrinks.com\/hr\/wp-json\/wp\/v2\/pages\/4659"}],"wp:attachment":[{"href":"https:\/\/xixodrinks.com\/hr\/wp-json\/wp\/v2\/media?parent=4888"}],"curies":[{"name":"wp","href":"https:\/\/api.w.org\/{rel}","templated":true}]}}