{"id":4896,"date":"2024-03-31T11:03:00","date_gmt":"2024-03-31T09:03:00","guid":{"rendered":"https:\/\/xixodrinks.com\/proizvodi\/csd\/xixo-cola\/"},"modified":"2024-04-11T12:29:14","modified_gmt":"2024-04-11T10:29:14","slug":"xixo-cola","status":"publish","type":"page","link":"https:\/\/xixodrinks.com\/hr\/proizvodi\/csd\/xixo-cola\/","title":{"rendered":"XIXO COLA"},"content":{"rendered":"\t\t<div data-elementor-type=\"wp-page\" data-elementor-id=\"4896\" class=\"elementor elementor-4896 elementor-4309\" data-elementor-post-type=\"page\">\n\t\t\t\t\t\t<section class=\"elementor-section elementor-top-section elementor-element elementor-element-377c31f4 elementor-section-boxed elementor-section-height-default elementor-section-height-default\" data-id=\"377c31f4\" data-element_type=\"section\" data-e-type=\"section\">\n\t\t\t\t\t\t<div class=\"elementor-container elementor-column-gap-default\">\n\t\t\t\t\t<div class=\"elementor-column elementor-col-100 elementor-top-column elementor-element elementor-element-654d9332\" data-id=\"654d9332\" data-element_type=\"column\" data-e-type=\"column\">\n\t\t\t<div class=\"elementor-widget-wrap elementor-element-populated\">\n\t\t\t\t\t\t<div class=\"elementor-element elementor-element-2232433f elementor-widget elementor-widget-spacer\" data-id=\"2232433f\" data-element_type=\"widget\" data-e-type=\"widget\" data-widget_type=\"spacer.default\">\n\t\t\t\t<div class=\"elementor-widget-container\">\n\t\t\t\t\t\t\t<div class=\"elementor-spacer\">\n\t\t\t<div class=\"elementor-spacer-inner\"><\/div>\n\t\t<\/div>\n\t\t\t\t\t\t<\/div>\n\t\t\t\t<\/div>\n\t\t\t\t\t<\/div>\n\t\t<\/div>\n\t\t\t\t\t<\/div>\n\t\t<\/section>\n\t\t\t\t<section class=\"elementor-section elementor-top-section elementor-element elementor-element-7b219432 elementor-section-boxed elementor-section-height-default elementor-section-height-default\" data-id=\"7b219432\" data-element_type=\"section\" data-e-type=\"section\">\n\t\t\t\t\t\t<div class=\"elementor-container elementor-column-gap-default\">\n\t\t\t\t\t<div class=\"elementor-column elementor-col-50 elementor-top-column elementor-element elementor-element-6ad90400\" data-id=\"6ad90400\" data-element_type=\"column\" data-e-type=\"column\">\n\t\t\t<div class=\"elementor-widget-wrap elementor-element-populated\">\n\t\t\t\t\t\t<div class=\"elementor-element elementor-element-2eac6549 elementor-widget elementor-widget-text-editor\" data-id=\"2eac6549\" data-element_type=\"widget\" data-e-type=\"widget\" data-widget_type=\"text-editor.default\">\n\t\t\t\t<div class=\"elementor-widget-container\">\n\t\t\t\t\t\t\t\t\t<ul><li><b>Bez konzervansa<\/b><\/li><li><b>Ekolo\u0161ki osvije\u0161tena aluminijska ambala\u017ea koja se mo\u017ee neograni\u010deno reciklirati<\/b><\/li><\/ul>\t\t\t\t\t\t\t\t<\/div>\n\t\t\t\t<\/div>\n\t\t\t\t<div class=\"elementor-element elementor-element-692eda6 elementor-widget elementor-widget-text-editor\" data-id=\"692eda6\" data-element_type=\"widget\" data-e-type=\"widget\" data-widget_type=\"text-editor.default\">\n\t\t\t\t<div class=\"elementor-widget-container\">\n\t\t\t\t\t\t\t\t\t<p>Probajte na\u0161 gazirani sok s okusom cole koji je napravljen po posebnoj recepturi i ne sadr\u017ei konzervanse. Pri sastavljanju posebnog recepta nismo imali samo na umu da rezultat bude osvje\u017eavaju\u0107i i sladak, ve\u0107 smo posebnu pozornost posvetili i odgovaraju\u0107em udjelu karbonizacije. Savr\u0161en sklad ovih zna\u010dajki nudi XIXO Cola; ili iz \u010da\u0161e ili&nbsp; iz limenke. Prilikom osmi\u0161ljavanja recepture cilj nam nije bio samo stvoriti ukusno, lako za konzumiranje, vrhunsko pi\u0107e, ve\u0107 stvoriti takav okus, koji stvara sredinu izme\u0111u dvije vladaju\u0107e krajnosti na tr\u017ei\u0161tu: kona\u010dni okus neke cole je vi\u0161e limunast, dok druge imaju pikantniji okus vanilije. Kompleksnost cole je u tome \u0161to je potrebno prona\u0107i ravnote\u017eu ovih okusa, a rezultat je stvaranje takvog mainstream okusa, koji savr\u0161eno zadovoljava najve\u0107i broj potreba potro\u0161a\u010da.<\/p>\t\t\t\t\t\t\t\t<\/div>\n\t\t\t\t<\/div>\n\t\t\t\t\t<\/div>\n\t\t<\/div>\n\t\t\t\t<div class=\"elementor-column elementor-col-50 elementor-top-column elementor-element elementor-element-a568ec7\" data-id=\"a568ec7\" data-element_type=\"column\" data-e-type=\"column\">\n\t\t\t<div class=\"elementor-widget-wrap elementor-element-populated\">\n\t\t\t\t\t\t<div class=\"elementor-element elementor-element-7ba8da4a animated-slow elementor-invisible elementor-widget elementor-widget-image\" data-id=\"7ba8da4a\" data-element_type=\"widget\" data-e-type=\"widget\" data-settings=\"{&quot;_animation&quot;:&quot;fadeIn&quot;}\" data-widget_type=\"image.default\">\n\t\t\t\t<div class=\"elementor-widget-container\">\n\t\t\t\t\t\t\t\t\t\t\t\t\t\t\t<img decoding=\"async\" src=\"https:\/\/xixodrinks.com\/wp-content\/uploads\/elementor\/thumbs\/XIXO_COLA_2023_HU_02-3-rezimeen7v9szzwmpm10cw6bki7fvqgosujqgdsdfk.png\" title=\"XIXO_COLA_2023_HU_02 (3)\" alt=\"XIXO_COLA_2023_HU_02 (3)\" loading=\"lazy\" \/>\t\t\t\t\t\t\t\t\t\t\t\t\t\t\t<\/div>\n\t\t\t\t<\/div>\n\t\t\t\t\t<\/div>\n\t\t<\/div>\n\t\t\t\t\t<\/div>\n\t\t<\/section>\n\t\t\t\t<section class=\"elementor-section elementor-top-section elementor-element elementor-element-f74b68a elementor-section-boxed elementor-section-height-default elementor-section-height-default\" data-id=\"f74b68a\" data-element_type=\"section\" data-e-type=\"section\">\n\t\t\t\t\t\t<div class=\"elementor-container elementor-column-gap-default\">\n\t\t\t\t\t<div class=\"elementor-column elementor-col-100 elementor-top-column elementor-element elementor-element-fab6f3d\" data-id=\"fab6f3d\" data-element_type=\"column\" data-e-type=\"column\">\n\t\t\t<div class=\"elementor-widget-wrap elementor-element-populated\">\n\t\t\t\t\t\t<div class=\"elementor-element elementor-element-7c776fdf elementor-widget elementor-widget-spacer\" data-id=\"7c776fdf\" data-element_type=\"widget\" data-e-type=\"widget\" data-widget_type=\"spacer.default\">\n\t\t\t\t<div class=\"elementor-widget-container\">\n\t\t\t\t\t\t\t<div class=\"elementor-spacer\">\n\t\t\t<div class=\"elementor-spacer-inner\"><\/div>\n\t\t<\/div>\n\t\t\t\t\t\t<\/div>\n\t\t\t\t<\/div>\n\t\t\t\t\t<\/div>\n\t\t<\/div>\n\t\t\t\t\t<\/div>\n\t\t<\/section>\n\t\t\t\t<\/div>\n\t\t","protected":false},"excerpt":{"rendered":"<p>Bez konzervansa Ekolo\u0161ki osvije\u0161tena aluminijska ambala\u017ea koja se mo\u017ee neograni\u010deno reciklirati Probajte na\u0161 gazirani sok s okusom cole koji je napravljen po posebnoj recepturi i ne sadr\u017ei konzervanse. Pri sastavljanju posebnog recepta nismo imali samo na umu da rezultat bude osvje\u017eavaju\u0107i i sladak, ve\u0107 smo posebnu pozornost posvetili i odgovaraju\u0107em udjelu karbonizacije. Savr\u0161en sklad ovih [&hellip;]<\/p>\n","protected":false},"author":1,"featured_media":0,"parent":4625,"menu_order":0,"comment_status":"closed","ping_status":"closed","template":"elementor_header_footer","meta":{"footnotes":""},"class_list":["post-4896","page","type-page","status-publish","hentry"],"_links":{"self":[{"href":"https:\/\/xixodrinks.com\/hr\/wp-json\/wp\/v2\/pages\/4896","targetHints":{"allow":["GET"]}}],"collection":[{"href":"https:\/\/xixodrinks.com\/hr\/wp-json\/wp\/v2\/pages"}],"about":[{"href":"https:\/\/xixodrinks.com\/hr\/wp-json\/wp\/v2\/types\/page"}],"author":[{"embeddable":true,"href":"https:\/\/xixodrinks.com\/hr\/wp-json\/wp\/v2\/users\/1"}],"replies":[{"embeddable":true,"href":"https:\/\/xixodrinks.com\/hr\/wp-json\/wp\/v2\/comments?post=4896"}],"version-history":[{"count":7,"href":"https:\/\/xixodrinks.com\/hr\/wp-json\/wp\/v2\/pages\/4896\/revisions"}],"predecessor-version":[{"id":6132,"href":"https:\/\/xixodrinks.com\/hr\/wp-json\/wp\/v2\/pages\/4896\/revisions\/6132"}],"up":[{"embeddable":true,"href":"https:\/\/xixodrinks.com\/hr\/wp-json\/wp\/v2\/pages\/4625"}],"wp:attachment":[{"href":"https:\/\/xixodrinks.com\/hr\/wp-json\/wp\/v2\/media?parent=4896"}],"curies":[{"name":"wp","href":"https:\/\/api.w.org\/{rel}","templated":true}]}}