{"id":4900,"date":"2024-03-31T11:00:25","date_gmt":"2024-03-31T09:00:25","guid":{"rendered":"https:\/\/xixodrinks.com\/proizvodi\/csd\/xixo-tutti-fruity\/"},"modified":"2026-04-02T13:18:15","modified_gmt":"2026-04-02T11:18:15","slug":"xixo-tutti-fruity","status":"publish","type":"page","link":"https:\/\/xixodrinks.com\/hr\/proizvodi\/csd\/xixo-tutti-fruity\/","title":{"rendered":"XIXO TUTTI FRUITY"},"content":{"rendered":"\t\t<div data-elementor-type=\"wp-page\" data-elementor-id=\"4900\" class=\"elementor elementor-4900 elementor-4297\" data-elementor-post-type=\"page\">\n\t\t\t\t\t\t<section class=\"elementor-section elementor-top-section elementor-element elementor-element-15d953c9 elementor-section-boxed elementor-section-height-default elementor-section-height-default\" data-id=\"15d953c9\" data-element_type=\"section\" data-e-type=\"section\">\n\t\t\t\t\t\t<div class=\"elementor-container elementor-column-gap-default\">\n\t\t\t\t\t<div class=\"elementor-column elementor-col-100 elementor-top-column elementor-element elementor-element-5c316a4f\" data-id=\"5c316a4f\" data-element_type=\"column\" data-e-type=\"column\">\n\t\t\t<div class=\"elementor-widget-wrap elementor-element-populated\">\n\t\t\t\t\t\t<div class=\"elementor-element elementor-element-6fb027fe elementor-widget elementor-widget-spacer\" data-id=\"6fb027fe\" data-element_type=\"widget\" data-e-type=\"widget\" data-widget_type=\"spacer.default\">\n\t\t\t\t<div class=\"elementor-widget-container\">\n\t\t\t\t\t\t\t<div class=\"elementor-spacer\">\n\t\t\t<div class=\"elementor-spacer-inner\"><\/div>\n\t\t<\/div>\n\t\t\t\t\t\t<\/div>\n\t\t\t\t<\/div>\n\t\t\t\t\t<\/div>\n\t\t<\/div>\n\t\t\t\t\t<\/div>\n\t\t<\/section>\n\t\t\t\t<section class=\"elementor-section elementor-top-section elementor-element elementor-element-6e187278 elementor-section-boxed elementor-section-height-default elementor-section-height-default\" data-id=\"6e187278\" data-element_type=\"section\" data-e-type=\"section\">\n\t\t\t\t\t\t<div class=\"elementor-container elementor-column-gap-default\">\n\t\t\t\t\t<div class=\"elementor-column elementor-col-50 elementor-top-column elementor-element elementor-element-22bbc000\" data-id=\"22bbc000\" data-element_type=\"column\" data-e-type=\"column\">\n\t\t\t<div class=\"elementor-widget-wrap elementor-element-populated\">\n\t\t\t\t\t\t<div class=\"elementor-element elementor-element-19973ac elementor-widget elementor-widget-text-editor\" data-id=\"19973ac\" data-element_type=\"widget\" data-e-type=\"widget\" data-widget_type=\"text-editor.default\">\n\t\t\t\t<div class=\"elementor-widget-container\">\n\t\t\t\t\t\t\t\t\t<ul><li><strong>OKUS TUTTI FRUTTI<\/strong><\/li><li><strong>BEZ KOFEINA<\/strong><\/li><li><strong>S VITAMINIMA<\/strong><\/li><li><strong>BEZ KONZERVANSA<\/strong><\/li><li><strong>100% RECIKLIRAJU\u0106A ALUMINIJSKA LIMENKA BEZ GUBITKA KVALITETE<\/strong><\/li><\/ul>\t\t\t\t\t\t\t\t<\/div>\n\t\t\t\t<\/div>\n\t\t\t\t<div class=\"elementor-element elementor-element-7d8ef0de elementor-widget elementor-widget-text-editor\" data-id=\"7d8ef0de\" data-element_type=\"widget\" data-e-type=\"widget\" data-widget_type=\"text-editor.default\">\n\t\t\t\t<div class=\"elementor-widget-container\">\n\t\t\t\t\t\t\t\t\t<p>Ovo gazirano bezalkoholno pi\u0107e s okusom tutti fruttija savr\u0161en je izbor za sve generacije. XIXO Tutti Fruity sadr\u017ei vitamin C i 5 vrsta vitamina B te ne sadr\u017ei kofein ni konzervanse. Odlikuje ga izniman stil, a pakiran je u aluminijsku limenku.<br \/>Ku\u0161ajte XIXO senzaciju!<\/p>\t\t\t\t\t\t\t\t<\/div>\n\t\t\t\t<\/div>\n\t\t\t\t\t<\/div>\n\t\t<\/div>\n\t\t\t\t<div class=\"elementor-column elementor-col-50 elementor-top-column elementor-element elementor-element-64028666\" data-id=\"64028666\" data-element_type=\"column\" data-e-type=\"column\">\n\t\t\t<div class=\"elementor-widget-wrap elementor-element-populated\">\n\t\t\t\t\t\t<div class=\"elementor-element elementor-element-7f61d47c animated-slow elementor-invisible elementor-widget elementor-widget-image\" data-id=\"7f61d47c\" data-element_type=\"widget\" data-e-type=\"widget\" data-settings=\"{&quot;_animation&quot;:&quot;fadeIn&quot;}\" data-widget_type=\"image.default\">\n\t\t\t\t<div class=\"elementor-widget-container\">\n\t\t\t\t\t\t\t\t\t\t\t\t\t\t\t<img decoding=\"async\" src=\"https:\/\/xixodrinks.com\/wp-content\/uploads\/elementor\/thumbs\/XIXO_TuttiFruity_can-rezim8rm2v232c4tmjl8xxlk06z8ljuas2mtkq0qgw.png\" title=\"XIXO_TuttiFruity_can\" alt=\"XIXO_TuttiFruity_can\" loading=\"lazy\" \/>\t\t\t\t\t\t\t\t\t\t\t\t\t\t\t<\/div>\n\t\t\t\t<\/div>\n\t\t\t\t\t<\/div>\n\t\t<\/div>\n\t\t\t\t\t<\/div>\n\t\t<\/section>\n\t\t\t\t<section class=\"elementor-section elementor-top-section elementor-element elementor-element-6efbef8 elementor-section-boxed elementor-section-height-default elementor-section-height-default\" data-id=\"6efbef8\" data-element_type=\"section\" data-e-type=\"section\">\n\t\t\t\t\t\t<div class=\"elementor-container elementor-column-gap-default\">\n\t\t\t\t\t<div class=\"elementor-column elementor-col-100 elementor-top-column elementor-element elementor-element-da177e9\" data-id=\"da177e9\" data-element_type=\"column\" data-e-type=\"column\">\n\t\t\t<div class=\"elementor-widget-wrap elementor-element-populated\">\n\t\t\t\t\t\t<div class=\"elementor-element elementor-element-3b336a90 elementor-widget elementor-widget-spacer\" data-id=\"3b336a90\" data-element_type=\"widget\" data-e-type=\"widget\" data-widget_type=\"spacer.default\">\n\t\t\t\t<div class=\"elementor-widget-container\">\n\t\t\t\t\t\t\t<div class=\"elementor-spacer\">\n\t\t\t<div class=\"elementor-spacer-inner\"><\/div>\n\t\t<\/div>\n\t\t\t\t\t\t<\/div>\n\t\t\t\t<\/div>\n\t\t\t\t\t<\/div>\n\t\t<\/div>\n\t\t\t\t\t<\/div>\n\t\t<\/section>\n\t\t\t\t<\/div>\n\t\t","protected":false},"excerpt":{"rendered":"<p>OKUS TUTTI FRUTTI BEZ KOFEINA S VITAMINIMA BEZ KONZERVANSA 100% RECIKLIRAJU\u0106A ALUMINIJSKA LIMENKA BEZ GUBITKA KVALITETE Ovo gazirano bezalkoholno pi\u0107e s okusom tutti fruttija savr\u0161en je izbor za sve generacije. XIXO Tutti Fruity sadr\u017ei vitamin C i 5 vrsta vitamina B te ne sadr\u017ei kofein ni konzervanse. Odlikuje ga izniman stil, a pakiran je u [&hellip;]<\/p>\n","protected":false},"author":1,"featured_media":0,"parent":4625,"menu_order":0,"comment_status":"closed","ping_status":"closed","template":"elementor_header_footer","meta":{"footnotes":""},"class_list":["post-4900","page","type-page","status-publish","hentry"],"_links":{"self":[{"href":"https:\/\/xixodrinks.com\/hr\/wp-json\/wp\/v2\/pages\/4900","targetHints":{"allow":["GET"]}}],"collection":[{"href":"https:\/\/xixodrinks.com\/hr\/wp-json\/wp\/v2\/pages"}],"about":[{"href":"https:\/\/xixodrinks.com\/hr\/wp-json\/wp\/v2\/types\/page"}],"author":[{"embeddable":true,"href":"https:\/\/xixodrinks.com\/hr\/wp-json\/wp\/v2\/users\/1"}],"replies":[{"embeddable":true,"href":"https:\/\/xixodrinks.com\/hr\/wp-json\/wp\/v2\/comments?post=4900"}],"version-history":[{"count":12,"href":"https:\/\/xixodrinks.com\/hr\/wp-json\/wp\/v2\/pages\/4900\/revisions"}],"predecessor-version":[{"id":9214,"href":"https:\/\/xixodrinks.com\/hr\/wp-json\/wp\/v2\/pages\/4900\/revisions\/9214"}],"up":[{"embeddable":true,"href":"https:\/\/xixodrinks.com\/hr\/wp-json\/wp\/v2\/pages\/4625"}],"wp:attachment":[{"href":"https:\/\/xixodrinks.com\/hr\/wp-json\/wp\/v2\/media?parent=4900"}],"curies":[{"name":"wp","href":"https:\/\/api.w.org\/{rel}","templated":true}]}}