{"id":5095,"date":"2024-03-31T09:49:51","date_gmt":"2024-03-31T07:49:51","guid":{"rendered":"https:\/\/xixodrinks.com\/xixo\/"},"modified":"2024-04-05T09:37:36","modified_gmt":"2024-04-05T07:37:36","slug":"o-nama","status":"publish","type":"page","link":"https:\/\/xixodrinks.com\/hr\/o-nama\/","title":{"rendered":"O nama"},"content":{"rendered":"\t\t<div data-elementor-type=\"wp-page\" data-elementor-id=\"5095\" class=\"elementor elementor-5095 elementor-4024\" data-elementor-post-type=\"page\">\n\t\t\t\t\t\t<section class=\"elementor-section elementor-top-section elementor-element elementor-element-6040fca0 elementor-section-full_width elementor-section-stretched elementor-section-height-default elementor-section-height-default\" data-id=\"6040fca0\" data-element_type=\"section\" data-e-type=\"section\" data-settings=\"{&quot;stretch_section&quot;:&quot;section-stretched&quot;}\">\n\t\t\t\t\t\t<div class=\"elementor-container elementor-column-gap-no\">\n\t\t\t\t\t<div class=\"elementor-column elementor-col-100 elementor-top-column elementor-element elementor-element-fb6b441\" data-id=\"fb6b441\" data-element_type=\"column\" data-e-type=\"column\">\n\t\t\t<div class=\"elementor-widget-wrap elementor-element-populated\">\n\t\t\t\t\t\t<div class=\"elementor-element elementor-element-32bf4a29 elementor-widget elementor-widget-image\" data-id=\"32bf4a29\" data-element_type=\"widget\" data-e-type=\"widget\" data-widget_type=\"image.default\">\n\t\t\t\t<div class=\"elementor-widget-container\">\n\t\t\t\t\t\t\t\t\t\t\t\t\t\t\t<img fetchpriority=\"high\" decoding=\"async\" width=\"2560\" height=\"500\" src=\"https:\/\/xixodrinks.com\/wp-content\/uploads\/2022\/05\/Xixo_Web_2560x500_gyartosor.jpg\" class=\"attachment-full size-full wp-image-2745\" alt=\"\" srcset=\"https:\/\/xixodrinks.com\/wp-content\/uploads\/2022\/05\/Xixo_Web_2560x500_gyartosor.jpg 2560w, https:\/\/xixodrinks.com\/wp-content\/uploads\/2022\/05\/Xixo_Web_2560x500_gyartosor-300x59.jpg 300w, https:\/\/xixodrinks.com\/wp-content\/uploads\/2022\/05\/Xixo_Web_2560x500_gyartosor-1024x200.jpg 1024w, https:\/\/xixodrinks.com\/wp-content\/uploads\/2022\/05\/Xixo_Web_2560x500_gyartosor-768x150.jpg 768w, https:\/\/xixodrinks.com\/wp-content\/uploads\/2022\/05\/Xixo_Web_2560x500_gyartosor-1536x300.jpg 1536w, https:\/\/xixodrinks.com\/wp-content\/uploads\/2022\/05\/Xixo_Web_2560x500_gyartosor-2048x400.jpg 2048w\" sizes=\"(max-width: 2560px) 100vw, 2560px\" \/>\t\t\t\t\t\t\t\t\t\t\t\t\t\t\t<\/div>\n\t\t\t\t<\/div>\n\t\t\t\t\t<\/div>\n\t\t<\/div>\n\t\t\t\t\t<\/div>\n\t\t<\/section>\n\t\t\t\t<section class=\"elementor-section elementor-top-section elementor-element elementor-element-4695e514 elementor-section-boxed elementor-section-height-default elementor-section-height-default\" data-id=\"4695e514\" data-element_type=\"section\" data-e-type=\"section\">\n\t\t\t\t\t\t<div class=\"elementor-container elementor-column-gap-default\">\n\t\t\t\t\t<div class=\"elementor-column elementor-col-100 elementor-top-column elementor-element elementor-element-43e2d586\" data-id=\"43e2d586\" data-element_type=\"column\" data-e-type=\"column\">\n\t\t\t<div class=\"elementor-widget-wrap elementor-element-populated\">\n\t\t\t\t\t\t<div class=\"elementor-element elementor-element-4a047263 elementor-widget elementor-widget-heading\" data-id=\"4a047263\" data-element_type=\"widget\" data-e-type=\"widget\" data-widget_type=\"heading.default\">\n\t\t\t\t<div class=\"elementor-widget-container\">\n\t\t\t\t\t<h2 class=\"elementor-heading-title elementor-size-default\">O nama\n<\/h2>\t\t\t\t<\/div>\n\t\t\t\t<\/div>\n\t\t\t\t\t<\/div>\n\t\t<\/div>\n\t\t\t\t\t<\/div>\n\t\t<\/section>\n\t\t\t\t<section class=\"elementor-section elementor-top-section elementor-element elementor-element-36589613 elementor-section-boxed elementor-section-height-default elementor-section-height-default\" data-id=\"36589613\" data-element_type=\"section\" data-e-type=\"section\">\n\t\t\t\t\t\t<div class=\"elementor-container elementor-column-gap-default\">\n\t\t\t\t\t<div class=\"elementor-column elementor-col-100 elementor-top-column elementor-element elementor-element-9413256\" data-id=\"9413256\" data-element_type=\"column\" data-e-type=\"column\">\n\t\t\t<div class=\"elementor-widget-wrap elementor-element-populated\">\n\t\t\t\t\t\t<div class=\"elementor-element elementor-element-2bbab1c1 elementor-widget elementor-widget-text-editor\" data-id=\"2bbab1c1\" data-element_type=\"widget\" data-e-type=\"widget\" data-widget_type=\"text-editor.default\">\n\t\t\t\t<div class=\"elementor-widget-container\">\n\t\t\t\t\t\t\t\t\t<p>XIXO brand jo\u0161 od 2013. godine kombinira sve \u0161to je potrebno za stvaranje doista jedinstvenog potro\u0161a\u010dkog iskustva. Na\u0161i su proizvodi izra\u0111eni od odabranih i kvalitetnih sastojaka, te sa sna\u017enim fokusom na svijest o zdravlju. Na\u0161 je brand poznat po svojoj inovativnosti, odva\u017enosti, mladosti i osjetljivost na trendove, a razvija\u010di na\u0161ih proizvoda neprestano rade na stvaranju skladnih recepata s kvalitetnim sastojcima.<\/p><p>Na\u0161a gazirana pi\u0107a napravljena su od stevije i fruktoze, bez aspartama i konzervansa. Tajna uspje\u0161nosti na\u0161ih ledenih \u010dajeva je \u0161irok izvor okusa, pristupa\u010dna cijena, prirodni ekstrakt \u010daja i pravi sok. Na\u0161 Tutti-Fruity asortiman eksplodirao je u javnosti 2022. godine kao prava inovacija i brzo je postao omiljen me\u0111u potro\u0161a\u010dima u Ma\u0111arskoj. Tutti-Fruity napici dostupni su u raznim okusima, prirodno su bez kofeina, s dodanim vitaminima i bez konzervansa.<\/p><p>XIXO brand tako\u0111er karakterizira i ekolo\u0161ki prihvatljiva ambala\u017ea jer su na\u0161i proizvodi izra\u0111eni od visoko postotnih aluminijskih materijala koji se tako\u0111er mogu 100% reciklirati. XIXO gazirani napici pakiraju se isklju\u010divo u aluminijske limenke, \u0161to ujedno zna\u010di da je na\u0161a tvrtka u potpunosti izbacila PET ambala\u017eu u ovoj paleti proizvoda.<\/p>\t\t\t\t\t\t\t\t<\/div>\n\t\t\t\t<\/div>\n\t\t\t\t<div class=\"elementor-element elementor-element-34b8b259 elementor-widget elementor-widget-spacer\" data-id=\"34b8b259\" data-element_type=\"widget\" data-e-type=\"widget\" data-widget_type=\"spacer.default\">\n\t\t\t\t<div class=\"elementor-widget-container\">\n\t\t\t\t\t\t\t<div class=\"elementor-spacer\">\n\t\t\t<div class=\"elementor-spacer-inner\"><\/div>\n\t\t<\/div>\n\t\t\t\t\t\t<\/div>\n\t\t\t\t<\/div>\n\t\t\t\t\t<\/div>\n\t\t<\/div>\n\t\t\t\t\t<\/div>\n\t\t<\/section>\n\t\t\t\t<\/div>\n\t\t","protected":false},"excerpt":{"rendered":"<p>O nama XIXO brand jo\u0161 od 2013. godine kombinira sve \u0161to je potrebno za stvaranje doista jedinstvenog potro\u0161a\u010dkog iskustva. Na\u0161i su proizvodi izra\u0111eni od odabranih i kvalitetnih sastojaka, te sa sna\u017enim fokusom na svijest o zdravlju. Na\u0161 je brand poznat po svojoj inovativnosti, odva\u017enosti, mladosti i osjetljivost na trendove, a razvija\u010di na\u0161ih proizvoda neprestano rade [&hellip;]<\/p>\n","protected":false},"author":1,"featured_media":0,"parent":0,"menu_order":0,"comment_status":"closed","ping_status":"closed","template":"elementor_header_footer","meta":{"footnotes":""},"class_list":["post-5095","page","type-page","status-publish","hentry"],"_links":{"self":[{"href":"https:\/\/xixodrinks.com\/hr\/wp-json\/wp\/v2\/pages\/5095","targetHints":{"allow":["GET"]}}],"collection":[{"href":"https:\/\/xixodrinks.com\/hr\/wp-json\/wp\/v2\/pages"}],"about":[{"href":"https:\/\/xixodrinks.com\/hr\/wp-json\/wp\/v2\/types\/page"}],"author":[{"embeddable":true,"href":"https:\/\/xixodrinks.com\/hr\/wp-json\/wp\/v2\/users\/1"}],"replies":[{"embeddable":true,"href":"https:\/\/xixodrinks.com\/hr\/wp-json\/wp\/v2\/comments?post=5095"}],"version-history":[{"count":7,"href":"https:\/\/xixodrinks.com\/hr\/wp-json\/wp\/v2\/pages\/5095\/revisions"}],"predecessor-version":[{"id":5940,"href":"https:\/\/xixodrinks.com\/hr\/wp-json\/wp\/v2\/pages\/5095\/revisions\/5940"}],"wp:attachment":[{"href":"https:\/\/xixodrinks.com\/hr\/wp-json\/wp\/v2\/media?parent=5095"}],"curies":[{"name":"wp","href":"https:\/\/api.w.org\/{rel}","templated":true}]}}