{"id":5205,"date":"2024-04-03T19:41:49","date_gmt":"2024-04-03T17:41:49","guid":{"rendered":"https:\/\/xixodrinks.com\/odrzivost\/"},"modified":"2024-05-08T11:26:04","modified_gmt":"2024-05-08T09:26:04","slug":"odrzivost","status":"publish","type":"page","link":"https:\/\/xixodrinks.com\/hr\/odrzivost\/","title":{"rendered":"Odr\u017eivost"},"content":{"rendered":"\t\t<div data-elementor-type=\"wp-page\" data-elementor-id=\"5205\" class=\"elementor elementor-5205 elementor-5177\" data-elementor-post-type=\"page\">\n\t\t\t\t\t\t<section class=\"elementor-section elementor-top-section elementor-element elementor-element-2747cc6 elementor-section-boxed elementor-section-height-default elementor-section-height-default\" data-id=\"2747cc6\" data-element_type=\"section\" data-e-type=\"section\">\n\t\t\t\t\t\t<div class=\"elementor-container elementor-column-gap-default\">\n\t\t\t\t\t<div class=\"elementor-column elementor-col-100 elementor-top-column elementor-element elementor-element-8dbadee\" data-id=\"8dbadee\" data-element_type=\"column\" data-e-type=\"column\">\n\t\t\t<div class=\"elementor-widget-wrap elementor-element-populated\">\n\t\t\t\t\t\t<div class=\"elementor-element elementor-element-dc7e024 elementor-widget elementor-widget-spacer\" data-id=\"dc7e024\" data-element_type=\"widget\" data-e-type=\"widget\" data-widget_type=\"spacer.default\">\n\t\t\t\t<div class=\"elementor-widget-container\">\n\t\t\t\t\t\t\t<div class=\"elementor-spacer\">\n\t\t\t<div class=\"elementor-spacer-inner\"><\/div>\n\t\t<\/div>\n\t\t\t\t\t\t<\/div>\n\t\t\t\t<\/div>\n\t\t\t\t\t<\/div>\n\t\t<\/div>\n\t\t\t\t\t<\/div>\n\t\t<\/section>\n\t\t\t\t<section class=\"elementor-section elementor-top-section elementor-element elementor-element-ecf8a90 elementor-section-boxed elementor-section-height-default elementor-section-height-default\" data-id=\"ecf8a90\" data-element_type=\"section\" data-e-type=\"section\">\n\t\t\t\t\t\t<div class=\"elementor-container elementor-column-gap-default\">\n\t\t\t\t\t<div class=\"elementor-column elementor-col-50 elementor-top-column elementor-element elementor-element-4ca56aa\" data-id=\"4ca56aa\" data-element_type=\"column\" data-e-type=\"column\">\n\t\t\t<div class=\"elementor-widget-wrap elementor-element-populated\">\n\t\t\t\t\t\t<div class=\"elementor-element elementor-element-c19f0fd elementor-widget elementor-widget-image\" data-id=\"c19f0fd\" data-element_type=\"widget\" data-e-type=\"widget\" data-widget_type=\"image.default\">\n\t\t\t\t<div class=\"elementor-widget-container\">\n\t\t\t\t\t\t\t\t\t\t\t\t\t\t\t<img fetchpriority=\"high\" decoding=\"async\" width=\"400\" height=\"500\" src=\"https:\/\/xixodrinks.com\/wp-content\/uploads\/2024\/04\/can_mit_tehetsz.png\" class=\"attachment-full size-full wp-image-5183\" alt=\"\" srcset=\"https:\/\/xixodrinks.com\/wp-content\/uploads\/2024\/04\/can_mit_tehetsz.png 400w, https:\/\/xixodrinks.com\/wp-content\/uploads\/2024\/04\/can_mit_tehetsz-240x300.png 240w\" sizes=\"(max-width: 400px) 100vw, 400px\" \/>\t\t\t\t\t\t\t\t\t\t\t\t\t\t\t<\/div>\n\t\t\t\t<\/div>\n\t\t\t\t\t<\/div>\n\t\t<\/div>\n\t\t\t\t<div class=\"elementor-column elementor-col-50 elementor-top-column elementor-element elementor-element-c9a05fe\" data-id=\"c9a05fe\" data-element_type=\"column\" data-e-type=\"column\">\n\t\t\t<div class=\"elementor-widget-wrap elementor-element-populated\">\n\t\t\t\t\t\t<div class=\"elementor-element elementor-element-a85fcc9 elementor-widget elementor-widget-text-editor\" data-id=\"a85fcc9\" data-element_type=\"widget\" data-e-type=\"widget\" data-widget_type=\"text-editor.default\">\n\t\t\t\t<div class=\"elementor-widget-container\">\n\t\t\t\t\t\t\t\t\t<p><strong><span style=\"font-family: helvetica, arial, sans-serif;\">Na\u0161e XIXO aluminijske limenke dizajnirane su da traju vje\u010dno<\/span><\/strong><\/p><p>Aluminijska ambala\u017ea na\u0161ih proizvoda izra\u0111ena je od materijala koji se mogu neograni\u010deno reciklirati.<\/p><p>Aluminij je klju\u010dna komponenta kru\u017enog gospodarstva s niskim udjelom ugljika. Ne samo da je lagan, izdr\u017eljiv i fleksibilan, \u0161to \u0161titi teku\u0107inu od svjetlosti, kisika, kontaminanata i patogena, nego se mo\u017ee neograni\u010deno 100% reciklirati, a njegov proces topljenja \u0161tedi do 95% energije.<\/p><p>75% ikada proizvedenog aluminija i danas je u optjecaju.<\/p><p>Zahvaljuju\u0107i svjesnom odabiru izvora, ve\u0107inu vremena za proizvodnju na\u0161ih aluminijskih limenki koristimo SPEIRA ORBIS, koji ima iznimno visok udio recikliranog aluminija. To zna\u010di da je oporabljeni i kori\u0161teni aluminij barem jednom bio potro\u0161a\u010dki proizvod. \u0160to je ve\u0107i udio recikliranog materijala, to je bolje za okoli\u0161. Kao rezultat toga, aluminij koji koristimo ima iznimno nizak uglji\u010dni otisak diljem svijeta, \u0161to je primjer za cijelu industriju.<\/p><p>Na\u0161a Grupa smanjila je udio ambala\u017ee od PET boca na manje od 5% tijekom posljednjih 5 godina, a cilj nam je smanjiti to na manje od 1% do 2025. godine.<\/p><p>Stoga ne zaboravite baciti limenke pi\u0107a u recikla\u017eu &#8211; mogle bi imati novi \u017eivot za 60 dana!<\/p>\t\t\t\t\t\t\t\t<\/div>\n\t\t\t\t<\/div>\n\t\t\t\t\t<\/div>\n\t\t<\/div>\n\t\t\t\t\t<\/div>\n\t\t<\/section>\n\t\t\t\t<\/div>\n\t\t","protected":false},"excerpt":{"rendered":"<p>Na\u0161e XIXO aluminijske limenke dizajnirane su da traju vje\u010dno Aluminijska ambala\u017ea na\u0161ih proizvoda izra\u0111ena je od materijala koji se mogu neograni\u010deno reciklirati. Aluminij je klju\u010dna komponenta kru\u017enog gospodarstva s niskim udjelom ugljika. Ne samo da je lagan, izdr\u017eljiv i fleksibilan, \u0161to \u0161titi teku\u0107inu od svjetlosti, kisika, kontaminanata i patogena, nego se mo\u017ee neograni\u010deno 100% reciklirati, [&hellip;]<\/p>\n","protected":false},"author":1,"featured_media":0,"parent":0,"menu_order":0,"comment_status":"closed","ping_status":"closed","template":"elementor_header_footer","meta":{"footnotes":""},"class_list":["post-5205","page","type-page","status-publish","hentry"],"_links":{"self":[{"href":"https:\/\/xixodrinks.com\/hr\/wp-json\/wp\/v2\/pages\/5205","targetHints":{"allow":["GET"]}}],"collection":[{"href":"https:\/\/xixodrinks.com\/hr\/wp-json\/wp\/v2\/pages"}],"about":[{"href":"https:\/\/xixodrinks.com\/hr\/wp-json\/wp\/v2\/types\/page"}],"author":[{"embeddable":true,"href":"https:\/\/xixodrinks.com\/hr\/wp-json\/wp\/v2\/users\/1"}],"replies":[{"embeddable":true,"href":"https:\/\/xixodrinks.com\/hr\/wp-json\/wp\/v2\/comments?post=5205"}],"version-history":[{"count":15,"href":"https:\/\/xixodrinks.com\/hr\/wp-json\/wp\/v2\/pages\/5205\/revisions"}],"predecessor-version":[{"id":6400,"href":"https:\/\/xixodrinks.com\/hr\/wp-json\/wp\/v2\/pages\/5205\/revisions\/6400"}],"wp:attachment":[{"href":"https:\/\/xixodrinks.com\/hr\/wp-json\/wp\/v2\/media?parent=5205"}],"curies":[{"name":"wp","href":"https:\/\/api.w.org\/{rel}","templated":true}]}}