{"id":7160,"date":"2025-03-21T14:52:57","date_gmt":"2025-03-21T12:52:57","guid":{"rendered":"https:\/\/xixodrinks.com\/?page_id=7160"},"modified":"2025-03-21T14:53:51","modified_gmt":"2025-03-21T12:53:51","slug":"raspberry-blueberry-flavoured-ice-tea","status":"publish","type":"page","link":"https:\/\/xixodrinks.com\/hr\/proizvodi\/ice-tea\/raspberry-blueberry-flavoured-ice-tea\/","title":{"rendered":"Raspberry-blueberry flavoured Ice Tea"},"content":{"rendered":"\t\t<div data-elementor-type=\"wp-page\" data-elementor-id=\"7160\" class=\"elementor elementor-7160\" data-elementor-post-type=\"page\">\n\t\t\t\t\t\t<section class=\"elementor-section elementor-top-section elementor-element elementor-element-4774eb6d elementor-section-boxed elementor-section-height-default elementor-section-height-default\" data-id=\"4774eb6d\" data-element_type=\"section\" data-e-type=\"section\">\n\t\t\t\t\t\t<div class=\"elementor-container elementor-column-gap-default\">\n\t\t\t\t\t<div class=\"elementor-column elementor-col-100 elementor-top-column elementor-element elementor-element-5683500f\" data-id=\"5683500f\" data-element_type=\"column\" data-e-type=\"column\">\n\t\t\t<div class=\"elementor-widget-wrap elementor-element-populated\">\n\t\t\t\t\t\t<div class=\"elementor-element elementor-element-6a522184 elementor-widget elementor-widget-spacer\" data-id=\"6a522184\" data-element_type=\"widget\" data-e-type=\"widget\" data-widget_type=\"spacer.default\">\n\t\t\t\t<div class=\"elementor-widget-container\">\n\t\t\t\t\t\t\t<div class=\"elementor-spacer\">\n\t\t\t<div class=\"elementor-spacer-inner\"><\/div>\n\t\t<\/div>\n\t\t\t\t\t\t<\/div>\n\t\t\t\t<\/div>\n\t\t\t\t\t<\/div>\n\t\t<\/div>\n\t\t\t\t\t<\/div>\n\t\t<\/section>\n\t\t\t\t<section class=\"elementor-section elementor-top-section elementor-element elementor-element-50b5db39 elementor-section-boxed elementor-section-height-default elementor-section-height-default\" data-id=\"50b5db39\" data-element_type=\"section\" data-e-type=\"section\">\n\t\t\t\t\t\t<div class=\"elementor-container elementor-column-gap-default\">\n\t\t\t\t\t<div class=\"elementor-column elementor-col-50 elementor-top-column elementor-element elementor-element-62fb936d\" data-id=\"62fb936d\" data-element_type=\"column\" data-e-type=\"column\">\n\t\t\t<div class=\"elementor-widget-wrap elementor-element-populated\">\n\t\t\t\t\t\t<div class=\"elementor-element elementor-element-41078eae elementor-widget elementor-widget-text-editor\" data-id=\"41078eae\" data-element_type=\"widget\" data-e-type=\"widget\" data-widget_type=\"text-editor.default\">\n\t\t\t\t<div class=\"elementor-widget-container\">\n\t\t\t\t\t\t\t\t\t<p><strong>\u25cfOKUS MALINE I BOROVNICE<\/strong><br \/><strong>\u25cfS VO\u0106NIM SOKOM I EKSTRAKTOM CRNOG \u010cAJA<\/strong><\/p>\t\t\t\t\t\t\t\t<\/div>\n\t\t\t\t<\/div>\n\t\t\t\t<div class=\"elementor-element elementor-element-509d468d elementor-widget elementor-widget-text-editor\" data-id=\"509d468d\" data-element_type=\"widget\" data-e-type=\"widget\" data-widget_type=\"text-editor.default\">\n\t\t\t\t<div class=\"elementor-widget-container\">\n\t\t\t\t\t\t\t\t\t<p>XIXO ledeni \u010daj s okusom maline i borovnice o\u010darava svoje ljubitelje savr\u0161enom fuzijom crvenog bobi\u010dastog vo\u0107a. No poseban profil okusa nije sve: skladan spoj okusa maline i borovnice i moderan izgled u\u010dinili su ga jednim od najunikatnijih \u010dlanova XIXO portfelja.<br \/>Svi XIXO ledeni \u010dajevi pro\u017eeti su vo\u0107nim sokom i ekstraktom crnog \u010daja za ugodan okus, bez upotrebe umjetnih bojila.<br \/>U\u017eivajte u osvje\u017eavaju\u0107em okusu XIXO ledenog \u010daja s okusom maline i borovnice!<\/p>\t\t\t\t\t\t\t\t<\/div>\n\t\t\t\t<\/div>\n\t\t\t\t\t<\/div>\n\t\t<\/div>\n\t\t\t\t<div class=\"elementor-column elementor-col-50 elementor-top-column elementor-element elementor-element-58d6bde8\" data-id=\"58d6bde8\" data-element_type=\"column\" data-e-type=\"column\">\n\t\t\t<div class=\"elementor-widget-wrap elementor-element-populated\">\n\t\t\t\t\t\t<div class=\"elementor-element elementor-element-f00d432 animated-slow elementor-invisible elementor-widget elementor-widget-image\" data-id=\"f00d432\" data-element_type=\"widget\" data-e-type=\"widget\" data-settings=\"{&quot;_animation&quot;:&quot;fadeIn&quot;}\" data-widget_type=\"image.default\">\n\t\t\t\t<div class=\"elementor-widget-container\">\n\t\t\t\t\t\t\t\t\t\t\t\t\t\t\t<img decoding=\"async\" src=\"https:\/\/xixodrinks.com\/wp-content\/uploads\/elementor\/thumbs\/XIXO_ICE_TEA_RASPBERRY_BLUEBERRY_2024_EXP_2-rezim6vxp6zif47jxirzsy2mtf8i65mu3tbum63itc.png\" title=\"XIXO_ICE_TEA_RASPBERRY_BLUEBERRY_2024_EXP_2\" alt=\"XIXO_ICE_TEA_RASPBERRY_BLUEBERRY_2024_EXP_2\" loading=\"lazy\" \/>\t\t\t\t\t\t\t\t\t\t\t\t\t\t\t<\/div>\n\t\t\t\t<\/div>\n\t\t\t\t\t<\/div>\n\t\t<\/div>\n\t\t\t\t\t<\/div>\n\t\t<\/section>\n\t\t\t\t<section class=\"elementor-section elementor-top-section elementor-element elementor-element-43c54496 elementor-section-boxed elementor-section-height-default elementor-section-height-default\" data-id=\"43c54496\" data-element_type=\"section\" data-e-type=\"section\">\n\t\t\t\t\t\t<div class=\"elementor-container elementor-column-gap-default\">\n\t\t\t\t\t<div class=\"elementor-column elementor-col-100 elementor-top-column elementor-element elementor-element-31ab5ca3\" data-id=\"31ab5ca3\" data-element_type=\"column\" data-e-type=\"column\">\n\t\t\t<div class=\"elementor-widget-wrap elementor-element-populated\">\n\t\t\t\t\t\t<div class=\"elementor-element elementor-element-22d50669 elementor-widget elementor-widget-spacer\" data-id=\"22d50669\" data-element_type=\"widget\" data-e-type=\"widget\" data-widget_type=\"spacer.default\">\n\t\t\t\t<div class=\"elementor-widget-container\">\n\t\t\t\t\t\t\t<div class=\"elementor-spacer\">\n\t\t\t<div class=\"elementor-spacer-inner\"><\/div>\n\t\t<\/div>\n\t\t\t\t\t\t<\/div>\n\t\t\t\t<\/div>\n\t\t\t\t\t<\/div>\n\t\t<\/div>\n\t\t\t\t\t<\/div>\n\t\t<\/section>\n\t\t\t\t<\/div>\n\t\t","protected":false},"excerpt":{"rendered":"<p>\u25cfOKUS MALINE I BOROVNICE\u25cfS VO\u0106NIM SOKOM I EKSTRAKTOM CRNOG \u010cAJA XIXO ledeni \u010daj s okusom maline i borovnice o\u010darava svoje ljubitelje savr\u0161enom fuzijom crvenog bobi\u010dastog vo\u0107a. No poseban profil okusa nije sve: skladan spoj okusa maline i borovnice i moderan izgled u\u010dinili su ga jednim od najunikatnijih \u010dlanova XIXO portfelja.Svi XIXO ledeni \u010dajevi pro\u017eeti su [&hellip;]<\/p>\n","protected":false},"author":1,"featured_media":0,"parent":4659,"menu_order":0,"comment_status":"closed","ping_status":"closed","template":"elementor_header_footer","meta":{"footnotes":""},"class_list":["post-7160","page","type-page","status-publish","hentry"],"_links":{"self":[{"href":"https:\/\/xixodrinks.com\/hr\/wp-json\/wp\/v2\/pages\/7160","targetHints":{"allow":["GET"]}}],"collection":[{"href":"https:\/\/xixodrinks.com\/hr\/wp-json\/wp\/v2\/pages"}],"about":[{"href":"https:\/\/xixodrinks.com\/hr\/wp-json\/wp\/v2\/types\/page"}],"author":[{"embeddable":true,"href":"https:\/\/xixodrinks.com\/hr\/wp-json\/wp\/v2\/users\/1"}],"replies":[{"embeddable":true,"href":"https:\/\/xixodrinks.com\/hr\/wp-json\/wp\/v2\/comments?post=7160"}],"version-history":[{"count":4,"href":"https:\/\/xixodrinks.com\/hr\/wp-json\/wp\/v2\/pages\/7160\/revisions"}],"predecessor-version":[{"id":7181,"href":"https:\/\/xixodrinks.com\/hr\/wp-json\/wp\/v2\/pages\/7160\/revisions\/7181"}],"up":[{"embeddable":true,"href":"https:\/\/xixodrinks.com\/hr\/wp-json\/wp\/v2\/pages\/4659"}],"wp:attachment":[{"href":"https:\/\/xixodrinks.com\/hr\/wp-json\/wp\/v2\/media?parent=7160"}],"curies":[{"name":"wp","href":"https:\/\/api.w.org\/{rel}","templated":true}]}}