{"id":7738,"date":"2025-07-31T12:29:46","date_gmt":"2025-07-31T10:29:46","guid":{"rendered":"https:\/\/xixodrinks.com\/?page_id=7738"},"modified":"2025-07-31T12:31:06","modified_gmt":"2025-07-31T10:31:06","slug":"xixo-lemonade","status":"publish","type":"page","link":"https:\/\/xixodrinks.com\/hr\/lemonade\/xixo-lemonade\/","title":{"rendered":"XIXO LEMONADE"},"content":{"rendered":"\t\t<div data-elementor-type=\"wp-page\" data-elementor-id=\"7738\" class=\"elementor elementor-7738\" data-elementor-post-type=\"page\">\n\t\t\t\t\t\t<section class=\"elementor-section elementor-top-section elementor-element elementor-element-75ad9996 elementor-section-boxed elementor-section-height-default elementor-section-height-default\" data-id=\"75ad9996\" data-element_type=\"section\" data-e-type=\"section\">\n\t\t\t\t\t\t<div class=\"elementor-container elementor-column-gap-default\">\n\t\t\t\t\t<div class=\"elementor-column elementor-col-100 elementor-top-column elementor-element elementor-element-57d04258\" data-id=\"57d04258\" data-element_type=\"column\" data-e-type=\"column\">\n\t\t\t<div class=\"elementor-widget-wrap elementor-element-populated\">\n\t\t\t\t\t\t<div class=\"elementor-element elementor-element-6598202e elementor-widget elementor-widget-spacer\" data-id=\"6598202e\" data-element_type=\"widget\" data-e-type=\"widget\" data-widget_type=\"spacer.default\">\n\t\t\t\t<div class=\"elementor-widget-container\">\n\t\t\t\t\t\t\t<div class=\"elementor-spacer\">\n\t\t\t<div class=\"elementor-spacer-inner\"><\/div>\n\t\t<\/div>\n\t\t\t\t\t\t<\/div>\n\t\t\t\t<\/div>\n\t\t\t\t\t<\/div>\n\t\t<\/div>\n\t\t\t\t\t<\/div>\n\t\t<\/section>\n\t\t\t\t<section class=\"elementor-section elementor-top-section elementor-element elementor-element-77e934a8 elementor-section-boxed elementor-section-height-default elementor-section-height-default\" data-id=\"77e934a8\" data-element_type=\"section\" data-e-type=\"section\">\n\t\t\t\t\t\t<div class=\"elementor-container elementor-column-gap-default\">\n\t\t\t\t\t<div class=\"elementor-column elementor-col-50 elementor-top-column elementor-element elementor-element-578d3aa9\" data-id=\"578d3aa9\" data-element_type=\"column\" data-e-type=\"column\">\n\t\t\t<div class=\"elementor-widget-wrap elementor-element-populated\">\n\t\t\t\t\t\t<div class=\"elementor-element elementor-element-71eed6cf elementor-widget elementor-widget-text-editor\" data-id=\"71eed6cf\" data-element_type=\"widget\" data-e-type=\"widget\" data-widget_type=\"text-editor.default\">\n\t\t\t\t<div class=\"elementor-widget-container\">\n\t\t\t\t\t\t\t\t\t<ul><li data-ogsc=\"rgb(0, 0, 0)\"><div class=\"x_elementToProof\" role=\"presentation\" data-ogsc=\"\" data-olk-copy-source=\"MessageBody\"><strong>OKUS LIMUNA I CVIJETA BAZGE<\/strong><\/div><\/li><li data-ogsc=\"rgb(0, 0, 0)\"><div class=\"x_elementToProof\" role=\"presentation\" data-ogsc=\"\"><strong>BEZ KONZERVANSA<\/strong><\/div><\/li><li data-ogsc=\"rgb(0, 0, 0)\"><div class=\"x_elementToProof\" role=\"presentation\" data-ogsc=\"\"><strong>100% ALUMINIJSKA LIMENKA KOJA SE MO\u017dE RECIKLIRATI BEZ IKAKVOG GUBITKA KVALITETE<\/strong><\/div><\/li><\/ul>\t\t\t\t\t\t\t\t<\/div>\n\t\t\t\t<\/div>\n\t\t\t\t<div class=\"elementor-element elementor-element-195971e8 elementor-widget elementor-widget-text-editor\" data-id=\"195971e8\" data-element_type=\"widget\" data-e-type=\"widget\" data-widget_type=\"text-editor.default\">\n\t\t\t\t<div class=\"elementor-widget-container\">\n\t\t\t\t\t\t\t\t\t<div class=\"x_elementToProof\" data-ogsc=\"rgb(0, 0, 0)\" data-olk-copy-source=\"MessageBody\">Pravi klasik s pomakom! XIXO Lemonade je stigla i donosi vam iskustvo limunade s okusom bazge!<\/div><div class=\"x_elementToProof\" data-ogsc=\"rgb(0, 0, 0)\">Limenka sjaji u limun \u017eutoj boji, a gazirano bezalkoholno pi\u0107e je napravljeno bez konzervansa. Njegovo pakiranje, koje uklju\u010duje unutarnju oblogu bez BPA, je aluminijska limenka koja se mo\u017ee 100% reciklirati bez gubitka kvalitete.<\/div><div class=\"x_elementToProof\" data-ogsc=\"rgb(0, 0, 0)\">Limunada osvje\u017eavaju\u0107eg okusa obu\u010dena u novo ruho!<\/div>\t\t\t\t\t\t\t\t<\/div>\n\t\t\t\t<\/div>\n\t\t\t\t\t<\/div>\n\t\t<\/div>\n\t\t\t\t<div class=\"elementor-column elementor-col-50 elementor-top-column elementor-element elementor-element-29b24cba\" data-id=\"29b24cba\" data-element_type=\"column\" data-e-type=\"column\">\n\t\t\t<div class=\"elementor-widget-wrap elementor-element-populated\">\n\t\t\t\t\t\t<div class=\"elementor-element elementor-element-6c761b97 animated-slow elementor-invisible elementor-widget elementor-widget-image\" data-id=\"6c761b97\" data-element_type=\"widget\" data-e-type=\"widget\" data-settings=\"{&quot;_animation&quot;:&quot;fadeIn&quot;}\" data-widget_type=\"image.default\">\n\t\t\t\t<div class=\"elementor-widget-container\">\n\t\t\t\t\t\t\t\t\t\t\t\t\t\t\t<img decoding=\"async\" src=\"https:\/\/xixodrinks.com\/wp-content\/uploads\/elementor\/thumbs\/XIXO_LEMONADE_250_EN_2-scaled-rezim7trw10sqq66s16mdfu3et3vduqkfxzc3g24n4.png\" title=\"XIXO_LEMONADE_250_EN_2\" alt=\"XIXO_LEMONADE_250_EN_2\" loading=\"lazy\" \/>\t\t\t\t\t\t\t\t\t\t\t\t\t\t\t<\/div>\n\t\t\t\t<\/div>\n\t\t\t\t\t<\/div>\n\t\t<\/div>\n\t\t\t\t\t<\/div>\n\t\t<\/section>\n\t\t\t\t<section class=\"elementor-section elementor-top-section elementor-element elementor-element-6f7ec4b5 elementor-section-boxed elementor-section-height-default elementor-section-height-default\" data-id=\"6f7ec4b5\" data-element_type=\"section\" data-e-type=\"section\">\n\t\t\t\t\t\t<div class=\"elementor-container elementor-column-gap-default\">\n\t\t\t\t\t<div class=\"elementor-column elementor-col-100 elementor-top-column elementor-element elementor-element-3681d6af\" data-id=\"3681d6af\" data-element_type=\"column\" data-e-type=\"column\">\n\t\t\t<div class=\"elementor-widget-wrap elementor-element-populated\">\n\t\t\t\t\t\t<div class=\"elementor-element elementor-element-8b1b777 elementor-widget elementor-widget-spacer\" data-id=\"8b1b777\" data-element_type=\"widget\" data-e-type=\"widget\" data-widget_type=\"spacer.default\">\n\t\t\t\t<div class=\"elementor-widget-container\">\n\t\t\t\t\t\t\t<div class=\"elementor-spacer\">\n\t\t\t<div class=\"elementor-spacer-inner\"><\/div>\n\t\t<\/div>\n\t\t\t\t\t\t<\/div>\n\t\t\t\t<\/div>\n\t\t\t\t\t<\/div>\n\t\t<\/div>\n\t\t\t\t\t<\/div>\n\t\t<\/section>\n\t\t\t\t<\/div>\n\t\t","protected":false},"excerpt":{"rendered":"<p>OKUS LIMUNA I CVIJETA BAZGE BEZ KONZERVANSA 100% ALUMINIJSKA LIMENKA KOJA SE MO\u017dE RECIKLIRATI BEZ IKAKVOG GUBITKA KVALITETE Pravi klasik s pomakom! XIXO Lemonade je stigla i donosi vam iskustvo limunade s okusom bazge!Limenka sjaji u limun \u017eutoj boji, a gazirano bezalkoholno pi\u0107e je napravljeno bez konzervansa. Njegovo pakiranje, koje uklju\u010duje unutarnju oblogu bez BPA, [&hellip;]<\/p>\n","protected":false},"author":1,"featured_media":0,"parent":7700,"menu_order":0,"comment_status":"closed","ping_status":"closed","template":"elementor_header_footer","meta":{"footnotes":""},"class_list":["post-7738","page","type-page","status-publish","hentry"],"_links":{"self":[{"href":"https:\/\/xixodrinks.com\/hr\/wp-json\/wp\/v2\/pages\/7738","targetHints":{"allow":["GET"]}}],"collection":[{"href":"https:\/\/xixodrinks.com\/hr\/wp-json\/wp\/v2\/pages"}],"about":[{"href":"https:\/\/xixodrinks.com\/hr\/wp-json\/wp\/v2\/types\/page"}],"author":[{"embeddable":true,"href":"https:\/\/xixodrinks.com\/hr\/wp-json\/wp\/v2\/users\/1"}],"replies":[{"embeddable":true,"href":"https:\/\/xixodrinks.com\/hr\/wp-json\/wp\/v2\/comments?post=7738"}],"version-history":[{"count":4,"href":"https:\/\/xixodrinks.com\/hr\/wp-json\/wp\/v2\/pages\/7738\/revisions"}],"predecessor-version":[{"id":7743,"href":"https:\/\/xixodrinks.com\/hr\/wp-json\/wp\/v2\/pages\/7738\/revisions\/7743"}],"up":[{"embeddable":true,"href":"https:\/\/xixodrinks.com\/hr\/wp-json\/wp\/v2\/pages\/7700"}],"wp:attachment":[{"href":"https:\/\/xixodrinks.com\/hr\/wp-json\/wp\/v2\/media?parent=7738"}],"curies":[{"name":"wp","href":"https:\/\/api.w.org\/{rel}","templated":true}]}}