{"id":7744,"date":"2025-07-31T12:31:28","date_gmt":"2025-07-31T10:31:28","guid":{"rendered":"https:\/\/xixodrinks.com\/?page_id=7744"},"modified":"2025-07-31T12:32:20","modified_gmt":"2025-07-31T10:32:20","slug":"xixo-orange-fizz","status":"publish","type":"page","link":"https:\/\/xixodrinks.com\/hr\/lemonade\/xixo-orange-fizz\/","title":{"rendered":"XIXO ORANGE FIZZ"},"content":{"rendered":"\t\t<div data-elementor-type=\"wp-page\" data-elementor-id=\"7744\" class=\"elementor elementor-7744\" data-elementor-post-type=\"page\">\n\t\t\t\t\t\t<section class=\"elementor-section elementor-top-section elementor-element elementor-element-4b61703e elementor-section-boxed elementor-section-height-default elementor-section-height-default\" data-id=\"4b61703e\" data-element_type=\"section\" data-e-type=\"section\">\n\t\t\t\t\t\t<div class=\"elementor-container elementor-column-gap-default\">\n\t\t\t\t\t<div class=\"elementor-column elementor-col-100 elementor-top-column elementor-element elementor-element-4688f580\" data-id=\"4688f580\" data-element_type=\"column\" data-e-type=\"column\">\n\t\t\t<div class=\"elementor-widget-wrap elementor-element-populated\">\n\t\t\t\t\t\t<div class=\"elementor-element elementor-element-5dd27140 elementor-widget elementor-widget-spacer\" data-id=\"5dd27140\" data-element_type=\"widget\" data-e-type=\"widget\" data-widget_type=\"spacer.default\">\n\t\t\t\t<div class=\"elementor-widget-container\">\n\t\t\t\t\t\t\t<div class=\"elementor-spacer\">\n\t\t\t<div class=\"elementor-spacer-inner\"><\/div>\n\t\t<\/div>\n\t\t\t\t\t\t<\/div>\n\t\t\t\t<\/div>\n\t\t\t\t\t<\/div>\n\t\t<\/div>\n\t\t\t\t\t<\/div>\n\t\t<\/section>\n\t\t\t\t<section class=\"elementor-section elementor-top-section elementor-element elementor-element-72916a66 elementor-section-boxed elementor-section-height-default elementor-section-height-default\" data-id=\"72916a66\" data-element_type=\"section\" data-e-type=\"section\">\n\t\t\t\t\t\t<div class=\"elementor-container elementor-column-gap-default\">\n\t\t\t\t\t<div class=\"elementor-column elementor-col-50 elementor-top-column elementor-element elementor-element-2920bf93\" data-id=\"2920bf93\" data-element_type=\"column\" data-e-type=\"column\">\n\t\t\t<div class=\"elementor-widget-wrap elementor-element-populated\">\n\t\t\t\t\t\t<div class=\"elementor-element elementor-element-5c5468c elementor-widget elementor-widget-text-editor\" data-id=\"5c5468c\" data-element_type=\"widget\" data-e-type=\"widget\" data-widget_type=\"text-editor.default\">\n\t\t\t\t<div class=\"elementor-widget-container\">\n\t\t\t\t\t\t\t\t\t<ul><li data-ogsc=\"rgb(0, 0, 0)\"><div class=\"x_elementToProof\" role=\"presentation\" data-ogsc=\"\" data-olk-copy-source=\"MessageBody\"><strong>OKUS NARAN\u010cE<\/strong><\/div><\/li><li data-ogsc=\"rgb(0, 0, 0)\"><div class=\"x_elementToProof\" role=\"presentation\" data-ogsc=\"\"><strong>BEZ KONZERVANSA<\/strong><\/div><\/li><li data-ogsc=\"rgb(0, 0, 0)\"><div class=\"x_elementToProof\" role=\"presentation\" data-ogsc=\"\"><strong>100% ALUMINIJSKA LIMENKA KOJA SE MO\u017dE RECIKLIRATI BEZ IKAKVOG GUBITKA KVALITETE<\/strong><\/div><\/li><\/ul>\t\t\t\t\t\t\t\t<\/div>\n\t\t\t\t<\/div>\n\t\t\t\t<div class=\"elementor-element elementor-element-4dd34de5 elementor-widget elementor-widget-text-editor\" data-id=\"4dd34de5\" data-element_type=\"widget\" data-e-type=\"widget\" data-widget_type=\"text-editor.default\">\n\t\t\t\t<div class=\"elementor-widget-container\">\n\t\t\t\t\t\t\t\t\t<div class=\"x_elementToProof\" data-ogsc=\"rgb(0, 0, 0)\" data-olk-copy-source=\"MessageBody\">Predstavljamo najnovijeg \u010dlana XIXO Lemonade obitelji: sti\u017ee XIXO Orange Lemonade!<\/div><div class=\"x_elementToProof\" data-ogsc=\"rgb(0, 0, 0)\">Ova predivna limunada s okusom naran\u010de donosi sun\u010danu esenciju mediteranskih citrusa. Savr\u0161en spoj okusa naran\u010de i klasi\u010dne limunade budi osje\u0107aj sun\u010dane pla\u017ee sa svakim gutljajem.<\/div><div class=\"x_elementToProof\" data-ogsc=\"rgb(0, 0, 0)\">Harmonija svje\u017eih citrusa i nje\u017eno slatkih okusa \u010dini ovo pi\u0107e zaista posebnim.<\/div><div class=\"x_elementToProof\" data-ogsc=\"rgb(0, 0, 0)\">Na\u0161e gazirano pi\u0107e ne sadr\u017ei konzervanse i dolazi u aluminijskoj limenci koja se mo\u017ee reciklirati bez gubitka kvalitete.<\/div><div class=\"x_elementToProof\" data-ogsc=\"rgb(0, 0, 0)\">Isprobaj ovu novu limunadu s citrusnim okusom i u\u017eivaj u svakom trenutku dolce vite!<\/div>\t\t\t\t\t\t\t\t<\/div>\n\t\t\t\t<\/div>\n\t\t\t\t\t<\/div>\n\t\t<\/div>\n\t\t\t\t<div class=\"elementor-column elementor-col-50 elementor-top-column elementor-element elementor-element-60fc8980\" data-id=\"60fc8980\" data-element_type=\"column\" data-e-type=\"column\">\n\t\t\t<div class=\"elementor-widget-wrap elementor-element-populated\">\n\t\t\t\t\t\t<div class=\"elementor-element elementor-element-7be93a0d animated-slow elementor-invisible elementor-widget elementor-widget-image\" data-id=\"7be93a0d\" data-element_type=\"widget\" data-e-type=\"widget\" data-settings=\"{&quot;_animation&quot;:&quot;fadeIn&quot;}\" data-widget_type=\"image.default\">\n\t\t\t\t<div class=\"elementor-widget-container\">\n\t\t\t\t\t\t\t\t\t\t\t\t\t\t\t<img decoding=\"async\" src=\"https:\/\/xixodrinks.com\/wp-content\/uploads\/elementor\/thumbs\/XIXO_ORANGE_FIZZ_250_BG_HR_2-1-scaled-rezim7trw10sqq66s16mdfu3et3vduqkfxzc3g24n4.png\" title=\"XIXO_ORANGE_FIZZ_250_BG_HR_2 (1)\" alt=\"XIXO_ORANGE_FIZZ_250_BG_HR_2 (1)\" loading=\"lazy\" \/>\t\t\t\t\t\t\t\t\t\t\t\t\t\t\t<\/div>\n\t\t\t\t<\/div>\n\t\t\t\t\t<\/div>\n\t\t<\/div>\n\t\t\t\t\t<\/div>\n\t\t<\/section>\n\t\t\t\t<section class=\"elementor-section elementor-top-section elementor-element elementor-element-46a227de elementor-section-boxed elementor-section-height-default elementor-section-height-default\" data-id=\"46a227de\" data-element_type=\"section\" data-e-type=\"section\">\n\t\t\t\t\t\t<div class=\"elementor-container elementor-column-gap-default\">\n\t\t\t\t\t<div class=\"elementor-column elementor-col-100 elementor-top-column elementor-element elementor-element-724359f7\" data-id=\"724359f7\" data-element_type=\"column\" data-e-type=\"column\">\n\t\t\t<div class=\"elementor-widget-wrap elementor-element-populated\">\n\t\t\t\t\t\t<div class=\"elementor-element elementor-element-7b77c9a elementor-widget elementor-widget-spacer\" data-id=\"7b77c9a\" data-element_type=\"widget\" data-e-type=\"widget\" data-widget_type=\"spacer.default\">\n\t\t\t\t<div class=\"elementor-widget-container\">\n\t\t\t\t\t\t\t<div class=\"elementor-spacer\">\n\t\t\t<div class=\"elementor-spacer-inner\"><\/div>\n\t\t<\/div>\n\t\t\t\t\t\t<\/div>\n\t\t\t\t<\/div>\n\t\t\t\t\t<\/div>\n\t\t<\/div>\n\t\t\t\t\t<\/div>\n\t\t<\/section>\n\t\t\t\t<\/div>\n\t\t","protected":false},"excerpt":{"rendered":"<p>OKUS NARAN\u010cE BEZ KONZERVANSA 100% ALUMINIJSKA LIMENKA KOJA SE MO\u017dE RECIKLIRATI BEZ IKAKVOG GUBITKA KVALITETE Predstavljamo najnovijeg \u010dlana XIXO Lemonade obitelji: sti\u017ee XIXO Orange Lemonade!Ova predivna limunada s okusom naran\u010de donosi sun\u010danu esenciju mediteranskih citrusa. Savr\u0161en spoj okusa naran\u010de i klasi\u010dne limunade budi osje\u0107aj sun\u010dane pla\u017ee sa svakim gutljajem.Harmonija svje\u017eih citrusa i nje\u017eno slatkih okusa [&hellip;]<\/p>\n","protected":false},"author":1,"featured_media":0,"parent":7700,"menu_order":0,"comment_status":"closed","ping_status":"closed","template":"elementor_header_footer","meta":{"footnotes":""},"class_list":["post-7744","page","type-page","status-publish","hentry"],"_links":{"self":[{"href":"https:\/\/xixodrinks.com\/hr\/wp-json\/wp\/v2\/pages\/7744","targetHints":{"allow":["GET"]}}],"collection":[{"href":"https:\/\/xixodrinks.com\/hr\/wp-json\/wp\/v2\/pages"}],"about":[{"href":"https:\/\/xixodrinks.com\/hr\/wp-json\/wp\/v2\/types\/page"}],"author":[{"embeddable":true,"href":"https:\/\/xixodrinks.com\/hr\/wp-json\/wp\/v2\/users\/1"}],"replies":[{"embeddable":true,"href":"https:\/\/xixodrinks.com\/hr\/wp-json\/wp\/v2\/comments?post=7744"}],"version-history":[{"count":4,"href":"https:\/\/xixodrinks.com\/hr\/wp-json\/wp\/v2\/pages\/7744\/revisions"}],"predecessor-version":[{"id":7749,"href":"https:\/\/xixodrinks.com\/hr\/wp-json\/wp\/v2\/pages\/7744\/revisions\/7749"}],"up":[{"embeddable":true,"href":"https:\/\/xixodrinks.com\/hr\/wp-json\/wp\/v2\/pages\/7700"}],"wp:attachment":[{"href":"https:\/\/xixodrinks.com\/hr\/wp-json\/wp\/v2\/media?parent=7744"}],"curies":[{"name":"wp","href":"https:\/\/api.w.org\/{rel}","templated":true}]}}