{"id":9216,"date":"2026-04-02T13:18:34","date_gmt":"2026-04-02T11:18:34","guid":{"rendered":"https:\/\/xixodrinks.com\/?page_id=9216"},"modified":"2026-04-02T13:19:36","modified_gmt":"2026-04-02T11:19:36","slug":"xixo-tutti-fruity-black-cherry","status":"publish","type":"page","link":"https:\/\/xixodrinks.com\/hr\/proizvodi\/csd\/xixo-tutti-fruity-black-cherry\/","title":{"rendered":"XIXO Tutti Fruity Black Cherry"},"content":{"rendered":"\t\t<div data-elementor-type=\"wp-page\" data-elementor-id=\"9216\" class=\"elementor elementor-9216\" data-elementor-post-type=\"page\">\n\t\t\t\t\t\t<section class=\"elementor-section elementor-top-section elementor-element elementor-element-3ad3278c elementor-section-boxed elementor-section-height-default elementor-section-height-default\" data-id=\"3ad3278c\" data-element_type=\"section\" data-e-type=\"section\">\n\t\t\t\t\t\t<div class=\"elementor-container elementor-column-gap-default\">\n\t\t\t\t\t<div class=\"elementor-column elementor-col-100 elementor-top-column elementor-element elementor-element-47b7b4c1\" data-id=\"47b7b4c1\" data-element_type=\"column\" data-e-type=\"column\">\n\t\t\t<div class=\"elementor-widget-wrap elementor-element-populated\">\n\t\t\t\t\t\t<div class=\"elementor-element elementor-element-4c6f15ac elementor-widget elementor-widget-spacer\" data-id=\"4c6f15ac\" data-element_type=\"widget\" data-e-type=\"widget\" data-widget_type=\"spacer.default\">\n\t\t\t\t<div class=\"elementor-widget-container\">\n\t\t\t\t\t\t\t<div class=\"elementor-spacer\">\n\t\t\t<div class=\"elementor-spacer-inner\"><\/div>\n\t\t<\/div>\n\t\t\t\t\t\t<\/div>\n\t\t\t\t<\/div>\n\t\t\t\t\t<\/div>\n\t\t<\/div>\n\t\t\t\t\t<\/div>\n\t\t<\/section>\n\t\t\t\t<section class=\"elementor-section elementor-top-section elementor-element elementor-element-4e2d2410 elementor-section-boxed elementor-section-height-default elementor-section-height-default\" data-id=\"4e2d2410\" data-element_type=\"section\" data-e-type=\"section\">\n\t\t\t\t\t\t<div class=\"elementor-container elementor-column-gap-default\">\n\t\t\t\t\t<div class=\"elementor-column elementor-col-50 elementor-top-column elementor-element elementor-element-3f3daa97\" data-id=\"3f3daa97\" data-element_type=\"column\" data-e-type=\"column\">\n\t\t\t<div class=\"elementor-widget-wrap elementor-element-populated\">\n\t\t\t\t\t\t<div class=\"elementor-element elementor-element-116b9b0a elementor-widget elementor-widget-text-editor\" data-id=\"116b9b0a\" data-element_type=\"widget\" data-e-type=\"widget\" data-widget_type=\"text-editor.default\">\n\t\t\t\t<div class=\"elementor-widget-container\">\n\t\t\t\t\t\t\t\t\t<ul><li><strong>OKUS CRNE TRE\u0160NJE I<\/strong><\/li><li><strong>TUTTI FRUTTIJA<\/strong><\/li><li><strong>BEZ KOFEINA<\/strong><\/li><li><strong>S VITAMINIMA<\/strong><\/li><li><strong>BEZ KONZERVANSA<\/strong><\/li><li><strong>100% RECIKLIRAJU\u0106A ALUMINIJSKA LIMENKA BEZ GUBITKA KVALITETE<\/strong><\/li><\/ul>\t\t\t\t\t\t\t\t<\/div>\n\t\t\t\t<\/div>\n\t\t\t\t<div class=\"elementor-element elementor-element-2029addd elementor-widget elementor-widget-text-editor\" data-id=\"2029addd\" data-element_type=\"widget\" data-e-type=\"widget\" data-widget_type=\"text-editor.default\">\n\t\t\t\t<div class=\"elementor-widget-container\">\n\t\t\t\t\t\t\t\t\t<p>Odva\u017ean okus, potpuno nova iskustva \u2013 obitelj XIXO Tutti Fruity se \u0161iri! Otkrijte neodoljivi XIXO Tutti Fruity Black Cherry, gdje se osvje\u017eavaju\u0107i tutti frutti i bogati okus crne tre\u0161nje savr\u0161eno spajaju. Ovo posebno pi\u0107e donosi idealnu ravnote\u017eu slatkih i blago kiselkastih vo\u0107nih nota, jam\u010de\u0107i nezaboravno iskustvo pri svakom gutljaju.<br \/>Ovo gazirano bezalkoholno pi\u0107e ne nudi samo uzbudljive okuse, ve\u0107 sadr\u017ei i 5 vrsta vitamina B te je proizvedeno bez kofeina i konzervansa. Pakirano je u aluminijsku limenku s unutarnjim BPA-free premazom, izra\u0111enoj od 100 % recikliraju\u0107eg aluminija, bez ikakvog gubitka kvalitete. <br \/>Prepustite se ovoj doista izvanrednoj kombinaciji okusa!<\/p>\t\t\t\t\t\t\t\t<\/div>\n\t\t\t\t<\/div>\n\t\t\t\t\t<\/div>\n\t\t<\/div>\n\t\t\t\t<div class=\"elementor-column elementor-col-50 elementor-top-column elementor-element elementor-element-7c00ceb7\" data-id=\"7c00ceb7\" data-element_type=\"column\" data-e-type=\"column\">\n\t\t\t<div class=\"elementor-widget-wrap elementor-element-populated\">\n\t\t\t\t\t\t<div class=\"elementor-element elementor-element-21a91723 animated-slow elementor-invisible elementor-widget elementor-widget-image\" data-id=\"21a91723\" data-element_type=\"widget\" data-e-type=\"widget\" data-settings=\"{&quot;_animation&quot;:&quot;fadeIn&quot;}\" data-widget_type=\"image.default\">\n\t\t\t\t<div class=\"elementor-widget-container\">\n\t\t\t\t\t\t\t\t\t\t\t\t\t\t\t<img decoding=\"async\" src=\"https:\/\/xixodrinks.com\/wp-content\/uploads\/elementor\/thumbs\/XIXO_CHERRY_COLA_2024_PACKSHOT_ENG-1-1-rldd2wbwct7ts5v2tlgbtacvgh5c5me3wf9gqpekg0.png\" title=\"XIXO_CHERRY_COLA_2024_PACKSHOT_ENG 1 (1)\" alt=\"XIXO_CHERRY_COLA_2024_PACKSHOT_ENG 1 (1)\" loading=\"lazy\" \/>\t\t\t\t\t\t\t\t\t\t\t\t\t\t\t<\/div>\n\t\t\t\t<\/div>\n\t\t\t\t\t<\/div>\n\t\t<\/div>\n\t\t\t\t\t<\/div>\n\t\t<\/section>\n\t\t\t\t<section class=\"elementor-section elementor-top-section elementor-element elementor-element-1e6cb989 elementor-section-boxed elementor-section-height-default elementor-section-height-default\" data-id=\"1e6cb989\" data-element_type=\"section\" data-e-type=\"section\">\n\t\t\t\t\t\t<div class=\"elementor-container elementor-column-gap-default\">\n\t\t\t\t\t<div class=\"elementor-column elementor-col-100 elementor-top-column elementor-element elementor-element-2088630b\" data-id=\"2088630b\" data-element_type=\"column\" data-e-type=\"column\">\n\t\t\t<div class=\"elementor-widget-wrap elementor-element-populated\">\n\t\t\t\t\t\t<div class=\"elementor-element elementor-element-538c4722 elementor-widget elementor-widget-spacer\" data-id=\"538c4722\" data-element_type=\"widget\" data-e-type=\"widget\" data-widget_type=\"spacer.default\">\n\t\t\t\t<div class=\"elementor-widget-container\">\n\t\t\t\t\t\t\t<div class=\"elementor-spacer\">\n\t\t\t<div class=\"elementor-spacer-inner\"><\/div>\n\t\t<\/div>\n\t\t\t\t\t\t<\/div>\n\t\t\t\t<\/div>\n\t\t\t\t\t<\/div>\n\t\t<\/div>\n\t\t\t\t\t<\/div>\n\t\t<\/section>\n\t\t\t\t<\/div>\n\t\t","protected":false},"excerpt":{"rendered":"<p>OKUS CRNE TRE\u0160NJE I TUTTI FRUTTIJA BEZ KOFEINA S VITAMINIMA BEZ KONZERVANSA 100% RECIKLIRAJU\u0106A ALUMINIJSKA LIMENKA BEZ GUBITKA KVALITETE Odva\u017ean okus, potpuno nova iskustva \u2013 obitelj XIXO Tutti Fruity se \u0161iri! Otkrijte neodoljivi XIXO Tutti Fruity Black Cherry, gdje se osvje\u017eavaju\u0107i tutti frutti i bogati okus crne tre\u0161nje savr\u0161eno spajaju. Ovo posebno pi\u0107e donosi idealnu [&hellip;]<\/p>\n","protected":false},"author":1,"featured_media":0,"parent":4625,"menu_order":0,"comment_status":"closed","ping_status":"closed","template":"elementor_header_footer","meta":{"footnotes":""},"class_list":["post-9216","page","type-page","status-publish","hentry"],"_links":{"self":[{"href":"https:\/\/xixodrinks.com\/hr\/wp-json\/wp\/v2\/pages\/9216","targetHints":{"allow":["GET"]}}],"collection":[{"href":"https:\/\/xixodrinks.com\/hr\/wp-json\/wp\/v2\/pages"}],"about":[{"href":"https:\/\/xixodrinks.com\/hr\/wp-json\/wp\/v2\/types\/page"}],"author":[{"embeddable":true,"href":"https:\/\/xixodrinks.com\/hr\/wp-json\/wp\/v2\/users\/1"}],"replies":[{"embeddable":true,"href":"https:\/\/xixodrinks.com\/hr\/wp-json\/wp\/v2\/comments?post=9216"}],"version-history":[{"count":4,"href":"https:\/\/xixodrinks.com\/hr\/wp-json\/wp\/v2\/pages\/9216\/revisions"}],"predecessor-version":[{"id":9221,"href":"https:\/\/xixodrinks.com\/hr\/wp-json\/wp\/v2\/pages\/9216\/revisions\/9221"}],"up":[{"embeddable":true,"href":"https:\/\/xixodrinks.com\/hr\/wp-json\/wp\/v2\/pages\/4625"}],"wp:attachment":[{"href":"https:\/\/xixodrinks.com\/hr\/wp-json\/wp\/v2\/media?parent=9216"}],"curies":[{"name":"wp","href":"https:\/\/api.w.org\/{rel}","templated":true}]}}