{"id":4946,"date":"2024-03-31T10:51:24","date_gmt":"2024-03-31T08:51:24","guid":{"rendered":"https:\/\/xixodrinks.com\/os-nossos-produtos\/ice-tea\/cha-preto-de-pessego\/"},"modified":"2024-04-03T13:37:17","modified_gmt":"2024-04-03T11:37:17","slug":"cha-preto-de-pessego","status":"publish","type":"page","link":"https:\/\/xixodrinks.com\/pt-pt\/os-nossos-produtos\/ice-tea\/cha-preto-de-pessego\/","title":{"rendered":"CH\u00c1 PRETO DE P\u00caSSEGO"},"content":{"rendered":"\t\t<div data-elementor-type=\"wp-page\" data-elementor-id=\"4946\" class=\"elementor elementor-4946 elementor-4255\" data-elementor-post-type=\"page\">\n\t\t\t\t\t\t<section class=\"elementor-section elementor-top-section elementor-element elementor-element-3db87afb elementor-section-boxed elementor-section-height-default elementor-section-height-default\" data-id=\"3db87afb\" data-element_type=\"section\" data-e-type=\"section\">\n\t\t\t\t\t\t<div class=\"elementor-container elementor-column-gap-default\">\n\t\t\t\t\t<div class=\"elementor-column elementor-col-100 elementor-top-column elementor-element elementor-element-1fbff108\" data-id=\"1fbff108\" data-element_type=\"column\" data-e-type=\"column\">\n\t\t\t<div class=\"elementor-widget-wrap elementor-element-populated\">\n\t\t\t\t\t\t<div class=\"elementor-element elementor-element-7d23f47 elementor-widget elementor-widget-spacer\" data-id=\"7d23f47\" data-element_type=\"widget\" data-e-type=\"widget\" data-widget_type=\"spacer.default\">\n\t\t\t\t<div class=\"elementor-widget-container\">\n\t\t\t\t\t\t\t<div class=\"elementor-spacer\">\n\t\t\t<div class=\"elementor-spacer-inner\"><\/div>\n\t\t<\/div>\n\t\t\t\t\t\t<\/div>\n\t\t\t\t<\/div>\n\t\t\t\t\t<\/div>\n\t\t<\/div>\n\t\t\t\t\t<\/div>\n\t\t<\/section>\n\t\t\t\t<section class=\"elementor-section elementor-top-section elementor-element elementor-element-72073a16 elementor-section-boxed elementor-section-height-default elementor-section-height-default\" data-id=\"72073a16\" data-element_type=\"section\" data-e-type=\"section\">\n\t\t\t\t\t\t<div class=\"elementor-container elementor-column-gap-default\">\n\t\t\t\t\t<div class=\"elementor-column elementor-col-50 elementor-top-column elementor-element elementor-element-2cf7b580\" data-id=\"2cf7b580\" data-element_type=\"column\" data-e-type=\"column\">\n\t\t\t<div class=\"elementor-widget-wrap elementor-element-populated\">\n\t\t\t\t\t\t<div class=\"elementor-element elementor-element-4c090392 elementor-widget elementor-widget-text-editor\" data-id=\"4c090392\" data-element_type=\"widget\" data-e-type=\"widget\" data-widget_type=\"text-editor.default\">\n\t\t\t\t<div class=\"elementor-widget-container\">\n\t\t\t\t\t\t\t\t\t<ul>\n<li><strong>Com sumo de fruta e extrato natural de ch\u00e1<\/strong><\/li>\n<li><strong>N\u00e3o cont\u00e9m conservantes<\/strong><\/li>\n<li><strong>Embalagem infinita, 100% recicl\u00e1vel; embalagem de alum\u00ednio amiga do ambiente<\/strong><\/li>\n<\/ul>\n\t\t\t\t\t\t\t\t<\/div>\n\t\t\t\t<\/div>\n\t\t\t\t<div class=\"elementor-element elementor-element-638738e5 elementor-widget elementor-widget-text-editor\" data-id=\"638738e5\" data-element_type=\"widget\" data-e-type=\"widget\" data-widget_type=\"text-editor.default\">\n\t\t\t\t<div class=\"elementor-widget-container\">\n\t\t\t\t\t\t\t\t\t<p>O Ch\u00e1 Gelado de P\u00eassego XIXO \u00e9 um dos produtos mais antigos e mais populares do nosso portef\u00f3lio. Este refresco, feito com extrato natural de ch\u00e1, n\u00e3o cont\u00e9m corantes nem conservantes artificiais e, gra\u00e7as \u00e0 sua embalagem ecol\u00f3gica em lata de alum\u00ednio de 250 mililitros, pode lev\u00e1-lo facilmente consigo para onde quer que v\u00e1. O Ch\u00e1 Gelado de P\u00eassego XIXO \u00e9 um ch\u00e1 gelado refrescante com notas subtis de do\u00e7ura e com um suave sabor a p\u00eassego. \u00c9 a escolha perfeita para os dias quentes de ver\u00e3o e pode ser um refresco perfeito no inverno. Experimente e desfrute do sabor refrescante do Ch\u00e1 Gelado de P\u00eassego XIXO!<\/p>\n\t\t\t\t\t\t\t\t<\/div>\n\t\t\t\t<\/div>\n\t\t\t\t\t<\/div>\n\t\t<\/div>\n\t\t\t\t<div class=\"elementor-column elementor-col-50 elementor-top-column elementor-element elementor-element-5ec45ae8\" data-id=\"5ec45ae8\" data-element_type=\"column\" data-e-type=\"column\">\n\t\t\t<div class=\"elementor-widget-wrap elementor-element-populated\">\n\t\t\t\t\t\t<div class=\"elementor-element elementor-element-1f99a0e0 animated-slow elementor-invisible elementor-widget elementor-widget-image\" data-id=\"1f99a0e0\" data-element_type=\"widget\" data-e-type=\"widget\" data-settings=\"{&quot;_animation&quot;:&quot;fadeIn&quot;}\" data-widget_type=\"image.default\">\n\t\t\t\t<div class=\"elementor-widget-container\">\n\t\t\t\t\t\t\t\t\t\t\t\t\t\t\t<img decoding=\"async\" src=\"https:\/\/xixodrinks.com\/wp-content\/uploads\/elementor\/thumbs\/XIXO_Tea_2021_EN_peach_2-rezimfchepb3blv9k4fmxdxs5w2t3fkf4z77xnqz9c.png\" title=\"XIXO_Tea_2021_EN_peach_2\" alt=\"XIXO_Tea_2021_EN_peach_2\" loading=\"lazy\" \/>\t\t\t\t\t\t\t\t\t\t\t\t\t\t\t<\/div>\n\t\t\t\t<\/div>\n\t\t\t\t\t<\/div>\n\t\t<\/div>\n\t\t\t\t\t<\/div>\n\t\t<\/section>\n\t\t\t\t<section class=\"elementor-section elementor-top-section elementor-element elementor-element-98ef0f elementor-section-boxed elementor-section-height-default elementor-section-height-default\" data-id=\"98ef0f\" data-element_type=\"section\" data-e-type=\"section\">\n\t\t\t\t\t\t<div class=\"elementor-container elementor-column-gap-default\">\n\t\t\t\t\t<div class=\"elementor-column elementor-col-100 elementor-top-column elementor-element elementor-element-31d3b6eb\" data-id=\"31d3b6eb\" data-element_type=\"column\" data-e-type=\"column\">\n\t\t\t<div class=\"elementor-widget-wrap elementor-element-populated\">\n\t\t\t\t\t\t<div class=\"elementor-element elementor-element-3975a3b5 elementor-widget elementor-widget-spacer\" data-id=\"3975a3b5\" data-element_type=\"widget\" data-e-type=\"widget\" data-widget_type=\"spacer.default\">\n\t\t\t\t<div class=\"elementor-widget-container\">\n\t\t\t\t\t\t\t<div class=\"elementor-spacer\">\n\t\t\t<div class=\"elementor-spacer-inner\"><\/div>\n\t\t<\/div>\n\t\t\t\t\t\t<\/div>\n\t\t\t\t<\/div>\n\t\t\t\t\t<\/div>\n\t\t<\/div>\n\t\t\t\t\t<\/div>\n\t\t<\/section>\n\t\t\t\t<\/div>\n\t\t","protected":false},"excerpt":{"rendered":"<p>Com sumo de fruta e extrato natural de ch\u00e1 N\u00e3o cont\u00e9m conservantes Embalagem infinita, 100% recicl\u00e1vel; embalagem de alum\u00ednio amiga do ambiente O Ch\u00e1 Gelado de P\u00eassego XIXO \u00e9 um dos produtos mais antigos e mais populares do nosso portef\u00f3lio. Este refresco, feito com extrato natural de ch\u00e1, n\u00e3o cont\u00e9m corantes nem conservantes artificiais e, [&hellip;]<\/p>\n","protected":false},"author":1,"featured_media":0,"parent":4768,"menu_order":0,"comment_status":"closed","ping_status":"closed","template":"elementor_header_footer","meta":{"footnotes":""},"class_list":["post-4946","page","type-page","status-publish","hentry"],"_links":{"self":[{"href":"https:\/\/xixodrinks.com\/pt-pt\/wp-json\/wp\/v2\/pages\/4946","targetHints":{"allow":["GET"]}}],"collection":[{"href":"https:\/\/xixodrinks.com\/pt-pt\/wp-json\/wp\/v2\/pages"}],"about":[{"href":"https:\/\/xixodrinks.com\/pt-pt\/wp-json\/wp\/v2\/types\/page"}],"author":[{"embeddable":true,"href":"https:\/\/xixodrinks.com\/pt-pt\/wp-json\/wp\/v2\/users\/1"}],"replies":[{"embeddable":true,"href":"https:\/\/xixodrinks.com\/pt-pt\/wp-json\/wp\/v2\/comments?post=4946"}],"version-history":[{"count":3,"href":"https:\/\/xixodrinks.com\/pt-pt\/wp-json\/wp\/v2\/pages\/4946\/revisions"}],"predecessor-version":[{"id":4949,"href":"https:\/\/xixodrinks.com\/pt-pt\/wp-json\/wp\/v2\/pages\/4946\/revisions\/4949"}],"up":[{"embeddable":true,"href":"https:\/\/xixodrinks.com\/pt-pt\/wp-json\/wp\/v2\/pages\/4768"}],"wp:attachment":[{"href":"https:\/\/xixodrinks.com\/pt-pt\/wp-json\/wp\/v2\/media?parent=4946"}],"curies":[{"name":"wp","href":"https:\/\/api.w.org\/{rel}","templated":true}]}}