{"id":4950,"date":"2024-03-31T10:49:07","date_gmt":"2024-03-31T08:49:07","guid":{"rendered":"https:\/\/xixodrinks.com\/os-nossos-produtos\/ice-tea\/cha-preto-de-limao\/"},"modified":"2024-04-03T13:38:13","modified_gmt":"2024-04-03T11:38:13","slug":"cha-preto-de-limao","status":"publish","type":"page","link":"https:\/\/xixodrinks.com\/pt-pt\/os-nossos-produtos\/ice-tea\/cha-preto-de-limao\/","title":{"rendered":"CH\u00c1 PRETO DE LIM\u00c3O"},"content":{"rendered":"\t\t<div data-elementor-type=\"wp-page\" data-elementor-id=\"4950\" class=\"elementor elementor-4950 elementor-4240\" data-elementor-post-type=\"page\">\n\t\t\t\t\t\t<section class=\"elementor-section elementor-top-section elementor-element elementor-element-211511ff elementor-section-boxed elementor-section-height-default elementor-section-height-default\" data-id=\"211511ff\" data-element_type=\"section\" data-e-type=\"section\">\n\t\t\t\t\t\t<div class=\"elementor-container elementor-column-gap-default\">\n\t\t\t\t\t<div class=\"elementor-column elementor-col-100 elementor-top-column elementor-element elementor-element-2b24fd8f\" data-id=\"2b24fd8f\" data-element_type=\"column\" data-e-type=\"column\">\n\t\t\t<div class=\"elementor-widget-wrap elementor-element-populated\">\n\t\t\t\t\t\t<div class=\"elementor-element elementor-element-352a212e elementor-widget elementor-widget-spacer\" data-id=\"352a212e\" data-element_type=\"widget\" data-e-type=\"widget\" data-widget_type=\"spacer.default\">\n\t\t\t\t<div class=\"elementor-widget-container\">\n\t\t\t\t\t\t\t<div class=\"elementor-spacer\">\n\t\t\t<div class=\"elementor-spacer-inner\"><\/div>\n\t\t<\/div>\n\t\t\t\t\t\t<\/div>\n\t\t\t\t<\/div>\n\t\t\t\t\t<\/div>\n\t\t<\/div>\n\t\t\t\t\t<\/div>\n\t\t<\/section>\n\t\t\t\t<section class=\"elementor-section elementor-top-section elementor-element elementor-element-5c9c0099 elementor-section-boxed elementor-section-height-default elementor-section-height-default\" data-id=\"5c9c0099\" data-element_type=\"section\" data-e-type=\"section\">\n\t\t\t\t\t\t<div class=\"elementor-container elementor-column-gap-default\">\n\t\t\t\t\t<div class=\"elementor-column elementor-col-50 elementor-top-column elementor-element elementor-element-2c8dde1d\" data-id=\"2c8dde1d\" data-element_type=\"column\" data-e-type=\"column\">\n\t\t\t<div class=\"elementor-widget-wrap elementor-element-populated\">\n\t\t\t\t\t\t<div class=\"elementor-element elementor-element-730cf2ed elementor-widget elementor-widget-text-editor\" data-id=\"730cf2ed\" data-element_type=\"widget\" data-e-type=\"widget\" data-widget_type=\"text-editor.default\">\n\t\t\t\t<div class=\"elementor-widget-container\">\n\t\t\t\t\t\t\t\t\t<ul>\n<li><strong>Com sumo de fruta e extrato natural de ch\u00e1<\/strong><\/li>\n<li><strong>N\u00e3o cont\u00e9m conservantes<\/strong><\/li>\n<li><strong>Embalagem infinita, 100% recicl\u00e1vel; embalagem de alum\u00ednio amiga do ambiente<\/strong><\/li>\n<\/ul>\n\t\t\t\t\t\t\t\t<\/div>\n\t\t\t\t<\/div>\n\t\t\t\t<div class=\"elementor-element elementor-element-1c6676ac elementor-widget elementor-widget-text-editor\" data-id=\"1c6676ac\" data-element_type=\"widget\" data-e-type=\"widget\" data-widget_type=\"text-editor.default\">\n\t\t\t\t<div class=\"elementor-widget-container\">\n\t\t\t\t\t\t\t\t\t<p>Uma mistura de sabor cl\u00e1ssico a lim\u00e3o e ch\u00e1 preto de alta qualidade \u00e9 o que faz com que cada gole de Ch\u00e1 Preto de Lim\u00e3o XIXO seja uma experi\u00eancia verdadeiramente refrescante. O Ch\u00e1 Preto de Lim\u00e3o XIXO, um dos produtos de maior sucesso do nosso portef\u00f3lio, n\u00e3o cont\u00e9m corantes nem conservantes artificiais e, gra\u00e7as \u00e0 sua embalagem ecol\u00f3gica em lata de alum\u00ednio de 250 mililitros, pode lev\u00e1-lo facilmente consigo para onde quer que v\u00e1. O Ch\u00e1 Gelado de Lim\u00e3o XIXO \u00e9 um ch\u00e1 gelado refrescante com notas subtis de do\u00e7ura e um suave sabor a lim\u00e3o. \u00c9 a escolha perfeita para os dias quentes de ver\u00e3o e pode ser um refresco perfeito no inverno. Experimente e desfrute do sabor refrescante do Ch\u00e1 Gelado de P\u00eassego XIXO!<\/p>\n\t\t\t\t\t\t\t\t<\/div>\n\t\t\t\t<\/div>\n\t\t\t\t\t<\/div>\n\t\t<\/div>\n\t\t\t\t<div class=\"elementor-column elementor-col-50 elementor-top-column elementor-element elementor-element-17f13f91\" data-id=\"17f13f91\" data-element_type=\"column\" data-e-type=\"column\">\n\t\t\t<div class=\"elementor-widget-wrap elementor-element-populated\">\n\t\t\t\t\t\t<div class=\"elementor-element elementor-element-52160657 animated-slow elementor-invisible elementor-widget elementor-widget-image\" data-id=\"52160657\" data-element_type=\"widget\" data-e-type=\"widget\" data-settings=\"{&quot;_animation&quot;:&quot;fadeIn&quot;}\" data-widget_type=\"image.default\">\n\t\t\t\t<div class=\"elementor-widget-container\">\n\t\t\t\t\t\t\t\t\t\t\t\t\t\t\t<img decoding=\"async\" src=\"https:\/\/xixodrinks.com\/wp-content\/uploads\/elementor\/thumbs\/XIXO_Tea_2021_EN_lemon_2-rezimfchepb3blv9k4fmxdxs5w2t3fkf4z77xnqz9c.png\" title=\"XIXO_Tea_2021_EN_lemon_2\" alt=\"XIXO_Tea_2021_EN_lemon_2\" loading=\"lazy\" \/>\t\t\t\t\t\t\t\t\t\t\t\t\t\t\t<\/div>\n\t\t\t\t<\/div>\n\t\t\t\t\t<\/div>\n\t\t<\/div>\n\t\t\t\t\t<\/div>\n\t\t<\/section>\n\t\t\t\t<section class=\"elementor-section elementor-top-section elementor-element elementor-element-74c8813a elementor-section-boxed elementor-section-height-default elementor-section-height-default\" data-id=\"74c8813a\" data-element_type=\"section\" data-e-type=\"section\">\n\t\t\t\t\t\t<div class=\"elementor-container elementor-column-gap-default\">\n\t\t\t\t\t<div class=\"elementor-column elementor-col-100 elementor-top-column elementor-element elementor-element-646d7226\" data-id=\"646d7226\" data-element_type=\"column\" data-e-type=\"column\">\n\t\t\t<div class=\"elementor-widget-wrap elementor-element-populated\">\n\t\t\t\t\t\t<div class=\"elementor-element elementor-element-6ba1e8f2 elementor-widget elementor-widget-spacer\" data-id=\"6ba1e8f2\" data-element_type=\"widget\" data-e-type=\"widget\" data-widget_type=\"spacer.default\">\n\t\t\t\t<div class=\"elementor-widget-container\">\n\t\t\t\t\t\t\t<div class=\"elementor-spacer\">\n\t\t\t<div class=\"elementor-spacer-inner\"><\/div>\n\t\t<\/div>\n\t\t\t\t\t\t<\/div>\n\t\t\t\t<\/div>\n\t\t\t\t\t<\/div>\n\t\t<\/div>\n\t\t\t\t\t<\/div>\n\t\t<\/section>\n\t\t\t\t<\/div>\n\t\t","protected":false},"excerpt":{"rendered":"<p>Com sumo de fruta e extrato natural de ch\u00e1 N\u00e3o cont\u00e9m conservantes Embalagem infinita, 100% recicl\u00e1vel; embalagem de alum\u00ednio amiga do ambiente Uma mistura de sabor cl\u00e1ssico a lim\u00e3o e ch\u00e1 preto de alta qualidade \u00e9 o que faz com que cada gole de Ch\u00e1 Preto de Lim\u00e3o XIXO seja uma experi\u00eancia verdadeiramente refrescante. O [&hellip;]<\/p>\n","protected":false},"author":1,"featured_media":0,"parent":4768,"menu_order":0,"comment_status":"closed","ping_status":"closed","template":"elementor_header_footer","meta":{"footnotes":""},"class_list":["post-4950","page","type-page","status-publish","hentry"],"_links":{"self":[{"href":"https:\/\/xixodrinks.com\/pt-pt\/wp-json\/wp\/v2\/pages\/4950","targetHints":{"allow":["GET"]}}],"collection":[{"href":"https:\/\/xixodrinks.com\/pt-pt\/wp-json\/wp\/v2\/pages"}],"about":[{"href":"https:\/\/xixodrinks.com\/pt-pt\/wp-json\/wp\/v2\/types\/page"}],"author":[{"embeddable":true,"href":"https:\/\/xixodrinks.com\/pt-pt\/wp-json\/wp\/v2\/users\/1"}],"replies":[{"embeddable":true,"href":"https:\/\/xixodrinks.com\/pt-pt\/wp-json\/wp\/v2\/comments?post=4950"}],"version-history":[{"count":3,"href":"https:\/\/xixodrinks.com\/pt-pt\/wp-json\/wp\/v2\/pages\/4950\/revisions"}],"predecessor-version":[{"id":4953,"href":"https:\/\/xixodrinks.com\/pt-pt\/wp-json\/wp\/v2\/pages\/4950\/revisions\/4953"}],"up":[{"embeddable":true,"href":"https:\/\/xixodrinks.com\/pt-pt\/wp-json\/wp\/v2\/pages\/4768"}],"wp:attachment":[{"href":"https:\/\/xixodrinks.com\/pt-pt\/wp-json\/wp\/v2\/media?parent=4950"}],"curies":[{"name":"wp","href":"https:\/\/api.w.org\/{rel}","templated":true}]}}