{"id":4954,"date":"2024-03-31T10:46:03","date_gmt":"2024-03-31T08:46:03","guid":{"rendered":"https:\/\/xixodrinks.com\/os-nossos-produtos\/ice-tea\/cha-preto-de-morango\/"},"modified":"2024-04-03T13:39:14","modified_gmt":"2024-04-03T11:39:14","slug":"cha-preto-de-morango","status":"publish","type":"page","link":"https:\/\/xixodrinks.com\/pt-pt\/os-nossos-produtos\/ice-tea\/cha-preto-de-morango\/","title":{"rendered":"CH\u00c1 PRETO DE MORANGO"},"content":{"rendered":"\t\t<div data-elementor-type=\"wp-page\" data-elementor-id=\"4954\" class=\"elementor elementor-4954 elementor-4210\" data-elementor-post-type=\"page\">\n\t\t\t\t\t\t<section class=\"elementor-section elementor-top-section elementor-element elementor-element-1f6cb36a elementor-section-boxed elementor-section-height-default elementor-section-height-default\" data-id=\"1f6cb36a\" data-element_type=\"section\" data-e-type=\"section\">\n\t\t\t\t\t\t<div class=\"elementor-container elementor-column-gap-default\">\n\t\t\t\t\t<div class=\"elementor-column elementor-col-100 elementor-top-column elementor-element elementor-element-3d922e55\" data-id=\"3d922e55\" data-element_type=\"column\" data-e-type=\"column\">\n\t\t\t<div class=\"elementor-widget-wrap elementor-element-populated\">\n\t\t\t\t\t\t<div class=\"elementor-element elementor-element-52eed3e9 elementor-widget elementor-widget-spacer\" data-id=\"52eed3e9\" data-element_type=\"widget\" data-e-type=\"widget\" data-widget_type=\"spacer.default\">\n\t\t\t\t<div class=\"elementor-widget-container\">\n\t\t\t\t\t\t\t<div class=\"elementor-spacer\">\n\t\t\t<div class=\"elementor-spacer-inner\"><\/div>\n\t\t<\/div>\n\t\t\t\t\t\t<\/div>\n\t\t\t\t<\/div>\n\t\t\t\t\t<\/div>\n\t\t<\/div>\n\t\t\t\t\t<\/div>\n\t\t<\/section>\n\t\t\t\t<section class=\"elementor-section elementor-top-section elementor-element elementor-element-b22bd55 elementor-section-boxed elementor-section-height-default elementor-section-height-default\" data-id=\"b22bd55\" data-element_type=\"section\" data-e-type=\"section\">\n\t\t\t\t\t\t<div class=\"elementor-container elementor-column-gap-default\">\n\t\t\t\t\t<div class=\"elementor-column elementor-col-50 elementor-top-column elementor-element elementor-element-2dc6482e\" data-id=\"2dc6482e\" data-element_type=\"column\" data-e-type=\"column\">\n\t\t\t<div class=\"elementor-widget-wrap elementor-element-populated\">\n\t\t\t\t\t\t<div class=\"elementor-element elementor-element-75dbae9 elementor-widget elementor-widget-text-editor\" data-id=\"75dbae9\" data-element_type=\"widget\" data-e-type=\"widget\" data-widget_type=\"text-editor.default\">\n\t\t\t\t<div class=\"elementor-widget-container\">\n\t\t\t\t\t\t\t\t\t<ul>\n<li><strong>Com sumo de fruta e extrato natural de ch\u00e1<\/strong><\/li>\n<li><strong>N\u00e3o cont\u00e9m conservantes<\/strong><\/li>\n<li><strong>Embalagem infinita, 100% recicl\u00e1vel; embalagem de alum\u00ednio amiga do ambiente<\/strong><\/li>\n<\/ul>\n\t\t\t\t\t\t\t\t<\/div>\n\t\t\t\t<\/div>\n\t\t\t\t<div class=\"elementor-element elementor-element-1779205f elementor-widget elementor-widget-text-editor\" data-id=\"1779205f\" data-element_type=\"widget\" data-e-type=\"widget\" data-widget_type=\"text-editor.default\">\n\t\t\t\t<div class=\"elementor-widget-container\">\n\t\t\t\t\t\t\t\t\t<p>A pensar nos amantes de morango, a XIXO criou o seu ch\u00e1 gelado refrescante com sabor a este fruto vermelho vivo. N\u00e3o foram utilizados conservantes ou corantes artificiais para este refresco feito com extrato natural de ch\u00e1 preto. Leve o seu ch\u00e1 gelado preferido consigo quando estiver em viagem com a sua embalagem ecol\u00f3gica de 250 mililitros em lata de alum\u00ednio. O Ch\u00e1 Gelado de Morango XIXO \u00e9 um ch\u00e1 gelado refrescante com notas subtis de do\u00e7ura e um suave sabor a morango. \u00c9 a escolha perfeita para os dias quentes de ver\u00e3o e pode ser um refresco perfeito no inverno. Experimente e desfrute do sabor refrescante do ch\u00e1 gelado XIXO com sabor a morango!<\/p>\n\t\t\t\t\t\t\t\t<\/div>\n\t\t\t\t<\/div>\n\t\t\t\t\t<\/div>\n\t\t<\/div>\n\t\t\t\t<div class=\"elementor-column elementor-col-50 elementor-top-column elementor-element elementor-element-107b093f\" data-id=\"107b093f\" data-element_type=\"column\" data-e-type=\"column\">\n\t\t\t<div class=\"elementor-widget-wrap elementor-element-populated\">\n\t\t\t\t\t\t<div class=\"elementor-element elementor-element-3fdfa850 animated-slow elementor-invisible elementor-widget elementor-widget-image\" data-id=\"3fdfa850\" data-element_type=\"widget\" data-e-type=\"widget\" data-settings=\"{&quot;_animation&quot;:&quot;fadeIn&quot;}\" data-widget_type=\"image.default\">\n\t\t\t\t<div class=\"elementor-widget-container\">\n\t\t\t\t\t\t\t\t\t\t\t\t\t\t\t<img decoding=\"async\" src=\"https:\/\/xixodrinks.com\/wp-content\/uploads\/elementor\/thumbs\/XIXO_Tea_2021_EN_strawberry_2-rezimeen7v9szzwmpm10cw6bki7fvqgosujqgdsdfk.png\" title=\"XIXO_Tea_2021_EN_strawberry_2\" alt=\"XIXO_Tea_2021_EN_strawberry_2\" loading=\"lazy\" \/>\t\t\t\t\t\t\t\t\t\t\t\t\t\t\t<\/div>\n\t\t\t\t<\/div>\n\t\t\t\t\t<\/div>\n\t\t<\/div>\n\t\t\t\t\t<\/div>\n\t\t<\/section>\n\t\t\t\t<section class=\"elementor-section elementor-top-section elementor-element elementor-element-49fc8bde elementor-section-boxed elementor-section-height-default elementor-section-height-default\" data-id=\"49fc8bde\" data-element_type=\"section\" data-e-type=\"section\">\n\t\t\t\t\t\t<div class=\"elementor-container elementor-column-gap-default\">\n\t\t\t\t\t<div class=\"elementor-column elementor-col-100 elementor-top-column elementor-element elementor-element-36df367d\" data-id=\"36df367d\" data-element_type=\"column\" data-e-type=\"column\">\n\t\t\t<div class=\"elementor-widget-wrap elementor-element-populated\">\n\t\t\t\t\t\t<div class=\"elementor-element elementor-element-5baac37f elementor-widget elementor-widget-spacer\" data-id=\"5baac37f\" data-element_type=\"widget\" data-e-type=\"widget\" data-widget_type=\"spacer.default\">\n\t\t\t\t<div class=\"elementor-widget-container\">\n\t\t\t\t\t\t\t<div class=\"elementor-spacer\">\n\t\t\t<div class=\"elementor-spacer-inner\"><\/div>\n\t\t<\/div>\n\t\t\t\t\t\t<\/div>\n\t\t\t\t<\/div>\n\t\t\t\t\t<\/div>\n\t\t<\/div>\n\t\t\t\t\t<\/div>\n\t\t<\/section>\n\t\t\t\t<\/div>\n\t\t","protected":false},"excerpt":{"rendered":"<p>Com sumo de fruta e extrato natural de ch\u00e1 N\u00e3o cont\u00e9m conservantes Embalagem infinita, 100% recicl\u00e1vel; embalagem de alum\u00ednio amiga do ambiente A pensar nos amantes de morango, a XIXO criou o seu ch\u00e1 gelado refrescante com sabor a este fruto vermelho vivo. N\u00e3o foram utilizados conservantes ou corantes artificiais para este refresco feito com [&hellip;]<\/p>\n","protected":false},"author":1,"featured_media":0,"parent":4768,"menu_order":0,"comment_status":"closed","ping_status":"closed","template":"elementor_header_footer","meta":{"footnotes":""},"class_list":["post-4954","page","type-page","status-publish","hentry"],"_links":{"self":[{"href":"https:\/\/xixodrinks.com\/pt-pt\/wp-json\/wp\/v2\/pages\/4954","targetHints":{"allow":["GET"]}}],"collection":[{"href":"https:\/\/xixodrinks.com\/pt-pt\/wp-json\/wp\/v2\/pages"}],"about":[{"href":"https:\/\/xixodrinks.com\/pt-pt\/wp-json\/wp\/v2\/types\/page"}],"author":[{"embeddable":true,"href":"https:\/\/xixodrinks.com\/pt-pt\/wp-json\/wp\/v2\/users\/1"}],"replies":[{"embeddable":true,"href":"https:\/\/xixodrinks.com\/pt-pt\/wp-json\/wp\/v2\/comments?post=4954"}],"version-history":[{"count":3,"href":"https:\/\/xixodrinks.com\/pt-pt\/wp-json\/wp\/v2\/pages\/4954\/revisions"}],"predecessor-version":[{"id":4957,"href":"https:\/\/xixodrinks.com\/pt-pt\/wp-json\/wp\/v2\/pages\/4954\/revisions\/4957"}],"up":[{"embeddable":true,"href":"https:\/\/xixodrinks.com\/pt-pt\/wp-json\/wp\/v2\/pages\/4768"}],"wp:attachment":[{"href":"https:\/\/xixodrinks.com\/pt-pt\/wp-json\/wp\/v2\/media?parent=4954"}],"curies":[{"name":"wp","href":"https:\/\/api.w.org\/{rel}","templated":true}]}}