{"id":4958,"date":"2024-03-31T10:43:28","date_gmt":"2024-03-31T08:43:28","guid":{"rendered":"https:\/\/xixodrinks.com\/os-nossos-produtos\/ice-tea\/cha-preto-com-sabor-a-melancia-e-framboesa\/"},"modified":"2024-04-03T13:39:59","modified_gmt":"2024-04-03T11:39:59","slug":"cha-preto-com-sabor-a-melancia-e-framboesa","status":"publish","type":"page","link":"https:\/\/xixodrinks.com\/pt-pt\/os-nossos-produtos\/ice-tea\/cha-preto-com-sabor-a-melancia-e-framboesa\/","title":{"rendered":"CH\u00c1 PRETO COM SABOR A MELANCIA E FRAMBOESA"},"content":{"rendered":"\t\t<div data-elementor-type=\"wp-page\" data-elementor-id=\"4958\" class=\"elementor elementor-4958 elementor-4198\" data-elementor-post-type=\"page\">\n\t\t\t\t\t\t<section class=\"elementor-section elementor-top-section elementor-element elementor-element-9476ebb elementor-section-boxed elementor-section-height-default elementor-section-height-default\" data-id=\"9476ebb\" data-element_type=\"section\" data-e-type=\"section\">\n\t\t\t\t\t\t<div class=\"elementor-container elementor-column-gap-default\">\n\t\t\t\t\t<div class=\"elementor-column elementor-col-100 elementor-top-column elementor-element elementor-element-618f4094\" data-id=\"618f4094\" data-element_type=\"column\" data-e-type=\"column\">\n\t\t\t<div class=\"elementor-widget-wrap elementor-element-populated\">\n\t\t\t\t\t\t<div class=\"elementor-element elementor-element-68936dc8 elementor-widget elementor-widget-spacer\" data-id=\"68936dc8\" data-element_type=\"widget\" data-e-type=\"widget\" data-widget_type=\"spacer.default\">\n\t\t\t\t<div class=\"elementor-widget-container\">\n\t\t\t\t\t\t\t<div class=\"elementor-spacer\">\n\t\t\t<div class=\"elementor-spacer-inner\"><\/div>\n\t\t<\/div>\n\t\t\t\t\t\t<\/div>\n\t\t\t\t<\/div>\n\t\t\t\t\t<\/div>\n\t\t<\/div>\n\t\t\t\t\t<\/div>\n\t\t<\/section>\n\t\t\t\t<section class=\"elementor-section elementor-top-section elementor-element elementor-element-6c7a9a22 elementor-section-boxed elementor-section-height-default elementor-section-height-default\" data-id=\"6c7a9a22\" data-element_type=\"section\" data-e-type=\"section\">\n\t\t\t\t\t\t<div class=\"elementor-container elementor-column-gap-default\">\n\t\t\t\t\t<div class=\"elementor-column elementor-col-50 elementor-top-column elementor-element elementor-element-63cd6092\" data-id=\"63cd6092\" data-element_type=\"column\" data-e-type=\"column\">\n\t\t\t<div class=\"elementor-widget-wrap elementor-element-populated\">\n\t\t\t\t\t\t<div class=\"elementor-element elementor-element-2bb03d9e elementor-widget elementor-widget-text-editor\" data-id=\"2bb03d9e\" data-element_type=\"widget\" data-e-type=\"widget\" data-widget_type=\"text-editor.default\">\n\t\t\t\t<div class=\"elementor-widget-container\">\n\t\t\t\t\t\t\t\t\t<ul>\n<li><strong>Com sumo de fruta e extrato natural de ch\u00e1<\/strong><\/li>\n<li><strong>N\u00e3o cont\u00e9m conservantes<\/strong><\/li>\n<li><strong>Embalagem infinita, 100% recicl\u00e1vel; embalagem de alum\u00ednio amiga do ambiente<\/strong><\/li>\n<\/ul>\n\t\t\t\t\t\t\t\t<\/div>\n\t\t\t\t<\/div>\n\t\t\t\t<div class=\"elementor-element elementor-element-14818905 elementor-widget elementor-widget-text-editor\" data-id=\"14818905\" data-element_type=\"widget\" data-e-type=\"widget\" data-widget_type=\"text-editor.default\">\n\t\t\t\t<div class=\"elementor-widget-container\">\n\t\t\t\t\t\t\t\t\t<p>Os sabores doces da melancia e da framboesa cl\u00e1ssica, em perfeita harmonia, n\u00e3o o v\u00e3o desiludir! Tal como o resto da gama, o Ch\u00e1 Gelado XIXO com sabor a melancia e framboesa \u00e9 feito com extractos naturais de ch\u00e1 e verdadeiros aromas de fruta, e n\u00e3o cont\u00e9m corantes artificiais. A sua embalagem \u00e9 uma lata de alum\u00ednio infinitamente recicl\u00e1vel, o que a torna uma escolha consciente. Experimente voc\u00ea mesmo e desfrute do sabor refrescante do Ch\u00e1 Gelado XIXO com sabor a melancia e framboesa!<\/p>\n\t\t\t\t\t\t\t\t<\/div>\n\t\t\t\t<\/div>\n\t\t\t\t\t<\/div>\n\t\t<\/div>\n\t\t\t\t<div class=\"elementor-column elementor-col-50 elementor-top-column elementor-element elementor-element-f125f9d\" data-id=\"f125f9d\" data-element_type=\"column\" data-e-type=\"column\">\n\t\t\t<div class=\"elementor-widget-wrap elementor-element-populated\">\n\t\t\t\t\t\t<div class=\"elementor-element elementor-element-73053f4b animated-slow elementor-invisible elementor-widget elementor-widget-image\" data-id=\"73053f4b\" data-element_type=\"widget\" data-e-type=\"widget\" data-settings=\"{&quot;_animation&quot;:&quot;fadeIn&quot;}\" data-widget_type=\"image.default\">\n\t\t\t\t<div class=\"elementor-widget-container\">\n\t\t\t\t\t\t\t\t\t\t\t\t\t\t\t<img decoding=\"async\" src=\"https:\/\/xixodrinks.com\/wp-content\/uploads\/elementor\/thumbs\/XIXO-IT-Rapsberry-rezim8rm2v232c4tmjl8xxlk06z8ljuas2mtkq0qgw.png\" title=\"XIXO IT Rapsberry\" alt=\"XIXO IT Rapsberry\" loading=\"lazy\" \/>\t\t\t\t\t\t\t\t\t\t\t\t\t\t\t<\/div>\n\t\t\t\t<\/div>\n\t\t\t\t\t<\/div>\n\t\t<\/div>\n\t\t\t\t\t<\/div>\n\t\t<\/section>\n\t\t\t\t<section class=\"elementor-section elementor-top-section elementor-element elementor-element-514985cc elementor-section-boxed elementor-section-height-default elementor-section-height-default\" data-id=\"514985cc\" data-element_type=\"section\" data-e-type=\"section\">\n\t\t\t\t\t\t<div class=\"elementor-container elementor-column-gap-default\">\n\t\t\t\t\t<div class=\"elementor-column elementor-col-100 elementor-top-column elementor-element elementor-element-286bd74\" data-id=\"286bd74\" data-element_type=\"column\" data-e-type=\"column\">\n\t\t\t<div class=\"elementor-widget-wrap elementor-element-populated\">\n\t\t\t\t\t\t<div class=\"elementor-element elementor-element-2b01f402 elementor-widget elementor-widget-spacer\" data-id=\"2b01f402\" data-element_type=\"widget\" data-e-type=\"widget\" data-widget_type=\"spacer.default\">\n\t\t\t\t<div class=\"elementor-widget-container\">\n\t\t\t\t\t\t\t<div class=\"elementor-spacer\">\n\t\t\t<div class=\"elementor-spacer-inner\"><\/div>\n\t\t<\/div>\n\t\t\t\t\t\t<\/div>\n\t\t\t\t<\/div>\n\t\t\t\t\t<\/div>\n\t\t<\/div>\n\t\t\t\t\t<\/div>\n\t\t<\/section>\n\t\t\t\t<\/div>\n\t\t","protected":false},"excerpt":{"rendered":"<p>Com sumo de fruta e extrato natural de ch\u00e1 N\u00e3o cont\u00e9m conservantes Embalagem infinita, 100% recicl\u00e1vel; embalagem de alum\u00ednio amiga do ambiente Os sabores doces da melancia e da framboesa cl\u00e1ssica, em perfeita harmonia, n\u00e3o o v\u00e3o desiludir! Tal como o resto da gama, o Ch\u00e1 Gelado XIXO com sabor a melancia e framboesa \u00e9 [&hellip;]<\/p>\n","protected":false},"author":1,"featured_media":0,"parent":4768,"menu_order":0,"comment_status":"closed","ping_status":"closed","template":"elementor_header_footer","meta":{"footnotes":""},"class_list":["post-4958","page","type-page","status-publish","hentry"],"_links":{"self":[{"href":"https:\/\/xixodrinks.com\/pt-pt\/wp-json\/wp\/v2\/pages\/4958","targetHints":{"allow":["GET"]}}],"collection":[{"href":"https:\/\/xixodrinks.com\/pt-pt\/wp-json\/wp\/v2\/pages"}],"about":[{"href":"https:\/\/xixodrinks.com\/pt-pt\/wp-json\/wp\/v2\/types\/page"}],"author":[{"embeddable":true,"href":"https:\/\/xixodrinks.com\/pt-pt\/wp-json\/wp\/v2\/users\/1"}],"replies":[{"embeddable":true,"href":"https:\/\/xixodrinks.com\/pt-pt\/wp-json\/wp\/v2\/comments?post=4958"}],"version-history":[{"count":3,"href":"https:\/\/xixodrinks.com\/pt-pt\/wp-json\/wp\/v2\/pages\/4958\/revisions"}],"predecessor-version":[{"id":4961,"href":"https:\/\/xixodrinks.com\/pt-pt\/wp-json\/wp\/v2\/pages\/4958\/revisions\/4961"}],"up":[{"embeddable":true,"href":"https:\/\/xixodrinks.com\/pt-pt\/wp-json\/wp\/v2\/pages\/4768"}],"wp:attachment":[{"href":"https:\/\/xixodrinks.com\/pt-pt\/wp-json\/wp\/v2\/media?parent=4958"}],"curies":[{"name":"wp","href":"https:\/\/api.w.org\/{rel}","templated":true}]}}