{"id":4964,"date":"2024-03-31T11:01:52","date_gmt":"2024-03-31T09:01:52","guid":{"rendered":"https:\/\/xixodrinks.com\/os-nossos-produtos\/csd\/cola-zero-xixo\/"},"modified":"2024-04-04T12:01:21","modified_gmt":"2024-04-04T10:01:21","slug":"cola-zero-xixo","status":"publish","type":"page","link":"https:\/\/xixodrinks.com\/pt-pt\/os-nossos-produtos\/csd\/cola-zero-xixo\/","title":{"rendered":"COLA ZERO XIXO"},"content":{"rendered":"\t\t<div data-elementor-type=\"wp-page\" data-elementor-id=\"4964\" class=\"elementor elementor-4964 elementor-4303\" data-elementor-post-type=\"page\">\n\t\t\t\t\t\t<section class=\"elementor-section elementor-top-section elementor-element elementor-element-43bb2883 elementor-section-boxed elementor-section-height-default elementor-section-height-default\" data-id=\"43bb2883\" data-element_type=\"section\" data-e-type=\"section\">\n\t\t\t\t\t\t<div class=\"elementor-container elementor-column-gap-default\">\n\t\t\t\t\t<div class=\"elementor-column elementor-col-100 elementor-top-column elementor-element elementor-element-1c6ed662\" data-id=\"1c6ed662\" data-element_type=\"column\" data-e-type=\"column\">\n\t\t\t<div class=\"elementor-widget-wrap elementor-element-populated\">\n\t\t\t\t\t\t<div class=\"elementor-element elementor-element-5d7ea516 elementor-widget elementor-widget-spacer\" data-id=\"5d7ea516\" data-element_type=\"widget\" data-e-type=\"widget\" data-widget_type=\"spacer.default\">\n\t\t\t\t<div class=\"elementor-widget-container\">\n\t\t\t\t\t\t\t<div class=\"elementor-spacer\">\n\t\t\t<div class=\"elementor-spacer-inner\"><\/div>\n\t\t<\/div>\n\t\t\t\t\t\t<\/div>\n\t\t\t\t<\/div>\n\t\t\t\t\t<\/div>\n\t\t<\/div>\n\t\t\t\t\t<\/div>\n\t\t<\/section>\n\t\t\t\t<section class=\"elementor-section elementor-top-section elementor-element elementor-element-be4bfec elementor-section-boxed elementor-section-height-default elementor-section-height-default\" data-id=\"be4bfec\" data-element_type=\"section\" data-e-type=\"section\">\n\t\t\t\t\t\t<div class=\"elementor-container elementor-column-gap-default\">\n\t\t\t\t\t<div class=\"elementor-column elementor-col-50 elementor-top-column elementor-element elementor-element-3eaebe99\" data-id=\"3eaebe99\" data-element_type=\"column\" data-e-type=\"column\">\n\t\t\t<div class=\"elementor-widget-wrap elementor-element-populated\">\n\t\t\t\t\t\t<div class=\"elementor-element elementor-element-6a63a554 elementor-widget elementor-widget-text-editor\" data-id=\"6a63a554\" data-element_type=\"widget\" data-e-type=\"widget\" data-widget_type=\"text-editor.default\">\n\t\t\t\t<div class=\"elementor-widget-container\">\n\t\t\t\t\t\t\t\t\t<ul>\n<li><strong>N\u00e3o cont\u00e9m aspartame<\/strong><\/li>\n<li><strong>N\u00e3o cont\u00e9m conservantes<\/strong><\/li>\n<li><strong>Embalagem infinita, 100% recicl\u00e1vel; embalagem de alum\u00ednio amiga do ambiente<\/strong><\/li>\n<\/ul>\n\t\t\t\t\t\t\t\t<\/div>\n\t\t\t\t<\/div>\n\t\t\t\t<div class=\"elementor-element elementor-element-47f5a11b elementor-widget elementor-widget-text-editor\" data-id=\"47f5a11b\" data-element_type=\"widget\" data-e-type=\"widget\" data-widget_type=\"text-editor.default\">\n\t\t\t\t<div class=\"elementor-widget-container\">\n\t\t\t\t\t\t\t\t\t<p>Desfrute do verdadeiro sabor da cola sem compromissos. ola Zero, a vers\u00e3o sem a\u00e7\u00facar da Cola XIXO, \u00e9 ado\u00e7ada com est\u00e9via, por isso, mesmo que esteja a fazer dieta, pode abrir uma lata e desfrutar do seu sabor \u00fanico. Esta bebida \u00e9 feita sem aspartame ou conservantes, e n\u00e3o se preocupe com o teor de cafe\u00edna, pois este produto cont\u00e9m apenas 12 mg\/100 ml. Os sabores a citrinos, baunilha e canela podem ser encontrados em graus variados na Cola Zero XIXO; estes s\u00e3o os elementos de sabor bem conhecidos que fazem das bebidas de cola uma cola. S\u00f3 depois \u00e9 que sentimos a do\u00e7ura da XIXO, que completa a experi\u00eancia do sabor da cola. Se quer algo especial, escolha-a para acompanhar o almo\u00e7o ou o jantar e experimente a sensa\u00e7\u00e3o XIXO!<\/p>\n\t\t\t\t\t\t\t\t<\/div>\n\t\t\t\t<\/div>\n\t\t\t\t\t<\/div>\n\t\t<\/div>\n\t\t\t\t<div class=\"elementor-column elementor-col-50 elementor-top-column elementor-element elementor-element-19d994a9\" data-id=\"19d994a9\" data-element_type=\"column\" data-e-type=\"column\">\n\t\t\t<div class=\"elementor-widget-wrap elementor-element-populated\">\n\t\t\t\t\t\t<div class=\"elementor-element elementor-element-57ce236 animated-slow elementor-invisible elementor-widget elementor-widget-image\" data-id=\"57ce236\" data-element_type=\"widget\" data-e-type=\"widget\" data-settings=\"{&quot;_animation&quot;:&quot;fadeIn&quot;}\" data-widget_type=\"image.default\">\n\t\t\t\t<div class=\"elementor-widget-container\">\n\t\t\t\t\t\t\t\t\t\t\t\t\t\t\t<img decoding=\"async\" src=\"https:\/\/xixodrinks.com\/wp-content\/uploads\/elementor\/thumbs\/XIXO_COLA_ZERO_2023_HU_02-1-rezimeen7v9szzwmpm10cw6bki7fvqgosujqgdsdfk.png\" title=\"XIXO_COLA_ZERO_2023_HU_02 (1)\" alt=\"XIXO_COLA_ZERO_2023_HU_02 (1)\" loading=\"lazy\" \/>\t\t\t\t\t\t\t\t\t\t\t\t\t\t\t<\/div>\n\t\t\t\t<\/div>\n\t\t\t\t\t<\/div>\n\t\t<\/div>\n\t\t\t\t\t<\/div>\n\t\t<\/section>\n\t\t\t\t<section class=\"elementor-section elementor-top-section elementor-element elementor-element-1ef354e0 elementor-section-boxed elementor-section-height-default elementor-section-height-default\" data-id=\"1ef354e0\" data-element_type=\"section\" data-e-type=\"section\">\n\t\t\t\t\t\t<div class=\"elementor-container elementor-column-gap-default\">\n\t\t\t\t\t<div class=\"elementor-column elementor-col-100 elementor-top-column elementor-element elementor-element-49488217\" data-id=\"49488217\" data-element_type=\"column\" data-e-type=\"column\">\n\t\t\t<div class=\"elementor-widget-wrap elementor-element-populated\">\n\t\t\t\t\t\t<div class=\"elementor-element elementor-element-56abf6e4 elementor-widget elementor-widget-spacer\" data-id=\"56abf6e4\" data-element_type=\"widget\" data-e-type=\"widget\" data-widget_type=\"spacer.default\">\n\t\t\t\t<div class=\"elementor-widget-container\">\n\t\t\t\t\t\t\t<div class=\"elementor-spacer\">\n\t\t\t<div class=\"elementor-spacer-inner\"><\/div>\n\t\t<\/div>\n\t\t\t\t\t\t<\/div>\n\t\t\t\t<\/div>\n\t\t\t\t\t<\/div>\n\t\t<\/div>\n\t\t\t\t\t<\/div>\n\t\t<\/section>\n\t\t\t\t<\/div>\n\t\t","protected":false},"excerpt":{"rendered":"<p>N\u00e3o cont\u00e9m aspartame N\u00e3o cont\u00e9m conservantes Embalagem infinita, 100% recicl\u00e1vel; embalagem de alum\u00ednio amiga do ambiente Desfrute do verdadeiro sabor da cola sem compromissos. ola Zero, a vers\u00e3o sem a\u00e7\u00facar da Cola XIXO, \u00e9 ado\u00e7ada com est\u00e9via, por isso, mesmo que esteja a fazer dieta, pode abrir uma lata e desfrutar do seu sabor \u00fanico. [&hellip;]<\/p>\n","protected":false},"author":1,"featured_media":0,"parent":4756,"menu_order":0,"comment_status":"closed","ping_status":"closed","template":"elementor_header_footer","meta":{"footnotes":""},"class_list":["post-4964","page","type-page","status-publish","hentry"],"_links":{"self":[{"href":"https:\/\/xixodrinks.com\/pt-pt\/wp-json\/wp\/v2\/pages\/4964","targetHints":{"allow":["GET"]}}],"collection":[{"href":"https:\/\/xixodrinks.com\/pt-pt\/wp-json\/wp\/v2\/pages"}],"about":[{"href":"https:\/\/xixodrinks.com\/pt-pt\/wp-json\/wp\/v2\/types\/page"}],"author":[{"embeddable":true,"href":"https:\/\/xixodrinks.com\/pt-pt\/wp-json\/wp\/v2\/users\/1"}],"replies":[{"embeddable":true,"href":"https:\/\/xixodrinks.com\/pt-pt\/wp-json\/wp\/v2\/comments?post=4964"}],"version-history":[{"count":2,"href":"https:\/\/xixodrinks.com\/pt-pt\/wp-json\/wp\/v2\/pages\/4964\/revisions"}],"predecessor-version":[{"id":5755,"href":"https:\/\/xixodrinks.com\/pt-pt\/wp-json\/wp\/v2\/pages\/4964\/revisions\/5755"}],"up":[{"embeddable":true,"href":"https:\/\/xixodrinks.com\/pt-pt\/wp-json\/wp\/v2\/pages\/4756"}],"wp:attachment":[{"href":"https:\/\/xixodrinks.com\/pt-pt\/wp-json\/wp\/v2\/media?parent=4964"}],"curies":[{"name":"wp","href":"https:\/\/api.w.org\/{rel}","templated":true}]}}