{"id":4966,"date":"2024-03-31T11:00:25","date_gmt":"2024-03-31T09:00:25","guid":{"rendered":"https:\/\/xixodrinks.com\/os-nossos-produtos\/csd\/tutti-fruity-xixo\/"},"modified":"2024-04-03T13:43:10","modified_gmt":"2024-04-03T11:43:10","slug":"tutti-fruity-xixo","status":"publish","type":"page","link":"https:\/\/xixodrinks.com\/pt-pt\/os-nossos-produtos\/csd\/tutti-fruity-xixo\/","title":{"rendered":"TUTTI FRUITY XIXO"},"content":{"rendered":"\t\t<div data-elementor-type=\"wp-page\" data-elementor-id=\"4966\" class=\"elementor elementor-4966 elementor-4297\" data-elementor-post-type=\"page\">\n\t\t\t\t\t\t<section class=\"elementor-section elementor-top-section elementor-element elementor-element-15d953c9 elementor-section-boxed elementor-section-height-default elementor-section-height-default\" data-id=\"15d953c9\" data-element_type=\"section\" data-e-type=\"section\">\n\t\t\t\t\t\t<div class=\"elementor-container elementor-column-gap-default\">\n\t\t\t\t\t<div class=\"elementor-column elementor-col-100 elementor-top-column elementor-element elementor-element-5c316a4f\" data-id=\"5c316a4f\" data-element_type=\"column\" data-e-type=\"column\">\n\t\t\t<div class=\"elementor-widget-wrap elementor-element-populated\">\n\t\t\t\t\t\t<div class=\"elementor-element elementor-element-6fb027fe elementor-widget elementor-widget-spacer\" data-id=\"6fb027fe\" data-element_type=\"widget\" data-e-type=\"widget\" data-widget_type=\"spacer.default\">\n\t\t\t\t<div class=\"elementor-widget-container\">\n\t\t\t\t\t\t\t<div class=\"elementor-spacer\">\n\t\t\t<div class=\"elementor-spacer-inner\"><\/div>\n\t\t<\/div>\n\t\t\t\t\t\t<\/div>\n\t\t\t\t<\/div>\n\t\t\t\t\t<\/div>\n\t\t<\/div>\n\t\t\t\t\t<\/div>\n\t\t<\/section>\n\t\t\t\t<section class=\"elementor-section elementor-top-section elementor-element elementor-element-6e187278 elementor-section-boxed elementor-section-height-default elementor-section-height-default\" data-id=\"6e187278\" data-element_type=\"section\" data-e-type=\"section\">\n\t\t\t\t\t\t<div class=\"elementor-container elementor-column-gap-default\">\n\t\t\t\t\t<div class=\"elementor-column elementor-col-50 elementor-top-column elementor-element elementor-element-22bbc000\" data-id=\"22bbc000\" data-element_type=\"column\" data-e-type=\"column\">\n\t\t\t<div class=\"elementor-widget-wrap elementor-element-populated\">\n\t\t\t\t\t\t<div class=\"elementor-element elementor-element-19973ac elementor-widget elementor-widget-text-editor\" data-id=\"19973ac\" data-element_type=\"widget\" data-e-type=\"widget\" data-widget_type=\"text-editor.default\">\n\t\t\t\t<div class=\"elementor-widget-container\">\n\t\t\t\t\t\t\t\t\t<ul>\n<li><strong>Zero cafe\u00edna \/ sem cafe\u00edna<\/strong><\/li>\n<li><strong>Cont\u00e9m vitaminas B2, B3, B5, B6, B12 e C<\/strong><\/li>\n<li><strong>N\u00e3o cont\u00e9m conservantes<\/strong><\/li>\n<li><strong>N\u00e3o cont\u00e9m aspartame<\/strong><\/li>\n<\/ul>\n\t\t\t\t\t\t\t\t<\/div>\n\t\t\t\t<\/div>\n\t\t\t\t<div class=\"elementor-element elementor-element-7d8ef0de elementor-widget elementor-widget-text-editor\" data-id=\"7d8ef0de\" data-element_type=\"widget\" data-e-type=\"widget\" data-widget_type=\"text-editor.default\">\n\t\t\t\t<div class=\"elementor-widget-container\">\n\t\t\t\t\t\t\t\t\t<p>Um sabor inovador que \u00e9 a escolha perfeita para os amantes do sabor das bebidas energ\u00e9ticas que querem desfrutar da sensa\u00e7\u00e3o de tutti frutti sem qualquer cafe\u00edna.<br \/>O mais recente produto da XIXO \u00e9 um refrigerante que refresca aqueles que j\u00e1 s\u00e3o consumidores de bebidas energ\u00e9ticas e as gera\u00e7\u00f5es futuras! Uma ponte entre duas categorias com sabor moderno e design trendy.<\/p>\n<p>Refrigerante gaseificado com excelente sabor a tutti frutti. Cont\u00e9m vitaminas B2, B3, B5, B6, B12 e C, n\u00e3o cont\u00e9m cafe\u00edna e n\u00e3o cont\u00e9m taurina. A bebida em si \u00e9 feita com stivia, frutose e n\u00e3o cont\u00e9m conservantes. Como de costume, a embalagem \u00e9 de alum\u00ednio, infinitamente recicl\u00e1vel, e tem 250 ml.<\/p>\n\t\t\t\t\t\t\t\t<\/div>\n\t\t\t\t<\/div>\n\t\t\t\t\t<\/div>\n\t\t<\/div>\n\t\t\t\t<div class=\"elementor-column elementor-col-50 elementor-top-column elementor-element elementor-element-64028666\" data-id=\"64028666\" data-element_type=\"column\" data-e-type=\"column\">\n\t\t\t<div class=\"elementor-widget-wrap elementor-element-populated\">\n\t\t\t\t\t\t<div class=\"elementor-element elementor-element-7f61d47c animated-slow elementor-invisible elementor-widget elementor-widget-image\" data-id=\"7f61d47c\" data-element_type=\"widget\" data-e-type=\"widget\" data-settings=\"{&quot;_animation&quot;:&quot;fadeIn&quot;}\" data-widget_type=\"image.default\">\n\t\t\t\t<div class=\"elementor-widget-container\">\n\t\t\t\t\t\t\t\t\t\t\t\t\t\t\t<img decoding=\"async\" src=\"https:\/\/xixodrinks.com\/wp-content\/uploads\/elementor\/thumbs\/XIXO_TuttiFruity_can-rezim8rm2v232c4tmjl8xxlk06z8ljuas2mtkq0qgw.png\" title=\"XIXO_TuttiFruity_can\" alt=\"XIXO_TuttiFruity_can\" loading=\"lazy\" \/>\t\t\t\t\t\t\t\t\t\t\t\t\t\t\t<\/div>\n\t\t\t\t<\/div>\n\t\t\t\t\t<\/div>\n\t\t<\/div>\n\t\t\t\t\t<\/div>\n\t\t<\/section>\n\t\t\t\t<section class=\"elementor-section elementor-top-section elementor-element elementor-element-6efbef8 elementor-section-boxed elementor-section-height-default elementor-section-height-default\" data-id=\"6efbef8\" data-element_type=\"section\" data-e-type=\"section\">\n\t\t\t\t\t\t<div class=\"elementor-container elementor-column-gap-default\">\n\t\t\t\t\t<div class=\"elementor-column elementor-col-100 elementor-top-column elementor-element elementor-element-da177e9\" data-id=\"da177e9\" data-element_type=\"column\" data-e-type=\"column\">\n\t\t\t<div class=\"elementor-widget-wrap elementor-element-populated\">\n\t\t\t\t\t\t<div class=\"elementor-element elementor-element-3b336a90 elementor-widget elementor-widget-spacer\" data-id=\"3b336a90\" data-element_type=\"widget\" data-e-type=\"widget\" data-widget_type=\"spacer.default\">\n\t\t\t\t<div class=\"elementor-widget-container\">\n\t\t\t\t\t\t\t<div class=\"elementor-spacer\">\n\t\t\t<div class=\"elementor-spacer-inner\"><\/div>\n\t\t<\/div>\n\t\t\t\t\t\t<\/div>\n\t\t\t\t<\/div>\n\t\t\t\t\t<\/div>\n\t\t<\/div>\n\t\t\t\t\t<\/div>\n\t\t<\/section>\n\t\t\t\t<\/div>\n\t\t","protected":false},"excerpt":{"rendered":"<p>Zero cafe\u00edna \/ sem cafe\u00edna Cont\u00e9m vitaminas B2, B3, B5, B6, B12 e C N\u00e3o cont\u00e9m conservantes N\u00e3o cont\u00e9m aspartame Um sabor inovador que \u00e9 a escolha perfeita para os amantes do sabor das bebidas energ\u00e9ticas que querem desfrutar da sensa\u00e7\u00e3o de tutti frutti sem qualquer cafe\u00edna.O mais recente produto da XIXO \u00e9 um refrigerante [&hellip;]<\/p>\n","protected":false},"author":1,"featured_media":0,"parent":4756,"menu_order":0,"comment_status":"closed","ping_status":"closed","template":"elementor_header_footer","meta":{"footnotes":""},"class_list":["post-4966","page","type-page","status-publish","hentry"],"_links":{"self":[{"href":"https:\/\/xixodrinks.com\/pt-pt\/wp-json\/wp\/v2\/pages\/4966","targetHints":{"allow":["GET"]}}],"collection":[{"href":"https:\/\/xixodrinks.com\/pt-pt\/wp-json\/wp\/v2\/pages"}],"about":[{"href":"https:\/\/xixodrinks.com\/pt-pt\/wp-json\/wp\/v2\/types\/page"}],"author":[{"embeddable":true,"href":"https:\/\/xixodrinks.com\/pt-pt\/wp-json\/wp\/v2\/users\/1"}],"replies":[{"embeddable":true,"href":"https:\/\/xixodrinks.com\/pt-pt\/wp-json\/wp\/v2\/comments?post=4966"}],"version-history":[{"count":1,"href":"https:\/\/xixodrinks.com\/pt-pt\/wp-json\/wp\/v2\/pages\/4966\/revisions"}],"predecessor-version":[{"id":4967,"href":"https:\/\/xixodrinks.com\/pt-pt\/wp-json\/wp\/v2\/pages\/4966\/revisions\/4967"}],"up":[{"embeddable":true,"href":"https:\/\/xixodrinks.com\/pt-pt\/wp-json\/wp\/v2\/pages\/4756"}],"wp:attachment":[{"href":"https:\/\/xixodrinks.com\/pt-pt\/wp-json\/wp\/v2\/media?parent=4966"}],"curies":[{"name":"wp","href":"https:\/\/api.w.org\/{rel}","templated":true}]}}