{"id":4968,"date":"2024-03-31T10:59:17","date_gmt":"2024-03-31T08:59:17","guid":{"rendered":"https:\/\/xixodrinks.com\/os-nossos-produtos\/csd\/maca-tutti-frutti-xixo\/"},"modified":"2024-10-09T15:43:16","modified_gmt":"2024-10-09T13:43:16","slug":"maca-tutti-frutti-xixo","status":"publish","type":"page","link":"https:\/\/xixodrinks.com\/pt-pt\/os-nossos-produtos\/csd\/maca-tutti-frutti-xixo\/","title":{"rendered":"MA\u00c7\u00c3 TUTTI FRUTTI XIXO"},"content":{"rendered":"\t\t<div data-elementor-type=\"wp-page\" data-elementor-id=\"4968\" class=\"elementor elementor-4968 elementor-4291\" data-elementor-post-type=\"page\">\n\t\t\t\t\t\t<section class=\"elementor-section elementor-top-section elementor-element elementor-element-11f4f267 elementor-section-boxed elementor-section-height-default elementor-section-height-default\" data-id=\"11f4f267\" data-element_type=\"section\" data-e-type=\"section\">\n\t\t\t\t\t\t<div class=\"elementor-container elementor-column-gap-default\">\n\t\t\t\t\t<div class=\"elementor-column elementor-col-100 elementor-top-column elementor-element elementor-element-3d6b49f3\" data-id=\"3d6b49f3\" data-element_type=\"column\" data-e-type=\"column\">\n\t\t\t<div class=\"elementor-widget-wrap elementor-element-populated\">\n\t\t\t\t\t\t<div class=\"elementor-element elementor-element-81b5702 elementor-widget elementor-widget-spacer\" data-id=\"81b5702\" data-element_type=\"widget\" data-e-type=\"widget\" data-widget_type=\"spacer.default\">\n\t\t\t\t<div class=\"elementor-widget-container\">\n\t\t\t\t\t\t\t<div class=\"elementor-spacer\">\n\t\t\t<div class=\"elementor-spacer-inner\"><\/div>\n\t\t<\/div>\n\t\t\t\t\t\t<\/div>\n\t\t\t\t<\/div>\n\t\t\t\t\t<\/div>\n\t\t<\/div>\n\t\t\t\t\t<\/div>\n\t\t<\/section>\n\t\t\t\t<section class=\"elementor-section elementor-top-section elementor-element elementor-element-714d8cb0 elementor-section-boxed elementor-section-height-default elementor-section-height-default\" data-id=\"714d8cb0\" data-element_type=\"section\" data-e-type=\"section\">\n\t\t\t\t\t\t<div class=\"elementor-container elementor-column-gap-default\">\n\t\t\t\t\t<div class=\"elementor-column elementor-col-50 elementor-top-column elementor-element elementor-element-6623c0d8\" data-id=\"6623c0d8\" data-element_type=\"column\" data-e-type=\"column\">\n\t\t\t<div class=\"elementor-widget-wrap elementor-element-populated\">\n\t\t\t\t\t\t<div class=\"elementor-element elementor-element-6466a5a0 elementor-widget elementor-widget-text-editor\" data-id=\"6466a5a0\" data-element_type=\"widget\" data-e-type=\"widget\" data-widget_type=\"text-editor.default\">\n\t\t\t\t<div class=\"elementor-widget-container\">\n\t\t\t\t\t\t\t\t\t<ul>\n<li><strong>Zero cafe\u00edna \/ sem cafe\u00edna<\/strong><\/li>\n<li><strong>Cont\u00e9m vitaminas B2, B3, B5, B6, B12 e C<\/strong><\/li>\n<li><strong>N\u00e3o cont\u00e9m conservantes<\/strong><\/li>\n<li><strong>N\u00e3o cont\u00e9m aspartame<\/strong><\/li>\n<\/ul>\n\t\t\t\t\t\t\t\t<\/div>\n\t\t\t\t<\/div>\n\t\t\t\t<div class=\"elementor-element elementor-element-57cfae0a elementor-widget elementor-widget-text-editor\" data-id=\"57cfae0a\" data-element_type=\"widget\" data-e-type=\"widget\" data-widget_type=\"text-editor.default\">\n\t\t\t\t<div class=\"elementor-widget-container\">\n\t\t\t\t\t\t\t\t\t<p>A Ma\u00e7\u00e3 e Tutti Frutti XIXO tem um sabor especial a ma\u00e7\u00e3 e tutti frutti. \u00c9 a escolha perfeita para os amantes de bebidas energ\u00e9ticas que querem desfrutar da sensa\u00e7\u00e3o de tutti frutti sem qualquer cafe\u00edna. A bebida refrescante \u00e9 feita sem cafe\u00edna, enriquecida com vitaminas B2, B3, B5, B6, B12 e C. O produto est\u00e1 dispon\u00edvel nas prateleiras das lojas ao mesmo pre\u00e7o de retalho sugerido que os refrigerantes gaseificados da XIXO. A embalagem da Ma\u00e7\u00e3 e Tutti Frutti \u00e9 infinitamente recicl\u00e1vel devido \u00e0 lata de alum\u00ednio.<\/p>\n\t\t\t\t\t\t\t\t<\/div>\n\t\t\t\t<\/div>\n\t\t\t\t\t<\/div>\n\t\t<\/div>\n\t\t\t\t<div class=\"elementor-column elementor-col-50 elementor-top-column elementor-element elementor-element-37b8b46a\" data-id=\"37b8b46a\" data-element_type=\"column\" data-e-type=\"column\">\n\t\t\t<div class=\"elementor-widget-wrap elementor-element-populated\">\n\t\t\t\t\t\t<div class=\"elementor-element elementor-element-2178974d animated-slow elementor-invisible elementor-widget elementor-widget-image\" data-id=\"2178974d\" data-element_type=\"widget\" data-e-type=\"widget\" data-settings=\"{&quot;_animation&quot;:&quot;fadeIn&quot;}\" data-widget_type=\"image.default\">\n\t\t\t\t<div class=\"elementor-widget-container\">\n\t\t\t\t\t\t\t\t\t\t\t\t\t\t\t<img decoding=\"async\" src=\"https:\/\/xixodrinks.com\/wp-content\/uploads\/elementor\/thumbs\/XIXO_TuttiFruity_Alma_HU_packshot_02-1-rezim8rm2v232c4tmjl8xxlk06z8ljuas2mtkq0qgw.png\" title=\"XIXO_TuttiFruity_Alma_HU_packshot_02 (1)\" alt=\"XIXO_TuttiFruity_Alma_HU_packshot_02 (1)\" loading=\"lazy\" \/>\t\t\t\t\t\t\t\t\t\t\t\t\t\t\t<\/div>\n\t\t\t\t<\/div>\n\t\t\t\t\t<\/div>\n\t\t<\/div>\n\t\t\t\t\t<\/div>\n\t\t<\/section>\n\t\t\t\t<section class=\"elementor-section elementor-top-section elementor-element elementor-element-91d14ba elementor-section-boxed elementor-section-height-default elementor-section-height-default\" data-id=\"91d14ba\" data-element_type=\"section\" data-e-type=\"section\">\n\t\t\t\t\t\t<div class=\"elementor-container elementor-column-gap-default\">\n\t\t\t\t\t<div class=\"elementor-column elementor-col-100 elementor-top-column elementor-element elementor-element-13b851a3\" data-id=\"13b851a3\" data-element_type=\"column\" data-e-type=\"column\">\n\t\t\t<div class=\"elementor-widget-wrap elementor-element-populated\">\n\t\t\t\t\t\t<div class=\"elementor-element elementor-element-2a9cf0a2 elementor-widget elementor-widget-spacer\" data-id=\"2a9cf0a2\" data-element_type=\"widget\" data-e-type=\"widget\" data-widget_type=\"spacer.default\">\n\t\t\t\t<div class=\"elementor-widget-container\">\n\t\t\t\t\t\t\t<div class=\"elementor-spacer\">\n\t\t\t<div class=\"elementor-spacer-inner\"><\/div>\n\t\t<\/div>\n\t\t\t\t\t\t<\/div>\n\t\t\t\t<\/div>\n\t\t\t\t\t<\/div>\n\t\t<\/div>\n\t\t\t\t\t<\/div>\n\t\t<\/section>\n\t\t\t\t<\/div>\n\t\t","protected":false},"excerpt":{"rendered":"<p>Zero cafe\u00edna \/ sem cafe\u00edna Cont\u00e9m vitaminas B2, B3, B5, B6, B12 e C N\u00e3o cont\u00e9m conservantes N\u00e3o cont\u00e9m aspartame A Ma\u00e7\u00e3 e Tutti Frutti XIXO tem um sabor especial a ma\u00e7\u00e3 e tutti frutti. \u00c9 a escolha perfeita para os amantes de bebidas energ\u00e9ticas que querem desfrutar da sensa\u00e7\u00e3o de tutti frutti sem qualquer [&hellip;]<\/p>\n","protected":false},"author":1,"featured_media":0,"parent":4756,"menu_order":0,"comment_status":"closed","ping_status":"closed","template":"elementor_header_footer","meta":{"footnotes":""},"class_list":["post-4968","page","type-page","status-publish","hentry"],"_links":{"self":[{"href":"https:\/\/xixodrinks.com\/pt-pt\/wp-json\/wp\/v2\/pages\/4968","targetHints":{"allow":["GET"]}}],"collection":[{"href":"https:\/\/xixodrinks.com\/pt-pt\/wp-json\/wp\/v2\/pages"}],"about":[{"href":"https:\/\/xixodrinks.com\/pt-pt\/wp-json\/wp\/v2\/types\/page"}],"author":[{"embeddable":true,"href":"https:\/\/xixodrinks.com\/pt-pt\/wp-json\/wp\/v2\/users\/1"}],"replies":[{"embeddable":true,"href":"https:\/\/xixodrinks.com\/pt-pt\/wp-json\/wp\/v2\/comments?post=4968"}],"version-history":[{"count":4,"href":"https:\/\/xixodrinks.com\/pt-pt\/wp-json\/wp\/v2\/pages\/4968\/revisions"}],"predecessor-version":[{"id":6787,"href":"https:\/\/xixodrinks.com\/pt-pt\/wp-json\/wp\/v2\/pages\/4968\/revisions\/6787"}],"up":[{"embeddable":true,"href":"https:\/\/xixodrinks.com\/pt-pt\/wp-json\/wp\/v2\/pages\/4756"}],"wp:attachment":[{"href":"https:\/\/xixodrinks.com\/pt-pt\/wp-json\/wp\/v2\/media?parent=4968"}],"curies":[{"name":"wp","href":"https:\/\/api.w.org\/{rel}","templated":true}]}}