{"id":5120,"date":"2024-03-31T09:49:51","date_gmt":"2024-03-31T07:49:51","guid":{"rendered":"https:\/\/xixodrinks.com\/xixo\/"},"modified":"2024-04-08T22:07:19","modified_gmt":"2024-04-08T20:07:19","slug":"sobre-nos","status":"publish","type":"page","link":"https:\/\/xixodrinks.com\/pt-pt\/sobre-nos\/","title":{"rendered":"Sobre N\u00f3s"},"content":{"rendered":"\t\t<div data-elementor-type=\"wp-page\" data-elementor-id=\"5120\" class=\"elementor elementor-5120 elementor-4024\" data-elementor-post-type=\"page\">\n\t\t\t\t\t\t<section class=\"elementor-section elementor-top-section elementor-element elementor-element-6040fca0 elementor-section-full_width elementor-section-stretched elementor-section-height-default elementor-section-height-default\" data-id=\"6040fca0\" data-element_type=\"section\" data-e-type=\"section\" data-settings=\"{&quot;stretch_section&quot;:&quot;section-stretched&quot;}\">\n\t\t\t\t\t\t<div class=\"elementor-container elementor-column-gap-no\">\n\t\t\t\t\t<div class=\"elementor-column elementor-col-100 elementor-top-column elementor-element elementor-element-fb6b441\" data-id=\"fb6b441\" data-element_type=\"column\" data-e-type=\"column\">\n\t\t\t<div class=\"elementor-widget-wrap elementor-element-populated\">\n\t\t\t\t\t\t<div class=\"elementor-element elementor-element-32bf4a29 elementor-widget elementor-widget-image\" data-id=\"32bf4a29\" data-element_type=\"widget\" data-e-type=\"widget\" data-widget_type=\"image.default\">\n\t\t\t\t<div class=\"elementor-widget-container\">\n\t\t\t\t\t\t\t\t\t\t\t\t\t\t\t<img fetchpriority=\"high\" decoding=\"async\" width=\"2560\" height=\"500\" src=\"https:\/\/xixodrinks.com\/wp-content\/uploads\/2022\/05\/Xixo_Web_2560x500_gyartosor.jpg\" class=\"attachment-full size-full wp-image-734\" alt=\"\" srcset=\"https:\/\/xixodrinks.com\/wp-content\/uploads\/2022\/05\/Xixo_Web_2560x500_gyartosor.jpg 2560w, https:\/\/xixodrinks.com\/wp-content\/uploads\/2022\/05\/Xixo_Web_2560x500_gyartosor-300x59.jpg 300w, https:\/\/xixodrinks.com\/wp-content\/uploads\/2022\/05\/Xixo_Web_2560x500_gyartosor-1024x200.jpg 1024w, https:\/\/xixodrinks.com\/wp-content\/uploads\/2022\/05\/Xixo_Web_2560x500_gyartosor-768x150.jpg 768w, https:\/\/xixodrinks.com\/wp-content\/uploads\/2022\/05\/Xixo_Web_2560x500_gyartosor-1536x300.jpg 1536w, https:\/\/xixodrinks.com\/wp-content\/uploads\/2022\/05\/Xixo_Web_2560x500_gyartosor-2048x400.jpg 2048w\" sizes=\"(max-width: 2560px) 100vw, 2560px\" \/>\t\t\t\t\t\t\t\t\t\t\t\t\t\t\t<\/div>\n\t\t\t\t<\/div>\n\t\t\t\t\t<\/div>\n\t\t<\/div>\n\t\t\t\t\t<\/div>\n\t\t<\/section>\n\t\t\t\t<section class=\"elementor-section elementor-top-section elementor-element elementor-element-4695e514 elementor-section-boxed elementor-section-height-default elementor-section-height-default\" data-id=\"4695e514\" data-element_type=\"section\" data-e-type=\"section\">\n\t\t\t\t\t\t<div class=\"elementor-container elementor-column-gap-default\">\n\t\t\t\t\t<div class=\"elementor-column elementor-col-100 elementor-top-column elementor-element elementor-element-43e2d586\" data-id=\"43e2d586\" data-element_type=\"column\" data-e-type=\"column\">\n\t\t\t<div class=\"elementor-widget-wrap elementor-element-populated\">\n\t\t\t\t\t\t<div class=\"elementor-element elementor-element-4a047263 elementor-widget elementor-widget-heading\" data-id=\"4a047263\" data-element_type=\"widget\" data-e-type=\"widget\" data-widget_type=\"heading.default\">\n\t\t\t\t<div class=\"elementor-widget-container\">\n\t\t\t\t\t<h2 class=\"elementor-heading-title elementor-size-default\">Sobre N\u00f3s<\/h2>\t\t\t\t<\/div>\n\t\t\t\t<\/div>\n\t\t\t\t\t<\/div>\n\t\t<\/div>\n\t\t\t\t\t<\/div>\n\t\t<\/section>\n\t\t\t\t<section class=\"elementor-section elementor-top-section elementor-element elementor-element-36589613 elementor-section-boxed elementor-section-height-default elementor-section-height-default\" data-id=\"36589613\" data-element_type=\"section\" data-e-type=\"section\">\n\t\t\t\t\t\t<div class=\"elementor-container elementor-column-gap-default\">\n\t\t\t\t\t<div class=\"elementor-column elementor-col-100 elementor-top-column elementor-element elementor-element-9413256\" data-id=\"9413256\" data-element_type=\"column\" data-e-type=\"column\">\n\t\t\t<div class=\"elementor-widget-wrap elementor-element-populated\">\n\t\t\t\t\t\t<div class=\"elementor-element elementor-element-2bbab1c1 elementor-widget elementor-widget-text-editor\" data-id=\"2bbab1c1\" data-element_type=\"widget\" data-e-type=\"widget\" data-widget_type=\"text-editor.default\">\n\t\t\t\t<div class=\"elementor-widget-container\">\n\t\t\t\t\t\t\t\t\t<p>Desde 2013, a marca XIXO combina tudo o que \u00e9 necess\u00e1rio para criar uma experi\u00eancia de consumo verdadeiramente \u00fanica. Os nossos produtos s\u00e3o elaborados com ingredientes seleccionados e de qualidade, com uma forte preocupa\u00e7\u00e3o com a sa\u00fade. A nossa marca \u00e9 reconhecida pela sua inova\u00e7\u00e3o, ousadia, juventude e sensibilidade \u00e0s tend\u00eancias, e os nossos criadores de produtos est\u00e3o constantemente a trabalhar na cria\u00e7\u00e3o de receitas harmoniosas com ingredientes de qualidade.<\/p><p>As nossas bebidas gaseificadas s\u00e3o feitas com stevia e frutose, sem aspartame ou conservantes. O segredo do sucesso dos nossos ch\u00e1s gelados \u00e9 a grande variedade de sabores, o pre\u00e7o acess\u00edvel, o extrato natural de ch\u00e1 e o sumo verdadeiro. A nossa gama Tutti-Fruity chegou \u00e0 consci\u00eancia p\u00fablica em 2022 como uma verdadeira inova\u00e7\u00e3o e rapidamente se tornou uma das preferidas dos consumidores na Hungria. As bebidas Tutti-Fruity est\u00e3o dispon\u00edveis numa variedade de sabores, naturalmente descafeinadas, com adi\u00e7\u00e3o de vitaminas e sem conservantes.<\/p><p>A marca XIXO tamb\u00e9m se caracteriza pelas suas embalagens amigas do ambiente, uma vez que os nossos produtos s\u00e3o fabricados com uma elevada percentagem de materiais de alum\u00ednio reciclado, que tamb\u00e9m s\u00e3o 100% recicl\u00e1veis. As bebidas gaseificadas XIXO s\u00e3o embaladas exclusivamente em latas de alum\u00ednio, o que significa tamb\u00e9m que a nossa empresa eliminou completamente as embalagens de garrafas PET nesta gama de produtos.<\/p>\t\t\t\t\t\t\t\t<\/div>\n\t\t\t\t<\/div>\n\t\t\t\t<div class=\"elementor-element elementor-element-34b8b259 elementor-widget elementor-widget-spacer\" data-id=\"34b8b259\" data-element_type=\"widget\" data-e-type=\"widget\" data-widget_type=\"spacer.default\">\n\t\t\t\t<div class=\"elementor-widget-container\">\n\t\t\t\t\t\t\t<div class=\"elementor-spacer\">\n\t\t\t<div class=\"elementor-spacer-inner\"><\/div>\n\t\t<\/div>\n\t\t\t\t\t\t<\/div>\n\t\t\t\t<\/div>\n\t\t\t\t\t<\/div>\n\t\t<\/div>\n\t\t\t\t\t<\/div>\n\t\t<\/section>\n\t\t\t\t<\/div>\n\t\t","protected":false},"excerpt":{"rendered":"<p>Sobre N\u00f3s Desde 2013, a marca XIXO combina tudo o que \u00e9 necess\u00e1rio para criar uma experi\u00eancia de consumo verdadeiramente \u00fanica. Os nossos produtos s\u00e3o elaborados com ingredientes seleccionados e de qualidade, com uma forte preocupa\u00e7\u00e3o com a sa\u00fade. A nossa marca \u00e9 reconhecida pela sua inova\u00e7\u00e3o, ousadia, juventude e sensibilidade \u00e0s tend\u00eancias, e os [&hellip;]<\/p>\n","protected":false},"author":1,"featured_media":0,"parent":0,"menu_order":0,"comment_status":"closed","ping_status":"closed","template":"elementor_header_footer","meta":{"footnotes":""},"class_list":["post-5120","page","type-page","status-publish","hentry"],"_links":{"self":[{"href":"https:\/\/xixodrinks.com\/pt-pt\/wp-json\/wp\/v2\/pages\/5120","targetHints":{"allow":["GET"]}}],"collection":[{"href":"https:\/\/xixodrinks.com\/pt-pt\/wp-json\/wp\/v2\/pages"}],"about":[{"href":"https:\/\/xixodrinks.com\/pt-pt\/wp-json\/wp\/v2\/types\/page"}],"author":[{"embeddable":true,"href":"https:\/\/xixodrinks.com\/pt-pt\/wp-json\/wp\/v2\/users\/1"}],"replies":[{"embeddable":true,"href":"https:\/\/xixodrinks.com\/pt-pt\/wp-json\/wp\/v2\/comments?post=5120"}],"version-history":[{"count":5,"href":"https:\/\/xixodrinks.com\/pt-pt\/wp-json\/wp\/v2\/pages\/5120\/revisions"}],"predecessor-version":[{"id":6036,"href":"https:\/\/xixodrinks.com\/pt-pt\/wp-json\/wp\/v2\/pages\/5120\/revisions\/6036"}],"wp:attachment":[{"href":"https:\/\/xixodrinks.com\/pt-pt\/wp-json\/wp\/v2\/media?parent=5120"}],"curies":[{"name":"wp","href":"https:\/\/api.w.org\/{rel}","templated":true}]}}