{"id":5215,"date":"2024-04-03T19:41:49","date_gmt":"2024-04-03T17:41:49","guid":{"rendered":"https:\/\/xixodrinks.com\/sustentabilidade\/"},"modified":"2024-05-08T11:28:32","modified_gmt":"2024-05-08T09:28:32","slug":"sustentabilidade","status":"publish","type":"page","link":"https:\/\/xixodrinks.com\/pt-pt\/sustentabilidade\/","title":{"rendered":"Sustentabilidade"},"content":{"rendered":"\t\t<div data-elementor-type=\"wp-page\" data-elementor-id=\"5215\" class=\"elementor elementor-5215 elementor-5177\" data-elementor-post-type=\"page\">\n\t\t\t\t\t\t<section class=\"elementor-section elementor-top-section elementor-element elementor-element-2747cc6 elementor-section-boxed elementor-section-height-default elementor-section-height-default\" data-id=\"2747cc6\" data-element_type=\"section\" data-e-type=\"section\">\n\t\t\t\t\t\t<div class=\"elementor-container elementor-column-gap-default\">\n\t\t\t\t\t<div class=\"elementor-column elementor-col-100 elementor-top-column elementor-element elementor-element-8dbadee\" data-id=\"8dbadee\" data-element_type=\"column\" data-e-type=\"column\">\n\t\t\t<div class=\"elementor-widget-wrap elementor-element-populated\">\n\t\t\t\t\t\t<div class=\"elementor-element elementor-element-dc7e024 elementor-widget elementor-widget-spacer\" data-id=\"dc7e024\" data-element_type=\"widget\" data-e-type=\"widget\" data-widget_type=\"spacer.default\">\n\t\t\t\t<div class=\"elementor-widget-container\">\n\t\t\t\t\t\t\t<div class=\"elementor-spacer\">\n\t\t\t<div class=\"elementor-spacer-inner\"><\/div>\n\t\t<\/div>\n\t\t\t\t\t\t<\/div>\n\t\t\t\t<\/div>\n\t\t\t\t\t<\/div>\n\t\t<\/div>\n\t\t\t\t\t<\/div>\n\t\t<\/section>\n\t\t\t\t<section class=\"elementor-section elementor-top-section elementor-element elementor-element-ecf8a90 elementor-section-boxed elementor-section-height-default elementor-section-height-default\" data-id=\"ecf8a90\" data-element_type=\"section\" data-e-type=\"section\">\n\t\t\t\t\t\t<div class=\"elementor-container elementor-column-gap-default\">\n\t\t\t\t\t<div class=\"elementor-column elementor-col-50 elementor-top-column elementor-element elementor-element-4ca56aa\" data-id=\"4ca56aa\" data-element_type=\"column\" data-e-type=\"column\">\n\t\t\t<div class=\"elementor-widget-wrap elementor-element-populated\">\n\t\t\t\t\t\t<div class=\"elementor-element elementor-element-c19f0fd elementor-widget elementor-widget-image\" data-id=\"c19f0fd\" data-element_type=\"widget\" data-e-type=\"widget\" data-widget_type=\"image.default\">\n\t\t\t\t<div class=\"elementor-widget-container\">\n\t\t\t\t\t\t\t\t\t\t\t\t\t\t\t<img fetchpriority=\"high\" decoding=\"async\" width=\"400\" height=\"500\" src=\"https:\/\/xixodrinks.com\/wp-content\/uploads\/2024\/04\/can_mit_tehetsz.png\" class=\"attachment-full size-full wp-image-5187\" alt=\"\" srcset=\"https:\/\/xixodrinks.com\/wp-content\/uploads\/2024\/04\/can_mit_tehetsz.png 400w, https:\/\/xixodrinks.com\/wp-content\/uploads\/2024\/04\/can_mit_tehetsz-240x300.png 240w\" sizes=\"(max-width: 400px) 100vw, 400px\" \/>\t\t\t\t\t\t\t\t\t\t\t\t\t\t\t<\/div>\n\t\t\t\t<\/div>\n\t\t\t\t\t<\/div>\n\t\t<\/div>\n\t\t\t\t<div class=\"elementor-column elementor-col-50 elementor-top-column elementor-element elementor-element-c9a05fe\" data-id=\"c9a05fe\" data-element_type=\"column\" data-e-type=\"column\">\n\t\t\t<div class=\"elementor-widget-wrap elementor-element-populated\">\n\t\t\t\t\t\t<div class=\"elementor-element elementor-element-a85fcc9 elementor-widget elementor-widget-text-editor\" data-id=\"a85fcc9\" data-element_type=\"widget\" data-e-type=\"widget\" data-widget_type=\"text-editor.default\">\n\t\t\t\t<div class=\"elementor-widget-container\">\n\t\t\t\t\t\t\t\t\t<p><strong>As nossas latas de alum\u00ednio XIXO foram concebidas para durar para sempre<\/strong><\/p><p>A embalagem de alum\u00ednio dos nossos produtos \u00e9 feita de materiais infinitamente recicl\u00e1veis.<\/p><p>O alum\u00ednio \u00e9 um componente fundamental de uma economia circular de baixo carbono. N\u00e3o s\u00f3 \u00e9 leve, dur\u00e1vel e flex\u00edvel, protegendo o l\u00edquido da luz, oxig\u00e9nio, contaminantes e agentes patog\u00e9nicos, como tamb\u00e9m \u00e9 infinitamente 100% recicl\u00e1vel, e o seu processo de fus\u00e3o poupa at\u00e9 95% de energia.<\/p><p>75% do alum\u00ednio alguma vez produzido est\u00e1 ainda hoje em circula\u00e7\u00e3o.<\/p><p>Gra\u00e7as a um abastecimento consciente, utilizamos a SPEIRA ORBIS, que tem um teor de alum\u00ednio reciclado extremamente elevado, na maioria das vezes para fabricar as nossas latas de alum\u00ednio. Isto significa que o alum\u00ednio recuperado e utilizado foi certamente um produto de consumo pelo menos uma vez. Quanto mais elevado for o conte\u00fado reciclado, melhor para o ambiente. Como resultado, o alum\u00ednio que utilizamos tem uma pegada de carbono excecionalmente baixa em todo o mundo, constituindo um exemplo para toda a ind\u00fastria.<\/p><p>Nos \u00faltimos 5 anos, o nosso Grupo reduziu a propor\u00e7\u00e3o de embalagens de garrafas PET para menos de 5% e o nosso objetivo \u00e9 reduzi-la para menos de 1% at\u00e9 2025.\u00a0<\/p><p>Por isso, n\u00e3o te esque\u00e7as de deitar as latas de bebidas para a reciclagem &#8211; elas podem ter uma nova vida dentro de 60 dias!<\/p><p>\u00a0<\/p><p>\u00a0<\/p>\t\t\t\t\t\t\t\t<\/div>\n\t\t\t\t<\/div>\n\t\t\t\t\t<\/div>\n\t\t<\/div>\n\t\t\t\t\t<\/div>\n\t\t<\/section>\n\t\t\t\t<\/div>\n\t\t","protected":false},"excerpt":{"rendered":"<p>As nossas latas de alum\u00ednio XIXO foram concebidas para durar para sempre A embalagem de alum\u00ednio dos nossos produtos \u00e9 feita de materiais infinitamente recicl\u00e1veis. O alum\u00ednio \u00e9 um componente fundamental de uma economia circular de baixo carbono. N\u00e3o s\u00f3 \u00e9 leve, dur\u00e1vel e flex\u00edvel, protegendo o l\u00edquido da luz, oxig\u00e9nio, contaminantes e agentes patog\u00e9nicos, [&hellip;]<\/p>\n","protected":false},"author":1,"featured_media":0,"parent":0,"menu_order":0,"comment_status":"closed","ping_status":"closed","template":"elementor_header_footer","meta":{"footnotes":""},"class_list":["post-5215","page","type-page","status-publish","hentry"],"_links":{"self":[{"href":"https:\/\/xixodrinks.com\/pt-pt\/wp-json\/wp\/v2\/pages\/5215","targetHints":{"allow":["GET"]}}],"collection":[{"href":"https:\/\/xixodrinks.com\/pt-pt\/wp-json\/wp\/v2\/pages"}],"about":[{"href":"https:\/\/xixodrinks.com\/pt-pt\/wp-json\/wp\/v2\/types\/page"}],"author":[{"embeddable":true,"href":"https:\/\/xixodrinks.com\/pt-pt\/wp-json\/wp\/v2\/users\/1"}],"replies":[{"embeddable":true,"href":"https:\/\/xixodrinks.com\/pt-pt\/wp-json\/wp\/v2\/comments?post=5215"}],"version-history":[{"count":9,"href":"https:\/\/xixodrinks.com\/pt-pt\/wp-json\/wp\/v2\/pages\/5215\/revisions"}],"predecessor-version":[{"id":6415,"href":"https:\/\/xixodrinks.com\/pt-pt\/wp-json\/wp\/v2\/pages\/5215\/revisions\/6415"}],"wp:attachment":[{"href":"https:\/\/xixodrinks.com\/pt-pt\/wp-json\/wp\/v2\/media?parent=5215"}],"curies":[{"name":"wp","href":"https:\/\/api.w.org\/{rel}","templated":true}]}}