{"id":4804,"date":"2024-03-26T08:59:33","date_gmt":"2024-03-26T06:59:33","guid":{"rendered":"https:\/\/xixodrinks.com\/xixo2\/"},"modified":"2026-04-01T17:12:59","modified_gmt":"2026-04-01T15:12:59","slug":"xixo2","status":"publish","type":"page","link":"https:\/\/xixodrinks.com\/ro\/","title":{"rendered":"XIXO2"},"content":{"rendered":"\t\t<div data-elementor-type=\"wp-page\" data-elementor-id=\"4804\" class=\"elementor elementor-4804 elementor-1387\" data-elementor-post-type=\"page\">\n\t\t\t\t\t\t<section class=\"elementor-section elementor-top-section elementor-element elementor-element-119a132 elementor-section-full_width elementor-section-stretched elementor-section-height-default elementor-section-height-default\" data-id=\"119a132\" data-element_type=\"section\" data-e-type=\"section\" data-settings=\"{&quot;stretch_section&quot;:&quot;section-stretched&quot;}\">\n\t\t\t\t\t\t<div class=\"elementor-container elementor-column-gap-no\">\n\t\t\t\t\t<div class=\"elementor-column elementor-col-100 elementor-top-column elementor-element elementor-element-e84ddde\" data-id=\"e84ddde\" data-element_type=\"column\" data-e-type=\"column\">\n\t\t\t<div class=\"elementor-widget-wrap elementor-element-populated\">\n\t\t\t\t\t\t<div class=\"elementor-element elementor-element-a115812 elementor-widget elementor-widget-image\" data-id=\"a115812\" data-element_type=\"widget\" data-e-type=\"widget\" data-widget_type=\"image.default\">\n\t\t\t\t<div class=\"elementor-widget-container\">\n\t\t\t\t\t\t\t\t\t\t\t\t\t\t\t<img fetchpriority=\"high\" decoding=\"async\" width=\"1920\" height=\"700\" src=\"https:\/\/xixodrinks.com\/wp-content\/uploads\/2026\/04\/Tutti-Image-2026_RO.jpg\" class=\"attachment-full size-full wp-image-9033\" alt=\"\" srcset=\"https:\/\/xixodrinks.com\/wp-content\/uploads\/2026\/04\/Tutti-Image-2026_RO.jpg 1920w, https:\/\/xixodrinks.com\/wp-content\/uploads\/2026\/04\/Tutti-Image-2026_RO-300x109.jpg 300w, https:\/\/xixodrinks.com\/wp-content\/uploads\/2026\/04\/Tutti-Image-2026_RO-1024x373.jpg 1024w, https:\/\/xixodrinks.com\/wp-content\/uploads\/2026\/04\/Tutti-Image-2026_RO-768x280.jpg 768w, https:\/\/xixodrinks.com\/wp-content\/uploads\/2026\/04\/Tutti-Image-2026_RO-1536x560.jpg 1536w\" sizes=\"(max-width: 1920px) 100vw, 1920px\" \/>\t\t\t\t\t\t\t\t\t\t\t\t\t\t\t<\/div>\n\t\t\t\t<\/div>\n\t\t\t\t\t<\/div>\n\t\t<\/div>\n\t\t\t\t\t<\/div>\n\t\t<\/section>\n\t\t\t\t<section class=\"elementor-section elementor-top-section elementor-element elementor-element-3dac038 elementor-section-content-middle elementor-section-stretched elementor-section-boxed elementor-section-height-default elementor-section-height-default\" data-id=\"3dac038\" data-element_type=\"section\" data-e-type=\"section\" data-settings=\"{&quot;stretch_section&quot;:&quot;section-stretched&quot;,&quot;background_background&quot;:&quot;classic&quot;}\">\n\t\t\t\t\t\t<div class=\"elementor-container elementor-column-gap-no\">\n\t\t\t\t\t<div class=\"elementor-column elementor-col-50 elementor-top-column elementor-element elementor-element-8736072\" data-id=\"8736072\" data-element_type=\"column\" data-e-type=\"column\">\n\t\t\t<div class=\"elementor-widget-wrap elementor-element-populated\">\n\t\t\t\t\t\t<div class=\"elementor-element elementor-element-eea59a4 elementor-widget elementor-widget-spacer\" data-id=\"eea59a4\" data-element_type=\"widget\" data-e-type=\"widget\" data-widget_type=\"spacer.default\">\n\t\t\t\t<div class=\"elementor-widget-container\">\n\t\t\t\t\t\t\t<div class=\"elementor-spacer\">\n\t\t\t<div class=\"elementor-spacer-inner\"><\/div>\n\t\t<\/div>\n\t\t\t\t\t\t<\/div>\n\t\t\t\t<\/div>\n\t\t\t\t<div class=\"elementor-element elementor-element-61f62ce elementor-widget elementor-widget-heading\" data-id=\"61f62ce\" data-element_type=\"widget\" data-e-type=\"widget\" data-widget_type=\"heading.default\">\n\t\t\t\t<div class=\"elementor-widget-container\">\n\t\t\t\t\t<h2 class=\"elementor-heading-title elementor-size-default\">XIXO b\u0103utur\u0103 r\u0103coritoare carbogazoas\u0103<\/h2>\t\t\t\t<\/div>\n\t\t\t\t<\/div>\n\t\t\t\t<div class=\"elementor-element elementor-element-e60c071 elementor-widget elementor-widget-text-editor\" data-id=\"e60c071\" data-element_type=\"widget\" data-e-type=\"widget\" data-widget_type=\"text-editor.default\">\n\t\t\t\t<div class=\"elementor-widget-container\">\n\t\t\t\t\t\t\t\t\t<p>B\u0103uturile carbogazoase XIXO sunt disponibile \u00eentr-o gam\u0103 variat\u0103 de arome, nu con\u021bin conservan\u021bi \u0219i sunt preparate f\u0103r\u0103 aspartam.<\/p>\n\t\t\t\t\t\t\t\t<\/div>\n\t\t\t\t<\/div>\n\t\t\t\t<div class=\"elementor-element elementor-element-a03a7eb elementor-align-right elementor-widget elementor-widget-button\" data-id=\"a03a7eb\" data-element_type=\"widget\" data-e-type=\"widget\" data-widget_type=\"button.default\">\n\t\t\t\t<div class=\"elementor-widget-container\">\n\t\t\t\t\t\t\t\t\t<div class=\"elementor-button-wrapper\">\n\t\t\t\t\t<a class=\"elementor-button elementor-button-link elementor-size-sm\" href=\"https:\/\/xixodrinks.com\/ro\/produse\/csd\/\">\n\t\t\t\t\t\t<span class=\"elementor-button-content-wrapper\">\n\t\t\t\t\t\t\t\t\t<span class=\"elementor-button-text\">Produse<\/span>\n\t\t\t\t\t<\/span>\n\t\t\t\t\t<\/a>\n\t\t\t\t<\/div>\n\t\t\t\t\t\t\t\t<\/div>\n\t\t\t\t<\/div>\n\t\t\t\t<div class=\"elementor-element elementor-element-8a06e3d elementor-widget elementor-widget-spacer\" data-id=\"8a06e3d\" data-element_type=\"widget\" data-e-type=\"widget\" data-widget_type=\"spacer.default\">\n\t\t\t\t<div class=\"elementor-widget-container\">\n\t\t\t\t\t\t\t<div class=\"elementor-spacer\">\n\t\t\t<div class=\"elementor-spacer-inner\"><\/div>\n\t\t<\/div>\n\t\t\t\t\t\t<\/div>\n\t\t\t\t<\/div>\n\t\t\t\t\t<\/div>\n\t\t<\/div>\n\t\t\t\t<div class=\"elementor-column elementor-col-50 elementor-top-column elementor-element elementor-element-af94805\" data-id=\"af94805\" data-element_type=\"column\" data-e-type=\"column\">\n\t\t\t<div class=\"elementor-widget-wrap elementor-element-populated\">\n\t\t\t\t\t\t<div class=\"elementor-element elementor-element-281ad75 elementor-widget elementor-widget-image\" data-id=\"281ad75\" data-element_type=\"widget\" data-e-type=\"widget\" data-widget_type=\"image.default\">\n\t\t\t\t<div class=\"elementor-widget-container\">\n\t\t\t\t\t\t\t\t\t\t\t\t\t\t\t<img decoding=\"async\" width=\"700\" height=\"400\" src=\"https:\/\/xixodrinks.com\/wp-content\/uploads\/2025\/08\/X2500000174_EXP_XIXO_export_-xixodrinks_com_weboldal_nyitooldal_CSD_4can_2025_700x400_RO.png\" class=\"attachment-large size-large wp-image-7863\" alt=\"\" srcset=\"https:\/\/xixodrinks.com\/wp-content\/uploads\/2025\/08\/X2500000174_EXP_XIXO_export_-xixodrinks_com_weboldal_nyitooldal_CSD_4can_2025_700x400_RO.png 700w, https:\/\/xixodrinks.com\/wp-content\/uploads\/2025\/08\/X2500000174_EXP_XIXO_export_-xixodrinks_com_weboldal_nyitooldal_CSD_4can_2025_700x400_RO-300x171.png 300w\" sizes=\"(max-width: 700px) 100vw, 700px\" \/>\t\t\t\t\t\t\t\t\t\t\t\t\t\t\t<\/div>\n\t\t\t\t<\/div>\n\t\t\t\t\t<\/div>\n\t\t<\/div>\n\t\t\t\t\t<\/div>\n\t\t<\/section>\n\t\t\t\t<section class=\"elementor-section elementor-top-section elementor-element elementor-element-986118f elementor-section-content-middle elementor-section-stretched elementor-section-boxed elementor-section-height-default elementor-section-height-default\" data-id=\"986118f\" data-element_type=\"section\" data-e-type=\"section\" data-settings=\"{&quot;stretch_section&quot;:&quot;section-stretched&quot;,&quot;background_background&quot;:&quot;classic&quot;}\">\n\t\t\t\t\t\t<div class=\"elementor-container elementor-column-gap-no\">\n\t\t\t\t\t<div class=\"elementor-column elementor-col-50 elementor-top-column elementor-element elementor-element-5fc8f90\" data-id=\"5fc8f90\" data-element_type=\"column\" data-e-type=\"column\">\n\t\t\t<div class=\"elementor-widget-wrap elementor-element-populated\">\n\t\t\t\t\t\t<div class=\"elementor-element elementor-element-f930cc7 elementor-widget elementor-widget-spacer\" data-id=\"f930cc7\" data-element_type=\"widget\" data-e-type=\"widget\" data-widget_type=\"spacer.default\">\n\t\t\t\t<div class=\"elementor-widget-container\">\n\t\t\t\t\t\t\t<div class=\"elementor-spacer\">\n\t\t\t<div class=\"elementor-spacer-inner\"><\/div>\n\t\t<\/div>\n\t\t\t\t\t\t<\/div>\n\t\t\t\t<\/div>\n\t\t\t\t<div class=\"elementor-element elementor-element-c40f6ac elementor-widget elementor-widget-heading\" data-id=\"c40f6ac\" data-element_type=\"widget\" data-e-type=\"widget\" data-widget_type=\"heading.default\">\n\t\t\t\t<div class=\"elementor-widget-container\">\n\t\t\t\t\t<h2 class=\"elementor-heading-title elementor-size-default\">XIXO Ice Tea<\/h2>\t\t\t\t<\/div>\n\t\t\t\t<\/div>\n\t\t\t\t<div class=\"elementor-element elementor-element-c669abd elementor-widget elementor-widget-text-editor\" data-id=\"c669abd\" data-element_type=\"widget\" data-e-type=\"widget\" data-widget_type=\"text-editor.default\">\n\t\t\t\t<div class=\"elementor-widget-container\">\n\t\t\t\t\t\t\t\t\t<p>XIXO Ice Tea este fabricat cu extracte naturale de ceai \u0219i con\u021binut real de fructe. Nu con\u021bine coloran\u021bi artificiali \u0219i nici aspartam.<\/p>\n\t\t\t\t\t\t\t\t<\/div>\n\t\t\t\t<\/div>\n\t\t\t\t<div class=\"elementor-element elementor-element-af36482 elementor-align-right elementor-widget elementor-widget-button\" data-id=\"af36482\" data-element_type=\"widget\" data-e-type=\"widget\" data-widget_type=\"button.default\">\n\t\t\t\t<div class=\"elementor-widget-container\">\n\t\t\t\t\t\t\t\t\t<div class=\"elementor-button-wrapper\">\n\t\t\t\t\t<a class=\"elementor-button elementor-button-link elementor-size-sm\" href=\"https:\/\/xixodrinks.com\/ro\/produse\/ice-tea\/\">\n\t\t\t\t\t\t<span class=\"elementor-button-content-wrapper\">\n\t\t\t\t\t\t\t\t\t<span class=\"elementor-button-text\">Produse<\/span>\n\t\t\t\t\t<\/span>\n\t\t\t\t\t<\/a>\n\t\t\t\t<\/div>\n\t\t\t\t\t\t\t\t<\/div>\n\t\t\t\t<\/div>\n\t\t\t\t<div class=\"elementor-element elementor-element-0110ced elementor-widget elementor-widget-spacer\" data-id=\"0110ced\" data-element_type=\"widget\" data-e-type=\"widget\" data-widget_type=\"spacer.default\">\n\t\t\t\t<div class=\"elementor-widget-container\">\n\t\t\t\t\t\t\t<div class=\"elementor-spacer\">\n\t\t\t<div class=\"elementor-spacer-inner\"><\/div>\n\t\t<\/div>\n\t\t\t\t\t\t<\/div>\n\t\t\t\t<\/div>\n\t\t\t\t\t<\/div>\n\t\t<\/div>\n\t\t\t\t<div class=\"elementor-column elementor-col-50 elementor-top-column elementor-element elementor-element-528ab5f\" data-id=\"528ab5f\" data-element_type=\"column\" data-e-type=\"column\">\n\t\t\t<div class=\"elementor-widget-wrap elementor-element-populated\">\n\t\t\t\t\t\t<div class=\"elementor-element elementor-element-a6cc05e elementor-widget elementor-widget-image\" data-id=\"a6cc05e\" data-element_type=\"widget\" data-e-type=\"widget\" data-widget_type=\"image.default\">\n\t\t\t\t<div class=\"elementor-widget-container\">\n\t\t\t\t\t\t\t\t\t\t\t\t\t\t\t<img decoding=\"async\" width=\"700\" height=\"400\" src=\"https:\/\/xixodrinks.com\/wp-content\/uploads\/2025\/08\/X2500000174_EXP_XIXO_export_-xixodrinks_com_weboldal_nyitooldal_ICE_TEA_4can_2025_700x400_RO.png\" class=\"attachment-large size-large wp-image-7879\" alt=\"\" srcset=\"https:\/\/xixodrinks.com\/wp-content\/uploads\/2025\/08\/X2500000174_EXP_XIXO_export_-xixodrinks_com_weboldal_nyitooldal_ICE_TEA_4can_2025_700x400_RO.png 700w, https:\/\/xixodrinks.com\/wp-content\/uploads\/2025\/08\/X2500000174_EXP_XIXO_export_-xixodrinks_com_weboldal_nyitooldal_ICE_TEA_4can_2025_700x400_RO-300x171.png 300w\" sizes=\"(max-width: 700px) 100vw, 700px\" \/>\t\t\t\t\t\t\t\t\t\t\t\t\t\t\t<\/div>\n\t\t\t\t<\/div>\n\t\t\t\t\t<\/div>\n\t\t<\/div>\n\t\t\t\t\t<\/div>\n\t\t<\/section>\n\t\t\t\t<\/div>\n\t\t","protected":false},"excerpt":{"rendered":"<p>XIXO b\u0103utur\u0103 r\u0103coritoare carbogazoas\u0103 B\u0103uturile carbogazoase XIXO sunt disponibile \u00eentr-o gam\u0103 variat\u0103 de arome, nu con\u021bin conservan\u021bi \u0219i sunt preparate f\u0103r\u0103 aspartam. Produse XIXO Ice Tea XIXO Ice Tea este fabricat cu extracte naturale de ceai \u0219i con\u021binut real de fructe. Nu con\u021bine coloran\u021bi artificiali \u0219i nici aspartam. Produse<\/p>\n","protected":false},"author":1,"featured_media":0,"parent":0,"menu_order":0,"comment_status":"closed","ping_status":"closed","template":"elementor_header_footer","meta":{"footnotes":""},"class_list":["post-4804","page","type-page","status-publish","hentry"],"_links":{"self":[{"href":"https:\/\/xixodrinks.com\/ro\/wp-json\/wp\/v2\/pages\/4804","targetHints":{"allow":["GET"]}}],"collection":[{"href":"https:\/\/xixodrinks.com\/ro\/wp-json\/wp\/v2\/pages"}],"about":[{"href":"https:\/\/xixodrinks.com\/ro\/wp-json\/wp\/v2\/types\/page"}],"author":[{"embeddable":true,"href":"https:\/\/xixodrinks.com\/ro\/wp-json\/wp\/v2\/users\/1"}],"replies":[{"embeddable":true,"href":"https:\/\/xixodrinks.com\/ro\/wp-json\/wp\/v2\/comments?post=4804"}],"version-history":[{"count":27,"href":"https:\/\/xixodrinks.com\/ro\/wp-json\/wp\/v2\/pages\/4804\/revisions"}],"predecessor-version":[{"id":9051,"href":"https:\/\/xixodrinks.com\/ro\/wp-json\/wp\/v2\/pages\/4804\/revisions\/9051"}],"wp:attachment":[{"href":"https:\/\/xixodrinks.com\/ro\/wp-json\/wp\/v2\/media?parent=4804"}],"curies":[{"name":"wp","href":"https:\/\/api.w.org\/{rel}","templated":true}]}}