{"id":4972,"date":"2024-03-31T10:51:24","date_gmt":"2024-03-31T08:51:24","guid":{"rendered":"https:\/\/xixodrinks.com\/produse\/ice-tea\/ceai-negru-cu-piersici\/"},"modified":"2024-05-28T12:47:20","modified_gmt":"2024-05-28T10:47:20","slug":"ceai-negru-cu-piersici","status":"publish","type":"page","link":"https:\/\/xixodrinks.com\/ro\/produse\/ice-tea\/ceai-negru-cu-piersici\/","title":{"rendered":"CEAI NEGRU CU PIERSICI"},"content":{"rendered":"\t\t<div data-elementor-type=\"wp-page\" data-elementor-id=\"4972\" class=\"elementor elementor-4972 elementor-4255\" data-elementor-post-type=\"page\">\n\t\t\t\t\t\t<section class=\"elementor-section elementor-top-section elementor-element elementor-element-3db87afb elementor-section-boxed elementor-section-height-default elementor-section-height-default\" data-id=\"3db87afb\" data-element_type=\"section\" data-e-type=\"section\">\n\t\t\t\t\t\t<div class=\"elementor-container elementor-column-gap-default\">\n\t\t\t\t\t<div class=\"elementor-column elementor-col-100 elementor-top-column elementor-element elementor-element-1fbff108\" data-id=\"1fbff108\" data-element_type=\"column\" data-e-type=\"column\">\n\t\t\t<div class=\"elementor-widget-wrap elementor-element-populated\">\n\t\t\t\t\t\t<div class=\"elementor-element elementor-element-7d23f47 elementor-widget elementor-widget-spacer\" data-id=\"7d23f47\" data-element_type=\"widget\" data-e-type=\"widget\" data-widget_type=\"spacer.default\">\n\t\t\t\t<div class=\"elementor-widget-container\">\n\t\t\t\t\t\t\t<div class=\"elementor-spacer\">\n\t\t\t<div class=\"elementor-spacer-inner\"><\/div>\n\t\t<\/div>\n\t\t\t\t\t\t<\/div>\n\t\t\t\t<\/div>\n\t\t\t\t\t<\/div>\n\t\t<\/div>\n\t\t\t\t\t<\/div>\n\t\t<\/section>\n\t\t\t\t<section class=\"elementor-section elementor-top-section elementor-element elementor-element-72073a16 elementor-section-boxed elementor-section-height-default elementor-section-height-default\" data-id=\"72073a16\" data-element_type=\"section\" data-e-type=\"section\">\n\t\t\t\t\t\t<div class=\"elementor-container elementor-column-gap-default\">\n\t\t\t\t\t<div class=\"elementor-column elementor-col-50 elementor-top-column elementor-element elementor-element-2cf7b580\" data-id=\"2cf7b580\" data-element_type=\"column\" data-e-type=\"column\">\n\t\t\t<div class=\"elementor-widget-wrap elementor-element-populated\">\n\t\t\t\t\t\t<div class=\"elementor-element elementor-element-4c090392 elementor-widget elementor-widget-text-editor\" data-id=\"4c090392\" data-element_type=\"widget\" data-e-type=\"widget\" data-widget_type=\"text-editor.default\">\n\t\t\t\t<div class=\"elementor-widget-container\">\n\t\t\t\t\t\t\t\t\t<ul>\n<li><strong>Cu suc de fructe \u0219i extract natural de ceai<\/strong><\/li>\n<li><strong>F\u0103r\u0103 conservan\u021bi<\/strong><\/li>\n<li><strong>Ambalaje din aluminiu, reciclabile la nesf\u00e2r\u0219it, prietenoase cu mediul \u00eenconjur\u0103tor<\/strong><\/li>\n<\/ul>\n\t\t\t\t\t\t\t\t<\/div>\n\t\t\t\t<\/div>\n\t\t\t\t<div class=\"elementor-element elementor-element-638738e5 elementor-widget elementor-widget-text-editor\" data-id=\"638738e5\" data-element_type=\"widget\" data-e-type=\"widget\" data-widget_type=\"text-editor.default\">\n\t\t\t\t<div class=\"elementor-widget-container\">\n\t\t\t\t\t\t\t\t\t<p class=\"MsoNormal\"><span lang=\"EN-GB\">Gust\ntradi\u021bional, nu doar \u00een ambalaj tradi\u021bional! Celebrul XIXO Ice Tea cu Piersici\neste alegerea perfect\u0103 pentru fiecare membru al familiei. Acas\u0103 sau la un\neveniment special, ceaiul XIXO cu piersici este mereu o alegere bun\u0103! Dar cum se\ndeosebe\u0219te de alte ceaiuri? XIXO Ice Tea cu piersici nu con\u021bine coloran\u021bi sau\nconservan\u021bi artificiali \u0219i este preparat cu extracte naturale de ceai \u0219i cu suc\nde fructe adev\u0103rat. \u00cencearc\u0103-l \u0219i tu \u0219i bucur\u0103-te de gustul r\u0103coritor al XIXO\nIce Tea cu piersici!<o:p><\/o:p><\/span><\/p>\t\t\t\t\t\t\t\t<\/div>\n\t\t\t\t<\/div>\n\t\t\t\t\t<\/div>\n\t\t<\/div>\n\t\t\t\t<div class=\"elementor-column elementor-col-50 elementor-top-column elementor-element elementor-element-5ec45ae8\" data-id=\"5ec45ae8\" data-element_type=\"column\" data-e-type=\"column\">\n\t\t\t<div class=\"elementor-widget-wrap elementor-element-populated\">\n\t\t\t\t\t\t<div class=\"elementor-element elementor-element-1f99a0e0 animated-slow elementor-invisible elementor-widget elementor-widget-image\" data-id=\"1f99a0e0\" data-element_type=\"widget\" data-e-type=\"widget\" data-settings=\"{&quot;_animation&quot;:&quot;fadeIn&quot;}\" data-widget_type=\"image.default\">\n\t\t\t\t<div class=\"elementor-widget-container\">\n\t\t\t\t\t\t\t\t\t\t\t\t\t\t\t<img decoding=\"async\" src=\"https:\/\/xixodrinks.com\/wp-content\/uploads\/elementor\/thumbs\/XIXO_Tea_2021_EN_peach_2-rezimfchepb3blv9k4fmxdxs5w2t3fkf4z77xnqz9c.png\" title=\"XIXO_Tea_2021_EN_peach_2\" alt=\"XIXO_Tea_2021_EN_peach_2\" loading=\"lazy\" \/>\t\t\t\t\t\t\t\t\t\t\t\t\t\t\t<\/div>\n\t\t\t\t<\/div>\n\t\t\t\t\t<\/div>\n\t\t<\/div>\n\t\t\t\t\t<\/div>\n\t\t<\/section>\n\t\t\t\t<section class=\"elementor-section elementor-top-section elementor-element elementor-element-98ef0f elementor-section-boxed elementor-section-height-default elementor-section-height-default\" data-id=\"98ef0f\" data-element_type=\"section\" data-e-type=\"section\">\n\t\t\t\t\t\t<div class=\"elementor-container elementor-column-gap-default\">\n\t\t\t\t\t<div class=\"elementor-column elementor-col-100 elementor-top-column elementor-element elementor-element-31d3b6eb\" data-id=\"31d3b6eb\" data-element_type=\"column\" data-e-type=\"column\">\n\t\t\t<div class=\"elementor-widget-wrap elementor-element-populated\">\n\t\t\t\t\t\t<div class=\"elementor-element elementor-element-3975a3b5 elementor-widget elementor-widget-spacer\" data-id=\"3975a3b5\" data-element_type=\"widget\" data-e-type=\"widget\" data-widget_type=\"spacer.default\">\n\t\t\t\t<div class=\"elementor-widget-container\">\n\t\t\t\t\t\t\t<div class=\"elementor-spacer\">\n\t\t\t<div class=\"elementor-spacer-inner\"><\/div>\n\t\t<\/div>\n\t\t\t\t\t\t<\/div>\n\t\t\t\t<\/div>\n\t\t\t\t\t<\/div>\n\t\t<\/div>\n\t\t\t\t\t<\/div>\n\t\t<\/section>\n\t\t\t\t<\/div>\n\t\t","protected":false},"excerpt":{"rendered":"<p>Cu suc de fructe \u0219i extract natural de ceai F\u0103r\u0103 conservan\u021bi Ambalaje din aluminiu, reciclabile la nesf\u00e2r\u0219it, prietenoase cu mediul \u00eenconjur\u0103tor Gust tradi\u021bional, nu doar \u00een ambalaj tradi\u021bional! Celebrul XIXO Ice Tea cu Piersici este alegerea perfect\u0103 pentru fiecare membru al familiei. Acas\u0103 sau la un eveniment special, ceaiul XIXO cu piersici este mereu o [&hellip;]<\/p>\n","protected":false},"author":1,"featured_media":0,"parent":4681,"menu_order":0,"comment_status":"closed","ping_status":"closed","template":"elementor_header_footer","meta":{"footnotes":""},"class_list":["post-4972","page","type-page","status-publish","hentry"],"_links":{"self":[{"href":"https:\/\/xixodrinks.com\/ro\/wp-json\/wp\/v2\/pages\/4972","targetHints":{"allow":["GET"]}}],"collection":[{"href":"https:\/\/xixodrinks.com\/ro\/wp-json\/wp\/v2\/pages"}],"about":[{"href":"https:\/\/xixodrinks.com\/ro\/wp-json\/wp\/v2\/types\/page"}],"author":[{"embeddable":true,"href":"https:\/\/xixodrinks.com\/ro\/wp-json\/wp\/v2\/users\/1"}],"replies":[{"embeddable":true,"href":"https:\/\/xixodrinks.com\/ro\/wp-json\/wp\/v2\/comments?post=4972"}],"version-history":[{"count":6,"href":"https:\/\/xixodrinks.com\/ro\/wp-json\/wp\/v2\/pages\/4972\/revisions"}],"predecessor-version":[{"id":6601,"href":"https:\/\/xixodrinks.com\/ro\/wp-json\/wp\/v2\/pages\/4972\/revisions\/6601"}],"up":[{"embeddable":true,"href":"https:\/\/xixodrinks.com\/ro\/wp-json\/wp\/v2\/pages\/4681"}],"wp:attachment":[{"href":"https:\/\/xixodrinks.com\/ro\/wp-json\/wp\/v2\/media?parent=4972"}],"curies":[{"name":"wp","href":"https:\/\/api.w.org\/{rel}","templated":true}]}}