{"id":4978,"date":"2024-03-31T10:46:03","date_gmt":"2024-03-31T08:46:03","guid":{"rendered":"https:\/\/xixodrinks.com\/produse\/ice-tea\/ceai-negru-cu-gust-de-capsuni\/"},"modified":"2024-05-28T12:48:02","modified_gmt":"2024-05-28T10:48:02","slug":"ceai-negru-cu-gust-de-capsuni","status":"publish","type":"page","link":"https:\/\/xixodrinks.com\/ro\/produse\/ice-tea\/ceai-negru-cu-gust-de-capsuni\/","title":{"rendered":"CEAI NEGRU CU GUST DE C\u0102P\u0218UNI"},"content":{"rendered":"\t\t<div data-elementor-type=\"wp-page\" data-elementor-id=\"4978\" class=\"elementor elementor-4978 elementor-4210\" data-elementor-post-type=\"page\">\n\t\t\t\t\t\t<section class=\"elementor-section elementor-top-section elementor-element elementor-element-1f6cb36a elementor-section-boxed elementor-section-height-default elementor-section-height-default\" data-id=\"1f6cb36a\" data-element_type=\"section\" data-e-type=\"section\">\n\t\t\t\t\t\t<div class=\"elementor-container elementor-column-gap-default\">\n\t\t\t\t\t<div class=\"elementor-column elementor-col-100 elementor-top-column elementor-element elementor-element-3d922e55\" data-id=\"3d922e55\" data-element_type=\"column\" data-e-type=\"column\">\n\t\t\t<div class=\"elementor-widget-wrap elementor-element-populated\">\n\t\t\t\t\t\t<div class=\"elementor-element elementor-element-52eed3e9 elementor-widget elementor-widget-spacer\" data-id=\"52eed3e9\" data-element_type=\"widget\" data-e-type=\"widget\" data-widget_type=\"spacer.default\">\n\t\t\t\t<div class=\"elementor-widget-container\">\n\t\t\t\t\t\t\t<div class=\"elementor-spacer\">\n\t\t\t<div class=\"elementor-spacer-inner\"><\/div>\n\t\t<\/div>\n\t\t\t\t\t\t<\/div>\n\t\t\t\t<\/div>\n\t\t\t\t\t<\/div>\n\t\t<\/div>\n\t\t\t\t\t<\/div>\n\t\t<\/section>\n\t\t\t\t<section class=\"elementor-section elementor-top-section elementor-element elementor-element-b22bd55 elementor-section-boxed elementor-section-height-default elementor-section-height-default\" data-id=\"b22bd55\" data-element_type=\"section\" data-e-type=\"section\">\n\t\t\t\t\t\t<div class=\"elementor-container elementor-column-gap-default\">\n\t\t\t\t\t<div class=\"elementor-column elementor-col-50 elementor-top-column elementor-element elementor-element-2dc6482e\" data-id=\"2dc6482e\" data-element_type=\"column\" data-e-type=\"column\">\n\t\t\t<div class=\"elementor-widget-wrap elementor-element-populated\">\n\t\t\t\t\t\t<div class=\"elementor-element elementor-element-75dbae9 elementor-widget elementor-widget-text-editor\" data-id=\"75dbae9\" data-element_type=\"widget\" data-e-type=\"widget\" data-widget_type=\"text-editor.default\">\n\t\t\t\t<div class=\"elementor-widget-container\">\n\t\t\t\t\t\t\t\t\t<ul>\n<li><strong>Cu suc de fructe \u0219i extract natural de ceai<\/strong><\/li>\n<li><strong>F\u0103r\u0103 conservan\u021bi<\/strong><\/li>\n<li><strong>Ambalaje din aluminiu, reciclabile la nesf\u00e2r\u0219it, prietenoase cu mediul \u00eenconjur\u0103tor<\/strong><\/li>\n<\/ul>\n\t\t\t\t\t\t\t\t<\/div>\n\t\t\t\t<\/div>\n\t\t\t\t<div class=\"elementor-element elementor-element-1779205f elementor-widget elementor-widget-text-editor\" data-id=\"1779205f\" data-element_type=\"widget\" data-e-type=\"widget\" data-widget_type=\"text-editor.default\">\n\t\t\t\t<div class=\"elementor-widget-container\">\n\t\t\t\t\t\t\t\t\t<p class=\"MsoNormal\"><span lang=\"EN-GB\">Fructele de\np\u0103dure ro\u0219ii sunt o alegere popular\u0103 pentru consumatorii de ceai rece, deoarece\naroma lor unic\u0103 este probabil cea mai distinctiv\u0103 dintre toate fructele. Acest\nlucru nu este diferit \u00een cazul ceaiului XIXO cu arom\u0103 de c\u0103p\u0219uni, care are\ndulcea\u021ba pl\u0103cut\u0103 a c\u0103p\u0219unilor. Acest lucru este asigurat de con\u021binutul adev\u0103rat\nde fructe \u0219i de extractul natural de ceai \u2013 f\u0103r\u0103 utilizarea de coloran\u021bi \u0219i\nconservan\u021bi artificiali. \u00cencearc\u0103-l \u0219i tu \u0219i bucur\u0103-te de gustul r\u0103coritor al\nXIXO Ice Tea cu c\u0103p\u0219uni!<o:p><\/o:p><\/span><\/p>\t\t\t\t\t\t\t\t<\/div>\n\t\t\t\t<\/div>\n\t\t\t\t\t<\/div>\n\t\t<\/div>\n\t\t\t\t<div class=\"elementor-column elementor-col-50 elementor-top-column elementor-element elementor-element-107b093f\" data-id=\"107b093f\" data-element_type=\"column\" data-e-type=\"column\">\n\t\t\t<div class=\"elementor-widget-wrap elementor-element-populated\">\n\t\t\t\t\t\t<div class=\"elementor-element elementor-element-3fdfa850 animated-slow elementor-invisible elementor-widget elementor-widget-image\" data-id=\"3fdfa850\" data-element_type=\"widget\" data-e-type=\"widget\" data-settings=\"{&quot;_animation&quot;:&quot;fadeIn&quot;}\" data-widget_type=\"image.default\">\n\t\t\t\t<div class=\"elementor-widget-container\">\n\t\t\t\t\t\t\t\t\t\t\t\t\t\t\t<img decoding=\"async\" src=\"https:\/\/xixodrinks.com\/wp-content\/uploads\/elementor\/thumbs\/XIXO_Tea_2021_EN_strawberry_2-rezimeen7v9szzwmpm10cw6bki7fvqgosujqgdsdfk.png\" title=\"XIXO_Tea_2021_EN_strawberry_2\" alt=\"XIXO_Tea_2021_EN_strawberry_2\" loading=\"lazy\" \/>\t\t\t\t\t\t\t\t\t\t\t\t\t\t\t<\/div>\n\t\t\t\t<\/div>\n\t\t\t\t\t<\/div>\n\t\t<\/div>\n\t\t\t\t\t<\/div>\n\t\t<\/section>\n\t\t\t\t<section class=\"elementor-section elementor-top-section elementor-element elementor-element-49fc8bde elementor-section-boxed elementor-section-height-default elementor-section-height-default\" data-id=\"49fc8bde\" data-element_type=\"section\" data-e-type=\"section\">\n\t\t\t\t\t\t<div class=\"elementor-container elementor-column-gap-default\">\n\t\t\t\t\t<div class=\"elementor-column elementor-col-100 elementor-top-column elementor-element elementor-element-36df367d\" data-id=\"36df367d\" data-element_type=\"column\" data-e-type=\"column\">\n\t\t\t<div class=\"elementor-widget-wrap elementor-element-populated\">\n\t\t\t\t\t\t<div class=\"elementor-element elementor-element-5baac37f elementor-widget elementor-widget-spacer\" data-id=\"5baac37f\" data-element_type=\"widget\" data-e-type=\"widget\" data-widget_type=\"spacer.default\">\n\t\t\t\t<div class=\"elementor-widget-container\">\n\t\t\t\t\t\t\t<div class=\"elementor-spacer\">\n\t\t\t<div class=\"elementor-spacer-inner\"><\/div>\n\t\t<\/div>\n\t\t\t\t\t\t<\/div>\n\t\t\t\t<\/div>\n\t\t\t\t\t<\/div>\n\t\t<\/div>\n\t\t\t\t\t<\/div>\n\t\t<\/section>\n\t\t\t\t<\/div>\n\t\t","protected":false},"excerpt":{"rendered":"<p>Cu suc de fructe \u0219i extract natural de ceai F\u0103r\u0103 conservan\u021bi Ambalaje din aluminiu, reciclabile la nesf\u00e2r\u0219it, prietenoase cu mediul \u00eenconjur\u0103tor Fructele de p\u0103dure ro\u0219ii sunt o alegere popular\u0103 pentru consumatorii de ceai rece, deoarece aroma lor unic\u0103 este probabil cea mai distinctiv\u0103 dintre toate fructele. Acest lucru nu este diferit \u00een cazul ceaiului XIXO [&hellip;]<\/p>\n","protected":false},"author":1,"featured_media":0,"parent":4681,"menu_order":0,"comment_status":"closed","ping_status":"closed","template":"elementor_header_footer","meta":{"footnotes":""},"class_list":["post-4978","page","type-page","status-publish","hentry"],"_links":{"self":[{"href":"https:\/\/xixodrinks.com\/ro\/wp-json\/wp\/v2\/pages\/4978","targetHints":{"allow":["GET"]}}],"collection":[{"href":"https:\/\/xixodrinks.com\/ro\/wp-json\/wp\/v2\/pages"}],"about":[{"href":"https:\/\/xixodrinks.com\/ro\/wp-json\/wp\/v2\/types\/page"}],"author":[{"embeddable":true,"href":"https:\/\/xixodrinks.com\/ro\/wp-json\/wp\/v2\/users\/1"}],"replies":[{"embeddable":true,"href":"https:\/\/xixodrinks.com\/ro\/wp-json\/wp\/v2\/comments?post=4978"}],"version-history":[{"count":6,"href":"https:\/\/xixodrinks.com\/ro\/wp-json\/wp\/v2\/pages\/4978\/revisions"}],"predecessor-version":[{"id":6607,"href":"https:\/\/xixodrinks.com\/ro\/wp-json\/wp\/v2\/pages\/4978\/revisions\/6607"}],"up":[{"embeddable":true,"href":"https:\/\/xixodrinks.com\/ro\/wp-json\/wp\/v2\/pages\/4681"}],"wp:attachment":[{"href":"https:\/\/xixodrinks.com\/ro\/wp-json\/wp\/v2\/media?parent=4978"}],"curies":[{"name":"wp","href":"https:\/\/api.w.org\/{rel}","templated":true}]}}