{"id":4982,"date":"2024-03-31T10:43:28","date_gmt":"2024-03-31T08:43:28","guid":{"rendered":"https:\/\/xixodrinks.com\/produse\/ice-tea\/ceai-negru-cu-gust-de-zmeura-si-afine\/"},"modified":"2024-05-28T12:48:31","modified_gmt":"2024-05-28T10:48:31","slug":"ceai-negru-cu-gust-de-zmeura-si-afine","status":"publish","type":"page","link":"https:\/\/xixodrinks.com\/ro\/produse\/ice-tea\/ceai-negru-cu-gust-de-zmeura-si-afine\/","title":{"rendered":"CEAI NEGRU CU GUST DE ZMEUR\u0102 \u0218I AFINE"},"content":{"rendered":"\t\t<div data-elementor-type=\"wp-page\" data-elementor-id=\"4982\" class=\"elementor elementor-4982 elementor-4198\" data-elementor-post-type=\"page\">\n\t\t\t\t\t\t<section class=\"elementor-section elementor-top-section elementor-element elementor-element-9476ebb elementor-section-boxed elementor-section-height-default elementor-section-height-default\" data-id=\"9476ebb\" data-element_type=\"section\" data-e-type=\"section\">\n\t\t\t\t\t\t<div class=\"elementor-container elementor-column-gap-default\">\n\t\t\t\t\t<div class=\"elementor-column elementor-col-100 elementor-top-column elementor-element elementor-element-618f4094\" data-id=\"618f4094\" data-element_type=\"column\" data-e-type=\"column\">\n\t\t\t<div class=\"elementor-widget-wrap elementor-element-populated\">\n\t\t\t\t\t\t<div class=\"elementor-element elementor-element-68936dc8 elementor-widget elementor-widget-spacer\" data-id=\"68936dc8\" data-element_type=\"widget\" data-e-type=\"widget\" data-widget_type=\"spacer.default\">\n\t\t\t\t<div class=\"elementor-widget-container\">\n\t\t\t\t\t\t\t<div class=\"elementor-spacer\">\n\t\t\t<div class=\"elementor-spacer-inner\"><\/div>\n\t\t<\/div>\n\t\t\t\t\t\t<\/div>\n\t\t\t\t<\/div>\n\t\t\t\t\t<\/div>\n\t\t<\/div>\n\t\t\t\t\t<\/div>\n\t\t<\/section>\n\t\t\t\t<section class=\"elementor-section elementor-top-section elementor-element elementor-element-6c7a9a22 elementor-section-boxed elementor-section-height-default elementor-section-height-default\" data-id=\"6c7a9a22\" data-element_type=\"section\" data-e-type=\"section\">\n\t\t\t\t\t\t<div class=\"elementor-container elementor-column-gap-default\">\n\t\t\t\t\t<div class=\"elementor-column elementor-col-50 elementor-top-column elementor-element elementor-element-63cd6092\" data-id=\"63cd6092\" data-element_type=\"column\" data-e-type=\"column\">\n\t\t\t<div class=\"elementor-widget-wrap elementor-element-populated\">\n\t\t\t\t\t\t<div class=\"elementor-element elementor-element-2bb03d9e elementor-widget elementor-widget-text-editor\" data-id=\"2bb03d9e\" data-element_type=\"widget\" data-e-type=\"widget\" data-widget_type=\"text-editor.default\">\n\t\t\t\t<div class=\"elementor-widget-container\">\n\t\t\t\t\t\t\t\t\t<ul>\n<li><strong>Cu suc de fructe \u0219i extract natural de ceai<\/strong><\/li>\n<li><strong>F\u0103r\u0103 conservan\u021bi<\/strong><\/li>\n<li><strong>Ambalaje din aluminiu, reciclabile la nesf\u00e2r\u0219it, prietenoase cu mediul \u00eenconjur\u0103tor<\/strong><\/li>\n<\/ul>\n\t\t\t\t\t\t\t\t<\/div>\n\t\t\t\t<\/div>\n\t\t\t\t<div class=\"elementor-element elementor-element-14818905 elementor-widget elementor-widget-text-editor\" data-id=\"14818905\" data-element_type=\"widget\" data-e-type=\"widget\" data-widget_type=\"text-editor.default\">\n\t\t\t\t<div class=\"elementor-widget-container\">\n\t\t\t\t\t\t\t\t\t<p class=\"MsoNormal\"><span lang=\"EN-GB\">XIXO Ice\nTea cu gust de zmeur\u0103 \u0219i afine \u00eenc\u00e2nt\u0103 prin fuziunea perfect\u0103 a fructelor de\np\u0103dure ro\u0219ii. Dar aroma deosebit\u0103 nu este totul: combina\u021bia armonioas\u0103 dintre\nzmeur\u0103 \u0219i afine a devenit unul dintre cei mai unici membri ai gamei XIXO \u0219i\ndatorit\u0103 aspectului s\u0103u modern \u0219i re\u00eennoit. A\u021bi votat-o chiar voi pe pagina\nnoastr\u0103 de Instagram \u0219i nu mai exist\u0103 nicio \u00eendoial\u0103: cel mai stilat XIXO este\ncel neconven\u021bional! Ice Tea-urile XIXO sunt mereu preparate cu fructe adev\u0103rate\n\u0219i extracte naturale de ceai pentru un gust perfect \u2013 f\u0103r\u0103 coloran\u021bi sau\nconservan\u021bi artificiali. \u00cencearc\u0103-l \u0219i Tu \u0219i bucur\u0103-te de gustul r\u0103coritor al\nXIXO Ice Tea cu zmeur\u0103 \u0219i afine!<o:p><\/o:p><\/span><\/p>\t\t\t\t\t\t\t\t<\/div>\n\t\t\t\t<\/div>\n\t\t\t\t\t<\/div>\n\t\t<\/div>\n\t\t\t\t<div class=\"elementor-column elementor-col-50 elementor-top-column elementor-element elementor-element-f125f9d\" data-id=\"f125f9d\" data-element_type=\"column\" data-e-type=\"column\">\n\t\t\t<div class=\"elementor-widget-wrap elementor-element-populated\">\n\t\t\t\t\t\t<div class=\"elementor-element elementor-element-73053f4b animated-slow elementor-invisible elementor-widget elementor-widget-image\" data-id=\"73053f4b\" data-element_type=\"widget\" data-e-type=\"widget\" data-settings=\"{&quot;_animation&quot;:&quot;fadeIn&quot;}\" data-widget_type=\"image.default\">\n\t\t\t\t<div class=\"elementor-widget-container\">\n\t\t\t\t\t\t\t\t\t\t\t\t\t\t\t<img decoding=\"async\" src=\"https:\/\/xixodrinks.com\/wp-content\/uploads\/elementor\/thumbs\/XIXO-IT-Rapsberry-rezim8rm2v232c4tmjl8xxlk06z8ljuas2mtkq0qgw.png\" title=\"XIXO IT Rapsberry\" alt=\"XIXO IT Rapsberry\" loading=\"lazy\" \/>\t\t\t\t\t\t\t\t\t\t\t\t\t\t\t<\/div>\n\t\t\t\t<\/div>\n\t\t\t\t\t<\/div>\n\t\t<\/div>\n\t\t\t\t\t<\/div>\n\t\t<\/section>\n\t\t\t\t<section class=\"elementor-section elementor-top-section elementor-element elementor-element-514985cc elementor-section-boxed elementor-section-height-default elementor-section-height-default\" data-id=\"514985cc\" data-element_type=\"section\" data-e-type=\"section\">\n\t\t\t\t\t\t<div class=\"elementor-container elementor-column-gap-default\">\n\t\t\t\t\t<div class=\"elementor-column elementor-col-100 elementor-top-column elementor-element elementor-element-286bd74\" data-id=\"286bd74\" data-element_type=\"column\" data-e-type=\"column\">\n\t\t\t<div class=\"elementor-widget-wrap elementor-element-populated\">\n\t\t\t\t\t\t<div class=\"elementor-element elementor-element-2b01f402 elementor-widget elementor-widget-spacer\" data-id=\"2b01f402\" data-element_type=\"widget\" data-e-type=\"widget\" data-widget_type=\"spacer.default\">\n\t\t\t\t<div class=\"elementor-widget-container\">\n\t\t\t\t\t\t\t<div class=\"elementor-spacer\">\n\t\t\t<div class=\"elementor-spacer-inner\"><\/div>\n\t\t<\/div>\n\t\t\t\t\t\t<\/div>\n\t\t\t\t<\/div>\n\t\t\t\t\t<\/div>\n\t\t<\/div>\n\t\t\t\t\t<\/div>\n\t\t<\/section>\n\t\t\t\t<\/div>\n\t\t","protected":false},"excerpt":{"rendered":"<p>Cu suc de fructe \u0219i extract natural de ceai F\u0103r\u0103 conservan\u021bi Ambalaje din aluminiu, reciclabile la nesf\u00e2r\u0219it, prietenoase cu mediul \u00eenconjur\u0103tor XIXO Ice Tea cu gust de zmeur\u0103 \u0219i afine \u00eenc\u00e2nt\u0103 prin fuziunea perfect\u0103 a fructelor de p\u0103dure ro\u0219ii. Dar aroma deosebit\u0103 nu este totul: combina\u021bia armonioas\u0103 dintre zmeur\u0103 \u0219i afine a devenit unul dintre [&hellip;]<\/p>\n","protected":false},"author":1,"featured_media":0,"parent":4681,"menu_order":0,"comment_status":"closed","ping_status":"closed","template":"elementor_header_footer","meta":{"footnotes":""},"class_list":["post-4982","page","type-page","status-publish","hentry"],"_links":{"self":[{"href":"https:\/\/xixodrinks.com\/ro\/wp-json\/wp\/v2\/pages\/4982","targetHints":{"allow":["GET"]}}],"collection":[{"href":"https:\/\/xixodrinks.com\/ro\/wp-json\/wp\/v2\/pages"}],"about":[{"href":"https:\/\/xixodrinks.com\/ro\/wp-json\/wp\/v2\/types\/page"}],"author":[{"embeddable":true,"href":"https:\/\/xixodrinks.com\/ro\/wp-json\/wp\/v2\/users\/1"}],"replies":[{"embeddable":true,"href":"https:\/\/xixodrinks.com\/ro\/wp-json\/wp\/v2\/comments?post=4982"}],"version-history":[{"count":6,"href":"https:\/\/xixodrinks.com\/ro\/wp-json\/wp\/v2\/pages\/4982\/revisions"}],"predecessor-version":[{"id":6610,"href":"https:\/\/xixodrinks.com\/ro\/wp-json\/wp\/v2\/pages\/4982\/revisions\/6610"}],"up":[{"embeddable":true,"href":"https:\/\/xixodrinks.com\/ro\/wp-json\/wp\/v2\/pages\/4681"}],"wp:attachment":[{"href":"https:\/\/xixodrinks.com\/ro\/wp-json\/wp\/v2\/media?parent=4982"}],"curies":[{"name":"wp","href":"https:\/\/api.w.org\/{rel}","templated":true}]}}